{"id":3360,"date":"2024-10-11T01:01:03","date_gmt":"2024-10-10T23:01:03","guid":{"rendered":"https:\/\/pressurezone.shop\/?post_type=product&#038;p=3360"},"modified":"2024-11-15T20:48:17","modified_gmt":"2024-11-15T19:48:17","slug":"cake-crasher-shatter","status":"publish","type":"product","link":"https:\/\/pressurezone.shop\/pl\/produkt\/cake-crasher-shatter\/","title":{"rendered":"Cake Crasher Shatter"},"content":{"rendered":"<h3>Kup Cake Crasher Shatter online w Europie<\/h3>\n<p>Odkryj idealn\u0105 r\u00f3wnowag\u0119 mi\u0119dzy smakiem i relaksem dzi\u0119ki <strong>Cake Crasher Shatter<\/strong>koncentrat konopi indyjskich <strong>hybryda z dominacj\u0105 Indica<\/strong> zaprojektowany, aby zapewni\u0107 pot\u0119\u017cne i satysfakcjonuj\u0105ce wra\u017cenia. Wywodz\u0105cy si\u0119 z legendarnego <strong>Tort weselny<\/strong> i <strong>Wedding Crasher<\/strong>Cake Crasher Shatter to idealny wyb\u00f3r dla os\u00f3b poszukuj\u0105cych harmonii mi\u0119dzy eufori\u0105 a spokojem.<a href=\"https:\/\/fuelpackz.com\/\" target=\"_blank\" rel=\"noopener\">.<\/a><\/p>\n<hr \/>\n<h3><strong>Dlaczego warto wybra\u0107 Cake Crasher Shatter?<\/strong><\/h3>\n<p>Cake Crasher Shatter jest przeznaczony dla mi\u0142o\u015bnik\u00f3w konopi, kt\u00f3rzy ceni\u0105 sobie wysokiej jako\u015bci koncentraty o niezr\u00f3wnanej mocy i smaku. Z profilem <strong>70 % indica \/ 30 % sativa<\/strong>Ten shatter oferuje r\u00f3wnowag\u0119 mi\u0119dzy stymuluj\u0105cymi efektami m\u00f3zgowymi a koj\u0105cym relaksem fizycznym.<\/p>\n<ul>\n<li><strong>Pot\u0119\u017cna ulga<\/strong> Idealny do leczenia chor\u00f3b przewlek\u0142ych.<\/li>\n<li><strong>Bogato s\u0142odkie smaki<\/strong> S\u0142odki profil z nutami jag\u00f3d, wanilii i pikantnych owoc\u00f3w cytrusowych.<\/li>\n<li><strong>Wykonane z fachow\u0105 wiedz\u0105<\/strong> Zaprojektowany przy u\u017cyciu najwy\u017cszej jako\u015bci odmian konopi i zaawansowanych technik ekstrakcji.<\/li>\n<\/ul>\n<hr \/>\n<h3><strong>Efekty dzia\u0142ania Cake Crasher Shatter<\/strong><\/h3>\n<p>Eksperyment rozpoczyna si\u0119 od <strong>uniesienie m\u00f3zgu<\/strong>Poprawia nastr\u00f3j i anga\u017cuje zmys\u0142y. W miar\u0119 pog\u0142\u0119biania si\u0119 efektu, pojawia si\u0119 fala fizycznego odpr\u0119\u017cenia, pozostawiaj\u0105c ci\u0119 spokojnym, zadowolonym i gotowym do relaksu.<\/p>\n<ul>\n<li><strong>Brain Boost<\/strong> Euforia i jasno\u015b\u0107 umys\u0142u.<\/li>\n<li><strong>Efekt cia\u0142a<\/strong> Relaks, kt\u00f3ry \u0142agodzi b\u00f3le.<\/li>\n<li><strong>Wysoko zbalansowany<\/strong> Idealny do przej\u015bcia od aktywnego dnia do spokojnego wieczoru.<\/li>\n<\/ul>\n<hr \/>\n<h3><strong>Mo\u017ce odci\u0105\u017cy\u0107 :<\/strong><\/h3>\n<p>Dzi\u0119ki silnej dominacji Indica i mocy THC, <strong>Cake Crasher Shatter<\/strong> jest szeroko stosowany do cel\u00f3w terapeutycznych:<\/p>\n<ul>\n<li><strong>Przewlek\u0142y b\u00f3l<\/strong> \u0141agodzi uporczywe napi\u0119cie i dyskomfort.<\/li>\n<li><strong>Bezsenno\u015b\u0107<\/strong> Wspomaga g\u0142\u0119boki, nieprzerwany sen.<\/li>\n<li><strong>Nudno\u015bci lub utrata apetytu<\/strong> Pobudza apetyt i \u0142agodzi \u017co\u0142\u0105dek.<\/li>\n<li><strong>Skurcz lub skurcze mi\u0119\u015bni<\/strong> Rozlu\u017ania napi\u0119cie mi\u0119\u015bniowe.<\/li>\n<\/ul>\n<hr \/>\n<h3><strong>Smaki i aromaty<\/strong><\/h3>\n<p>Cake Crasher Shatter jest znany ze swojego <strong>Nieodparty smak deseru<\/strong> i jej profil aromatyczny, przekszta\u0142caj\u0105c ka\u017cd\u0105 sesj\u0119 w pyszne do\u015bwiadczenie.<\/p>\n<ul>\n<li><strong>Smaki<\/strong> S\u0142odkie jagody, wanilia, pikantne cytrusy.<\/li>\n<li><strong>Zapachy<\/strong> Owocowy, ziemisty, s\u0142odki, lekko pikantny.<\/li>\n<\/ul>\n<hr \/>\n<h3><strong>Jak je\u015b\u0107 Cake Crasher Shatter?<\/strong><\/h3>\n<p>Ten wszechstronny koncentrat mo\u017ce by\u0107 spo\u017cywany na wiele sposob\u00f3w, w zale\u017cno\u015bci od preferencji:<\/p>\n<ol>\n<li><strong>Dabbing<\/strong> Aby odkry\u0107 jego pe\u0142n\u0105 moc i profil aromatyczny.<\/li>\n<li><strong>Odparowanie<\/strong> Zachowaj bogactwo terpen\u00f3w dzi\u0119ki delikatnemu dzia\u0142aniu pary.<\/li>\n<li><strong>Uszczelki lub rury<\/strong> Dodaj shatter do kwiat\u00f3w, aby wzmocni\u0107 efekt.<\/li>\n<\/ol>\n<hr \/>\n<h3><strong>Wskaz\u00f3wki dotycz\u0105ce korzystania z Cake Crasher Shatter<\/strong><\/h3>\n<ul>\n<li><strong>Zacznij powoli<\/strong> Je\u015bli dopiero zaczynasz stosowa\u0107 koncentraty, we\u017a ma\u0142\u0105 dawk\u0119, aby sprawdzi\u0107 swoj\u0105 tolerancj\u0119.<\/li>\n<li><strong>Wieczorne u\u017cytkowanie<\/strong> Jego relaksuj\u0105ce dzia\u0142anie jest idealne do nocnych sesji.<\/li>\n<li><strong>Ochrona<\/strong> Przechowywanie: Przechowywa\u0107 w ch\u0142odnym, ciemnym miejscu, aby zachowa\u0107 \u015bwie\u017co\u015b\u0107 i moc.<\/li>\n<\/ul>\n<hr \/>\n<h3><strong>Dlaczego warto kupi\u0107 Cake Crasher Shatter online w Europie?<\/strong><\/h3>\n<p>Kupowanie na <a href=\"https:\/\/pressurezone.shop\/pl\/\" target=\"_new\" rel=\"noopener\">Sklep ze strefami ci\u015bnieniowymi<\/a>Skorzystasz z wysokiej jako\u015bci produkt\u00f3w z konopi indyjskich z wygod\u0105 dyskretnej dostawy na terenie ca\u0142ej Europy.<\/p>\n<ul>\n<li><strong>Wysokiej jako\u015bci<\/strong> Wykonane z odmian konopi AAA+.<\/li>\n<li><strong>Bezpieczne zakupy<\/strong> Niezawodna i poufna us\u0142uga.<\/li>\n<li><strong>Szybka dostawa<\/strong> Odbierz sw\u00f3j Cake Crasher Shatter szybko i bezpiecznie.<\/li>\n<\/ul>\n<hr \/>\n<h3><strong>Zam\u00f3w Cake Crasher Shatter online ju\u017c dzi\u015b<\/strong><\/h3>\n<p>Nie przegap szansy na delektowanie si\u0119 s\u0142odkimi smakami i pot\u0119\u017cnymi efektami <strong>Cake Crasher Shatter<\/strong>. Niezale\u017cnie od tego, czy chodzi o ulg\u0119 terapeutyczn\u0105, czy o wysokiej klasy doznania rekreacyjne, ten shatter jest idealnym dodatkiem do kolekcji konopi.<\/p>\n<p><strong>Kup teraz na <a href=\"https:\/\/pressurezone.shop\/pl\/\" target=\"_new\" rel=\"noopener\">Sklep ze strefami ci\u015bnieniowymi<\/a><\/strong> i ciesz si\u0119 niezr\u00f3wnanymi doznaniami zwi\u0105zanymi z konopiami indyjskimi!<\/p>","protected":false},"excerpt":{"rendered":"<p>Acheter Cake Crasher Shatter en Ligne Europe D\u00e9couvrez l\u2019\u00e9quilibre parfait entre saveur et relaxation avec Cake Crasher Shatter, un concentr\u00e9 de cannabis hybride \u00e0 dominance indica con\u00e7u pour offrir une exp\u00e9rience puissante et satisfaisante. Issu des l\u00e9gendaires vari\u00e9t\u00e9s Wedding Cake et Wedding Crasher, Cake Crasher Shatter est le choix id\u00e9al pour ceux qui recherchent l\u2019harmonie [&hellip;]<\/p>","protected":false},"featured_media":3441,"comment_status":"closed","ping_status":"closed","template":"","meta":{"_uag_custom_page_level_css":"","site-sidebar-layout":"default","site-content-layout":"","ast-site-content-layout":"default","site-content-style":"default","site-sidebar-style":"default","ast-global-header-display":"","ast-banner-title-visibility":"","ast-main-header-display":"","ast-hfb-above-header-display":"","ast-hfb-below-header-display":"","ast-hfb-mobile-header-display":"","site-post-title":"","ast-breadcrumbs-content":"","ast-featured-img":"","footer-sml-layout":"","theme-transparent-header-meta":"default","adv-header-id-meta":"","stick-header-meta":"","header-above-stick-meta":"","header-main-stick-meta":"","header-below-stick-meta":"","astra-migrate-meta-layouts":"set","ast-page-background-enabled":"default","ast-page-background-meta":{"desktop":{"background-color":"","background-image":"","background-repeat":"repeat","background-position":"center center","background-size":"auto","background-attachment":"scroll","background-type":"","background-media":"","overlay-type":"","overlay-color":"","overlay-opacity":"","overlay-gradient":""},"tablet":{"background-color":"","background-image":"","background-repeat":"repeat","background-position":"center center","background-size":"auto","background-attachment":"scroll","background-type":"","background-media":"","overlay-type":"","overlay-color":"","overlay-opacity":"","overlay-gradient":""},"mobile":{"background-color":"","background-image":"","background-repeat":"repeat","background-position":"center center","background-size":"auto","background-attachment":"scroll","background-type":"","background-media":"","overlay-type":"","overlay-color":"","overlay-opacity":"","overlay-gradient":""}},"ast-content-background-meta":{"desktop":{"background-color":"var(--ast-global-color-5)","background-image":"","background-repeat":"repeat","background-position":"center center","background-size":"auto","background-attachment":"scroll","background-type":"","background-media":"","overlay-type":"","overlay-color":"","overlay-opacity":"","overlay-gradient":""},"tablet":{"background-color":"var(--ast-global-color-5)","background-image":"","background-repeat":"repeat","background-position":"center center","background-size":"auto","background-attachment":"scroll","background-type":"","background-media":"","overlay-type":"","overlay-color":"","overlay-opacity":"","overlay-gradient":""},"mobile":{"background-color":"var(--ast-global-color-5)","background-image":"","background-repeat":"repeat","background-position":"center center","background-size":"auto","background-attachment":"scroll","background-type":"","background-media":"","overlay-type":"","overlay-color":"","overlay-opacity":"","overlay-gradient":""}}},"product_brand":[],"product_cat":[334,436],"product_tag":[457,458],"class_list":{"0":"post-3360","1":"product","2":"type-product","3":"status-publish","4":"has-post-thumbnail","6":"product_cat-concentres-de-marijuana","7":"product_cat-achetez-du-shatter-dab-wax","8":"product_tag-buy-cake-crasher-shatter-online-europe","9":"product_tag-order-shatter-europe","10":"desktop-align-left","11":"tablet-align-left","12":"mobile-align-left","14":"first","15":"instock","16":"shipping-taxable","17":"purchasable","18":"product-type-variable"},"uagb_featured_image_src":{"full":["https:\/\/pressurezone.shop\/wp-content\/uploads\/2024\/10\/Buy-Cake-Crasher-Shatter.jpg",1000,1000,false],"thumbnail":["https:\/\/pressurezone.shop\/wp-content\/uploads\/2024\/10\/Buy-Cake-Crasher-Shatter-150x150.jpg",150,150,true],"medium":["https:\/\/pressurezone.shop\/wp-content\/uploads\/2024\/10\/Buy-Cake-Crasher-Shatter-300x300.jpg",300,300,true],"medium_large":["https:\/\/pressurezone.shop\/wp-content\/uploads\/2024\/10\/Buy-Cake-Crasher-Shatter-768x768.jpg",768,768,true],"large":["https:\/\/pressurezone.shop\/wp-content\/uploads\/2024\/10\/Buy-Cake-Crasher-Shatter.jpg",1000,1000,false],"1536x1536":["https:\/\/pressurezone.shop\/wp-content\/uploads\/2024\/10\/Buy-Cake-Crasher-Shatter.jpg",1000,1000,false],"2048x2048":["https:\/\/pressurezone.shop\/wp-content\/uploads\/2024\/10\/Buy-Cake-Crasher-Shatter.jpg",1000,1000,false],"trp-custom-language-flag":["https:\/\/pressurezone.shop\/wp-content\/uploads\/2024\/10\/Buy-Cake-Crasher-Shatter-12x12.jpg",12,12,true],"woocommerce_thumbnail":["https:\/\/pressurezone.shop\/wp-content\/uploads\/2024\/10\/Buy-Cake-Crasher-Shatter-300x300.jpg",300,300,true],"woocommerce_single":["https:\/\/pressurezone.shop\/wp-content\/uploads\/2024\/10\/Buy-Cake-Crasher-Shatter-600x600.jpg",600,600,true],"woocommerce_gallery_thumbnail":["https:\/\/pressurezone.shop\/wp-content\/uploads\/2024\/10\/Buy-Cake-Crasher-Shatter-100x100.jpg",100,100,true]},"uagb_author_info":{"display_name":"pressurezone.shop","author_link":"https:\/\/pressurezone.shop\/pl\/author\/"},"uagb_comment_info":0,"uagb_excerpt":"Acheter Cake Crasher Shatter en Ligne Europe D\u00e9couvrez l\u2019\u00e9quilibre parfait entre saveur et relaxation avec Cake Crasher Shatter, un concentr\u00e9 de cannabis hybride \u00e0 dominance indica con\u00e7u pour offrir une exp\u00e9rience puissante et satisfaisante. Issu des l\u00e9gendaires vari\u00e9t\u00e9s Wedding Cake et Wedding Crasher, Cake Crasher Shatter est le choix id\u00e9al pour ceux qui recherchent l\u2019harmonie&hellip;","_links":{"self":[{"href":"https:\/\/pressurezone.shop\/pl\/wp-json\/wp\/v2\/product\/3360"}],"collection":[{"href":"https:\/\/pressurezone.shop\/pl\/wp-json\/wp\/v2\/product"}],"about":[{"href":"https:\/\/pressurezone.shop\/pl\/wp-json\/wp\/v2\/types\/product"}],"replies":[{"embeddable":true,"href":"https:\/\/pressurezone.shop\/pl\/wp-json\/wp\/v2\/comments?post=3360"}],"version-history":[{"count":3,"href":"https:\/\/pressurezone.shop\/pl\/wp-json\/wp\/v2\/product\/3360\/revisions"}],"predecessor-version":[{"id":4417,"href":"https:\/\/pressurezone.shop\/pl\/wp-json\/wp\/v2\/product\/3360\/revisions\/4417"}],"wp:featuredmedia":[{"embeddable":true,"href":"https:\/\/pressurezone.shop\/pl\/wp-json\/wp\/v2\/media\/3441"}],"wp:attachment":[{"href":"https:\/\/pressurezone.shop\/pl\/wp-json\/wp\/v2\/media?parent=3360"}],"wp:term":[{"taxonomy":"product_brand","embeddable":true,"href":"https:\/\/pressurezone.shop\/pl\/wp-json\/wp\/v2\/product_brand?post=3360"},{"taxonomy":"product_cat","embeddable":true,"href":"https:\/\/pressurezone.shop\/pl\/wp-json\/wp\/v2\/product_cat?post=3360"},{"taxonomy":"product_tag","embeddable":true,"href":"https:\/\/pressurezone.shop\/pl\/wp-json\/wp\/v2\/product_tag?post=3360"}],"curies":[{"name":"wp","href":"https:\/\/api.w.org\/{rel}","templated":true}]}}