{"id":3361,"date":"2024-10-11T01:01:03","date_gmt":"2024-10-10T23:01:03","guid":{"rendered":"https:\/\/pressurezone.shop\/?post_type=product&#038;p=3361"},"modified":"2024-11-15T20:32:41","modified_gmt":"2024-11-15T19:32:41","slug":"bubba-kush-cannabis-shatter","status":"publish","type":"product","link":"https:\/\/pressurezone.shop\/pl\/produkt\/odlamki-konopi-bubba-kush\/","title":{"rendered":"Bubba Kush Cannabis Shatter"},"content":{"rendered":"<h3><strong>Kup Bubba Kush Cannabis Shatter online w Europie<\/strong><\/h3>\n<p>Odkryj najwy\u017cszy poziom relaksu dzi\u0119ki <strong>Bubba Kush Cannabis Shatter<\/strong>znany r\u00f3wnie\u017c jako <strong>BK<\/strong> lub <strong>Bubba OG Kush<\/strong>. Ten najwy\u017cszej jako\u015bci koncentrat indica (80% indica\/20% sativa) pochodzi z bogatej linii, prawdopodobnie krzy\u017c\u00f3wki pomi\u0119dzy <strong>Afganistan<\/strong> i <strong>OG Kush<\/strong>cho\u0107 jej dok\u0142adne pochodzenie pozostaje tajemnic\u0105. Ceniona za swoje silne dzia\u0142anie, Bubba Kush doskonale relaksuje cia\u0142o i uspokaja umys\u0142.<a href=\"https:\/\/fuelpackz.com\/\" target=\"_blank\" rel=\"noopener\">.<\/a><\/p>\n<hr \/>\n<h3><strong>Dlaczego warto wybra\u0107 Bubba Kush Cannabis Shatter?<\/strong><\/h3>\n<p>Le <strong>Bubba Kush Cannabis Shatter<\/strong> to wysokiej jako\u015bci koncentrat konopi indyjskich, znany ze swoich <strong>wysoki poziom THC (14-25%)<\/strong>. Oferuje wyj\u0105tkowe doznania sensoryczne dzi\u0119ki unikalnemu profilowi terpenowemu, ze s\u0142odkim, ziemistym aromatem i nutami drzewnymi.<\/p>\n<ul>\n<li><strong>Dominance Indica<\/strong> Idealny do g\u0142\u0119bokiego relaksu i \u0142agodzenia b\u00f3lu.<\/li>\n<li><strong>Wszechstronne zastosowanie<\/strong> Idealny na wieczory lub spokojne dni.<\/li>\n<li><strong>Ekstrakcja premium<\/strong> Zapewnia maksymaln\u0105 czysto\u015b\u0107 i moc.<\/li>\n<\/ul>\n<hr \/>\n<h3><strong>Efekty dzia\u0142ania Bubba Kush Cannabis Shatter<\/strong><\/h3>\n<p>Ten od\u0142amek zapewnia <strong>koj\u0105cy efekt m\u00f3zgowy<\/strong>co natychmiast poprawia nastr\u00f3j i eliminuje stres. Nast\u0119pnie <strong>dobre samopoczucie<\/strong> Uczucie osiada, pozostawiaj\u0105c ci\u0119 zrelaksowanym i wolnym od b\u00f3lu przez wiele godzin.<\/p>\n<ul>\n<li><strong>Efekt relaksuj\u0105cy<\/strong> \u0141agodzi napi\u0119cie mi\u0119\u015bni.<\/li>\n<li><strong>Uspokojenie umys\u0142u<\/strong> Zmniejsza niepok\u00f3j i stres.<\/li>\n<li><strong>S\u0142odka euforia<\/strong> Poprawia og\u00f3lne samopoczucie.<\/li>\n<\/ul>\n<hr \/>\n<h3><strong>Mo\u017ce odci\u0105\u017cy\u0107 :<\/strong><\/h3>\n<p>Od\u0142amki konopi Bubba Kush s\u0105 wysoko cenione ze wzgl\u0119du na korzy\u015bci terapeutyczne. Jej zr\u00f3wnowa\u017cone dzia\u0142anie sprawia, \u017ce idealnie nadaje si\u0119 do leczenia r\u00f3\u017cnych schorze\u0144, w tym :<\/p>\n<ul>\n<li><strong>Wahania nastroju i depresja<\/strong> Promuje pozytywny stan umys\u0142u.<\/li>\n<li><strong>Przewlek\u0142y b\u00f3l i skurcze mi\u0119\u015bni<\/strong> Zapewnia d\u0142ugotrwa\u0142\u0105 ulg\u0119.<\/li>\n<li><strong>Skurcz i stres<\/strong> Pomaga zrelaksowa\u0107 cia\u0142o i umys\u0142.<\/li>\n<\/ul>\n<hr \/>\n<h3><strong>Profil smak\u00f3w i aromat\u00f3w<\/strong><\/h3>\n<p>Daj si\u0119 uwie\u015b\u0107 <strong>charakterystyczne smaki Bubba Kush<\/strong>z jego gustem <strong>ziemisty i drzewny<\/strong> i jego akcenty <strong>mi\u0119kko\u015b\u0107<\/strong> kt\u00f3ra zachwyci Twoje podniebienie. Jego aromat \u0142\u0105czy <strong>ziemista sosna<\/strong> i <strong>subtelne nuty korzenne<\/strong>dla pe\u0142nego do\u015bwiadczenia.<\/p>\n<ul>\n<li><strong>Smaki<\/strong> Ziemisty, s\u0142odki, drzewny<\/li>\n<li><strong>Zapachy<\/strong> Sosnowy, ziemisty, pikantny<\/li>\n<\/ul>\n<hr \/>\n<h3><strong>Jak cieszy\u0107 si\u0119 Bubba Kush Cannabis Shatter?<\/strong><\/h3>\n<ol>\n<li><strong>Dab<\/strong> Dla czystego, intensywnego do\u015bwiadczenia.<\/li>\n<li><strong>Vapote<\/strong> Delikatne, kontrolowane efekty.<\/li>\n<li><strong>Napary<\/strong> Dodaj go do swoich przepis\u00f3w na domowe kreacje.<\/li>\n<\/ol>\n<hr \/>\n<h3><strong>Zam\u00f3w Bubba Kush Cannabis Shatter online ju\u017c teraz<\/strong><\/h3>\n<p>Gotowy, aby cieszy\u0107 si\u0119 relaksuj\u0105cymi i terapeutycznymi efektami <strong>Bubba Kush Cannabis Shatter<\/strong> ? Kup teraz na <a href=\"https:\/\/pressurezone.shop\/pl\/\" target=\"_new\" rel=\"noopener\">Sklep ze strefami ci\u015bnieniowymi<\/a> i odkryj wyj\u0105tkowy koncentrat konopi indyjskich. Niezale\u017cnie od tego, czy chcesz z\u0142agodzi\u0107 b\u00f3l, czy zrelaksowa\u0107 si\u0119 po d\u0142ugim dniu, Bubba Kush Shatter jest Twoim idealnym sprzymierze\u0144cem.<\/p>","protected":false},"excerpt":{"rendered":"<p>Achetez Bubba Kush Cannabis Shatter en Ligne Europe D\u00e9couvrez une relaxation ultime avec le Bubba Kush Cannabis Shatter, \u00e9galement connu sous le nom de BK ou Bubba OG Kush. Ce concentr\u00e9 premium d&rsquo;indica (80% indica\/20% sativa) est issu d&rsquo;une riche lign\u00e9e, probablement un croisement entre Afghani et OG Kush, bien que ses origines exactes restent [&hellip;]<\/p>","protected":false},"featured_media":3443,"comment_status":"closed","ping_status":"closed","template":"","meta":{"_uag_custom_page_level_css":"","site-sidebar-layout":"default","site-content-layout":"","ast-site-content-layout":"default","site-content-style":"default","site-sidebar-style":"default","ast-global-header-display":"","ast-banner-title-visibility":"","ast-main-header-display":"","ast-hfb-above-header-display":"","ast-hfb-below-header-display":"","ast-hfb-mobile-header-display":"","site-post-title":"","ast-breadcrumbs-content":"","ast-featured-img":"","footer-sml-layout":"","theme-transparent-header-meta":"default","adv-header-id-meta":"","stick-header-meta":"","header-above-stick-meta":"","header-main-stick-meta":"","header-below-stick-meta":"","astra-migrate-meta-layouts":"set","ast-page-background-enabled":"default","ast-page-background-meta":{"desktop":{"background-color":"","background-image":"","background-repeat":"repeat","background-position":"center center","background-size":"auto","background-attachment":"scroll","background-type":"","background-media":"","overlay-type":"","overlay-color":"","overlay-opacity":"","overlay-gradient":""},"tablet":{"background-color":"","background-image":"","background-repeat":"repeat","background-position":"center center","background-size":"auto","background-attachment":"scroll","background-type":"","background-media":"","overlay-type":"","overlay-color":"","overlay-opacity":"","overlay-gradient":""},"mobile":{"background-color":"","background-image":"","background-repeat":"repeat","background-position":"center center","background-size":"auto","background-attachment":"scroll","background-type":"","background-media":"","overlay-type":"","overlay-color":"","overlay-opacity":"","overlay-gradient":""}},"ast-content-background-meta":{"desktop":{"background-color":"var(--ast-global-color-5)","background-image":"","background-repeat":"repeat","background-position":"center center","background-size":"auto","background-attachment":"scroll","background-type":"","background-media":"","overlay-type":"","overlay-color":"","overlay-opacity":"","overlay-gradient":""},"tablet":{"background-color":"var(--ast-global-color-5)","background-image":"","background-repeat":"repeat","background-position":"center center","background-size":"auto","background-attachment":"scroll","background-type":"","background-media":"","overlay-type":"","overlay-color":"","overlay-opacity":"","overlay-gradient":""},"mobile":{"background-color":"var(--ast-global-color-5)","background-image":"","background-repeat":"repeat","background-position":"center center","background-size":"auto","background-attachment":"scroll","background-type":"","background-media":"","overlay-type":"","overlay-color":"","overlay-opacity":"","overlay-gradient":""}}},"product_brand":[],"product_cat":[334,436],"product_tag":[459],"class_list":{"0":"post-3361","1":"product","2":"type-product","3":"status-publish","4":"has-post-thumbnail","6":"product_cat-concentres-de-marijuana","7":"product_cat-achetez-du-shatter-dab-wax","8":"product_tag-bubba-kush-cannabis-shatter","9":"desktop-align-left","10":"tablet-align-left","11":"mobile-align-left","13":"first","14":"instock","15":"shipping-taxable","16":"purchasable","17":"product-type-variable"},"uagb_featured_image_src":{"full":["https:\/\/pressurezone.shop\/wp-content\/uploads\/2024\/10\/Bubba-Kush-Cannabis-Shatter.jpg",1000,1000,false],"thumbnail":["https:\/\/pressurezone.shop\/wp-content\/uploads\/2024\/10\/Bubba-Kush-Cannabis-Shatter-150x150.jpg",150,150,true],"medium":["https:\/\/pressurezone.shop\/wp-content\/uploads\/2024\/10\/Bubba-Kush-Cannabis-Shatter-300x300.jpg",300,300,true],"medium_large":["https:\/\/pressurezone.shop\/wp-content\/uploads\/2024\/10\/Bubba-Kush-Cannabis-Shatter-768x768.jpg",768,768,true],"large":["https:\/\/pressurezone.shop\/wp-content\/uploads\/2024\/10\/Bubba-Kush-Cannabis-Shatter.jpg",1000,1000,false],"1536x1536":["https:\/\/pressurezone.shop\/wp-content\/uploads\/2024\/10\/Bubba-Kush-Cannabis-Shatter.jpg",1000,1000,false],"2048x2048":["https:\/\/pressurezone.shop\/wp-content\/uploads\/2024\/10\/Bubba-Kush-Cannabis-Shatter.jpg",1000,1000,false],"trp-custom-language-flag":["https:\/\/pressurezone.shop\/wp-content\/uploads\/2024\/10\/Bubba-Kush-Cannabis-Shatter-12x12.jpg",12,12,true],"woocommerce_thumbnail":["https:\/\/pressurezone.shop\/wp-content\/uploads\/2024\/10\/Bubba-Kush-Cannabis-Shatter-300x300.jpg",300,300,true],"woocommerce_single":["https:\/\/pressurezone.shop\/wp-content\/uploads\/2024\/10\/Bubba-Kush-Cannabis-Shatter-600x600.jpg",600,600,true],"woocommerce_gallery_thumbnail":["https:\/\/pressurezone.shop\/wp-content\/uploads\/2024\/10\/Bubba-Kush-Cannabis-Shatter-100x100.jpg",100,100,true]},"uagb_author_info":{"display_name":"pressurezone.shop","author_link":"https:\/\/pressurezone.shop\/pl\/author\/"},"uagb_comment_info":0,"uagb_excerpt":"Achetez Bubba Kush Cannabis Shatter en Ligne Europe D\u00e9couvrez une relaxation ultime avec le Bubba Kush Cannabis Shatter, \u00e9galement connu sous le nom de BK ou Bubba OG Kush. Ce concentr\u00e9 premium d&rsquo;indica (80% indica\/20% sativa) est issu d&rsquo;une riche lign\u00e9e, probablement un croisement entre Afghani et OG Kush, bien que ses origines exactes restent&hellip;","_links":{"self":[{"href":"https:\/\/pressurezone.shop\/pl\/wp-json\/wp\/v2\/product\/3361"}],"collection":[{"href":"https:\/\/pressurezone.shop\/pl\/wp-json\/wp\/v2\/product"}],"about":[{"href":"https:\/\/pressurezone.shop\/pl\/wp-json\/wp\/v2\/types\/product"}],"replies":[{"embeddable":true,"href":"https:\/\/pressurezone.shop\/pl\/wp-json\/wp\/v2\/comments?post=3361"}],"version-history":[{"count":3,"href":"https:\/\/pressurezone.shop\/pl\/wp-json\/wp\/v2\/product\/3361\/revisions"}],"predecessor-version":[{"id":4393,"href":"https:\/\/pressurezone.shop\/pl\/wp-json\/wp\/v2\/product\/3361\/revisions\/4393"}],"wp:featuredmedia":[{"embeddable":true,"href":"https:\/\/pressurezone.shop\/pl\/wp-json\/wp\/v2\/media\/3443"}],"wp:attachment":[{"href":"https:\/\/pressurezone.shop\/pl\/wp-json\/wp\/v2\/media?parent=3361"}],"wp:term":[{"taxonomy":"product_brand","embeddable":true,"href":"https:\/\/pressurezone.shop\/pl\/wp-json\/wp\/v2\/product_brand?post=3361"},{"taxonomy":"product_cat","embeddable":true,"href":"https:\/\/pressurezone.shop\/pl\/wp-json\/wp\/v2\/product_cat?post=3361"},{"taxonomy":"product_tag","embeddable":true,"href":"https:\/\/pressurezone.shop\/pl\/wp-json\/wp\/v2\/product_tag?post=3361"}],"curies":[{"name":"wp","href":"https:\/\/api.w.org\/{rel}","templated":true}]}}