{"id":3362,"date":"2024-10-11T01:01:04","date_gmt":"2024-10-10T23:01:04","guid":{"rendered":"https:\/\/pressurezone.shop\/?post_type=product&#038;p=3362"},"modified":"2024-11-13T18:06:16","modified_gmt":"2024-11-13T17:06:16","slug":"blueberry-ak-shatter","status":"publish","type":"product","link":"https:\/\/pressurezone.shop\/pl\/produkt\/blueberry-ak-shatter\/","title":{"rendered":"Blueberry AK Shatter"},"content":{"rendered":"<h3><strong>Kup Blueberry AK Shatter online w Europie<\/strong><\/h3>\n<p>Le <strong>Blueberry AK Shatter<\/strong> to najwy\u017cszej jako\u015bci koncentrat konopi, zdominowany przez geny sativy, pochodz\u0105cy ze s\u0142ynnego <strong>Jagoda<\/strong> i <strong>AK-47<\/strong>. Dzi\u0119ki z\u0142o\u017conemu profilowi genetycznemu, Blueberry AK oferuje subteln\u0105 r\u00f3wnowag\u0119, z orze\u017awiaj\u0105cym pi\u017cmowym aromatem, wyra\u017anymi nutami jag\u00f3d i owocowym smakiem Kush. Chocia\u017c dok\u0142adne poziomy THC i CBD nie s\u0105 okre\u015blone, shatter ten zapewnia efekty m\u00f3zgowe, kt\u00f3re relaksuj\u0105, podnosz\u0105 na duchu i wywo\u0142uj\u0105 \u015bmiech, co czyni go popularnym wyborem w\u015br\u00f3d u\u017cytkownik\u00f3w medycznych i rekreacyjnych.<\/p>\n<hr \/>\n<h3><strong>Dlaczego warto wybra\u0107 Blueberry AK Shatter?<\/strong><\/h3>\n<p>Blueberry AK Shatter jest ceniona za kojacy, m\u00f3zgowy efekt, oferujacy idealne polaczenie relaksu i szczescia. W przeciwie\u0144stwie do niekt\u00f3rych mocniejszych odmian, shatter ten oferuje lekkie, przyjemne doznania, kt\u00f3re nie przyt\u0142aczaj\u0105. Dominuj\u0105ce dzia\u0142anie sativy sprawia, \u017ce jest to idealny wyb\u00f3r na dzie\u0144 lub wczesny wiecz\u00f3r, kiedy chcesz si\u0119 zrelaksowa\u0107, pozostaj\u0105c aktywnym.<\/p>\n<ul>\n<li><strong>Hybryda z dominacj\u0105 Sativy<\/strong> O\u017cywcze i wyra\u017ane efekty<\/li>\n<li><strong>Zr\u00f3wnowa\u017cony efekt<\/strong> Przynosi rado\u015b\u0107 i relaks bez silnego uspokojenia<\/li>\n<li><strong>Profil smakowy<\/strong> Pi\u017cmowe jagody z nutami owocowego Kush<\/li>\n<\/ul>\n<hr \/>\n<h3><strong>Efekty stosowania Blueberry AK Shatter<\/strong><\/h3>\n<ul>\n<li><strong>Efekt m\u00f3zgowy<\/strong> Oczyszcza umys\u0142, zapewniaj\u0105c jednocze\u015bnie koncentracj\u0119<\/li>\n<li><strong>Uspokajaj\u0105cy i relaksuj\u0105cy<\/strong> \u0141agodzi napi\u0119cie bez efektu \"blokady kanapy\"<\/li>\n<li><strong>Poprawa nastroju<\/strong> Zach\u0119ca do \u015bmiechu i pozytywnego nastawienia<\/li>\n<\/ul>\n<hr \/>\n<h3><strong>Idealny do \u0142agodzenia :<\/strong><\/h3>\n<p>Potencja\u0142 terapeutyczny Blueberry AK Shatter sprawia, \u017ce jest to popularny wyb\u00f3r dla os\u00f3b szukaj\u0105cych ulgi psychicznej i fizycznej.<a href=\"https:\/\/fuelpackz.com\/\" target=\"_blank\" rel=\"noopener\">.<\/a><\/p>\n<ul>\n<li><strong>L\u0119k i depresja<\/strong> \u0141agodzi zmartwienia, poprawiaj\u0105c nastr\u00f3j<\/li>\n<li><strong>Przewlek\u0142y b\u00f3l<\/strong> Zmniejsza \u0142agodny do umiarkowanego b\u00f3l<\/li>\n<li><strong>Codzienny stres<\/strong> Idealny na relaks po m\u0119cz\u0105cym dniu<\/li>\n<li><strong>Zaburzenia nastroju<\/strong> Zapewnia dobre samopoczucie i dzia\u0142a relaksuj\u0105co<\/li>\n<\/ul>\n<hr \/>\n<h3><strong>Smak i aromat<\/strong><\/h3>\n<p>Blueberry AK jest r\u00f3wnie przyjemny w smaku, co w dzia\u0142aniu, z <strong>pi\u017cmowo-jagodowy zapach<\/strong> Ma d\u0142ugotrwa\u0142y smak, kt\u00f3ry \u0142\u0105czy owocowe nuty jagodowe z nutami Kush. Ten zr\u00f3wnowa\u017cony profil smakowy czyni j\u0105 idealn\u0105 zar\u00f3wno dla pocz\u0105tkuj\u0105cych, jak i do\u015bwiadczonych u\u017cytkownik\u00f3w.<\/p>\n<ul>\n<li><strong>Smaki<\/strong> Jagodowy, owocowy, Kush<\/li>\n<li><strong>Zapachy<\/strong> Pi\u017cmo, jagody, \u015bwie\u017cy<\/li>\n<\/ul>\n<hr \/>\n<h3><strong>Sposoby korzystania z Blueberry AK Shatter<\/strong><\/h3>\n<ol>\n<li><strong>Dabbing<\/strong> Dla mocnej i smacznej inhalacji<\/li>\n<li><strong>Odparowanie<\/strong> Dla delikatnych, kontrolowanych efekt\u00f3w<\/li>\n<li><strong>Edibles<\/strong> Dodaj go do swoich ulubionych przepis\u00f3w, aby uzyska\u0107 p\u0142ynne doznania<\/li>\n<\/ol>\n<hr \/>\n<h3><strong>Zam\u00f3w Blueberry AK Shatter ju\u017c teraz w sklepie Pressure Zone Shop<\/strong><\/h3>\n<p>Je\u015bli szukasz koncentratu konopi, kt\u00f3ry oferuje koj\u0105ce i radosne doznania, Blueberry AK Shatter to doskona\u0142y wyb\u00f3r. Kup sw\u00f3j <strong>Blueberry AK Shatter<\/strong> na <a href=\"https:\/\/pressurezone.shop\/pl\/\" target=\"_new\" rel=\"noopener\">Sklep ze strefami ci\u015bnieniowymi<\/a> ju\u017c dzi\u015b i ciesz si\u0119 najwy\u017csz\u0105 jako\u015bci\u0105, osza\u0142amiaj\u0105cymi efektami i pe\u0142nymi smaku doznaniami.<\/p>","protected":false},"excerpt":{"rendered":"<p>Acheter Blueberry AK Shatter en Ligne en Europe Le Blueberry AK Shatter est un concentr\u00e9 de cannabis premium, domin\u00e9 par des g\u00e8nes sativa, issu des c\u00e9l\u00e8bres vari\u00e9t\u00e9s Blueberry et AK-47. Avec son profil g\u00e9n\u00e9tique complexe, le Blueberry AK offre un \u00e9quilibre subtil, avec un ar\u00f4me musqu\u00e9 rafra\u00eechissant, des notes de baies distinctes et une saveur [&hellip;]<\/p>","protected":false},"featured_media":3445,"comment_status":"closed","ping_status":"closed","template":"","meta":{"_uag_custom_page_level_css":"","site-sidebar-layout":"default","site-content-layout":"","ast-site-content-layout":"default","site-content-style":"default","site-sidebar-style":"default","ast-global-header-display":"","ast-banner-title-visibility":"","ast-main-header-display":"","ast-hfb-above-header-display":"","ast-hfb-below-header-display":"","ast-hfb-mobile-header-display":"","site-post-title":"","ast-breadcrumbs-content":"","ast-featured-img":"","footer-sml-layout":"","theme-transparent-header-meta":"default","adv-header-id-meta":"","stick-header-meta":"","header-above-stick-meta":"","header-main-stick-meta":"","header-below-stick-meta":"","astra-migrate-meta-layouts":"set","ast-page-background-enabled":"default","ast-page-background-meta":{"desktop":{"background-color":"","background-image":"","background-repeat":"repeat","background-position":"center center","background-size":"auto","background-attachment":"scroll","background-type":"","background-media":"","overlay-type":"","overlay-color":"","overlay-opacity":"","overlay-gradient":""},"tablet":{"background-color":"","background-image":"","background-repeat":"repeat","background-position":"center center","background-size":"auto","background-attachment":"scroll","background-type":"","background-media":"","overlay-type":"","overlay-color":"","overlay-opacity":"","overlay-gradient":""},"mobile":{"background-color":"","background-image":"","background-repeat":"repeat","background-position":"center center","background-size":"auto","background-attachment":"scroll","background-type":"","background-media":"","overlay-type":"","overlay-color":"","overlay-opacity":"","overlay-gradient":""}},"ast-content-background-meta":{"desktop":{"background-color":"var(--ast-global-color-5)","background-image":"","background-repeat":"repeat","background-position":"center center","background-size":"auto","background-attachment":"scroll","background-type":"","background-media":"","overlay-type":"","overlay-color":"","overlay-opacity":"","overlay-gradient":""},"tablet":{"background-color":"var(--ast-global-color-5)","background-image":"","background-repeat":"repeat","background-position":"center center","background-size":"auto","background-attachment":"scroll","background-type":"","background-media":"","overlay-type":"","overlay-color":"","overlay-opacity":"","overlay-gradient":""},"mobile":{"background-color":"var(--ast-global-color-5)","background-image":"","background-repeat":"repeat","background-position":"center center","background-size":"auto","background-attachment":"scroll","background-type":"","background-media":"","overlay-type":"","overlay-color":"","overlay-opacity":"","overlay-gradient":""}}},"product_brand":[],"product_cat":[334,436],"product_tag":[460],"class_list":{"0":"post-3362","1":"product","2":"type-product","3":"status-publish","4":"has-post-thumbnail","6":"product_cat-concentres-de-marijuana","7":"product_cat-achetez-du-shatter-dab-wax","8":"product_tag-buy-blueberry-ak-shatter-online-europe","9":"desktop-align-left","10":"tablet-align-left","11":"mobile-align-left","13":"first","14":"instock","15":"shipping-taxable","16":"purchasable","17":"product-type-variable"},"uagb_featured_image_src":{"full":["https:\/\/pressurezone.shop\/wp-content\/uploads\/2024\/10\/Blueberry-AK-Shatter.jpg",1000,1000,false],"thumbnail":["https:\/\/pressurezone.shop\/wp-content\/uploads\/2024\/10\/Blueberry-AK-Shatter-150x150.jpg",150,150,true],"medium":["https:\/\/pressurezone.shop\/wp-content\/uploads\/2024\/10\/Blueberry-AK-Shatter-300x300.jpg",300,300,true],"medium_large":["https:\/\/pressurezone.shop\/wp-content\/uploads\/2024\/10\/Blueberry-AK-Shatter-768x768.jpg",768,768,true],"large":["https:\/\/pressurezone.shop\/wp-content\/uploads\/2024\/10\/Blueberry-AK-Shatter.jpg",1000,1000,false],"1536x1536":["https:\/\/pressurezone.shop\/wp-content\/uploads\/2024\/10\/Blueberry-AK-Shatter.jpg",1000,1000,false],"2048x2048":["https:\/\/pressurezone.shop\/wp-content\/uploads\/2024\/10\/Blueberry-AK-Shatter.jpg",1000,1000,false],"trp-custom-language-flag":["https:\/\/pressurezone.shop\/wp-content\/uploads\/2024\/10\/Blueberry-AK-Shatter-12x12.jpg",12,12,true],"woocommerce_thumbnail":["https:\/\/pressurezone.shop\/wp-content\/uploads\/2024\/10\/Blueberry-AK-Shatter-300x300.jpg",300,300,true],"woocommerce_single":["https:\/\/pressurezone.shop\/wp-content\/uploads\/2024\/10\/Blueberry-AK-Shatter-600x600.jpg",600,600,true],"woocommerce_gallery_thumbnail":["https:\/\/pressurezone.shop\/wp-content\/uploads\/2024\/10\/Blueberry-AK-Shatter-100x100.jpg",100,100,true]},"uagb_author_info":{"display_name":"pressurezone.shop","author_link":"https:\/\/pressurezone.shop\/pl\/author\/"},"uagb_comment_info":0,"uagb_excerpt":"Acheter Blueberry AK Shatter en Ligne en Europe Le Blueberry AK Shatter est un concentr\u00e9 de cannabis premium, domin\u00e9 par des g\u00e8nes sativa, issu des c\u00e9l\u00e8bres vari\u00e9t\u00e9s Blueberry et AK-47. Avec son profil g\u00e9n\u00e9tique complexe, le Blueberry AK offre un \u00e9quilibre subtil, avec un ar\u00f4me musqu\u00e9 rafra\u00eechissant, des notes de baies distinctes et une saveur&hellip;","_links":{"self":[{"href":"https:\/\/pressurezone.shop\/pl\/wp-json\/wp\/v2\/product\/3362"}],"collection":[{"href":"https:\/\/pressurezone.shop\/pl\/wp-json\/wp\/v2\/product"}],"about":[{"href":"https:\/\/pressurezone.shop\/pl\/wp-json\/wp\/v2\/types\/product"}],"replies":[{"embeddable":true,"href":"https:\/\/pressurezone.shop\/pl\/wp-json\/wp\/v2\/comments?post=3362"}],"version-history":[{"count":3,"href":"https:\/\/pressurezone.shop\/pl\/wp-json\/wp\/v2\/product\/3362\/revisions"}],"predecessor-version":[{"id":4384,"href":"https:\/\/pressurezone.shop\/pl\/wp-json\/wp\/v2\/product\/3362\/revisions\/4384"}],"wp:featuredmedia":[{"embeddable":true,"href":"https:\/\/pressurezone.shop\/pl\/wp-json\/wp\/v2\/media\/3445"}],"wp:attachment":[{"href":"https:\/\/pressurezone.shop\/pl\/wp-json\/wp\/v2\/media?parent=3362"}],"wp:term":[{"taxonomy":"product_brand","embeddable":true,"href":"https:\/\/pressurezone.shop\/pl\/wp-json\/wp\/v2\/product_brand?post=3362"},{"taxonomy":"product_cat","embeddable":true,"href":"https:\/\/pressurezone.shop\/pl\/wp-json\/wp\/v2\/product_cat?post=3362"},{"taxonomy":"product_tag","embeddable":true,"href":"https:\/\/pressurezone.shop\/pl\/wp-json\/wp\/v2\/product_tag?post=3362"}],"curies":[{"name":"wp","href":"https:\/\/api.w.org\/{rel}","templated":true}]}}