{"id":3363,"date":"2024-10-11T01:01:04","date_gmt":"2024-10-10T23:01:04","guid":{"rendered":"https:\/\/pressurezone.shop\/?post_type=product&#038;p=3363"},"modified":"2024-11-13T17:52:57","modified_gmt":"2024-11-13T16:52:57","slug":"banana-mimosa-cannabis-shatter","status":"publish","type":"product","link":"https:\/\/pressurezone.shop\/pl\/produkt\/shatter-z-konopi-indyjskich-banana-mimosa\/","title":{"rendered":"Shatter z konopi indyjskich Banana Mimosa"},"content":{"rendered":"<div class=\"flex-shrink-0 flex flex-col relative items-end\">\n<div>\n<div class=\"pt-0\">\n<div class=\"gizmo-bot-avatar flex h-8 w-8 items-center justify-center overflow-hidden rounded-full\">\n<div class=\"relative p-1 rounded-sm flex items-center justify-center bg-token-main-surface-primary text-token-text-primary h-8 w-8\"><\/div>\n<\/div>\n<\/div>\n<\/div>\n<\/div>\n<div class=\"group\/conversation-turn relative flex w-full min-w-0 flex-col agent-turn\">\n<div class=\"flex-col gap-1 md:gap-3\">\n<div class=\"flex max-w-full flex-col flex-grow\">\n<div class=\"min-h-8 text-message flex w-full flex-col items-end gap-2 whitespace-normal break-words [.text-message+&amp;]:mt-5\" dir=\"auto\" data-message-author-role=\"assistant\" data-message-id=\"4f2689ec-aa7b-4f46-ac48-a07ba79f9240\" data-message-model-slug=\"gpt-4o\">\n<div class=\"flex w-full flex-col gap-1 empty:hidden first:pt-[3px]\">\n<div class=\"markdown prose w-full break-words dark:prose-invert light\">\n<h3><strong>Kup Banana Mimosa Cannabis Shatter online w Europie<\/strong><\/h3>\n<p>Banana Mimosa Cannabis Shatter to popularny koncentrat hybrydowy, b\u0119d\u0105cy wynikiem skrzy\u017cowania s\u0142ynnych szczep\u00f3w <strong>Banana Kush<\/strong> i <strong>Purple Punch<\/strong>. Ten shatter jest ceniony za swoj\u0105 moc i bogaty smak, idealny dla tych, kt\u00f3rzy szukaj\u0105 zr\u00f3wnowa\u017conego efektu mi\u0119dzy stymulacj\u0105 a relaksacj\u0105. Dzi\u0119ki tropikalnym aromatom banan\u00f3w i cytrus\u00f3w, Banana Mimosa jest obowi\u0105zkowa dla entuzjast\u00f3w konopi.<a href=\"https:\/\/fuelpackz.com\/\" target=\"_blank\" rel=\"noopener\">.<\/a><\/p>\n<hr \/>\n<h3><strong>Dlaczego warto wybra\u0107 Banana Mimosa Cannabis Shatter?<\/strong><\/h3>\n<p>Banana Mimosa oferuje wszechstronny efekt, kt\u00f3ry mo\u017cna dostosowa\u0107 do w\u0142asnych potrzeb. W ma\u0142ych dawkach daje uczucie <strong>dobre samopoczucie<\/strong>z <strong>motywacja<\/strong>oraz<strong>elewacja<\/strong> idealny do codziennych czynno\u015bci. W wy\u017cszych dawkach shatter ten zapewnia uczucie <strong>relaks<\/strong> Idealny do relaksu i cieszenia si\u0119 spokojnym wieczorem.<\/p>\n<h4><strong>Efekty dzia\u0142ania Banana Mimosa Shatter :<\/strong><\/h4>\n<ul>\n<li><strong>Euforia<\/strong> \u0141agodzi stresuj\u0105ce my\u015bli i poprawia nastr\u00f3j.<\/li>\n<li><strong>Motywacja<\/strong> Idealny do utrzymania koncentracji i produktywno\u015bci.<\/li>\n<li><strong>Relaks<\/strong> W du\u017cych dawkach promuje ca\u0142kowity relaks i g\u0142\u0119boki sen.<\/li>\n<\/ul>\n<h4><strong>Idealny do \u0142agodzenia :<\/strong><\/h4>\n<ul>\n<li><strong>Depresja<\/strong> Pomaga poprawi\u0107 nastr\u00f3j i zapewnia lepsze perspektywy.<\/li>\n<li><strong>Stres<\/strong> Naturalny sprzymierzeniec w walce z napi\u0119ciem psychicznym i fizycznym.<\/li>\n<li><strong>Bezsenno\u015b\u0107<\/strong> W du\u017cych dawkach pomaga zwalczy\u0107 niepok\u00f3j i wspomaga spokojny sen.<\/li>\n<\/ul>\n<hr \/>\n<h3><strong>Smak i aromat shattera Banana Mimosa<\/strong><\/h3>\n<p>Z <strong>intensywny bananowy smak<\/strong> oraz<strong>cytrus<\/strong>Ten shatter to zmys\u0142owa przyjemno\u015b\u0107, kt\u00f3ra przywo\u0142uje tropikaln\u0105 \u015bwie\u017co\u015b\u0107. Nuty dojrza\u0142ych owoc\u00f3w w po\u0142\u0105czeniu z delikatnym, s\u0142odkim zapachem tworz\u0105 wyj\u0105tkowe doznania smakowe, bliskie prawdziwej esencji ro\u015bliny.<\/p>\n<ul>\n<li><strong>Smaki<\/strong> Bananowy, Cytrusowy, S\u0142odki<\/li>\n<li><strong>Zapachy<\/strong> Tropikalny, owocowy, s\u0142odki<\/li>\n<\/ul>\n<hr \/>\n<h3><strong>Jak stosowa\u0107 Banana Mimosa Shatter<\/strong><\/h3>\n<ol>\n<li><strong>Dabbing<\/strong> Do szybkiej, bezpo\u015bredniej inhalacji mo\u017cna u\u017cy\u0107 urz\u0105dzenia typu dab lub d\u0142ugopisu.<\/li>\n<li><strong>Odparowanie<\/strong> Ciesz si\u0119 \u0142agodniejsz\u0105 inhalacj\u0105 dzi\u0119ki sprayowi przeznaczonemu do koncentrat\u00f3w.<\/li>\n<li><strong>Dodaj do kwiat\u00f3w<\/strong> Po\u0142\u0105cz go z ulubionymi kwiatami, aby uzyska\u0107 jeszcze lepszy efekt.<\/li>\n<\/ol>\n<hr \/>\n<h3><strong>Dlaczego warto kupowa\u0107 w sklepie Pressure Zone Shop?<\/strong><\/h3>\n<p>Przy <a href=\"https:\/\/pressurezone.shop\/pl\/\" target=\"_new\" rel=\"noopener\">Sklep ze strefami ci\u015bnieniowymi<\/a>Gwarantujemy produkty testowane laboratoryjnie, zapewniaj\u0105ce czysto\u015b\u0107 i jako\u015b\u0107. Ka\u017cdy shatter Banana Mimosa jest starannie wykonany, aby zapewni\u0107 najwy\u017cszej jako\u015bci doznania. Zaufaj naszemu do\u015bwiadczeniu w zakresie wysokiej jako\u015bci konopi indyjskich.<\/p>\n<hr \/>\n<h3><strong>Zam\u00f3w teraz!<\/strong><\/h3>\n<p>Nie czekaj d\u0142u\u017cej, aby odkry\u0107 zalety Banana Mimosa Cannabis Shatter. Ta wschodz\u0105ca gwiazda jest idealna dla tych, kt\u00f3rzy szukaj\u0105 zr\u00f3wnowa\u017conego, smacznego efektu. Zam\u00f3w ju\u017c dzi\u015b i otrzymaj j\u0105 bezpo\u015brednio w Europie!<\/p>\n<\/div>\n<\/div>\n<\/div>\n<\/div>\n<\/div>\n<\/div>","protected":false},"excerpt":{"rendered":"<p>Achetez Banana Mimosa Cannabis Shatter en ligne en Europe Le Banana Mimosa Cannabis Shatter est un concentr\u00e9 hybride populaire, r\u00e9sultat du croisement entre les c\u00e9l\u00e8bres souches Banana Kush et Purple Punch. Ce shatter est appr\u00e9ci\u00e9 pour sa puissance et ses saveurs riches, parfait pour ceux qui recherchent un effet \u00e9quilibr\u00e9 entre stimulation et relaxation. Avec [&hellip;]<\/p>","protected":false},"featured_media":3447,"comment_status":"closed","ping_status":"closed","template":"","meta":{"_uag_custom_page_level_css":"","site-sidebar-layout":"default","site-content-layout":"","ast-site-content-layout":"default","site-content-style":"default","site-sidebar-style":"default","ast-global-header-display":"","ast-banner-title-visibility":"","ast-main-header-display":"","ast-hfb-above-header-display":"","ast-hfb-below-header-display":"","ast-hfb-mobile-header-display":"","site-post-title":"","ast-breadcrumbs-content":"","ast-featured-img":"","footer-sml-layout":"","theme-transparent-header-meta":"default","adv-header-id-meta":"","stick-header-meta":"","header-above-stick-meta":"","header-main-stick-meta":"","header-below-stick-meta":"","astra-migrate-meta-layouts":"set","ast-page-background-enabled":"default","ast-page-background-meta":{"desktop":{"background-color":"","background-image":"","background-repeat":"repeat","background-position":"center center","background-size":"auto","background-attachment":"scroll","background-type":"","background-media":"","overlay-type":"","overlay-color":"","overlay-opacity":"","overlay-gradient":""},"tablet":{"background-color":"","background-image":"","background-repeat":"repeat","background-position":"center center","background-size":"auto","background-attachment":"scroll","background-type":"","background-media":"","overlay-type":"","overlay-color":"","overlay-opacity":"","overlay-gradient":""},"mobile":{"background-color":"","background-image":"","background-repeat":"repeat","background-position":"center center","background-size":"auto","background-attachment":"scroll","background-type":"","background-media":"","overlay-type":"","overlay-color":"","overlay-opacity":"","overlay-gradient":""}},"ast-content-background-meta":{"desktop":{"background-color":"var(--ast-global-color-5)","background-image":"","background-repeat":"repeat","background-position":"center center","background-size":"auto","background-attachment":"scroll","background-type":"","background-media":"","overlay-type":"","overlay-color":"","overlay-opacity":"","overlay-gradient":""},"tablet":{"background-color":"var(--ast-global-color-5)","background-image":"","background-repeat":"repeat","background-position":"center center","background-size":"auto","background-attachment":"scroll","background-type":"","background-media":"","overlay-type":"","overlay-color":"","overlay-opacity":"","overlay-gradient":""},"mobile":{"background-color":"var(--ast-global-color-5)","background-image":"","background-repeat":"repeat","background-position":"center center","background-size":"auto","background-attachment":"scroll","background-type":"","background-media":"","overlay-type":"","overlay-color":"","overlay-opacity":"","overlay-gradient":""}}},"product_brand":[],"product_cat":[334,436],"product_tag":[461],"class_list":{"0":"post-3363","1":"product","2":"type-product","3":"status-publish","4":"has-post-thumbnail","6":"product_cat-concentres-de-marijuana","7":"product_cat-achetez-du-shatter-dab-wax","8":"product_tag-buy-banana-mimosa-cannabis-shatter-online-europe","9":"desktop-align-left","10":"tablet-align-left","11":"mobile-align-left","13":"first","14":"instock","15":"shipping-taxable","16":"purchasable","17":"product-type-variable"},"uagb_featured_image_src":{"full":["https:\/\/pressurezone.shop\/wp-content\/uploads\/2024\/10\/Banana-Mimosa-Cannabis-Shatter.jpg",1000,1000,false],"thumbnail":["https:\/\/pressurezone.shop\/wp-content\/uploads\/2024\/10\/Banana-Mimosa-Cannabis-Shatter-150x150.jpg",150,150,true],"medium":["https:\/\/pressurezone.shop\/wp-content\/uploads\/2024\/10\/Banana-Mimosa-Cannabis-Shatter-300x300.jpg",300,300,true],"medium_large":["https:\/\/pressurezone.shop\/wp-content\/uploads\/2024\/10\/Banana-Mimosa-Cannabis-Shatter-768x768.jpg",768,768,true],"large":["https:\/\/pressurezone.shop\/wp-content\/uploads\/2024\/10\/Banana-Mimosa-Cannabis-Shatter.jpg",1000,1000,false],"1536x1536":["https:\/\/pressurezone.shop\/wp-content\/uploads\/2024\/10\/Banana-Mimosa-Cannabis-Shatter.jpg",1000,1000,false],"2048x2048":["https:\/\/pressurezone.shop\/wp-content\/uploads\/2024\/10\/Banana-Mimosa-Cannabis-Shatter.jpg",1000,1000,false],"trp-custom-language-flag":["https:\/\/pressurezone.shop\/wp-content\/uploads\/2024\/10\/Banana-Mimosa-Cannabis-Shatter-12x12.jpg",12,12,true],"woocommerce_thumbnail":["https:\/\/pressurezone.shop\/wp-content\/uploads\/2024\/10\/Banana-Mimosa-Cannabis-Shatter-300x300.jpg",300,300,true],"woocommerce_single":["https:\/\/pressurezone.shop\/wp-content\/uploads\/2024\/10\/Banana-Mimosa-Cannabis-Shatter-600x600.jpg",600,600,true],"woocommerce_gallery_thumbnail":["https:\/\/pressurezone.shop\/wp-content\/uploads\/2024\/10\/Banana-Mimosa-Cannabis-Shatter-100x100.jpg",100,100,true]},"uagb_author_info":{"display_name":"pressurezone.shop","author_link":"https:\/\/pressurezone.shop\/pl\/author\/"},"uagb_comment_info":0,"uagb_excerpt":"Achetez Banana Mimosa Cannabis Shatter en ligne en Europe Le Banana Mimosa Cannabis Shatter est un concentr\u00e9 hybride populaire, r\u00e9sultat du croisement entre les c\u00e9l\u00e8bres souches Banana Kush et Purple Punch. Ce shatter est appr\u00e9ci\u00e9 pour sa puissance et ses saveurs riches, parfait pour ceux qui recherchent un effet \u00e9quilibr\u00e9 entre stimulation et relaxation. Avec&hellip;","_links":{"self":[{"href":"https:\/\/pressurezone.shop\/pl\/wp-json\/wp\/v2\/product\/3363"}],"collection":[{"href":"https:\/\/pressurezone.shop\/pl\/wp-json\/wp\/v2\/product"}],"about":[{"href":"https:\/\/pressurezone.shop\/pl\/wp-json\/wp\/v2\/types\/product"}],"replies":[{"embeddable":true,"href":"https:\/\/pressurezone.shop\/pl\/wp-json\/wp\/v2\/comments?post=3363"}],"version-history":[{"count":3,"href":"https:\/\/pressurezone.shop\/pl\/wp-json\/wp\/v2\/product\/3363\/revisions"}],"predecessor-version":[{"id":4368,"href":"https:\/\/pressurezone.shop\/pl\/wp-json\/wp\/v2\/product\/3363\/revisions\/4368"}],"wp:featuredmedia":[{"embeddable":true,"href":"https:\/\/pressurezone.shop\/pl\/wp-json\/wp\/v2\/media\/3447"}],"wp:attachment":[{"href":"https:\/\/pressurezone.shop\/pl\/wp-json\/wp\/v2\/media?parent=3363"}],"wp:term":[{"taxonomy":"product_brand","embeddable":true,"href":"https:\/\/pressurezone.shop\/pl\/wp-json\/wp\/v2\/product_brand?post=3363"},{"taxonomy":"product_cat","embeddable":true,"href":"https:\/\/pressurezone.shop\/pl\/wp-json\/wp\/v2\/product_cat?post=3363"},{"taxonomy":"product_tag","embeddable":true,"href":"https:\/\/pressurezone.shop\/pl\/wp-json\/wp\/v2\/product_tag?post=3363"}],"curies":[{"name":"wp","href":"https:\/\/api.w.org\/{rel}","templated":true}]}}