{"id":3371,"date":"2024-10-11T01:01:29","date_gmt":"2024-10-10T23:01:29","guid":{"rendered":"https:\/\/pressurezone.shop\/?post_type=product&#038;p=3371"},"modified":"2024-11-15T20:38:07","modified_gmt":"2024-11-15T19:38:07","slug":"shatter-apple-fritter","status":"publish","type":"product","link":"https:\/\/pressurezone.shop\/pl\/produkt\/rozdrobniony-placek-jablkowy\/","title":{"rendered":"Shatter Apple Fritter"},"content":{"rendered":"<div class=\"flex-shrink-0 flex flex-col relative items-end\">\n<div>\n<div class=\"pt-0\">\n<div class=\"gizmo-bot-avatar flex h-8 w-8 items-center justify-center overflow-hidden rounded-full\">\n<div class=\"relative p-1 rounded-sm flex items-center justify-center bg-token-main-surface-primary text-token-text-primary h-8 w-8\"><\/div>\n<\/div>\n<\/div>\n<\/div>\n<\/div>\n<div class=\"group\/conversation-turn relative flex w-full min-w-0 flex-col agent-turn\">\n<div class=\"flex-col gap-1 md:gap-3\">\n<div class=\"flex max-w-full flex-col flex-grow\">\n<div class=\"min-h-8 text-message flex w-full flex-col items-end gap-2 whitespace-normal break-words [.text-message+&amp;]:mt-5\" dir=\"auto\" data-message-author-role=\"assistant\" data-message-id=\"fbcb2cd4-eba2-4492-867f-e68ffa1ade6f\" data-message-model-slug=\"gpt-4o\">\n<div class=\"flex w-full flex-col gap-1 empty:hidden first:pt-[3px]\">\n<div class=\"markdown prose w-full break-words dark:prose-invert light\">\n<h3><strong>Kup Apple Fritter Shatter online w Europie<\/strong><\/h3>\n<p>Odkryj wyj\u0105tkowe <strong>Shatter Apple Fritter<\/strong>rzadka i doskonale zbalansowana odmiana hybrydowa (<strong>50 % Indica \/ 50 % Sativa<\/strong>). Ten wysokiej jako\u015bci shatter pochodzi ze s\u0142ynnej <strong>Odmiany konopi Sour Apple i Animal Cookies<\/strong>oferuj\u0105c harmonijne po\u0142\u0105czenie stymuluj\u0105cych efekt\u00f3w m\u00f3zgowych i g\u0142\u0119bokiego fizycznego relaksu. Dzi\u0119ki silnym poziomom THC wahaj\u0105cym si\u0119 od <strong>22 do 28 %<\/strong>Apple Fritter Shatter jest idealny dla entuzjast\u00f3w marihuany rekreacyjnej i terapeutycznej.<a href=\"https:\/\/fuelpackz.com\/\" target=\"_blank\" rel=\"noopener\">.<\/a><\/p>\n<hr \/>\n<h3><strong>Dlaczego warto wybra\u0107 Apple Fritter Shatter?<\/strong><\/h3>\n<p>Shatter Apple Fritter wyr\u00f3\u017cnia si\u0119 wyj\u0105tkowym po\u0142\u0105czeniem mocy, smaku i korzy\u015bci terapeutycznych. Niezale\u017cnie od tego, czy jeste\u015b do\u015bwiadczonym koneserem, czy pocz\u0105tkuj\u0105cym, ten shatter jest idealnym wyborem dla doskona\u0142ych wra\u017ce\u0144.<\/p>\n<ul>\n<li><strong>Idealna r\u00f3wnowaga<\/strong> Harmonijne efekty Indica i Sativa.<\/li>\n<li><strong>Wyj\u0105tkowa moc<\/strong> Wysoki poziom THC zapewnia d\u0142ugotrwa\u0142y efekt.<\/li>\n<li><strong>Wysokiej jako\u015bci<\/strong> Wykonana z kwiat\u00f3w konopi AAA+ dla maksymalnego smaku i mocy.<\/li>\n<\/ul>\n<hr \/>\n<h3><strong>Efekty dzia\u0142ania Apple Shatter Fritter<\/strong><\/h3>\n<p>Skutki <strong>Shatter Apple Fritter<\/strong> zaczyna si\u0119 od ekscytuj\u0105cego haju m\u00f3zgowego, kt\u00f3ry poprawia nastr\u00f3j i kreatywno\u015b\u0107. Nast\u0119pnie nast\u0119puje koj\u0105ce rozlu\u017anienie cia\u0142a, \u0142agodz\u0105ce napi\u0119cie i pozostawiaj\u0105ce w stanie absolutnego spokoju.<\/p>\n<ul>\n<li><strong>Brain Boost<\/strong> Uczucie euforii i energii.<\/li>\n<li><strong>Relaks cia\u0142a<\/strong> Rozlu\u017ania mi\u0119\u015bnie i eliminuje napi\u0119cie.<\/li>\n<li><strong>Bez stresu<\/strong> Zanurza ci\u0119 w ca\u0142kowitym spokoju.<\/li>\n<\/ul>\n<hr \/>\n<h3><strong>Mo\u017ce odci\u0105\u017cy\u0107 :<\/strong><\/h3>\n<p>Shatter Apple Fritter jest wysoko ceniony za swoje w\u0142a\u015bciwo\u015bci terapeutyczne. Jego zr\u00f3wnowa\u017cone dzia\u0142anie sprawia, \u017ce idealnie nadaje si\u0119 do \u0142agodzenia r\u00f3\u017cnych dolegliwo\u015bci fizycznych i psychicznych, w tym :<\/p>\n<ul>\n<li><strong>Przewlek\u0142y b\u00f3l<\/strong> \u0141agodzi b\u00f3l i dyskomfort.<\/li>\n<li><strong>Bezsenno\u015b\u0107<\/strong> Wspomaga spokojny sen.<\/li>\n<li><strong>Depresja i wahania nastroju<\/strong> Podniesienie nastroju i redukcja negatywnych my\u015bli.<\/li>\n<li><strong>Przewlek\u0142y stres<\/strong> Zmniejsza niepok\u00f3j i napi\u0119cie.<\/li>\n<\/ul>\n<hr \/>\n<h3><strong>Profil smaku i aromatu<\/strong><\/h3>\n<p>Shatter Apple Fritter jest r\u00f3wnie przyjemny w smaku, co skuteczny. Jego profil smakowy \u0142\u0105czy w sobie nuty <strong>S\u0142odkie i cierpkie jab\u0142ka<\/strong> z akcentami<strong>zio\u0142a i wypieki<\/strong> kt\u00f3re pozostaj\u0105 na podniebieniu.<\/p>\n<ul>\n<li><strong>Smaki<\/strong> S\u0142odkie, cierpkie jab\u0142ko, zio\u0142owy.<\/li>\n<li><strong>Zapachy<\/strong> Owocowy, ziemisty, s\u0142odki.<\/li>\n<\/ul>\n<hr \/>\n<h3><strong>Wygl\u0105d i tekstura<\/strong><\/h3>\n<p>Ten shatter ma jako\u015b\u0107 godn\u0105 najlepszych koncentrat\u00f3w. Jego <strong>ciemnozielone oliwkowe bry\u0142ki w kszta\u0142cie \u0142opatek<\/strong> s\u0105 wzbogacone o <strong>g\u0142\u0119boki fioletowy odcie\u0144<\/strong>z <strong>jasnopomara\u0144czowe w\u0142osy<\/strong> i cienk\u0105 warstw\u0119 <strong>mieni\u0105ce si\u0119 bia\u0142e kryszta\u0142y<\/strong>.<\/p>\n<hr \/>\n<h3><strong>Jak u\u017cywa\u0107 Apple Fritter Shatter?<\/strong><\/h3>\n<ol>\n<li><strong>Dabbing<\/strong> Idealny dla maksymalnej mocy i szybkich efekt\u00f3w.<\/li>\n<li><strong>Odparowanie<\/strong> Wykorzystaj w pe\u0142ni profil terpenowy i aromaty.<\/li>\n<li><strong>Mieszanka z kwiatami<\/strong> Wzboga\u0107 swoje stawy lub miski, aby uzyska\u0107 bardziej intensywne doznania.<\/li>\n<\/ol>\n<hr \/>\n<h3><strong>Zam\u00f3w Apple Shatter Fritter online ju\u017c teraz<\/strong><\/h3>\n<p>Odkryj zr\u00f3wnowa\u017cone efekty i najwy\u017csz\u0105 jako\u015b\u0107 <strong>Shatter Apple Fritter<\/strong>. Idealny do relaksu po d\u0142ugim dniu lub \u0142agodzenia przewlek\u0142ego b\u00f3lu i stresu, ten shatter to pozycja obowi\u0105zkowa dla ka\u017cdego mi\u0142o\u015bnika konopi.<\/p>\n<p>Kup ju\u017c dzi\u015b na <strong><a href=\"https:\/\/pressurezone.shop\/pl\/\" target=\"_new\" rel=\"noopener\">Sklep ze strefami ci\u015bnieniowymi<\/a><\/strong> i wzmocnij swoje doznania dzi\u0119ki temu wyj\u0105tkowemu shatterowi hybrydowemu.<\/p>\n<\/div>\n<\/div>\n<\/div>\n<\/div>\n<\/div>\n<\/div>","protected":false},"excerpt":{"rendered":"<p>Achetez du Shatter Apple Fritter en Ligne en Europe D\u00e9couvrez l&rsquo;exceptionnel Shatter Apple Fritter, une vari\u00e9t\u00e9 hybride rare et parfaitement \u00e9quilibr\u00e9e (50 % Indica \/ 50 % Sativa). Ce shatter premium est issu des c\u00e9l\u00e8bres vari\u00e9t\u00e9s Sour Apple et Animal Cookies Cannabis, offrant un m\u00e9lange harmonieux d&rsquo;effets c\u00e9r\u00e9braux stimulants et de relaxation physique profonde. Avec [&hellip;]<\/p>","protected":false},"featured_media":3456,"comment_status":"closed","ping_status":"closed","template":"","meta":{"_uag_custom_page_level_css":"","site-sidebar-layout":"default","site-content-layout":"","ast-site-content-layout":"default","site-content-style":"default","site-sidebar-style":"default","ast-global-header-display":"","ast-banner-title-visibility":"","ast-main-header-display":"","ast-hfb-above-header-display":"","ast-hfb-below-header-display":"","ast-hfb-mobile-header-display":"","site-post-title":"","ast-breadcrumbs-content":"","ast-featured-img":"","footer-sml-layout":"","theme-transparent-header-meta":"default","adv-header-id-meta":"","stick-header-meta":"","header-above-stick-meta":"","header-main-stick-meta":"","header-below-stick-meta":"","astra-migrate-meta-layouts":"set","ast-page-background-enabled":"default","ast-page-background-meta":{"desktop":{"background-color":"","background-image":"","background-repeat":"repeat","background-position":"center center","background-size":"auto","background-attachment":"scroll","background-type":"","background-media":"","overlay-type":"","overlay-color":"","overlay-opacity":"","overlay-gradient":""},"tablet":{"background-color":"","background-image":"","background-repeat":"repeat","background-position":"center center","background-size":"auto","background-attachment":"scroll","background-type":"","background-media":"","overlay-type":"","overlay-color":"","overlay-opacity":"","overlay-gradient":""},"mobile":{"background-color":"","background-image":"","background-repeat":"repeat","background-position":"center center","background-size":"auto","background-attachment":"scroll","background-type":"","background-media":"","overlay-type":"","overlay-color":"","overlay-opacity":"","overlay-gradient":""}},"ast-content-background-meta":{"desktop":{"background-color":"var(--ast-global-color-5)","background-image":"","background-repeat":"repeat","background-position":"center center","background-size":"auto","background-attachment":"scroll","background-type":"","background-media":"","overlay-type":"","overlay-color":"","overlay-opacity":"","overlay-gradient":""},"tablet":{"background-color":"var(--ast-global-color-5)","background-image":"","background-repeat":"repeat","background-position":"center center","background-size":"auto","background-attachment":"scroll","background-type":"","background-media":"","overlay-type":"","overlay-color":"","overlay-opacity":"","overlay-gradient":""},"mobile":{"background-color":"var(--ast-global-color-5)","background-image":"","background-repeat":"repeat","background-position":"center center","background-size":"auto","background-attachment":"scroll","background-type":"","background-media":"","overlay-type":"","overlay-color":"","overlay-opacity":"","overlay-gradient":""}}},"product_brand":[],"product_cat":[334,436],"product_tag":[463],"class_list":{"0":"post-3371","1":"product","2":"type-product","3":"status-publish","4":"has-post-thumbnail","6":"product_cat-concentres-de-marijuana","7":"product_cat-achetez-du-shatter-dab-wax","8":"product_tag-buy-apple-fritter-shatter-online-europe","9":"desktop-align-left","10":"tablet-align-left","11":"mobile-align-left","13":"first","14":"instock","15":"shipping-taxable","16":"purchasable","17":"product-type-variable"},"uagb_featured_image_src":{"full":["https:\/\/pressurezone.shop\/wp-content\/uploads\/2024\/10\/Buy-Apple-Fritter-Shatter.jpg",1000,1000,false],"thumbnail":["https:\/\/pressurezone.shop\/wp-content\/uploads\/2024\/10\/Buy-Apple-Fritter-Shatter-150x150.jpg",150,150,true],"medium":["https:\/\/pressurezone.shop\/wp-content\/uploads\/2024\/10\/Buy-Apple-Fritter-Shatter-300x300.jpg",300,300,true],"medium_large":["https:\/\/pressurezone.shop\/wp-content\/uploads\/2024\/10\/Buy-Apple-Fritter-Shatter-768x768.jpg",768,768,true],"large":["https:\/\/pressurezone.shop\/wp-content\/uploads\/2024\/10\/Buy-Apple-Fritter-Shatter.jpg",1000,1000,false],"1536x1536":["https:\/\/pressurezone.shop\/wp-content\/uploads\/2024\/10\/Buy-Apple-Fritter-Shatter.jpg",1000,1000,false],"2048x2048":["https:\/\/pressurezone.shop\/wp-content\/uploads\/2024\/10\/Buy-Apple-Fritter-Shatter.jpg",1000,1000,false],"trp-custom-language-flag":["https:\/\/pressurezone.shop\/wp-content\/uploads\/2024\/10\/Buy-Apple-Fritter-Shatter-12x12.jpg",12,12,true],"woocommerce_thumbnail":["https:\/\/pressurezone.shop\/wp-content\/uploads\/2024\/10\/Buy-Apple-Fritter-Shatter-300x300.jpg",300,300,true],"woocommerce_single":["https:\/\/pressurezone.shop\/wp-content\/uploads\/2024\/10\/Buy-Apple-Fritter-Shatter-600x600.jpg",600,600,true],"woocommerce_gallery_thumbnail":["https:\/\/pressurezone.shop\/wp-content\/uploads\/2024\/10\/Buy-Apple-Fritter-Shatter-100x100.jpg",100,100,true]},"uagb_author_info":{"display_name":"pressurezone.shop","author_link":"https:\/\/pressurezone.shop\/pl\/author\/"},"uagb_comment_info":0,"uagb_excerpt":"Achetez du Shatter Apple Fritter en Ligne en Europe D\u00e9couvrez l&rsquo;exceptionnel Shatter Apple Fritter, une vari\u00e9t\u00e9 hybride rare et parfaitement \u00e9quilibr\u00e9e (50 % Indica \/ 50 % Sativa). Ce shatter premium est issu des c\u00e9l\u00e8bres vari\u00e9t\u00e9s Sour Apple et Animal Cookies Cannabis, offrant un m\u00e9lange harmonieux d&rsquo;effets c\u00e9r\u00e9braux stimulants et de relaxation physique profonde. Avec&hellip;","_links":{"self":[{"href":"https:\/\/pressurezone.shop\/pl\/wp-json\/wp\/v2\/product\/3371"}],"collection":[{"href":"https:\/\/pressurezone.shop\/pl\/wp-json\/wp\/v2\/product"}],"about":[{"href":"https:\/\/pressurezone.shop\/pl\/wp-json\/wp\/v2\/types\/product"}],"replies":[{"embeddable":true,"href":"https:\/\/pressurezone.shop\/pl\/wp-json\/wp\/v2\/comments?post=3371"}],"version-history":[{"count":3,"href":"https:\/\/pressurezone.shop\/pl\/wp-json\/wp\/v2\/product\/3371\/revisions"}],"predecessor-version":[{"id":4401,"href":"https:\/\/pressurezone.shop\/pl\/wp-json\/wp\/v2\/product\/3371\/revisions\/4401"}],"wp:featuredmedia":[{"embeddable":true,"href":"https:\/\/pressurezone.shop\/pl\/wp-json\/wp\/v2\/media\/3456"}],"wp:attachment":[{"href":"https:\/\/pressurezone.shop\/pl\/wp-json\/wp\/v2\/media?parent=3371"}],"wp:term":[{"taxonomy":"product_brand","embeddable":true,"href":"https:\/\/pressurezone.shop\/pl\/wp-json\/wp\/v2\/product_brand?post=3371"},{"taxonomy":"product_cat","embeddable":true,"href":"https:\/\/pressurezone.shop\/pl\/wp-json\/wp\/v2\/product_cat?post=3371"},{"taxonomy":"product_tag","embeddable":true,"href":"https:\/\/pressurezone.shop\/pl\/wp-json\/wp\/v2\/product_tag?post=3371"}],"curies":[{"name":"wp","href":"https:\/\/api.w.org\/{rel}","templated":true}]}}