{"id":3372,"date":"2024-10-11T01:01:29","date_gmt":"2024-10-10T23:01:29","guid":{"rendered":"https:\/\/pressurezone.shop\/?post_type=product&#038;p=3372"},"modified":"2024-11-04T19:37:24","modified_gmt":"2024-11-04T18:37:24","slug":"haschisch-red-light-windmill","status":"publish","type":"product","link":"https:\/\/pressurezone.shop\/pl\/produkt\/wiatrak-z-czerwonym-swiatlem-haszyszu\/","title":{"rendered":"Hashish Red Light Windmill"},"content":{"rendered":"<h3><strong>Kup Haschisch Red Light Windmill online w Europie na <a href=\"https:\/\/pressurezone.shop\/pl\/\" target=\"_new\" rel=\"noopener\">Sklep ze strefami ci\u015bnieniowymi<\/a><\/strong><\/h3>\n<p>Odkryj <strong>Hashish Red Light Windmill<\/strong>wyj\u0105tkowy wariant inspirowany sztuk\u0105 amsterdamskiego haszyszu. Ten l\u017cejszy haszysz o wyra\u017anym czerwono-br\u0105zowym odcieniu oferuje wyj\u0105tkowe doznania mi\u0142o\u015bnikom konopi. Ju\u017c od pierwszego wdechu <strong>Hashish Red Light Windmill<\/strong> ma \u015bwie\u017cy, pikantny nos, z kwiatowymi niuansami i nut\u0105 oleju nap\u0119dowego. Jego jednolita, lekko lepka konsystencja sprawia, \u017ce jest przyjemny w u\u017cyciu, a \u015brednia konsystencja u\u0142atwia prac\u0119.<\/p>\n<h3>Dlaczego warto wybra\u0107 wiatrak Haschisch Red Light?<\/h3>\n<p>Le <strong>Hashish Red Light Windmill<\/strong> jest idealna dla os\u00f3b poszukuj\u0105cych wyrafinowanych dozna\u0144 sensorycznych. Jego przewa\u017caj\u0105ca kompozycja Indica zapewnia przyjemny relaks, chocia\u017c ten koncentrat THC pozostaje umiarkowany w sile. Jego urzekaj\u0105cy profil aromatyczny i bogaty smak s\u0105 wynikiem rzemie\u015blniczych technik stosowanych w amsterdamskiej uprawie konopi, tworz\u0105c autentyczny produkt wysokiej jako\u015bci.<a href=\"https:\/\/fuelpackz.com\/\" target=\"_blank\" rel=\"noopener\">.<\/a><\/p>\n<ul>\n<li><strong>Typ<\/strong> Importowany haszysz premium<\/li>\n<li><strong>Pochodzenie<\/strong> Zainspirowany Amsterdamem<\/li>\n<\/ul>\n<h3>Smaki i aromaty haszyszu Red Light Windmill<\/h3>\n<p>Ze \u015bwie\u017cym aromatem i nut\u0105 pikanterii. <strong>Hashish Red Light Windmill<\/strong> oferuje wyj\u0105tkowo kwiatowy profil smakowy, wzmocniony g\u0142\u0119bokimi nutami oleju nap\u0119dowego. Ten haszysz jest przeznaczony dla mi\u0142o\u015bnik\u00f3w konopi, kt\u00f3rzy chc\u0105 odkrywa\u0107 wyra\u017ane i autentyczne smaki.<\/p>\n<ul>\n<li><strong>Smaki<\/strong> Pikantny, Kwiatowy, Diesel<\/li>\n<li><strong>Zapachy<\/strong> \u015awie\u017cy, zio\u0142owy, Diesel<\/li>\n<\/ul>\n<h3>Efekty i korzy\u015bci p\u0142yn\u0105ce ze stosowania Red Light Windmill Hashish<\/h3>\n<p>Chocia\u017c zawarto\u015b\u0107 THC jest umiarkowana <strong>Hashish Red Light Windmill<\/strong> zapewnia \u0142agodny relaks Indica, kt\u00f3ry koi cia\u0142o i umys\u0142 bez przyt\u0142aczania. Ten haszysz jest idealny na wieczorne chwile relaksu, oferujac uczucie spokoju i dobrego samopoczucia.<\/p>\n<ul>\n<li><strong>Efekty<\/strong> Relaks, ukojenie, spok\u00f3j<\/li>\n<li><strong>Idealny dla<\/strong> Delikatny relaks, \u0142agodzenie stresu, wieczorny relaks<\/li>\n<\/ul>\n<h3>R\u0119cznie wykonane i inspirowane<\/h3>\n<p>Le <strong>Hashish Red Light Windmill<\/strong> jest produkowany przy u\u017cyciu tradycyjnych amsterdamskich technik, gwarantuj\u0105cych jednolit\u0105 konsystencj\u0119 i g\u0142\u0119boki smak. Zainspirowany dziedzictwem holenderskiego haszyszu, koncentrat ten zosta\u0142 starannie wyselekcjonowany ze wzgl\u0119du na unikalny profil smakowy i \u0142atwo\u015b\u0107 u\u017cycia.<\/p>\n<h3>U\u017cytkowanie i do\u015bwiadczenie<\/h3>\n<p>Dzi\u0119ki lekko lepkiej, \u0142atwej w obs\u0142udze konsystencji <strong>Hashish Red Light Windmill<\/strong> jest wszechstronny i dostosowuje si\u0119 do r\u00f3\u017cnych metod konsumpcji:<\/p>\n<ul>\n<li><strong>Palenie w fajce lub bongu<\/strong> dla szybkiego narastania efektu.<\/li>\n<li><strong>Spray<\/strong> dla czystego, kontrolowanego doznania smakowego.<\/li>\n<li><strong>W\u0142\u0105czenie do wsp\u00f3lnego<\/strong> aby wzbogaci\u0107 smak i zintensyfikowa\u0107 doznania.<\/li>\n<\/ul>\n<h3>Zam\u00f3w wiatrak Haschisch Red Light online w sklepie Pressure Zone Shop<\/h3>\n<p>Gotowy, by odkry\u0107 wyj\u0105tkowe smaki i czaruj\u0105ce doznania <strong>Hashish Red Light Windmill<\/strong> ? Zam\u00f3w teraz na <a href=\"https:\/\/pressurezone.shop\/pl\/\" target=\"_new\" rel=\"noopener\">Sklep ze strefami ci\u015bnieniowymi<\/a> i ciesz si\u0119 tym najwy\u017cszej klasy haszyszem, idealnym do prawdziwego relaksu. <strong>Red Light Windmill Hash<\/strong> to idealny wyb\u00f3r dla tych, kt\u00f3rzy szukaj\u0105 wysokiej jako\u015bci produktu z duchem Amsterdamu.<\/p>","protected":false},"excerpt":{"rendered":"<p>Achetez le Haschisch Red Light Windmill en Ligne en Europe sur Pressure Zone Shop D\u00e9couvrez le Haschisch Red Light Windmill, une variante unique inspir\u00e9e par l&rsquo;art du haschisch d&rsquo;Amsterdam. Ce haschisch plus l\u00e9ger, avec une teinte rouge-brun distincte, offre une exp\u00e9rience exceptionnelle pour les amateurs de cannabis. D\u00e8s la premi\u00e8re inhalation, le Haschisch Red Light [&hellip;]<\/p>","protected":false},"featured_media":3458,"comment_status":"closed","ping_status":"closed","template":"","meta":{"_uag_custom_page_level_css":"","site-sidebar-layout":"default","site-content-layout":"","ast-site-content-layout":"default","site-content-style":"default","site-sidebar-style":"default","ast-global-header-display":"","ast-banner-title-visibility":"","ast-main-header-display":"","ast-hfb-above-header-display":"","ast-hfb-below-header-display":"","ast-hfb-mobile-header-display":"","site-post-title":"","ast-breadcrumbs-content":"","ast-featured-img":"","footer-sml-layout":"","theme-transparent-header-meta":"default","adv-header-id-meta":"","stick-header-meta":"","header-above-stick-meta":"","header-main-stick-meta":"","header-below-stick-meta":"","astra-migrate-meta-layouts":"set","ast-page-background-enabled":"default","ast-page-background-meta":{"desktop":{"background-color":"","background-image":"","background-repeat":"repeat","background-position":"center center","background-size":"auto","background-attachment":"scroll","background-type":"","background-media":"","overlay-type":"","overlay-color":"","overlay-opacity":"","overlay-gradient":""},"tablet":{"background-color":"","background-image":"","background-repeat":"repeat","background-position":"center center","background-size":"auto","background-attachment":"scroll","background-type":"","background-media":"","overlay-type":"","overlay-color":"","overlay-opacity":"","overlay-gradient":""},"mobile":{"background-color":"","background-image":"","background-repeat":"repeat","background-position":"center center","background-size":"auto","background-attachment":"scroll","background-type":"","background-media":"","overlay-type":"","overlay-color":"","overlay-opacity":"","overlay-gradient":""}},"ast-content-background-meta":{"desktop":{"background-color":"var(--ast-global-color-5)","background-image":"","background-repeat":"repeat","background-position":"center center","background-size":"auto","background-attachment":"scroll","background-type":"","background-media":"","overlay-type":"","overlay-color":"","overlay-opacity":"","overlay-gradient":""},"tablet":{"background-color":"var(--ast-global-color-5)","background-image":"","background-repeat":"repeat","background-position":"center center","background-size":"auto","background-attachment":"scroll","background-type":"","background-media":"","overlay-type":"","overlay-color":"","overlay-opacity":"","overlay-gradient":""},"mobile":{"background-color":"var(--ast-global-color-5)","background-image":"","background-repeat":"repeat","background-position":"center center","background-size":"auto","background-attachment":"scroll","background-type":"","background-media":"","overlay-type":"","overlay-color":"","overlay-opacity":"","overlay-gradient":""}}},"product_brand":[],"product_cat":[334,29],"product_tag":[465],"class_list":{"0":"post-3372","1":"product","2":"type-product","3":"status-publish","4":"has-post-thumbnail","6":"product_cat-concentres-de-marijuana","7":"product_cat-haschisch","8":"product_tag-buy-red-light-windmill-hash-europe","9":"desktop-align-left","10":"tablet-align-left","11":"mobile-align-left","13":"first","14":"instock","15":"shipping-taxable","16":"purchasable","17":"product-type-variable"},"uagb_featured_image_src":{"full":["https:\/\/pressurezone.shop\/wp-content\/uploads\/2024\/10\/Buy-Red-Light-Windmill-Hash.jpg",1000,1000,false],"thumbnail":["https:\/\/pressurezone.shop\/wp-content\/uploads\/2024\/10\/Buy-Red-Light-Windmill-Hash-150x150.jpg",150,150,true],"medium":["https:\/\/pressurezone.shop\/wp-content\/uploads\/2024\/10\/Buy-Red-Light-Windmill-Hash-300x300.jpg",300,300,true],"medium_large":["https:\/\/pressurezone.shop\/wp-content\/uploads\/2024\/10\/Buy-Red-Light-Windmill-Hash-768x768.jpg",768,768,true],"large":["https:\/\/pressurezone.shop\/wp-content\/uploads\/2024\/10\/Buy-Red-Light-Windmill-Hash.jpg",1000,1000,false],"1536x1536":["https:\/\/pressurezone.shop\/wp-content\/uploads\/2024\/10\/Buy-Red-Light-Windmill-Hash.jpg",1000,1000,false],"2048x2048":["https:\/\/pressurezone.shop\/wp-content\/uploads\/2024\/10\/Buy-Red-Light-Windmill-Hash.jpg",1000,1000,false],"trp-custom-language-flag":["https:\/\/pressurezone.shop\/wp-content\/uploads\/2024\/10\/Buy-Red-Light-Windmill-Hash-12x12.jpg",12,12,true],"woocommerce_thumbnail":["https:\/\/pressurezone.shop\/wp-content\/uploads\/2024\/10\/Buy-Red-Light-Windmill-Hash-300x300.jpg",300,300,true],"woocommerce_single":["https:\/\/pressurezone.shop\/wp-content\/uploads\/2024\/10\/Buy-Red-Light-Windmill-Hash-600x600.jpg",600,600,true],"woocommerce_gallery_thumbnail":["https:\/\/pressurezone.shop\/wp-content\/uploads\/2024\/10\/Buy-Red-Light-Windmill-Hash-100x100.jpg",100,100,true]},"uagb_author_info":{"display_name":"pressurezone.shop","author_link":"https:\/\/pressurezone.shop\/pl\/author\/"},"uagb_comment_info":0,"uagb_excerpt":"Achetez le Haschisch Red Light Windmill en Ligne en Europe sur Pressure Zone Shop D\u00e9couvrez le Haschisch Red Light Windmill, une variante unique inspir\u00e9e par l&rsquo;art du haschisch d&rsquo;Amsterdam. Ce haschisch plus l\u00e9ger, avec une teinte rouge-brun distincte, offre une exp\u00e9rience exceptionnelle pour les amateurs de cannabis. D\u00e8s la premi\u00e8re inhalation, le Haschisch Red Light&hellip;","_links":{"self":[{"href":"https:\/\/pressurezone.shop\/pl\/wp-json\/wp\/v2\/product\/3372"}],"collection":[{"href":"https:\/\/pressurezone.shop\/pl\/wp-json\/wp\/v2\/product"}],"about":[{"href":"https:\/\/pressurezone.shop\/pl\/wp-json\/wp\/v2\/types\/product"}],"replies":[{"embeddable":true,"href":"https:\/\/pressurezone.shop\/pl\/wp-json\/wp\/v2\/comments?post=3372"}],"version-history":[{"count":3,"href":"https:\/\/pressurezone.shop\/pl\/wp-json\/wp\/v2\/product\/3372\/revisions"}],"predecessor-version":[{"id":4175,"href":"https:\/\/pressurezone.shop\/pl\/wp-json\/wp\/v2\/product\/3372\/revisions\/4175"}],"wp:featuredmedia":[{"embeddable":true,"href":"https:\/\/pressurezone.shop\/pl\/wp-json\/wp\/v2\/media\/3458"}],"wp:attachment":[{"href":"https:\/\/pressurezone.shop\/pl\/wp-json\/wp\/v2\/media?parent=3372"}],"wp:term":[{"taxonomy":"product_brand","embeddable":true,"href":"https:\/\/pressurezone.shop\/pl\/wp-json\/wp\/v2\/product_brand?post=3372"},{"taxonomy":"product_cat","embeddable":true,"href":"https:\/\/pressurezone.shop\/pl\/wp-json\/wp\/v2\/product_cat?post=3372"},{"taxonomy":"product_tag","embeddable":true,"href":"https:\/\/pressurezone.shop\/pl\/wp-json\/wp\/v2\/product_tag?post=3372"}],"curies":[{"name":"wp","href":"https:\/\/api.w.org\/{rel}","templated":true}]}}