{"id":3381,"date":"2024-10-11T01:01:53","date_gmt":"2024-10-10T23:01:53","guid":{"rendered":"https:\/\/pressurezone.shop\/?post_type=product&#038;p=3381"},"modified":"2024-11-04T21:02:04","modified_gmt":"2024-11-04T20:02:04","slug":"haschisch-temple-ball","status":"publish","type":"product","link":"https:\/\/pressurezone.shop\/pl\/produkt\/haszyszowa-kula-swiatynna\/","title":{"rendered":"Hashish Temple Ball"},"content":{"rendered":"<h3><strong>Kup Temple Ball Hashish online pod adresem <a href=\"https:\/\/pressurezone.shop\/pl\/\" target=\"_new\" rel=\"noopener\">Sklep ze strefami ci\u015bnieniowymi<\/a><\/strong><\/h3>\n<p>Odkryj legendarne <strong>Hashish Temple Ball<\/strong>znany ze swojej bardzo lepkiej konsystencji i wyj\u0105tkowego profilu smakowego. Pochodzi z g\u00f3rzystych region\u00f3w Afganistanu. <strong>Temple Ball Hash<\/strong> to koncentrat konopi indyjskich szczeg\u00f3lnie poszukiwany ze wzgl\u0119du na swoj\u0105 moc i bogaty smak. Ten rzadki haszysz jest zapakowany w specjalne opakowanie, aby zachowa\u0107 wilgo\u0107 i zapobiec przywieraniu do czegokolwiek, zapewniaj\u0105c doskona\u0142e wra\u017cenia.<\/p>\n<h3>Dlaczego warto wybra\u0107 Haschisch Temple Ball?<\/h3>\n<p>Le <strong>Hashish Temple Ball<\/strong> ma wyj\u0105tkowy charakter: skoncentrowany olejek i lepka konsystencja sprawiaj\u0105, \u017ce jest to wyj\u0105tkowy produkt dla koneser\u00f3w. Wyprodukowany z wysokiej jako\u015bci afga\u0144skich odmian, oferuje relaksuj\u0105ce i euforyczne doznania, idealne do ca\u0142kowitego od\u0142\u0105czenia si\u0119. Dzi\u0119ki historii zakorzenionej w afga\u0144skich herbaciarniach, haszysz ten jest skarbnic\u0105 tradycyjnej kultury regionu.<\/p>\n<ul>\n<li><strong>Typ<\/strong> Autentyczny afga\u0144ski haszysz<\/li>\n<li><strong>Pochodzenie<\/strong> Afganistan<\/li>\n<\/ul>\n<h3>Smaki i aromaty haszyszu Temple Ball<\/h3>\n<p>Le <strong>Temple Ball Hash<\/strong> jest znany ze swojego intensywnego, z\u0142o\u017conego smaku, \u0142\u0105cz\u0105cego ziemiste, zio\u0142owe i pikantne nuty, kt\u00f3re przywo\u0142uj\u0105 na my\u015bl afga\u0144sk\u0105 tradycj\u0119. Jej silny profil aromatyczny przypomina orientalne przyprawy, a g\u0119sty dym zapewnia niezr\u00f3wnane doznania, idealne dla mi\u0142o\u015bnik\u00f3w haszyszu poszukuj\u0105cych g\u0142\u0119bokich, otulaj\u0105cych wra\u017ce\u0144.<\/p>\n<ul>\n<li><strong>Smaki<\/strong> Ziemisty, korzenny, zio\u0142owy<\/li>\n<li><strong>Zapachy<\/strong> G\u0142\u0119bokie, intensywne, orientalne nuty<\/li>\n<\/ul>\n<h3>Efekty i korzy\u015bci p\u0142yn\u0105ce ze stosowania Hashish Temple Ball<\/h3>\n<p>Le <strong>Hashish Temple Ball<\/strong> oferuje pot\u0119\u017cne, d\u0142ugotrwa\u0142e efekty, kt\u00f3re \u0142\u0105cz\u0105 fizyczny relaks i stymulacj\u0119 umys\u0142ow\u0105. Idealny do stosowania pod koniec dnia lub w chwilach relaksu, haszysz ten jest idealny do odpr\u0119\u017cenia si\u0119, ciesz\u0105c si\u0119 \u0142agodn\u0105 eufori\u0105. Jego g\u0142\u0119bokie dzia\u0142anie sprawia, \u017ce jest to popularny wyb\u00f3r do \u0142agodzenia stresu i promowania og\u00f3lnego dobrego samopoczucia.<a href=\"https:\/\/fuelpackz.com\/\" target=\"_blank\" rel=\"noopener\">.<\/a><\/p>\n<ul>\n<li><strong>Efekty<\/strong> Relaks, Euforia, G\u0142\u0119boki relaks<\/li>\n<li><strong>Idealny dla<\/strong> U\u015bmierzanie stresu, intensywny relaks, medytacja<\/li>\n<\/ul>\n<h3>Produkt najwy\u017cszej jako\u015bci<\/h3>\n<p>Le <strong>Temple Ball Hash<\/strong> jest przygotowywany przy u\u017cyciu tradycyjnych afga\u0144skich metod, w kt\u00f3rych trichomy s\u0105 starannie ekstrahowane i prasowane, aby zapewni\u0107 wyj\u0105tkow\u0105 czysto\u015b\u0107. Niegdy\u015b eksportowany w r\u00f3\u017cnych formach - paluszk\u00f3w, patyczk\u00f3w, p\u00f3\u0142ksi\u0119\u017cyc\u00f3w i cegie\u0142 - staje si\u0119 obecnie rzadkim i po\u017c\u0105danym produktem o charakterystycznych kolorach, smakach i fakturach.<\/p>\n<h3>U\u017cytkowanie i do\u015bwiadczenie<\/h3>\n<p>Le <strong>Hashish Temple Ball<\/strong> mo\u017cna spo\u017cywa\u0107 na r\u00f3\u017cne sposoby, aby odkry\u0107 wszystkie jej smaki i pot\u0119\u017cne efekty:<\/p>\n<ul>\n<li><strong>Palenie w fajce lub bongu<\/strong> na szybk\u0105, intensywn\u0105 wspinaczk\u0119.<\/li>\n<li><strong>W\u0142\u0105czenie do wsp\u00f3lnego<\/strong> aby przed\u0142u\u017cy\u0107 efekt i cieszy\u0107 si\u0119 bogatym smakiem.<\/li>\n<li><strong>Spray<\/strong> zapewnia czyste, kontrolowane doznania smakowe, idealne dla koneser\u00f3w.<\/li>\n<\/ul>\n<h3>Zam\u00f3w Temple Ball Hashish online w sklepie Pressure Zone Shop<\/h3>\n<p>Gotowy, by odkry\u0107 moc i intensywno\u015b\u0107 <strong>Hashish Temple Ball<\/strong> ? Zam\u00f3w teraz na <a href=\"https:\/\/pressurezone.shop\/pl\/\" target=\"_new\" rel=\"noopener\">Sklep ze strefami ci\u015bnieniowymi<\/a> na autentyczne do\u015bwiadczenie zanurzone w afga\u0144skiej tradycji. <strong>Temple Ball Hash<\/strong> to idealny wyb\u00f3r dla mi\u0142o\u015bnik\u00f3w haszyszu poszukuj\u0105cych maksymalnego relaksu i z\u0142o\u017conych smak\u00f3w.<\/p>","protected":false},"excerpt":{"rendered":"<p>Achetez le Haschisch Temple Ball en Ligne sur Pressure Zone Shop D\u00e9couvrez le l\u00e9gendaire Haschisch Temple Ball, r\u00e9put\u00e9 pour sa texture super collante et son profil aromatique exceptionnel. Originaire des r\u00e9gions montagneuses d\u2019Afghanistan, le Temple Ball Hash est un concentr\u00e9 de cannabis particuli\u00e8rement recherch\u00e9 pour sa puissance et ses saveurs riches. Ce haschisch rare est [&hellip;]<\/p>","protected":false},"featured_media":3464,"comment_status":"closed","ping_status":"closed","template":"","meta":{"_uag_custom_page_level_css":"","site-sidebar-layout":"default","site-content-layout":"","ast-site-content-layout":"default","site-content-style":"default","site-sidebar-style":"default","ast-global-header-display":"","ast-banner-title-visibility":"","ast-main-header-display":"","ast-hfb-above-header-display":"","ast-hfb-below-header-display":"","ast-hfb-mobile-header-display":"","site-post-title":"","ast-breadcrumbs-content":"","ast-featured-img":"","footer-sml-layout":"","theme-transparent-header-meta":"default","adv-header-id-meta":"","stick-header-meta":"","header-above-stick-meta":"","header-main-stick-meta":"","header-below-stick-meta":"","astra-migrate-meta-layouts":"set","ast-page-background-enabled":"default","ast-page-background-meta":{"desktop":{"background-color":"","background-image":"","background-repeat":"repeat","background-position":"center center","background-size":"auto","background-attachment":"scroll","background-type":"","background-media":"","overlay-type":"","overlay-color":"","overlay-opacity":"","overlay-gradient":""},"tablet":{"background-color":"","background-image":"","background-repeat":"repeat","background-position":"center center","background-size":"auto","background-attachment":"scroll","background-type":"","background-media":"","overlay-type":"","overlay-color":"","overlay-opacity":"","overlay-gradient":""},"mobile":{"background-color":"","background-image":"","background-repeat":"repeat","background-position":"center center","background-size":"auto","background-attachment":"scroll","background-type":"","background-media":"","overlay-type":"","overlay-color":"","overlay-opacity":"","overlay-gradient":""}},"ast-content-background-meta":{"desktop":{"background-color":"var(--ast-global-color-5)","background-image":"","background-repeat":"repeat","background-position":"center center","background-size":"auto","background-attachment":"scroll","background-type":"","background-media":"","overlay-type":"","overlay-color":"","overlay-opacity":"","overlay-gradient":""},"tablet":{"background-color":"var(--ast-global-color-5)","background-image":"","background-repeat":"repeat","background-position":"center center","background-size":"auto","background-attachment":"scroll","background-type":"","background-media":"","overlay-type":"","overlay-color":"","overlay-opacity":"","overlay-gradient":""},"mobile":{"background-color":"var(--ast-global-color-5)","background-image":"","background-repeat":"repeat","background-position":"center center","background-size":"auto","background-attachment":"scroll","background-type":"","background-media":"","overlay-type":"","overlay-color":"","overlay-opacity":"","overlay-gradient":""}}},"product_brand":[],"product_cat":[334,29],"product_tag":[468],"class_list":{"0":"post-3381","1":"product","2":"type-product","3":"status-publish","4":"has-post-thumbnail","6":"product_cat-concentres-de-marijuana","7":"product_cat-haschisch","8":"product_tag-temple-ball-marijuana-hash-europe","9":"desktop-align-left","10":"tablet-align-left","11":"mobile-align-left","13":"first","14":"instock","15":"shipping-taxable","16":"purchasable","17":"product-type-variable"},"uagb_featured_image_src":{"full":["https:\/\/pressurezone.shop\/wp-content\/uploads\/2024\/10\/Temple-Ball-Marijuana-Hash.jpg",700,700,false],"thumbnail":["https:\/\/pressurezone.shop\/wp-content\/uploads\/2024\/10\/Temple-Ball-Marijuana-Hash-150x150.jpg",150,150,true],"medium":["https:\/\/pressurezone.shop\/wp-content\/uploads\/2024\/10\/Temple-Ball-Marijuana-Hash-300x300.jpg",300,300,true],"medium_large":["https:\/\/pressurezone.shop\/wp-content\/uploads\/2024\/10\/Temple-Ball-Marijuana-Hash.jpg",700,700,false],"large":["https:\/\/pressurezone.shop\/wp-content\/uploads\/2024\/10\/Temple-Ball-Marijuana-Hash.jpg",700,700,false],"1536x1536":["https:\/\/pressurezone.shop\/wp-content\/uploads\/2024\/10\/Temple-Ball-Marijuana-Hash.jpg",700,700,false],"2048x2048":["https:\/\/pressurezone.shop\/wp-content\/uploads\/2024\/10\/Temple-Ball-Marijuana-Hash.jpg",700,700,false],"trp-custom-language-flag":["https:\/\/pressurezone.shop\/wp-content\/uploads\/2024\/10\/Temple-Ball-Marijuana-Hash-12x12.jpg",12,12,true],"woocommerce_thumbnail":["https:\/\/pressurezone.shop\/wp-content\/uploads\/2024\/10\/Temple-Ball-Marijuana-Hash-300x300.jpg",300,300,true],"woocommerce_single":["https:\/\/pressurezone.shop\/wp-content\/uploads\/2024\/10\/Temple-Ball-Marijuana-Hash-600x600.jpg",600,600,true],"woocommerce_gallery_thumbnail":["https:\/\/pressurezone.shop\/wp-content\/uploads\/2024\/10\/Temple-Ball-Marijuana-Hash-100x100.jpg",100,100,true]},"uagb_author_info":{"display_name":"pressurezone.shop","author_link":"https:\/\/pressurezone.shop\/pl\/author\/"},"uagb_comment_info":0,"uagb_excerpt":"Achetez le Haschisch Temple Ball en Ligne sur Pressure Zone Shop D\u00e9couvrez le l\u00e9gendaire Haschisch Temple Ball, r\u00e9put\u00e9 pour sa texture super collante et son profil aromatique exceptionnel. Originaire des r\u00e9gions montagneuses d\u2019Afghanistan, le Temple Ball Hash est un concentr\u00e9 de cannabis particuli\u00e8rement recherch\u00e9 pour sa puissance et ses saveurs riches. Ce haschisch rare est&hellip;","_links":{"self":[{"href":"https:\/\/pressurezone.shop\/pl\/wp-json\/wp\/v2\/product\/3381"}],"collection":[{"href":"https:\/\/pressurezone.shop\/pl\/wp-json\/wp\/v2\/product"}],"about":[{"href":"https:\/\/pressurezone.shop\/pl\/wp-json\/wp\/v2\/types\/product"}],"replies":[{"embeddable":true,"href":"https:\/\/pressurezone.shop\/pl\/wp-json\/wp\/v2\/comments?post=3381"}],"version-history":[{"count":3,"href":"https:\/\/pressurezone.shop\/pl\/wp-json\/wp\/v2\/product\/3381\/revisions"}],"predecessor-version":[{"id":4248,"href":"https:\/\/pressurezone.shop\/pl\/wp-json\/wp\/v2\/product\/3381\/revisions\/4248"}],"wp:featuredmedia":[{"embeddable":true,"href":"https:\/\/pressurezone.shop\/pl\/wp-json\/wp\/v2\/media\/3464"}],"wp:attachment":[{"href":"https:\/\/pressurezone.shop\/pl\/wp-json\/wp\/v2\/media?parent=3381"}],"wp:term":[{"taxonomy":"product_brand","embeddable":true,"href":"https:\/\/pressurezone.shop\/pl\/wp-json\/wp\/v2\/product_brand?post=3381"},{"taxonomy":"product_cat","embeddable":true,"href":"https:\/\/pressurezone.shop\/pl\/wp-json\/wp\/v2\/product_cat?post=3381"},{"taxonomy":"product_tag","embeddable":true,"href":"https:\/\/pressurezone.shop\/pl\/wp-json\/wp\/v2\/product_tag?post=3381"}],"curies":[{"name":"wp","href":"https:\/\/api.w.org\/{rel}","templated":true}]}}