{"id":3390,"date":"2024-10-11T01:02:19","date_gmt":"2024-10-10T23:02:19","guid":{"rendered":"https:\/\/pressurezone.shop\/?post_type=product&#038;p=3390"},"modified":"2024-11-04T19:10:49","modified_gmt":"2024-11-04T18:10:49","slug":"haschisch-healing-tree","status":"publish","type":"product","link":"https:\/\/pressurezone.shop\/pl\/produkt\/drzewo-lecznicze-haszysz\/","title":{"rendered":"Drzewo lecznicze Haschisch"},"content":{"rendered":"<h3><strong>Kup Haschisch Healing Tree online w Europie na <a href=\"https:\/\/pressurezone.shop\/pl\/\" target=\"_new\" rel=\"noopener\">Sklep ze strefami ci\u015bnieniowymi<\/a><\/strong><\/h3>\n<p>Odkryj <strong>Drzewo lecznicze Haschisch<\/strong>to r\u0119cznie wytwarzany koncentrat, produkowany z dba\u0142o\u015bci\u0105 przez ekspert\u00f3w haszyszowych w Kolumbii Brytyjskiej. Ten wyj\u0105tkowy haszysz jest przeznaczony dla mi\u0142o\u015bnik\u00f3w THC, bez niepo\u017c\u0105danej materii ro\u015blinnej, tylko czyste trichomy THC. Posiada g\u0142\u0119boki, pikantny aromat, uzupe\u0142niony subteln\u0105 nut\u0105 \u015bwie\u017cej sosny, <strong>Drzewo lecznicze Haschisch<\/strong> jest wynikiem selekcji wysokiej jako\u015bci surowc\u00f3w i wyrafinowanego know-how w produkcji haszyszu.<\/p>\n<h3>Dlaczego warto wybra\u0107 drzewo lecznicze Haschisch?<\/h3>\n<p>Le <strong>Drzewo lecznicze Haschisch<\/strong> to idealny wyb\u00f3r dla koneser\u00f3w poszukuj\u0105cych mocy i czysto\u015bci. Ten haszysz zosta\u0142 starannie dopracowany, aby zapewni\u0107 bogaty, g\u0142adki profil smakowy, z ci\u0119\u017ckim, zorientowanym na indic\u0119 hajem. Ciesz si\u0119 g\u0142\u0119bokim odpr\u0119\u017ceniem cia\u0142a, idealnym na wieczorne chwile relaksu.<a href=\"https:\/\/fuelpackz.com\/\" target=\"_blank\" rel=\"noopener\">.<\/a><\/p>\n<ul>\n<li><strong>Typ<\/strong> Pot\u0119\u017cny haszysz Indica<\/li>\n<li><strong>Pochodzenie<\/strong> Wykonane przez rzemie\u015blnik\u00f3w w Kolumbii Brytyjskiej<\/li>\n<\/ul>\n<h3>Smaki i aromaty drzewa leczniczego Haschisch<\/h3>\n<p>Le <strong>Drzewo lecznicze Haschisch<\/strong> oferuje z\u0142o\u017cony profil smaku i aromatu. Jego smak jest g\u0142\u0119boki i pikantny, z nutami sosny dodaj\u0105cymi subtelnej \u015bwie\u017co\u015bci. Ta harmonijna mieszanka przypraw i nut drzewnych tworzy wyj\u0105tkowe doznania sensoryczne dla mi\u0142o\u015bnik\u00f3w haszyszu.<\/p>\n<ul>\n<li><strong>Smaki<\/strong> Pikantny, \u015bwie\u017ca sosna, drzewny<\/li>\n<li><strong>Zapachy<\/strong> G\u0142\u0119boki, ziemisty, sosnowy, pikantny<\/li>\n<\/ul>\n<h3>Efekty i korzy\u015bci p\u0142yn\u0105ce ze stosowania Haschisch Healing Tree<\/h3>\n<p>Le <strong>Drzewo lecznicze Haschisch<\/strong> zosta\u0142 zaprojektowany z my\u015bl\u0105 o pot\u0119\u017cnym, d\u0142ugotrwa\u0142ym haju indica. Dzi\u0119ki efektom skoncentrowanym na ciele, haszysz ten sprzyja g\u0142\u0119bokiemu relaksowi i \u0142agodzeniu stresu. Idealny dla os\u00f3b poszukuj\u0105cych ulgi fizycznej i spokoju psychicznego, haszysz ten wprowadzi Ci\u0119 w stan absolutnego relaksu.<\/p>\n<ul>\n<li><strong>Efekty<\/strong> Relaks cia\u0142a, ukojenie, euforia<\/li>\n<li><strong>Idealny dla<\/strong> Wieczorny relaks, zarz\u0105dzanie stresem, g\u0142\u0119boki relaks<\/li>\n<\/ul>\n<h3>Jako\u015b\u0107 i wykonanie<\/h3>\n<p>Le <strong>Drzewo lecznicze Haschisch<\/strong> jest produkowany metodami rzemie\u015blniczymi przy u\u017cyciu czystych trichom\u00f3w THC, aby zagwarantowa\u0107 wyj\u0105tkow\u0105 jako\u015b\u0107. Dopracowany do perfekcji, ma g\u0142adk\u0105 konsystencj\u0119 i bogaty smak, idealny dla wymagaj\u0105cych mi\u0142o\u015bnik\u00f3w haszyszu.<\/p>\n<h3>U\u017cytkowanie i do\u015bwiadczenie<\/h3>\n<p>Le <strong>Drzewo lecznicze Haschisch<\/strong> jest uniwersalna i mo\u017ce by\u0107 spo\u017cywana na r\u00f3\u017cne sposoby, zapewniaj\u0105c spersonalizowane doznania:<\/p>\n<ul>\n<li><strong>Palenie w fajce lub bongu<\/strong> dla szybkich i intensywnych efekt\u00f3w.<\/li>\n<li><strong>Spray<\/strong> dla czystych dozna\u0144 smakowych i kontrolowanego haju.<\/li>\n<li><strong>W\u0142\u0105czenie do wsp\u00f3lnego<\/strong> dla intensywnego smaku i wzmocnionych efekt\u00f3w.<\/li>\n<\/ul>\n<h3>Zam\u00f3w Haschisch Healing Tree online w sklepie Pressure Zone Shop<\/h3>\n<p>Gotowy, by cieszy\u0107 si\u0119 koj\u0105cym dzia\u0142aniem i bogatym smakiem <strong>Drzewo lecznicze Haschisch<\/strong> ? Zam\u00f3w teraz na <a href=\"https:\/\/pressurezone.shop\/pl\/\" target=\"_new\" rel=\"noopener\">Sklep ze strefami ci\u015bnieniowymi<\/a> aby uzyska\u0107 najwy\u017cszej jako\u015bci doznania zwi\u0105zane z haszyszem, kt\u00f3re pomog\u0105 Ci osi\u0105gn\u0105\u0107 niezr\u00f3wnany poziom relaksu. <strong>Drzewo lecznicze Haschisch<\/strong> to idealny wyb\u00f3r dla g\u0142\u0119bokiego relaksu cia\u0142a i trwa\u0142ego wyciszenia.<\/p>","protected":false},"excerpt":{"rendered":"<p>Achetez le Haschisch Healing Tree en Ligne en Europe sur Pressure Zone Shop D\u00e9couvrez le Healing Tree Haschisch, un concentr\u00e9 artisanal produit avec soin par les experts du haschisch en Colombie-Britannique. Ce haschisch exceptionnel est con\u00e7u pour les amateurs de THC, sans aucune mati\u00e8re v\u00e9g\u00e9tale ind\u00e9sirable, uniquement des trichomes de THC purs. Avec un ar\u00f4me [&hellip;]<\/p>","protected":false},"featured_media":3466,"comment_status":"closed","ping_status":"closed","template":"","meta":{"_uag_custom_page_level_css":"","site-sidebar-layout":"default","site-content-layout":"","ast-site-content-layout":"default","site-content-style":"default","site-sidebar-style":"default","ast-global-header-display":"","ast-banner-title-visibility":"","ast-main-header-display":"","ast-hfb-above-header-display":"","ast-hfb-below-header-display":"","ast-hfb-mobile-header-display":"","site-post-title":"","ast-breadcrumbs-content":"","ast-featured-img":"","footer-sml-layout":"","theme-transparent-header-meta":"default","adv-header-id-meta":"","stick-header-meta":"","header-above-stick-meta":"","header-main-stick-meta":"","header-below-stick-meta":"","astra-migrate-meta-layouts":"set","ast-page-background-enabled":"default","ast-page-background-meta":{"desktop":{"background-color":"","background-image":"","background-repeat":"repeat","background-position":"center center","background-size":"auto","background-attachment":"scroll","background-type":"","background-media":"","overlay-type":"","overlay-color":"","overlay-opacity":"","overlay-gradient":""},"tablet":{"background-color":"","background-image":"","background-repeat":"repeat","background-position":"center center","background-size":"auto","background-attachment":"scroll","background-type":"","background-media":"","overlay-type":"","overlay-color":"","overlay-opacity":"","overlay-gradient":""},"mobile":{"background-color":"","background-image":"","background-repeat":"repeat","background-position":"center center","background-size":"auto","background-attachment":"scroll","background-type":"","background-media":"","overlay-type":"","overlay-color":"","overlay-opacity":"","overlay-gradient":""}},"ast-content-background-meta":{"desktop":{"background-color":"var(--ast-global-color-5)","background-image":"","background-repeat":"repeat","background-position":"center center","background-size":"auto","background-attachment":"scroll","background-type":"","background-media":"","overlay-type":"","overlay-color":"","overlay-opacity":"","overlay-gradient":""},"tablet":{"background-color":"var(--ast-global-color-5)","background-image":"","background-repeat":"repeat","background-position":"center center","background-size":"auto","background-attachment":"scroll","background-type":"","background-media":"","overlay-type":"","overlay-color":"","overlay-opacity":"","overlay-gradient":""},"mobile":{"background-color":"var(--ast-global-color-5)","background-image":"","background-repeat":"repeat","background-position":"center center","background-size":"auto","background-attachment":"scroll","background-type":"","background-media":"","overlay-type":"","overlay-color":"","overlay-opacity":"","overlay-gradient":""}}},"product_brand":[],"product_cat":[334,29],"product_tag":[469],"class_list":{"0":"post-3390","1":"product","2":"type-product","3":"status-publish","4":"has-post-thumbnail","6":"product_cat-concentres-de-marijuana","7":"product_cat-haschisch","8":"product_tag-buy-healing-tree-hash-uk","9":"desktop-align-left","10":"tablet-align-left","11":"mobile-align-left","13":"first","14":"instock","15":"shipping-taxable","16":"purchasable","17":"product-type-variable"},"uagb_featured_image_src":{"full":["https:\/\/pressurezone.shop\/wp-content\/uploads\/2024\/10\/Buy-Healing-Tree-Hash.jpg",1000,1000,false],"thumbnail":["https:\/\/pressurezone.shop\/wp-content\/uploads\/2024\/10\/Buy-Healing-Tree-Hash-150x150.jpg",150,150,true],"medium":["https:\/\/pressurezone.shop\/wp-content\/uploads\/2024\/10\/Buy-Healing-Tree-Hash-300x300.jpg",300,300,true],"medium_large":["https:\/\/pressurezone.shop\/wp-content\/uploads\/2024\/10\/Buy-Healing-Tree-Hash-768x768.jpg",768,768,true],"large":["https:\/\/pressurezone.shop\/wp-content\/uploads\/2024\/10\/Buy-Healing-Tree-Hash.jpg",1000,1000,false],"1536x1536":["https:\/\/pressurezone.shop\/wp-content\/uploads\/2024\/10\/Buy-Healing-Tree-Hash.jpg",1000,1000,false],"2048x2048":["https:\/\/pressurezone.shop\/wp-content\/uploads\/2024\/10\/Buy-Healing-Tree-Hash.jpg",1000,1000,false],"trp-custom-language-flag":["https:\/\/pressurezone.shop\/wp-content\/uploads\/2024\/10\/Buy-Healing-Tree-Hash-12x12.jpg",12,12,true],"woocommerce_thumbnail":["https:\/\/pressurezone.shop\/wp-content\/uploads\/2024\/10\/Buy-Healing-Tree-Hash-300x300.jpg",300,300,true],"woocommerce_single":["https:\/\/pressurezone.shop\/wp-content\/uploads\/2024\/10\/Buy-Healing-Tree-Hash-600x600.jpg",600,600,true],"woocommerce_gallery_thumbnail":["https:\/\/pressurezone.shop\/wp-content\/uploads\/2024\/10\/Buy-Healing-Tree-Hash-100x100.jpg",100,100,true]},"uagb_author_info":{"display_name":"pressurezone.shop","author_link":"https:\/\/pressurezone.shop\/pl\/author\/"},"uagb_comment_info":0,"uagb_excerpt":"Achetez le Haschisch Healing Tree en Ligne en Europe sur Pressure Zone Shop D\u00e9couvrez le Healing Tree Haschisch, un concentr\u00e9 artisanal produit avec soin par les experts du haschisch en Colombie-Britannique. Ce haschisch exceptionnel est con\u00e7u pour les amateurs de THC, sans aucune mati\u00e8re v\u00e9g\u00e9tale ind\u00e9sirable, uniquement des trichomes de THC purs. Avec un ar\u00f4me&hellip;","_links":{"self":[{"href":"https:\/\/pressurezone.shop\/pl\/wp-json\/wp\/v2\/product\/3390"}],"collection":[{"href":"https:\/\/pressurezone.shop\/pl\/wp-json\/wp\/v2\/product"}],"about":[{"href":"https:\/\/pressurezone.shop\/pl\/wp-json\/wp\/v2\/types\/product"}],"replies":[{"embeddable":true,"href":"https:\/\/pressurezone.shop\/pl\/wp-json\/wp\/v2\/comments?post=3390"}],"version-history":[{"count":3,"href":"https:\/\/pressurezone.shop\/pl\/wp-json\/wp\/v2\/product\/3390\/revisions"}],"predecessor-version":[{"id":4142,"href":"https:\/\/pressurezone.shop\/pl\/wp-json\/wp\/v2\/product\/3390\/revisions\/4142"}],"wp:featuredmedia":[{"embeddable":true,"href":"https:\/\/pressurezone.shop\/pl\/wp-json\/wp\/v2\/media\/3466"}],"wp:attachment":[{"href":"https:\/\/pressurezone.shop\/pl\/wp-json\/wp\/v2\/media?parent=3390"}],"wp:term":[{"taxonomy":"product_brand","embeddable":true,"href":"https:\/\/pressurezone.shop\/pl\/wp-json\/wp\/v2\/product_brand?post=3390"},{"taxonomy":"product_cat","embeddable":true,"href":"https:\/\/pressurezone.shop\/pl\/wp-json\/wp\/v2\/product_cat?post=3390"},{"taxonomy":"product_tag","embeddable":true,"href":"https:\/\/pressurezone.shop\/pl\/wp-json\/wp\/v2\/product_tag?post=3390"}],"curies":[{"name":"wp","href":"https:\/\/api.w.org\/{rel}","templated":true}]}}