{"id":3391,"date":"2024-10-11T01:02:19","date_gmt":"2024-10-10T23:02:19","guid":{"rendered":"https:\/\/pressurezone.shop\/?post_type=product&#038;p=3391"},"modified":"2024-11-04T20:44:14","modified_gmt":"2024-11-04T19:44:14","slug":"haschisch-pak-delight-marijuana","status":"publish","type":"product","link":"https:\/\/pressurezone.shop\/pl\/produkt\/haszysz-pak-delight-marihuana\/","title":{"rendered":"Marihuana Hashish Pak Delight"},"content":{"rendered":"<h3><strong>Kup marihuan\u0119 Hashish Pak Delight online w Europie na <a href=\"https:\/\/pressurezone.shop\/pl\/\" target=\"_new\" rel=\"noopener\">Sklep ze strefami ci\u015bnieniowymi<\/a><\/strong><\/h3>\n<p>Odkryj <strong>Marihuana Hashish Pak Delight<\/strong>to niezwyk\u0142y dodatek do naszej oferty, kt\u00f3ry z pewno\u015bci\u0105 zachwyci mi\u0142o\u015bnik\u00f3w haszyszu. Ten importowany haszysz o wyj\u0105tkowej jako\u015bci zosta\u0142 zaprojektowany z my\u015bl\u0105 o zapewnieniu wyj\u0105tkowych dozna\u0144 sensorycznych, idealnych do relaksu po d\u0142ugim dniu. Bez rozbijania banku, oferuje niepor\u00f3wnywaln\u0105 jako\u015b\u0107, \u0142\u0105cz\u0105c g\u0142\u0119bokie aromaty i koj\u0105ce efekty.<a href=\"https:\/\/fuelpackz.com\/\" target=\"_blank\" rel=\"noopener\">.<\/a><\/p>\n<h3>Dlaczego warto wybra\u0107 Haschisch Pak Delight?<\/h3>\n<p>Le <strong>Haschisch Pak Delight<\/strong> to idealny wyb\u00f3r dla os\u00f3b poszukuj\u0105cych subtelnego, ale skutecznego relaksu. Jego dym jest mi\u0119kki i wyporny, oferuj\u0105c uczucie og\u00f3lnego spokoju bez nadmiernej intensywno\u015bci. Ten haszysz jest idealny do pozbycia si\u0119 codziennego stresu i napi\u0119cia. Jego konsystencja jest kremowa i \u0142atwa w u\u017cyciu, a smak \u0142agodny z pikantnymi, ziemistymi nutami.<\/p>\n<ul>\n<li><strong>Typ<\/strong> Importowany haszysz premium<\/li>\n<li><strong>Pochodzenie<\/strong> Pakistan<\/li>\n<\/ul>\n<h3>Smaki i aromaty haszyszu Pak Delight<\/h3>\n<p>Le <strong>Haschisch Pak Delight<\/strong> oferuje bogaty profil smakowy, \u0142\u0105cz\u0105cy \u015bwie\u017ce, pikantne i ziemiste nuty. Jej aromat to urzekaj\u0105ca mieszanka \u015bwie\u017co\u015bci i pikanterii z nut\u0105 wilgotnej ziemi. To wyj\u0105tkowe po\u0142\u0105czenie smak\u00f3w i aromat\u00f3w sprawia, \u017ce jest to idealny wyb\u00f3r na chwile relaksu.<\/p>\n<ul>\n<li><strong>Smaki<\/strong> Kremowy, pikantny, ziemisty<\/li>\n<li><strong>Zapachy<\/strong> \u015awie\u017ce, pikantne, ziemiste nuty<\/li>\n<\/ul>\n<h3>Efekty i korzy\u015bci stosowania Haschisch Pak Delight<\/h3>\n<p>Le <strong>Haschisch Pak Delight<\/strong> zosta\u0142 zaprojektowany, aby zapewni\u0107 g\u0142\u0119boki relaks bez nadmiernej intensywno\u015bci, dzi\u0119ki czemu idealnie nadaje si\u0119 do spo\u017cycia po pracy. Daje uczucie spokoju i dobrego samopoczucia, bez efektu \"m\u0142ota kowalskiego\". Ten haszysz jest idealny do uwolnienia si\u0119 od napi\u0119\u0107 dnia i \u0142agodnego relaksu.<\/p>\n<ul>\n<li><strong>Efekty<\/strong> Relaks, Ukojenie, Dobre samopoczucie<\/li>\n<li><strong>Idealny dla<\/strong> Relaks po pracy, \u0142agodzenie stresu, og\u00f3lny relaks<\/li>\n<\/ul>\n<h3>Kremowa konsystencja i \u0142atwo\u015b\u0107 u\u017cycia<\/h3>\n<p>Dzi\u0119ki kremowej, elastycznej konsystencji <strong>Haschisch Pak Delight<\/strong> jest \u0142atwy w obs\u0142udze i nadaje si\u0119 do r\u00f3\u017cnych metod konsumpcji. Ten haszysz jest idealny dla tych, kt\u00f3rzy lubi\u0105 \u0142atwe, bezproblemowe doznania, o bogatym smaku i g\u0142adkim dymie.<\/p>\n<h3>U\u017cytkowanie i do\u015bwiadczenie<\/h3>\n<p>Le <strong>Haschisch Pak Delight<\/strong> jest wszechstronna i mo\u017ce by\u0107 spo\u017cywana na wiele sposob\u00f3w, aby zmaksymalizowa\u0107 jej relaksuj\u0105ce dzia\u0142anie:<\/p>\n<ul>\n<li><strong>Palenie w fajce lub bongu<\/strong> dla natychmiastowego, koj\u0105cego do\u015bwiadczenia.<\/li>\n<li><strong>W\u0142\u0105czenie do wsp\u00f3lnego<\/strong> aby przed\u0142u\u017cy\u0107 smak i cieszy\u0107 si\u0119 delikatnym, ci\u0105g\u0142ym relaksem.<\/li>\n<li><strong>Spray<\/strong> dla czystego, kontrolowanego doznania smakowego.<\/li>\n<\/ul>\n<h3>Zam\u00f3w Haschisch Pak Delight online w sklepie Pressure Zone Shop<\/h3>\n<p>Gotowy, by odkry\u0107 spok\u00f3j i bogactwo <strong>Haschisch Pak Delight<\/strong> ? Zam\u00f3w teraz na <a href=\"https:\/\/pressurezone.shop\/pl\/\" target=\"_new\" rel=\"noopener\">Sklep ze strefami ci\u015bnieniowymi<\/a> i ciesz si\u0119 najwy\u017cszej jako\u015bci haszyszem dla niezr\u00f3wnanego relaksu. <strong>Pak Delight Hash<\/strong> to idealny wyb\u00f3r na delikatne, relaksuj\u0105ce do\u015bwiadczenie po m\u0119cz\u0105cym dniu.<\/p>","protected":false},"excerpt":{"rendered":"<p>Achetez le Haschisch Pak Delight Marijuana en Ligne en Europe sur Pressure Zone Shop D\u00e9couvrez le Haschisch Pak Delight Marijuana, un ajout remarquable \u00e0 notre gamme qui saura ravir les amateurs de haschisch. Ce haschisch import\u00e9 d&rsquo;une qualit\u00e9 exceptionnelle est con\u00e7u pour offrir une exp\u00e9rience sensorielle unique, parfaite pour se d\u00e9tendre apr\u00e8s une longue journ\u00e9e. [&hellip;]<\/p>","protected":false},"featured_media":3468,"comment_status":"closed","ping_status":"closed","template":"","meta":{"_uag_custom_page_level_css":"","site-sidebar-layout":"default","site-content-layout":"","ast-site-content-layout":"default","site-content-style":"default","site-sidebar-style":"default","ast-global-header-display":"","ast-banner-title-visibility":"","ast-main-header-display":"","ast-hfb-above-header-display":"","ast-hfb-below-header-display":"","ast-hfb-mobile-header-display":"","site-post-title":"","ast-breadcrumbs-content":"","ast-featured-img":"","footer-sml-layout":"","theme-transparent-header-meta":"default","adv-header-id-meta":"","stick-header-meta":"","header-above-stick-meta":"","header-main-stick-meta":"","header-below-stick-meta":"","astra-migrate-meta-layouts":"set","ast-page-background-enabled":"default","ast-page-background-meta":{"desktop":{"background-color":"","background-image":"","background-repeat":"repeat","background-position":"center center","background-size":"auto","background-attachment":"scroll","background-type":"","background-media":"","overlay-type":"","overlay-color":"","overlay-opacity":"","overlay-gradient":""},"tablet":{"background-color":"","background-image":"","background-repeat":"repeat","background-position":"center center","background-size":"auto","background-attachment":"scroll","background-type":"","background-media":"","overlay-type":"","overlay-color":"","overlay-opacity":"","overlay-gradient":""},"mobile":{"background-color":"","background-image":"","background-repeat":"repeat","background-position":"center center","background-size":"auto","background-attachment":"scroll","background-type":"","background-media":"","overlay-type":"","overlay-color":"","overlay-opacity":"","overlay-gradient":""}},"ast-content-background-meta":{"desktop":{"background-color":"var(--ast-global-color-5)","background-image":"","background-repeat":"repeat","background-position":"center center","background-size":"auto","background-attachment":"scroll","background-type":"","background-media":"","overlay-type":"","overlay-color":"","overlay-opacity":"","overlay-gradient":""},"tablet":{"background-color":"var(--ast-global-color-5)","background-image":"","background-repeat":"repeat","background-position":"center center","background-size":"auto","background-attachment":"scroll","background-type":"","background-media":"","overlay-type":"","overlay-color":"","overlay-opacity":"","overlay-gradient":""},"mobile":{"background-color":"var(--ast-global-color-5)","background-image":"","background-repeat":"repeat","background-position":"center center","background-size":"auto","background-attachment":"scroll","background-type":"","background-media":"","overlay-type":"","overlay-color":"","overlay-opacity":"","overlay-gradient":""}}},"product_brand":[],"product_cat":[334,29],"product_tag":[470],"class_list":{"0":"post-3391","1":"product","2":"type-product","3":"status-publish","4":"has-post-thumbnail","6":"product_cat-concentres-de-marijuana","7":"product_cat-haschisch","8":"product_tag-buy-pak-delight-marijuana-hash-europe","9":"desktop-align-left","10":"tablet-align-left","11":"mobile-align-left","13":"first","14":"instock","15":"shipping-taxable","16":"purchasable","17":"product-type-variable"},"uagb_featured_image_src":{"full":["https:\/\/pressurezone.shop\/wp-content\/uploads\/2024\/10\/Pak-Delight-Marijuana-Hash-Europe.jpg",1000,1000,false],"thumbnail":["https:\/\/pressurezone.shop\/wp-content\/uploads\/2024\/10\/Pak-Delight-Marijuana-Hash-Europe-150x150.jpg",150,150,true],"medium":["https:\/\/pressurezone.shop\/wp-content\/uploads\/2024\/10\/Pak-Delight-Marijuana-Hash-Europe-300x300.jpg",300,300,true],"medium_large":["https:\/\/pressurezone.shop\/wp-content\/uploads\/2024\/10\/Pak-Delight-Marijuana-Hash-Europe-768x768.jpg",768,768,true],"large":["https:\/\/pressurezone.shop\/wp-content\/uploads\/2024\/10\/Pak-Delight-Marijuana-Hash-Europe.jpg",1000,1000,false],"1536x1536":["https:\/\/pressurezone.shop\/wp-content\/uploads\/2024\/10\/Pak-Delight-Marijuana-Hash-Europe.jpg",1000,1000,false],"2048x2048":["https:\/\/pressurezone.shop\/wp-content\/uploads\/2024\/10\/Pak-Delight-Marijuana-Hash-Europe.jpg",1000,1000,false],"trp-custom-language-flag":["https:\/\/pressurezone.shop\/wp-content\/uploads\/2024\/10\/Pak-Delight-Marijuana-Hash-Europe-12x12.jpg",12,12,true],"woocommerce_thumbnail":["https:\/\/pressurezone.shop\/wp-content\/uploads\/2024\/10\/Pak-Delight-Marijuana-Hash-Europe-300x300.jpg",300,300,true],"woocommerce_single":["https:\/\/pressurezone.shop\/wp-content\/uploads\/2024\/10\/Pak-Delight-Marijuana-Hash-Europe-600x600.jpg",600,600,true],"woocommerce_gallery_thumbnail":["https:\/\/pressurezone.shop\/wp-content\/uploads\/2024\/10\/Pak-Delight-Marijuana-Hash-Europe-100x100.jpg",100,100,true]},"uagb_author_info":{"display_name":"pressurezone.shop","author_link":"https:\/\/pressurezone.shop\/pl\/author\/"},"uagb_comment_info":0,"uagb_excerpt":"Achetez le Haschisch Pak Delight Marijuana en Ligne en Europe sur Pressure Zone Shop D\u00e9couvrez le Haschisch Pak Delight Marijuana, un ajout remarquable \u00e0 notre gamme qui saura ravir les amateurs de haschisch. Ce haschisch import\u00e9 d&rsquo;une qualit\u00e9 exceptionnelle est con\u00e7u pour offrir une exp\u00e9rience sensorielle unique, parfaite pour se d\u00e9tendre apr\u00e8s une longue journ\u00e9e.&hellip;","_links":{"self":[{"href":"https:\/\/pressurezone.shop\/pl\/wp-json\/wp\/v2\/product\/3391"}],"collection":[{"href":"https:\/\/pressurezone.shop\/pl\/wp-json\/wp\/v2\/product"}],"about":[{"href":"https:\/\/pressurezone.shop\/pl\/wp-json\/wp\/v2\/types\/product"}],"replies":[{"embeddable":true,"href":"https:\/\/pressurezone.shop\/pl\/wp-json\/wp\/v2\/comments?post=3391"}],"version-history":[{"count":3,"href":"https:\/\/pressurezone.shop\/pl\/wp-json\/wp\/v2\/product\/3391\/revisions"}],"predecessor-version":[{"id":4240,"href":"https:\/\/pressurezone.shop\/pl\/wp-json\/wp\/v2\/product\/3391\/revisions\/4240"}],"wp:featuredmedia":[{"embeddable":true,"href":"https:\/\/pressurezone.shop\/pl\/wp-json\/wp\/v2\/media\/3468"}],"wp:attachment":[{"href":"https:\/\/pressurezone.shop\/pl\/wp-json\/wp\/v2\/media?parent=3391"}],"wp:term":[{"taxonomy":"product_brand","embeddable":true,"href":"https:\/\/pressurezone.shop\/pl\/wp-json\/wp\/v2\/product_brand?post=3391"},{"taxonomy":"product_cat","embeddable":true,"href":"https:\/\/pressurezone.shop\/pl\/wp-json\/wp\/v2\/product_cat?post=3391"},{"taxonomy":"product_tag","embeddable":true,"href":"https:\/\/pressurezone.shop\/pl\/wp-json\/wp\/v2\/product_tag?post=3391"}],"curies":[{"name":"wp","href":"https:\/\/api.w.org\/{rel}","templated":true}]}}