{"id":3392,"date":"2024-10-11T01:02:19","date_gmt":"2024-10-10T23:02:19","guid":{"rendered":"https:\/\/pressurezone.shop\/?post_type=product&#038;p=3392"},"modified":"2024-11-04T19:02:45","modified_gmt":"2024-11-04T18:02:45","slug":"haschisch-donkey-butter-par-tegridy-farm","status":"publish","type":"product","link":"https:\/\/pressurezone.shop\/pl\/produkt\/osle-maslo-haszyszowe-z-farmy-tegridy\/","title":{"rendered":"Mas\u0142o o\u015ble od Tegridy Farms"},"content":{"rendered":"<h3><strong>Kup Hashish Donkey Butter by Tegridy Farms online w Europie pod adresem <a href=\"https:\/\/pressurezone.shop\/pl\/\" target=\"_new\" rel=\"noopener\">Sklep ze strefami ci\u015bnieniowymi<\/a><\/strong><\/h3>\n<p>Odkryj <strong>Hashish Donkey Butter<\/strong> by Tegridy Farms, doskona\u0142y przyk\u0142ad rzemie\u015blniczego haszyszu produkowanego w ma\u0142ych partiach w Kolumbii Brytyjskiej. Ten wyj\u0105tkowy haszysz, jeden z o\u015bmiu nowych dodatk\u00f3w do naszej kolekcji, oferuje mi\u0142o\u015bnikom haszyszu g\u0119ste, bogate w smaku i \u0142atwe w u\u017cyciu doznania. Wykonany wy\u0142\u0105cznie z najwy\u017cszej jako\u015bci surowc\u00f3w, <strong>O\u015ble mas\u0142o<\/strong> to idealna opcja dla mi\u0142o\u015bnik\u00f3w indici.<\/p>\n<h3>Dlaczego warto wybra\u0107 Haschisch Donkey Butter by Tegridy Farms?<\/h3>\n<p>Chocia\u017c nazwa mo\u017ce by\u0107 zaskoczeniem, <strong>O\u015ble mas\u0142o<\/strong> oferuje pikantny, ostry smak, idealny dla koneser\u00f3w Indica poszukuj\u0105cych mocnych wra\u017ce\u0144. Ten haszysz jest przeznaczony do intensywnego wieczornego relaksu, z efektami, kt\u00f3re podnosz\u0105 na duchu, jednocze\u015bnie koj\u0105c cia\u0142o.<a href=\"https:\/\/fuelpackz.com\/\" target=\"_blank\" rel=\"noopener\">.<\/a><\/p>\n<ul>\n<li><strong>Typ<\/strong> Hashish Indica Premium<\/li>\n<li><strong>Pochodzenie<\/strong> Produkcja rzemie\u015blnicza na ma\u0142\u0105 skal\u0119 w Kolumbii Brytyjskiej<\/li>\n<\/ul>\n<h3>Smaki i aromaty o\u015blego mas\u0142a haszyszowego<\/h3>\n<p>Le <strong>Hashish Donkey Butter<\/strong> wyr\u00f3\u017cnia si\u0119 pikantnym, skunksowym smakiem z ziemistymi nutami sosny i zi\u00f3\u0142 pod koniec wydechu. Aromat jest r\u00f3wnie intensywny, z akcentami pikantnego oleju nap\u0119dowego wzbogaconego nutami skunka i starzej\u0105cej si\u0119 sosny.<\/p>\n<ul>\n<li><strong>Smaki<\/strong> Pikantny, Skunky, Sosna, Zio\u0142a<\/li>\n<li><strong>Zapachy<\/strong> : Spicy Diesel, Rich Skunk, Pine<\/li>\n<\/ul>\n<h3>Efekty i korzy\u015bci p\u0142yn\u0105ce ze stosowania Hashish Donkey Butter<\/h3>\n<p>Le <strong>Hashish Donkey Butter<\/strong> zapewnia euforyczny haj, kt\u00f3ry narasta powoli, idealny na relaksuj\u0105cy wiecz\u00f3r. Idealny do rozproszenia stresu i promowania dobrego samopoczucia, ten r\u0119cznie robiony haszysz jest przeznaczony dla os\u00f3b poszukuj\u0105cych g\u0142\u0119bokiego efektu Indica.<\/p>\n<ul>\n<li><strong>Efekty<\/strong> Euforia, relaks, ukojenie<\/li>\n<li><strong>Idealny dla<\/strong> \u0141agodzenie stresu, wieczorny relaks, og\u00f3lne uspokojenie<\/li>\n<\/ul>\n<h3>Jako\u015b\u0107 i wykonanie<\/h3>\n<p>Le <strong>Hashish Donkey Butter<\/strong> jest produkowany metodami rzemie\u015blniczymi, przy u\u017cyciu tylko najlepszych sk\u0142adnik\u00f3w, aby zagwarantowa\u0107 doskona\u0142y smak i doznania sensoryczne. Jego g\u0119sta, ale \u0142atwa w u\u017cyciu konsystencja sprawia, \u017ce jest to idealny wyb\u00f3r dla tych, kt\u00f3rzy ceni\u0105 sobie jako\u015b\u0107 i kunszt.<\/p>\n<h3>U\u017cytkowanie i do\u015bwiadczenie<\/h3>\n<p>Le <strong>Hashish Donkey Butter<\/strong> jest uniwersalna i mo\u017ce by\u0107 spo\u017cywana na wiele sposob\u00f3w, zgodnie z indywidualnymi preferencjami:<\/p>\n<ul>\n<li><strong>Palenie w fajce lub bongu<\/strong> dla szybkich i mocnych efekt\u00f3w.<\/li>\n<li><strong>Spray<\/strong> dla czystego smaku i kontrolowanego haju.<\/li>\n<li><strong>Dodaj do po\u0142\u0105czenia<\/strong> aby wzbogaci\u0107 smak i zintensyfikowa\u0107 efekty.<\/li>\n<\/ul>\n<h3>Zam\u00f3w Haschisch Donkey Butter online w sklepie Pressure Zone Shop<\/h3>\n<p>Gotowy do delektowania si\u0119 intensywno\u015bci\u0105 i g\u0142\u0119bi\u0105 <strong>Hashish Donkey Butter<\/strong> ? Zam\u00f3w teraz na <a href=\"https:\/\/pressurezone.shop\/pl\/\" target=\"_new\" rel=\"noopener\">Sklep ze strefami ci\u015bnieniowymi<\/a> i ciesz si\u0119 wysokiej jako\u015bci, r\u0119cznie robionym haszyszem, idealnym na chwile relaksu. <strong>O\u015ble mas\u0142o<\/strong> to idealny wyb\u00f3r na wieczorny relaks i ukojenie.<\/p>","protected":false},"excerpt":{"rendered":"<p>Achetez le Haschisch Donkey Butter par Tegridy Farms en Ligne en Europe sur Pressure Zone Shop D\u00e9couvrez le Haschisch Donkey Butter par Tegridy Farms, un exemple parfait de haschisch artisanal produit en petite quantit\u00e9 en Colombie-Britannique. Ce haschisch unique, l\u2019un des huit nouveaux ajouts \u00e0 notre collection, offre aux amateurs de haschisch une exp\u00e9rience dense, [&hellip;]<\/p>","protected":false},"featured_media":3470,"comment_status":"closed","ping_status":"closed","template":"","meta":{"_uag_custom_page_level_css":"","site-sidebar-layout":"default","site-content-layout":"","ast-site-content-layout":"default","site-content-style":"default","site-sidebar-style":"default","ast-global-header-display":"","ast-banner-title-visibility":"","ast-main-header-display":"","ast-hfb-above-header-display":"","ast-hfb-below-header-display":"","ast-hfb-mobile-header-display":"","site-post-title":"","ast-breadcrumbs-content":"","ast-featured-img":"","footer-sml-layout":"","theme-transparent-header-meta":"default","adv-header-id-meta":"","stick-header-meta":"","header-above-stick-meta":"","header-main-stick-meta":"","header-below-stick-meta":"","astra-migrate-meta-layouts":"set","ast-page-background-enabled":"default","ast-page-background-meta":{"desktop":{"background-color":"","background-image":"","background-repeat":"repeat","background-position":"center center","background-size":"auto","background-attachment":"scroll","background-type":"","background-media":"","overlay-type":"","overlay-color":"","overlay-opacity":"","overlay-gradient":""},"tablet":{"background-color":"","background-image":"","background-repeat":"repeat","background-position":"center center","background-size":"auto","background-attachment":"scroll","background-type":"","background-media":"","overlay-type":"","overlay-color":"","overlay-opacity":"","overlay-gradient":""},"mobile":{"background-color":"","background-image":"","background-repeat":"repeat","background-position":"center center","background-size":"auto","background-attachment":"scroll","background-type":"","background-media":"","overlay-type":"","overlay-color":"","overlay-opacity":"","overlay-gradient":""}},"ast-content-background-meta":{"desktop":{"background-color":"var(--ast-global-color-5)","background-image":"","background-repeat":"repeat","background-position":"center center","background-size":"auto","background-attachment":"scroll","background-type":"","background-media":"","overlay-type":"","overlay-color":"","overlay-opacity":"","overlay-gradient":""},"tablet":{"background-color":"var(--ast-global-color-5)","background-image":"","background-repeat":"repeat","background-position":"center center","background-size":"auto","background-attachment":"scroll","background-type":"","background-media":"","overlay-type":"","overlay-color":"","overlay-opacity":"","overlay-gradient":""},"mobile":{"background-color":"var(--ast-global-color-5)","background-image":"","background-repeat":"repeat","background-position":"center center","background-size":"auto","background-attachment":"scroll","background-type":"","background-media":"","overlay-type":"","overlay-color":"","overlay-opacity":"","overlay-gradient":""}}},"product_brand":[],"product_cat":[334,29],"product_tag":[471],"class_list":{"0":"post-3392","1":"product","2":"type-product","3":"status-publish","4":"has-post-thumbnail","6":"product_cat-concentres-de-marijuana","7":"product_cat-haschisch","8":"product_tag-buy-donkey-butter-by-tegridy-farms-online-europe","9":"desktop-align-left","10":"tablet-align-left","11":"mobile-align-left","13":"first","14":"instock","15":"shipping-taxable","16":"purchasable","17":"product-type-variable"},"uagb_featured_image_src":{"full":["https:\/\/pressurezone.shop\/wp-content\/uploads\/2024\/10\/Donkey-Butter-by-Tegridy-Farms.jpg",1000,1000,false],"thumbnail":["https:\/\/pressurezone.shop\/wp-content\/uploads\/2024\/10\/Donkey-Butter-by-Tegridy-Farms-150x150.jpg",150,150,true],"medium":["https:\/\/pressurezone.shop\/wp-content\/uploads\/2024\/10\/Donkey-Butter-by-Tegridy-Farms-300x300.jpg",300,300,true],"medium_large":["https:\/\/pressurezone.shop\/wp-content\/uploads\/2024\/10\/Donkey-Butter-by-Tegridy-Farms-768x768.jpg",768,768,true],"large":["https:\/\/pressurezone.shop\/wp-content\/uploads\/2024\/10\/Donkey-Butter-by-Tegridy-Farms.jpg",1000,1000,false],"1536x1536":["https:\/\/pressurezone.shop\/wp-content\/uploads\/2024\/10\/Donkey-Butter-by-Tegridy-Farms.jpg",1000,1000,false],"2048x2048":["https:\/\/pressurezone.shop\/wp-content\/uploads\/2024\/10\/Donkey-Butter-by-Tegridy-Farms.jpg",1000,1000,false],"trp-custom-language-flag":["https:\/\/pressurezone.shop\/wp-content\/uploads\/2024\/10\/Donkey-Butter-by-Tegridy-Farms-12x12.jpg",12,12,true],"woocommerce_thumbnail":["https:\/\/pressurezone.shop\/wp-content\/uploads\/2024\/10\/Donkey-Butter-by-Tegridy-Farms-300x300.jpg",300,300,true],"woocommerce_single":["https:\/\/pressurezone.shop\/wp-content\/uploads\/2024\/10\/Donkey-Butter-by-Tegridy-Farms-600x600.jpg",600,600,true],"woocommerce_gallery_thumbnail":["https:\/\/pressurezone.shop\/wp-content\/uploads\/2024\/10\/Donkey-Butter-by-Tegridy-Farms-100x100.jpg",100,100,true]},"uagb_author_info":{"display_name":"pressurezone.shop","author_link":"https:\/\/pressurezone.shop\/pl\/author\/"},"uagb_comment_info":0,"uagb_excerpt":"Achetez le Haschisch Donkey Butter par Tegridy Farms en Ligne en Europe sur Pressure Zone Shop D\u00e9couvrez le Haschisch Donkey Butter par Tegridy Farms, un exemple parfait de haschisch artisanal produit en petite quantit\u00e9 en Colombie-Britannique. Ce haschisch unique, l\u2019un des huit nouveaux ajouts \u00e0 notre collection, offre aux amateurs de haschisch une exp\u00e9rience dense,&hellip;","_links":{"self":[{"href":"https:\/\/pressurezone.shop\/pl\/wp-json\/wp\/v2\/product\/3392"}],"collection":[{"href":"https:\/\/pressurezone.shop\/pl\/wp-json\/wp\/v2\/product"}],"about":[{"href":"https:\/\/pressurezone.shop\/pl\/wp-json\/wp\/v2\/types\/product"}],"replies":[{"embeddable":true,"href":"https:\/\/pressurezone.shop\/pl\/wp-json\/wp\/v2\/comments?post=3392"}],"version-history":[{"count":3,"href":"https:\/\/pressurezone.shop\/pl\/wp-json\/wp\/v2\/product\/3392\/revisions"}],"predecessor-version":[{"id":4134,"href":"https:\/\/pressurezone.shop\/pl\/wp-json\/wp\/v2\/product\/3392\/revisions\/4134"}],"wp:featuredmedia":[{"embeddable":true,"href":"https:\/\/pressurezone.shop\/pl\/wp-json\/wp\/v2\/media\/3470"}],"wp:attachment":[{"href":"https:\/\/pressurezone.shop\/pl\/wp-json\/wp\/v2\/media?parent=3392"}],"wp:term":[{"taxonomy":"product_brand","embeddable":true,"href":"https:\/\/pressurezone.shop\/pl\/wp-json\/wp\/v2\/product_brand?post=3392"},{"taxonomy":"product_cat","embeddable":true,"href":"https:\/\/pressurezone.shop\/pl\/wp-json\/wp\/v2\/product_cat?post=3392"},{"taxonomy":"product_tag","embeddable":true,"href":"https:\/\/pressurezone.shop\/pl\/wp-json\/wp\/v2\/product_tag?post=3392"}],"curies":[{"name":"wp","href":"https:\/\/api.w.org\/{rel}","templated":true}]}}