{"id":3409,"date":"2024-10-11T01:02:42","date_gmt":"2024-10-10T23:02:42","guid":{"rendered":"https:\/\/pressurezone.shop\/?post_type=product&#038;p=3409"},"modified":"2024-11-04T21:08:33","modified_gmt":"2024-11-04T20:08:33","slug":"haschisch-trident-cannabis","status":"publish","type":"product","link":"https:\/\/pressurezone.shop\/pl\/produkt\/haszysz-trident-cannabis\/","title":{"rendered":"Haszysz Trident Cannabis"},"content":{"rendered":"<h3><strong>Kup Haschisch Trident Cannabis online pod adresem <a href=\"https:\/\/pressurezone.shop\/pl\/\" target=\"_new\" rel=\"noopener\">Sklep ze strefami ci\u015bnieniowymi<\/a><\/strong><\/h3>\n<p>Odkryj <strong>Haszysz Trident Cannabis<\/strong>Koncentrat haszyszu z dum\u0105 produkowany lokalnie z czystych kwiat\u00f3w Indica i uprawiany tradycyjnymi metodami. Zainspirowany tradycyjnymi afga\u0144skimi procesami <strong>Trident Hash<\/strong> oddaje esencj\u0119 autentycznego haszyszu z lokalnym akcentem, zapewniaj\u0105c niezr\u00f3wnane doznania zwi\u0105zane z konopiami indyjskimi w Europie.<\/p>\n<h3>Dlaczego warto wybra\u0107 Haschisch Trident?<\/h3>\n<p>Le <strong>Tr\u00f3jz\u0105b haszyszowy<\/strong> wyr\u00f3\u017cnia si\u0119 autentycznym charakterem i bogatymi aromatami, b\u0119d\u0105c jednocze\u015bnie krajowym 100%. Haszysz ten jest starannie przetwarzany w celu zachowania jego czysto\u015bci i profilu smakowego, zbli\u017caj\u0105c si\u0119 do ziemistych nut i lekkich kwiatowych akcent\u00f3w charakterystycznych dla najlepszego importowanego haszyszu. Jest idealny dla os\u00f3b poszukuj\u0105cych g\u0142adkich, g\u0142\u0119bokich dozna\u0144 z konopi, idealnych do relaksu.<\/p>\n<ul>\n<li><strong>Typ<\/strong> Hashish Indica Pure, lokalna produkcja<\/li>\n<li><strong>Pochodzenie<\/strong> Czyste kwiaty Indica, inspirowane afga\u0144skimi technikami<\/li>\n<\/ul>\n<h3>Smaki i aromaty haszyszu Trident<\/h3>\n<p>Le <strong>Trident Hash<\/strong> oferuje bogate i otulaj\u0105ce doznania smakowe. Jego ziemisty aromat, wzbogacony subteln\u0105 nut\u0105 kwiatow\u0105 i \u0142agodnym pikantnym smakiem, tworzy g\u0142adki dym, kt\u00f3ry zachwyca koneser\u00f3w. Te aromaty przenosz\u0105 ci\u0119, przypominaj\u0105c autentyczne nuty tradycyjnego haszyszu.<\/p>\n<ul>\n<li><strong>Smaki<\/strong> Pikantny, ziemisty<\/li>\n<li><strong>Zapachy<\/strong> Ziemiste, subtelne akcenty kwiatowe<\/li>\n<\/ul>\n<h3>Efekty i zalety haszyszu Trident<\/h3>\n<p>Le <strong>Tr\u00f3jz\u0105b haszyszowy<\/strong> Zapewnia delikatny, ale g\u0142\u0119boki relaks, idealny do uspokojenia umys\u0142u i odpr\u0119\u017cenia cia\u0142a. Jego dzia\u0142anie jest koj\u0105ce, idealne do odpr\u0119\u017cenia si\u0119 po d\u0142ugim dniu lub do d\u0142u\u017cszych sesji relaksacyjnych. Jego jako\u015b\u0107 i czysto\u015b\u0107 sprawiaj\u0105, \u017ce jest to popularny wyb\u00f3r dla os\u00f3b poszukuj\u0105cych haszyszu o stabilnym, przyjemnym dzia\u0142aniu.<a href=\"https:\/\/fuelpackz.com\/\" target=\"_blank\" rel=\"noopener\">.<\/a><\/p>\n<ul>\n<li><strong>Efekty<\/strong> Relaks, spok\u00f3j, ukojenie<\/li>\n<li><strong>Idealny dla<\/strong> Ulga w stresie, g\u0142\u0119boki relaks<\/li>\n<\/ul>\n<h3>\u0141atwo\u015b\u0107 u\u017cytkowania i do\u015bwiadczenie<\/h3>\n<p>Le <strong>Tr\u00f3jz\u0105b haszyszowy<\/strong> jest r\u00f3wnie \u0142atwa w obs\u0142udze, co przyjemna w paleniu. Mo\u017cna si\u0119 ni\u0105 delektowa\u0107 na wiele r\u00f3\u017cnych sposob\u00f3w:<\/p>\n<ul>\n<li><strong>Roll in a joint<\/strong> dla ci\u0105g\u0142ego, relaksuj\u0105cego do\u015bwiadczenia.<\/li>\n<li><strong>Dodaj do fajki wodnej<\/strong> dla g\u0142adkiego, d\u0142ugotrwa\u0142ego palenia.<\/li>\n<li><strong>Spray<\/strong> dla czystego doznania smakowego, idealnego dla mi\u0142o\u015bnik\u00f3w autentycznych smak\u00f3w.<\/li>\n<\/ul>\n<h3>Zam\u00f3w haszysz Trident online w sklepie Pressure Zone Shop<\/h3>\n<p>Gotowy, by odkry\u0107 odrobin\u0119 afga\u0144skiej tradycji w lokalnym wydaniu? Zam\u00f3w <strong>Haszysz Trident Cannabis<\/strong> na <a href=\"https:\/\/pressurezone.shop\/pl\/\" target=\"_new\" rel=\"noopener\">Sklep ze strefami ci\u015bnieniowymi<\/a> i zanurz si\u0119 w wyj\u0105tkowym do\u015bwiadczeniu relaksu. Ten haszysz to idealna opcja dla bogatego smaku i niezr\u00f3wnanego relaksu.<\/p>","protected":false},"excerpt":{"rendered":"<p>Achetez le Haschisch Trident Cannabis en Ligne sur Pressure Zone Shop D\u00e9couvrez le Haschisch Trident Cannabis, un concentr\u00e9 de haschisch fi\u00e8rement produit localement \u00e0 partir de fleurs d&rsquo;indica pures et cultiv\u00e9 selon des m\u00e9thodes artisanales. Inspir\u00e9 par les proc\u00e9d\u00e9s traditionnels afghans, le Trident Hash capture l&rsquo;essence du haschisch authentique avec une touche locale, vous offrant [&hellip;]<\/p>","protected":false},"featured_media":3478,"comment_status":"closed","ping_status":"closed","template":"","meta":{"_uag_custom_page_level_css":"","site-sidebar-layout":"default","site-content-layout":"","ast-site-content-layout":"default","site-content-style":"default","site-sidebar-style":"default","ast-global-header-display":"","ast-banner-title-visibility":"","ast-main-header-display":"","ast-hfb-above-header-display":"","ast-hfb-below-header-display":"","ast-hfb-mobile-header-display":"","site-post-title":"","ast-breadcrumbs-content":"","ast-featured-img":"","footer-sml-layout":"","theme-transparent-header-meta":"default","adv-header-id-meta":"","stick-header-meta":"","header-above-stick-meta":"","header-main-stick-meta":"","header-below-stick-meta":"","astra-migrate-meta-layouts":"set","ast-page-background-enabled":"default","ast-page-background-meta":{"desktop":{"background-color":"","background-image":"","background-repeat":"repeat","background-position":"center center","background-size":"auto","background-attachment":"scroll","background-type":"","background-media":"","overlay-type":"","overlay-color":"","overlay-opacity":"","overlay-gradient":""},"tablet":{"background-color":"","background-image":"","background-repeat":"repeat","background-position":"center center","background-size":"auto","background-attachment":"scroll","background-type":"","background-media":"","overlay-type":"","overlay-color":"","overlay-opacity":"","overlay-gradient":""},"mobile":{"background-color":"","background-image":"","background-repeat":"repeat","background-position":"center center","background-size":"auto","background-attachment":"scroll","background-type":"","background-media":"","overlay-type":"","overlay-color":"","overlay-opacity":"","overlay-gradient":""}},"ast-content-background-meta":{"desktop":{"background-color":"var(--ast-global-color-5)","background-image":"","background-repeat":"repeat","background-position":"center center","background-size":"auto","background-attachment":"scroll","background-type":"","background-media":"","overlay-type":"","overlay-color":"","overlay-opacity":"","overlay-gradient":""},"tablet":{"background-color":"var(--ast-global-color-5)","background-image":"","background-repeat":"repeat","background-position":"center center","background-size":"auto","background-attachment":"scroll","background-type":"","background-media":"","overlay-type":"","overlay-color":"","overlay-opacity":"","overlay-gradient":""},"mobile":{"background-color":"var(--ast-global-color-5)","background-image":"","background-repeat":"repeat","background-position":"center center","background-size":"auto","background-attachment":"scroll","background-type":"","background-media":"","overlay-type":"","overlay-color":"","overlay-opacity":"","overlay-gradient":""}}},"product_brand":[],"product_cat":[334,29],"product_tag":[474],"class_list":{"0":"post-3409","1":"product","2":"type-product","3":"status-publish","4":"has-post-thumbnail","6":"product_cat-concentres-de-marijuana","7":"product_cat-haschisch","8":"product_tag-order-trident-cannabis-hash-europe","9":"desktop-align-left","10":"tablet-align-left","11":"mobile-align-left","13":"first","14":"instock","15":"shipping-taxable","16":"purchasable","17":"product-type-variable"},"uagb_featured_image_src":{"full":["https:\/\/pressurezone.shop\/wp-content\/uploads\/2024\/10\/Trident-Cannabis-Hash.jpg",768,768,false],"thumbnail":["https:\/\/pressurezone.shop\/wp-content\/uploads\/2024\/10\/Trident-Cannabis-Hash-150x150.jpg",150,150,true],"medium":["https:\/\/pressurezone.shop\/wp-content\/uploads\/2024\/10\/Trident-Cannabis-Hash-300x300.jpg",300,300,true],"medium_large":["https:\/\/pressurezone.shop\/wp-content\/uploads\/2024\/10\/Trident-Cannabis-Hash.jpg",768,768,false],"large":["https:\/\/pressurezone.shop\/wp-content\/uploads\/2024\/10\/Trident-Cannabis-Hash.jpg",768,768,false],"1536x1536":["https:\/\/pressurezone.shop\/wp-content\/uploads\/2024\/10\/Trident-Cannabis-Hash.jpg",768,768,false],"2048x2048":["https:\/\/pressurezone.shop\/wp-content\/uploads\/2024\/10\/Trident-Cannabis-Hash.jpg",768,768,false],"trp-custom-language-flag":["https:\/\/pressurezone.shop\/wp-content\/uploads\/2024\/10\/Trident-Cannabis-Hash-12x12.jpg",12,12,true],"woocommerce_thumbnail":["https:\/\/pressurezone.shop\/wp-content\/uploads\/2024\/10\/Trident-Cannabis-Hash-300x300.jpg",300,300,true],"woocommerce_single":["https:\/\/pressurezone.shop\/wp-content\/uploads\/2024\/10\/Trident-Cannabis-Hash-600x600.jpg",600,600,true],"woocommerce_gallery_thumbnail":["https:\/\/pressurezone.shop\/wp-content\/uploads\/2024\/10\/Trident-Cannabis-Hash-100x100.jpg",100,100,true]},"uagb_author_info":{"display_name":"pressurezone.shop","author_link":"https:\/\/pressurezone.shop\/pl\/author\/"},"uagb_comment_info":0,"uagb_excerpt":"Achetez le Haschisch Trident Cannabis en Ligne sur Pressure Zone Shop D\u00e9couvrez le Haschisch Trident Cannabis, un concentr\u00e9 de haschisch fi\u00e8rement produit localement \u00e0 partir de fleurs d&rsquo;indica pures et cultiv\u00e9 selon des m\u00e9thodes artisanales. Inspir\u00e9 par les proc\u00e9d\u00e9s traditionnels afghans, le Trident Hash capture l&rsquo;essence du haschisch authentique avec une touche locale, vous offrant&hellip;","_links":{"self":[{"href":"https:\/\/pressurezone.shop\/pl\/wp-json\/wp\/v2\/product\/3409"}],"collection":[{"href":"https:\/\/pressurezone.shop\/pl\/wp-json\/wp\/v2\/product"}],"about":[{"href":"https:\/\/pressurezone.shop\/pl\/wp-json\/wp\/v2\/types\/product"}],"replies":[{"embeddable":true,"href":"https:\/\/pressurezone.shop\/pl\/wp-json\/wp\/v2\/comments?post=3409"}],"version-history":[{"count":3,"href":"https:\/\/pressurezone.shop\/pl\/wp-json\/wp\/v2\/product\/3409\/revisions"}],"predecessor-version":[{"id":4256,"href":"https:\/\/pressurezone.shop\/pl\/wp-json\/wp\/v2\/product\/3409\/revisions\/4256"}],"wp:featuredmedia":[{"embeddable":true,"href":"https:\/\/pressurezone.shop\/pl\/wp-json\/wp\/v2\/media\/3478"}],"wp:attachment":[{"href":"https:\/\/pressurezone.shop\/pl\/wp-json\/wp\/v2\/media?parent=3409"}],"wp:term":[{"taxonomy":"product_brand","embeddable":true,"href":"https:\/\/pressurezone.shop\/pl\/wp-json\/wp\/v2\/product_brand?post=3409"},{"taxonomy":"product_cat","embeddable":true,"href":"https:\/\/pressurezone.shop\/pl\/wp-json\/wp\/v2\/product_cat?post=3409"},{"taxonomy":"product_tag","embeddable":true,"href":"https:\/\/pressurezone.shop\/pl\/wp-json\/wp\/v2\/product_tag?post=3409"}],"curies":[{"name":"wp","href":"https:\/\/api.w.org\/{rel}","templated":true}]}}