{"id":3410,"date":"2024-10-11T01:02:42","date_gmt":"2024-10-10T23:02:42","guid":{"rendered":"https:\/\/pressurezone.shop\/?post_type=product&#038;p=3410"},"modified":"2024-11-04T20:11:59","modified_gmt":"2024-11-04T19:11:59","slug":"haschisch-crown-royale-marijuana","status":"publish","type":"product","link":"https:\/\/pressurezone.shop\/pl\/produkt\/haszysz-crown-royale-marihuana\/","title":{"rendered":"Marihuana Hashish Crown Royale"},"content":{"rendered":"<h3><strong>Kup haszysz z marihuany Crown Royale online pod adresem <a href=\"https:\/\/pressurezone.shop\/pl\/\" target=\"_new\" rel=\"noopener\">Sklep ze strefami ci\u015bnieniowymi<\/a><\/strong><\/h3>\n<p>Odkryj <strong>Marihuana Hashish Crown Royale<\/strong>luksusowy import bezpo\u015brednio z Kazachstanu, znany na ca\u0142ym \u015bwiecie ze swojej ekstremalnej mocy i wyj\u0105tkowego profilu smakowego. Ten kazachski haszysz oferuje g\u0142adkie, mocne doznania, idealne dla os\u00f3b poszukuj\u0105cych wysokiej jako\u015bci i intensywnego relaksu. <strong>Crown Royale Hash<\/strong> wyr\u00f3\u017cnia si\u0119 bogat\u0105, kruch\u0105 konsystencj\u0105, idealn\u0105 do wzbogacenia dozna\u0144 zwi\u0105zanych z konopiami indyjskimi<a href=\"https:\/\/fuelpackz.com\/\" target=\"_blank\" rel=\"noopener\">.<\/a><\/p>\n<h3>Dlaczego warto wybra\u0107 Crown Royale Hashish?<\/h3>\n<p>Le <strong>Hashish Crown Royale<\/strong> to idealny wyb\u00f3r dla mi\u0142o\u015bnik\u00f3w wysokiej jako\u015bci haszyszu. Znany ze swojej s\u0142odyczy i intensywno\u015bci, z \u0142atwo\u015bci\u0105 nadaje si\u0119 do r\u00f3\u017cnych metod konsumpcji, niezale\u017cnie od tego, czy wolisz pali\u0107 go w bongu, fajce, czy te\u017c dodawa\u0107 do joint\u00f3w. Moc tego kazachskiego haszyszu sprawia, \u017ce jest on niezb\u0119dny dla os\u00f3b poszukuj\u0105cych pe\u0142nego relaksu.<\/p>\n<ul>\n<li><strong>Typ<\/strong> Importowany haszysz premium<\/li>\n<li><strong>Pochodzenie<\/strong> Kazachstan<\/li>\n<\/ul>\n<h3>Smaki i aromaty haszyszu Crown Royale<\/h3>\n<p>Le <strong>Hashish Crown Royale<\/strong> ma bogaty, subtelny profil smakowy, \u0142\u0105cz\u0105cy s\u0142odycz i moc. Ten haszysz dostarcza zio\u0142owych aromat\u00f3w z ziemistymi nutami, tworz\u0105c zmys\u0142owe doznania, kt\u00f3re s\u0105 zar\u00f3wno przyjemne, jak i relaksuj\u0105ce. Krucha konsystencja u\u0142atwia dozowanie w celu spersonalizowania ka\u017cdej sesji.<\/p>\n<ul>\n<li><strong>Smaki<\/strong> \u0141agodny, ziemisty<\/li>\n<li><strong>Zapachy<\/strong> Nuty zio\u0142owe, g\u0142\u0119bokie, ziemiste<\/li>\n<\/ul>\n<h3>Efekty i korzy\u015bci ze stosowania haszyszu Crown Royale<\/h3>\n<p>Dzi\u0119ki swojemu koj\u0105cemu i euforycznemu dzia\u0142aniu <strong>Hashish Crown Royale<\/strong> jest idealny na wieczorny relaks. Ten luksusowy haszysz zapewnia og\u00f3lne dobre samopoczucie, idealne do uspokojenia umys\u0142u i rozlu\u017anienia cia\u0142a. Przygotuj si\u0119 na stan g\u0142\u0119bokiego relaksu, kt\u00f3ry pozwoli Ci odci\u0105\u0107 si\u0119 od codziennego stresu.<\/p>\n<ul>\n<li><strong>Efekty<\/strong> Relaks, euforia, dobre samopoczucie<\/li>\n<li><strong>Idealny dla<\/strong> Relaks, \u0142agodzenie stresu, wieczorny relaks<\/li>\n<\/ul>\n<h3>Jak spo\u017cywa\u0107 haszysz Crown Royale?<\/h3>\n<p>Le <strong>Hashish Crown Royale<\/strong> jest niezwykle wszechstronny i mo\u017ce by\u0107 spo\u017cywany na wiele r\u00f3\u017cnych sposob\u00f3w. Oto kilka popularnych opcji:<\/p>\n<ul>\n<li><strong>Po\u0142am na kawa\u0142ki do bonga lub fajki<\/strong> i cieszy\u0107 si\u0119 szybkim narastaniem efekt\u00f3w.<\/li>\n<li><strong>W\u0142\u0105czenie do wsp\u00f3lnego<\/strong> dla wzbogaconego smaku i zwi\u0119kszonej intensywno\u015bci.<\/li>\n<li><strong>Dodaj do sziszy<\/strong> dla d\u0142u\u017cszego, relaksuj\u0105cego do\u015bwiadczenia.<\/li>\n<\/ul>\n<h3>Zam\u00f3w haszysz Crown Royale online w sklepie Pressure Zone Shop<\/h3>\n<p>Gotowy do odkrycia elegancji i mocy <strong>Hashish Crown Royale<\/strong> ? Zam\u00f3w teraz na <a href=\"https:\/\/pressurezone.shop\/pl\/\" target=\"_new\" rel=\"noopener\">Sklep ze strefami ci\u015bnieniowymi<\/a> aby do\u015bwiadczy\u0107 najwy\u017cszej jako\u015bci kazachskiego haszyszu. <strong>Crown Royale Hash<\/strong> to idealny wyb\u00f3r dla os\u00f3b poszukuj\u0105cych najwy\u017cszej jako\u015bci haszyszu o \u0142agodnym profilu smakowym i intensywnym dzia\u0142aniu.<\/p>","protected":false},"excerpt":{"rendered":"<p>Achetez le Haschisch Crown Royale Marijuana en Ligne sur Pressure Zone Shop D\u00e9couvrez le Haschisch Crown Royale Marijuana, un import de luxe directement du Kazakhstan, r\u00e9put\u00e9 mondialement pour sa puissance extr\u00eame et son profil de saveur exceptionnel. Ce haschisch kazakh offre une exp\u00e9rience lisse et puissante, parfaite pour ceux qui recherchent la qualit\u00e9 et une [&hellip;]<\/p>","protected":false},"featured_media":3480,"comment_status":"closed","ping_status":"closed","template":"","meta":{"_uag_custom_page_level_css":"","site-sidebar-layout":"default","site-content-layout":"","ast-site-content-layout":"default","site-content-style":"default","site-sidebar-style":"default","ast-global-header-display":"","ast-banner-title-visibility":"","ast-main-header-display":"","ast-hfb-above-header-display":"","ast-hfb-below-header-display":"","ast-hfb-mobile-header-display":"","site-post-title":"","ast-breadcrumbs-content":"","ast-featured-img":"","footer-sml-layout":"","theme-transparent-header-meta":"default","adv-header-id-meta":"","stick-header-meta":"","header-above-stick-meta":"","header-main-stick-meta":"","header-below-stick-meta":"","astra-migrate-meta-layouts":"set","ast-page-background-enabled":"default","ast-page-background-meta":{"desktop":{"background-color":"","background-image":"","background-repeat":"repeat","background-position":"center center","background-size":"auto","background-attachment":"scroll","background-type":"","background-media":"","overlay-type":"","overlay-color":"","overlay-opacity":"","overlay-gradient":""},"tablet":{"background-color":"","background-image":"","background-repeat":"repeat","background-position":"center center","background-size":"auto","background-attachment":"scroll","background-type":"","background-media":"","overlay-type":"","overlay-color":"","overlay-opacity":"","overlay-gradient":""},"mobile":{"background-color":"","background-image":"","background-repeat":"repeat","background-position":"center center","background-size":"auto","background-attachment":"scroll","background-type":"","background-media":"","overlay-type":"","overlay-color":"","overlay-opacity":"","overlay-gradient":""}},"ast-content-background-meta":{"desktop":{"background-color":"var(--ast-global-color-5)","background-image":"","background-repeat":"repeat","background-position":"center center","background-size":"auto","background-attachment":"scroll","background-type":"","background-media":"","overlay-type":"","overlay-color":"","overlay-opacity":"","overlay-gradient":""},"tablet":{"background-color":"var(--ast-global-color-5)","background-image":"","background-repeat":"repeat","background-position":"center center","background-size":"auto","background-attachment":"scroll","background-type":"","background-media":"","overlay-type":"","overlay-color":"","overlay-opacity":"","overlay-gradient":""},"mobile":{"background-color":"var(--ast-global-color-5)","background-image":"","background-repeat":"repeat","background-position":"center center","background-size":"auto","background-attachment":"scroll","background-type":"","background-media":"","overlay-type":"","overlay-color":"","overlay-opacity":"","overlay-gradient":""}}},"product_brand":[],"product_cat":[334,29],"product_tag":[475],"class_list":{"0":"post-3410","1":"product","2":"type-product","3":"status-publish","4":"has-post-thumbnail","6":"product_cat-concentres-de-marijuana","7":"product_cat-haschisch","8":"product_tag-order-crown-royale-marijuana-hash-europe","9":"desktop-align-left","10":"tablet-align-left","11":"mobile-align-left","13":"first","14":"instock","15":"shipping-taxable","16":"purchasable","17":"product-type-variable"},"uagb_featured_image_src":{"full":["https:\/\/pressurezone.shop\/wp-content\/uploads\/2024\/10\/Crown-Royale-Marijuana-Hash.jpg",768,768,false],"thumbnail":["https:\/\/pressurezone.shop\/wp-content\/uploads\/2024\/10\/Crown-Royale-Marijuana-Hash-150x150.jpg",150,150,true],"medium":["https:\/\/pressurezone.shop\/wp-content\/uploads\/2024\/10\/Crown-Royale-Marijuana-Hash-300x300.jpg",300,300,true],"medium_large":["https:\/\/pressurezone.shop\/wp-content\/uploads\/2024\/10\/Crown-Royale-Marijuana-Hash.jpg",768,768,false],"large":["https:\/\/pressurezone.shop\/wp-content\/uploads\/2024\/10\/Crown-Royale-Marijuana-Hash.jpg",768,768,false],"1536x1536":["https:\/\/pressurezone.shop\/wp-content\/uploads\/2024\/10\/Crown-Royale-Marijuana-Hash.jpg",768,768,false],"2048x2048":["https:\/\/pressurezone.shop\/wp-content\/uploads\/2024\/10\/Crown-Royale-Marijuana-Hash.jpg",768,768,false],"trp-custom-language-flag":["https:\/\/pressurezone.shop\/wp-content\/uploads\/2024\/10\/Crown-Royale-Marijuana-Hash-12x12.jpg",12,12,true],"woocommerce_thumbnail":["https:\/\/pressurezone.shop\/wp-content\/uploads\/2024\/10\/Crown-Royale-Marijuana-Hash-300x300.jpg",300,300,true],"woocommerce_single":["https:\/\/pressurezone.shop\/wp-content\/uploads\/2024\/10\/Crown-Royale-Marijuana-Hash-600x600.jpg",600,600,true],"woocommerce_gallery_thumbnail":["https:\/\/pressurezone.shop\/wp-content\/uploads\/2024\/10\/Crown-Royale-Marijuana-Hash-100x100.jpg",100,100,true]},"uagb_author_info":{"display_name":"pressurezone.shop","author_link":"https:\/\/pressurezone.shop\/pl\/author\/"},"uagb_comment_info":0,"uagb_excerpt":"Achetez le Haschisch Crown Royale Marijuana en Ligne sur Pressure Zone Shop D\u00e9couvrez le Haschisch Crown Royale Marijuana, un import de luxe directement du Kazakhstan, r\u00e9put\u00e9 mondialement pour sa puissance extr\u00eame et son profil de saveur exceptionnel. Ce haschisch kazakh offre une exp\u00e9rience lisse et puissante, parfaite pour ceux qui recherchent la qualit\u00e9 et une&hellip;","_links":{"self":[{"href":"https:\/\/pressurezone.shop\/pl\/wp-json\/wp\/v2\/product\/3410"}],"collection":[{"href":"https:\/\/pressurezone.shop\/pl\/wp-json\/wp\/v2\/product"}],"about":[{"href":"https:\/\/pressurezone.shop\/pl\/wp-json\/wp\/v2\/types\/product"}],"replies":[{"embeddable":true,"href":"https:\/\/pressurezone.shop\/pl\/wp-json\/wp\/v2\/comments?post=3410"}],"version-history":[{"count":3,"href":"https:\/\/pressurezone.shop\/pl\/wp-json\/wp\/v2\/product\/3410\/revisions"}],"predecessor-version":[{"id":4199,"href":"https:\/\/pressurezone.shop\/pl\/wp-json\/wp\/v2\/product\/3410\/revisions\/4199"}],"wp:featuredmedia":[{"embeddable":true,"href":"https:\/\/pressurezone.shop\/pl\/wp-json\/wp\/v2\/media\/3480"}],"wp:attachment":[{"href":"https:\/\/pressurezone.shop\/pl\/wp-json\/wp\/v2\/media?parent=3410"}],"wp:term":[{"taxonomy":"product_brand","embeddable":true,"href":"https:\/\/pressurezone.shop\/pl\/wp-json\/wp\/v2\/product_brand?post=3410"},{"taxonomy":"product_cat","embeddable":true,"href":"https:\/\/pressurezone.shop\/pl\/wp-json\/wp\/v2\/product_cat?post=3410"},{"taxonomy":"product_tag","embeddable":true,"href":"https:\/\/pressurezone.shop\/pl\/wp-json\/wp\/v2\/product_tag?post=3410"}],"curies":[{"name":"wp","href":"https:\/\/api.w.org\/{rel}","templated":true}]}}