{"id":3411,"date":"2024-10-11T01:02:42","date_gmt":"2024-10-10T23:02:42","guid":{"rendered":"https:\/\/pressurezone.shop\/?post_type=product&#038;p=3411"},"modified":"2024-11-04T20:06:45","modified_gmt":"2024-11-04T19:06:45","slug":"haschisch-ketama-gold-marijuana","status":"publish","type":"product","link":"https:\/\/pressurezone.shop\/pl\/produkt\/haszysz-ketama-zlota-marihuana\/","title":{"rendered":"Marihuana Hashish Ketama Gold"},"content":{"rendered":"<h3><strong>Kup marihuan\u0119 Haschisch Ketama Gold online w Europie pod adresem <a href=\"https:\/\/pressurezone.shop\/pl\/\" target=\"_new\" rel=\"noopener\">Sklep ze strefami ci\u015bnieniowymi<\/a><\/strong><\/h3>\n<p>Odkryj autentyczne <strong>Hashish Ketama Gold<\/strong>rzadki i wysoko ceniony maroka\u0144ski haszysz, importowany bezpo\u015brednio z g\u00f3r Rif w Maroku, s\u0142yn\u0105cych z wysokiej jako\u015bci odmian konopi. Uprawiany w kultowych regionach, takich jak Chefchaouen i Ketama - gmina, kt\u00f3ra da\u0142a nazw\u0119 tej odmianie - haszysz z maroka\u0144skich g\u00f3r Rif s\u0142ynie z wysokiej jako\u015bci odmian konopi. <strong>Hashish Ketama Gold<\/strong> to niezapomniane prze\u017cycie dla mi\u0142o\u015bnik\u00f3w konopi indyjskich.<\/p>\n<h3>Dlaczego warto wybra\u0107 Haschisch Ketama Gold?<\/h3>\n<p>Le <strong>Hashish Ketama Gold<\/strong> to produkt z wyboru dla os\u00f3b poszukuj\u0105cych tradycyjnych i silnych dozna\u0144 zwi\u0105zanych z konopiami indyjskimi. Dzi\u0119ki unikalnemu profilowi smakowemu, ten maroka\u0144ski haszysz oferuje niezr\u00f3wnane doznania g\u0142\u0119bi i bogactwa. Wyprodukowany z odmiany pochodz\u0105cej z Maroka, haszysz ten zosta\u0142 starannie wyselekcjonowany ze wzgl\u0119du na jego koj\u0105ce dzia\u0142anie i mocny smak, idealny do autentycznych i relaksuj\u0105cych dozna\u0144.<a href=\"https:\/\/fuelpackz.com\/\" target=\"_blank\" rel=\"noopener\">.<\/a><\/p>\n<ul>\n<li><strong>Typ<\/strong> Maroka\u0144ski haszysz premium<\/li>\n<li><strong>Pochodzenie<\/strong> G\u00f3ry Rif, Maroko<\/li>\n<\/ul>\n<h3>Smaki i aromaty haszyszu Ketama Gold<\/h3>\n<p>Le <strong>Hashish Ketama Gold<\/strong> oferuje profil smakowy przypominaj\u0105cy tradycyjne maroka\u0144skie odmiany haszyszu, z drzewnymi, pikantnymi nutami, kt\u00f3rym towarzysz\u0105 nuty sosny. Ta mieszanka smak\u00f3w tworzy g\u0142\u0119bokie, aromatyczne doznania sensoryczne, idealne dla koneser\u00f3w konopi.<\/p>\n<ul>\n<li><strong>Smaki<\/strong> Drzewny, korzenny, sosnowy<\/li>\n<li><strong>Zapachy<\/strong> Bogaty, zio\u0142owy, nuty drewna i przypraw<\/li>\n<\/ul>\n<h3>Efekty i korzy\u015bci haszyszu Ketama Gold<\/h3>\n<p>Dzi\u0119ki koj\u0105cemu i relaksuj\u0105cemu efektowi <strong>Hashish Ketama Gold<\/strong> jest idealny do wieczornego relaksu. Ten haszysz oferuje \u0142agodny, zr\u00f3wnowa\u017cony haj, kt\u00f3ry uspokaja cia\u0142o i koi umys\u0142, zapewniaj\u0105c jednocze\u015bnie g\u0142\u0119bokie odpr\u0119\u017cenie cia\u0142a. Idealny na spokojne zako\u0144czenie dnia lub spokojny wiecz\u00f3r, jest przeznaczony dla os\u00f3b poszukuj\u0105cych naturalnego relaksu i niezak\u0142\u00f3conego do\u015bwiadczenia.<\/p>\n<ul>\n<li><strong>Efekty<\/strong> Relaks, ukojenie, uspokojenie<\/li>\n<li><strong>Idealny dla<\/strong> Relaks, relaks cia\u0142a, relaks psychiczny<\/li>\n<\/ul>\n<h3>Tradycja zakorzeniona w maroka\u0144skiej kulturze<\/h3>\n<p>Le <strong>Hashish Ketama Gold<\/strong> to owoc staro\u017cytnej tradycji, uprawiany na ziemiach s\u0142yn\u0105cych z produkcji wysokiej jako\u015bci konopi. G\u00f3ry Rif i okolice oferuj\u0105 idealne warunki do uprawy ro\u015blin konopi bogatych w smak i moc, dzi\u0119ki czemu Ketama Gold jest popularnym wyborem w\u015br\u00f3d mi\u0142o\u015bnik\u00f3w haszyszu na ca\u0142ym \u015bwiecie.<\/p>\n<h3>U\u017cytkowanie i do\u015bwiadczenie<\/h3>\n<p>Dzi\u0119ki jednorodnej konsystencji i g\u0142\u0119bokim aromatom <strong>Hashish Ketama Gold<\/strong> jest \u0142atwy w obs\u0142udze i oferuje szeroki zakres opcji zu\u017cycia:<\/p>\n<ul>\n<li><strong>Palenie w fajce lub bongu<\/strong> dla szybkiego narastania efekt\u00f3w.<\/li>\n<li><strong>Spray<\/strong> dla czystego smaku i delikatnego, kontrolowanego haju.<\/li>\n<li><strong>W\u0142\u0105czenie do wsp\u00f3lnego<\/strong> aby wzbogaci\u0107 smak i przed\u0142u\u017cy\u0107 relaksuj\u0105cy efekt.<\/li>\n<\/ul>\n<h3>Zam\u00f3w Ketama Gold Hashish online w sklepie Pressure Zone Shop<\/h3>\n<p>Gotowy, by do\u015bwiadczy\u0107 autentyczno\u015bci <strong>Hashish Ketama Gold<\/strong> ? Zam\u00f3w teraz na <a href=\"https:\/\/pressurezone.shop\/pl\/\" target=\"_new\" rel=\"noopener\">Sklep ze strefami ci\u015bnieniowymi<\/a> i odkryj jako\u015b\u0107 i bogactwo tego legendarnego maroka\u0144skiego haszyszu. <strong>Ketama Gold Hash<\/strong> to idealny wyb\u00f3r na spokojny relaks i zanurzenie si\u0119 w sztuce maroka\u0144skiego haszyszu.<\/p>","protected":false},"excerpt":{"rendered":"<p>Achetez le Haschisch Ketama Gold Marijuana en Ligne en Europe sur Pressure Zone Shop D\u00e9couvrez l\u2019authentique Haschisch Ketama Gold, un haschisch marocain rare et pris\u00e9, directement import\u00e9 des montagnes du Rif au Maroc, c\u00e9l\u00e8bre pour ses vari\u00e9t\u00e9s de cannabis de qualit\u00e9. Cultiv\u00e9 dans des r\u00e9gions iconiques telles que Chefchaouen et Ketama \u2013 la commune qui [&hellip;]<\/p>","protected":false},"featured_media":3482,"comment_status":"closed","ping_status":"closed","template":"","meta":{"_uag_custom_page_level_css":"","site-sidebar-layout":"default","site-content-layout":"","ast-site-content-layout":"default","site-content-style":"default","site-sidebar-style":"default","ast-global-header-display":"","ast-banner-title-visibility":"","ast-main-header-display":"","ast-hfb-above-header-display":"","ast-hfb-below-header-display":"","ast-hfb-mobile-header-display":"","site-post-title":"","ast-breadcrumbs-content":"","ast-featured-img":"","footer-sml-layout":"","theme-transparent-header-meta":"default","adv-header-id-meta":"","stick-header-meta":"","header-above-stick-meta":"","header-main-stick-meta":"","header-below-stick-meta":"","astra-migrate-meta-layouts":"set","ast-page-background-enabled":"default","ast-page-background-meta":{"desktop":{"background-color":"","background-image":"","background-repeat":"repeat","background-position":"center center","background-size":"auto","background-attachment":"scroll","background-type":"","background-media":"","overlay-type":"","overlay-color":"","overlay-opacity":"","overlay-gradient":""},"tablet":{"background-color":"","background-image":"","background-repeat":"repeat","background-position":"center center","background-size":"auto","background-attachment":"scroll","background-type":"","background-media":"","overlay-type":"","overlay-color":"","overlay-opacity":"","overlay-gradient":""},"mobile":{"background-color":"","background-image":"","background-repeat":"repeat","background-position":"center center","background-size":"auto","background-attachment":"scroll","background-type":"","background-media":"","overlay-type":"","overlay-color":"","overlay-opacity":"","overlay-gradient":""}},"ast-content-background-meta":{"desktop":{"background-color":"var(--ast-global-color-5)","background-image":"","background-repeat":"repeat","background-position":"center center","background-size":"auto","background-attachment":"scroll","background-type":"","background-media":"","overlay-type":"","overlay-color":"","overlay-opacity":"","overlay-gradient":""},"tablet":{"background-color":"var(--ast-global-color-5)","background-image":"","background-repeat":"repeat","background-position":"center center","background-size":"auto","background-attachment":"scroll","background-type":"","background-media":"","overlay-type":"","overlay-color":"","overlay-opacity":"","overlay-gradient":""},"mobile":{"background-color":"var(--ast-global-color-5)","background-image":"","background-repeat":"repeat","background-position":"center center","background-size":"auto","background-attachment":"scroll","background-type":"","background-media":"","overlay-type":"","overlay-color":"","overlay-opacity":"","overlay-gradient":""}}},"product_brand":[],"product_cat":[334,29],"product_tag":[476],"class_list":{"0":"post-3411","1":"product","2":"type-product","3":"status-publish","4":"has-post-thumbnail","6":"product_cat-concentres-de-marijuana","7":"product_cat-haschisch","8":"product_tag-buy-ketama-gold-marijuana-hash-europe","9":"desktop-align-left","10":"tablet-align-left","11":"mobile-align-left","13":"first","14":"instock","15":"shipping-taxable","16":"purchasable","17":"product-type-variable"},"uagb_featured_image_src":{"full":["https:\/\/pressurezone.shop\/wp-content\/uploads\/2024\/10\/Ketama-Gold-Marijuana-Hash.jpg",510,510,false],"thumbnail":["https:\/\/pressurezone.shop\/wp-content\/uploads\/2024\/10\/Ketama-Gold-Marijuana-Hash-150x150.jpg",150,150,true],"medium":["https:\/\/pressurezone.shop\/wp-content\/uploads\/2024\/10\/Ketama-Gold-Marijuana-Hash-300x300.jpg",300,300,true],"medium_large":["https:\/\/pressurezone.shop\/wp-content\/uploads\/2024\/10\/Ketama-Gold-Marijuana-Hash.jpg",510,510,false],"large":["https:\/\/pressurezone.shop\/wp-content\/uploads\/2024\/10\/Ketama-Gold-Marijuana-Hash.jpg",510,510,false],"1536x1536":["https:\/\/pressurezone.shop\/wp-content\/uploads\/2024\/10\/Ketama-Gold-Marijuana-Hash.jpg",510,510,false],"2048x2048":["https:\/\/pressurezone.shop\/wp-content\/uploads\/2024\/10\/Ketama-Gold-Marijuana-Hash.jpg",510,510,false],"trp-custom-language-flag":["https:\/\/pressurezone.shop\/wp-content\/uploads\/2024\/10\/Ketama-Gold-Marijuana-Hash-12x12.jpg",12,12,true],"woocommerce_thumbnail":["https:\/\/pressurezone.shop\/wp-content\/uploads\/2024\/10\/Ketama-Gold-Marijuana-Hash-300x300.jpg",300,300,true],"woocommerce_single":["https:\/\/pressurezone.shop\/wp-content\/uploads\/2024\/10\/Ketama-Gold-Marijuana-Hash.jpg",510,510,false],"woocommerce_gallery_thumbnail":["https:\/\/pressurezone.shop\/wp-content\/uploads\/2024\/10\/Ketama-Gold-Marijuana-Hash-100x100.jpg",100,100,true]},"uagb_author_info":{"display_name":"pressurezone.shop","author_link":"https:\/\/pressurezone.shop\/pl\/author\/"},"uagb_comment_info":0,"uagb_excerpt":"Achetez le Haschisch Ketama Gold Marijuana en Ligne en Europe sur Pressure Zone Shop D\u00e9couvrez l\u2019authentique Haschisch Ketama Gold, un haschisch marocain rare et pris\u00e9, directement import\u00e9 des montagnes du Rif au Maroc, c\u00e9l\u00e8bre pour ses vari\u00e9t\u00e9s de cannabis de qualit\u00e9. Cultiv\u00e9 dans des r\u00e9gions iconiques telles que Chefchaouen et Ketama \u2013 la commune qui&hellip;","_links":{"self":[{"href":"https:\/\/pressurezone.shop\/pl\/wp-json\/wp\/v2\/product\/3411"}],"collection":[{"href":"https:\/\/pressurezone.shop\/pl\/wp-json\/wp\/v2\/product"}],"about":[{"href":"https:\/\/pressurezone.shop\/pl\/wp-json\/wp\/v2\/types\/product"}],"replies":[{"embeddable":true,"href":"https:\/\/pressurezone.shop\/pl\/wp-json\/wp\/v2\/comments?post=3411"}],"version-history":[{"count":3,"href":"https:\/\/pressurezone.shop\/pl\/wp-json\/wp\/v2\/product\/3411\/revisions"}],"predecessor-version":[{"id":4191,"href":"https:\/\/pressurezone.shop\/pl\/wp-json\/wp\/v2\/product\/3411\/revisions\/4191"}],"wp:featuredmedia":[{"embeddable":true,"href":"https:\/\/pressurezone.shop\/pl\/wp-json\/wp\/v2\/media\/3482"}],"wp:attachment":[{"href":"https:\/\/pressurezone.shop\/pl\/wp-json\/wp\/v2\/media?parent=3411"}],"wp:term":[{"taxonomy":"product_brand","embeddable":true,"href":"https:\/\/pressurezone.shop\/pl\/wp-json\/wp\/v2\/product_brand?post=3411"},{"taxonomy":"product_cat","embeddable":true,"href":"https:\/\/pressurezone.shop\/pl\/wp-json\/wp\/v2\/product_cat?post=3411"},{"taxonomy":"product_tag","embeddable":true,"href":"https:\/\/pressurezone.shop\/pl\/wp-json\/wp\/v2\/product_tag?post=3411"}],"curies":[{"name":"wp","href":"https:\/\/api.w.org\/{rel}","templated":true}]}}