{"id":3412,"date":"2024-10-11T01:02:42","date_gmt":"2024-10-10T23:02:42","guid":{"rendered":"https:\/\/pressurezone.shop\/?post_type=product&#038;p=3412"},"modified":"2024-11-04T02:05:06","modified_gmt":"2024-11-04T01:05:06","slug":"hashish-bc-kush-cannabis","status":"publish","type":"product","link":"https:\/\/pressurezone.shop\/pl\/produkt\/haszysz-bc-kush-marihuana\/","title":{"rendered":"Konopie Hashish BC Kush"},"content":{"rendered":"<h3><strong>Kup marihuan\u0119 Hashish BC Kush online w Europie pod adresem <a href=\"https:\/\/pressurezone.shop\/pl\/\" target=\"_new\" rel=\"noopener\">Sklep ze strefami ci\u015bnieniowymi<\/a><\/strong><\/h3>\n<p>Odkryj <strong>Konopie Hashish BC Kush<\/strong>przysmak produkowany lokalnie z naj\u015bwie\u017cszych, najwy\u017cszej jako\u015bci kwiat\u00f3w z <strong>BC Kush<\/strong>uprawiany w bujnej glebie Kolumbii Brytyjskiej. Ten wy\u015bmienity haszysz z marihuany oddaje ho\u0142d bogatemu dziedzictwu konopi indyjskich w Europie, oferuj\u0105c czyste i mocne doznania, kt\u00f3re oddaj\u0105 istot\u0119 jego pochodzenia.<\/p>\n<h3>Rzemie\u015blnicy i najwy\u017csza jako\u015b\u0107<\/h3>\n<p>Nasz <strong>Hashish BC Kush<\/strong> jest wytwarzany przy u\u017cyciu skrupulatnego procesu, kt\u00f3ry respektuje tradycyjne techniki produkcji haszyszu, zapewniaj\u0105c, \u017ce ka\u017cdy kawa\u0142ek jest bogaty w smak i aromat. Wybieraj\u0105c tylko \u015bwie\u017co zebrane kwiaty BC Kush, zachowujemy esencj\u0119 tej odmiany i jej unikalny profil terpenowy. Rezultat? G\u0142adki, sp\u00f3jny haszysz, kt\u00f3ry oferuje czyste, niezapomniane doznania.<a href=\"https:\/\/fuelpackz.com\/\" target=\"_blank\" rel=\"noopener\">.<\/a><\/p>\n<ul>\n<li><strong>Typ<\/strong> Hashish Premium od BC Kush<\/li>\n<li><strong>Pochodzenie<\/strong> Kwiaty BC Kush uprawiane w Kolumbii Brytyjskiej<\/li>\n<\/ul>\n<h3>Dlaczego warto wybra\u0107 marihuan\u0119 Hashish BC Kush?<\/h3>\n<p>Le <strong>Konopie Hashish BC Kush<\/strong> jest idealny dla mi\u0142o\u015bnik\u00f3w konopi poszukuj\u0105cych autentycznych, intensywnych dozna\u0144. Starannie wykonany haszysz uosabia moc i glebokosc terpen\u00f3w odmiany BC Kush i gwarantuje dlugotrwaly, dobrze zbalansowany efekt.<\/p>\n<ul>\n<li><strong>Zapachy<\/strong> Ziemiste, drzewne nuty, typowe dla BC Kush<\/li>\n<li><strong>Efekty<\/strong> Euforia, g\u0142\u0119boki relaks, jasno\u015b\u0107 umys\u0142u<\/li>\n<li><strong>Idealny dla<\/strong> Relaks, zarz\u0105dzanie stresem i \u0142agodzenie napi\u0119cia<\/li>\n<\/ul>\n<h3>R\u0119cznie wykonane<\/h3>\n<p>Nasz <strong>Hashish BC Kush<\/strong> szanuje rzemie\u015blnicze praktyki, zapewniaj\u0105c doskona\u0142\u0105 konsystencj\u0119 i g\u0142\u0119boki smak w ka\u017cdej dawce. Korzystaj\u0105c z tradycyjnych metod produkcji, ka\u017cdy kawa\u0142ek haszyszu jest starannie wykonany, aby zapewni\u0107 pot\u0119\u017cne efekty i najwy\u017csz\u0105 jako\u015b\u0107.<\/p>\n<h3>U\u017cytkowanie i do\u015bwiadczenie<\/h3>\n<p>Le <strong>Konopie Hashish BC Kush<\/strong> mo\u017cna spo\u017cywa\u0107 na r\u00f3\u017cne sposoby, w zale\u017cno\u015bci od preferencji:<\/p>\n<ul>\n<li><strong>Palenie w fajce lub bongu<\/strong> dla szybkich i intensywnych efekt\u00f3w.<\/li>\n<li><strong>Spray<\/strong> aby cieszy\u0107 si\u0119 czystym smakiem i kontrolowa\u0107 haj.<\/li>\n<li><strong>Zintegrowany z po\u0142\u0105czeniem<\/strong> w celu zwi\u0119kszenia haju i wzbogacenia smaku.<\/li>\n<\/ul>\n<h3>Zam\u00f3w marihuan\u0119 Hashish BC Kush online w sklepie Pressure Zone Shop<\/h3>\n<p>Gotowy do skosztowania najlepszego haszyszu z <strong>Konopie Hashish BC Kush<\/strong> ? Zam\u00f3w teraz na <a href=\"https:\/\/pressurezone.shop\/pl\/\" target=\"_new\" rel=\"noopener\">Sklep ze strefami ci\u015bnieniowymi<\/a> aby uzyska\u0107 dost\u0119p do produktu o jako\u015bci rzemie\u015blniczej, idealnego do bogatych, autentycznych dozna\u0144 zwi\u0105zanych z konopiami indyjskimi. Niezale\u017cnie od tego, czy jeste\u015b koneserem, czy nowym entuzjast\u0105, <strong>Hashish BC Kush<\/strong> to idealny wyb\u00f3r dla wysokiej jako\u015bci relaksu i wyj\u0105tkowej przyjemno\u015bci.<\/p>","protected":false},"excerpt":{"rendered":"<p>Achetez du Hashish BC Kush Cannabis en Ligne en Europe sur Pressure Zone Shop D\u00e9couvrez le Hashish BC Kush Cannabis, une d\u00e9licatesse produite localement \u00e0 partir des fleurs les plus fra\u00eeches et de qualit\u00e9 sup\u00e9rieure de BC Kush, cultiv\u00e9es dans les terres luxuriantes de la Colombie-Britannique. Ce hashish de marijuana exquis rend hommage au riche [&hellip;]<\/p>","protected":false},"featured_media":3484,"comment_status":"closed","ping_status":"closed","template":"","meta":{"_uag_custom_page_level_css":"","site-sidebar-layout":"default","site-content-layout":"","ast-site-content-layout":"default","site-content-style":"default","site-sidebar-style":"default","ast-global-header-display":"","ast-banner-title-visibility":"","ast-main-header-display":"","ast-hfb-above-header-display":"","ast-hfb-below-header-display":"","ast-hfb-mobile-header-display":"","site-post-title":"","ast-breadcrumbs-content":"","ast-featured-img":"","footer-sml-layout":"","theme-transparent-header-meta":"default","adv-header-id-meta":"","stick-header-meta":"","header-above-stick-meta":"","header-main-stick-meta":"","header-below-stick-meta":"","astra-migrate-meta-layouts":"set","ast-page-background-enabled":"default","ast-page-background-meta":{"desktop":{"background-color":"","background-image":"","background-repeat":"repeat","background-position":"center center","background-size":"auto","background-attachment":"scroll","background-type":"","background-media":"","overlay-type":"","overlay-color":"","overlay-opacity":"","overlay-gradient":""},"tablet":{"background-color":"","background-image":"","background-repeat":"repeat","background-position":"center center","background-size":"auto","background-attachment":"scroll","background-type":"","background-media":"","overlay-type":"","overlay-color":"","overlay-opacity":"","overlay-gradient":""},"mobile":{"background-color":"","background-image":"","background-repeat":"repeat","background-position":"center center","background-size":"auto","background-attachment":"scroll","background-type":"","background-media":"","overlay-type":"","overlay-color":"","overlay-opacity":"","overlay-gradient":""}},"ast-content-background-meta":{"desktop":{"background-color":"var(--ast-global-color-5)","background-image":"","background-repeat":"repeat","background-position":"center center","background-size":"auto","background-attachment":"scroll","background-type":"","background-media":"","overlay-type":"","overlay-color":"","overlay-opacity":"","overlay-gradient":""},"tablet":{"background-color":"var(--ast-global-color-5)","background-image":"","background-repeat":"repeat","background-position":"center center","background-size":"auto","background-attachment":"scroll","background-type":"","background-media":"","overlay-type":"","overlay-color":"","overlay-opacity":"","overlay-gradient":""},"mobile":{"background-color":"var(--ast-global-color-5)","background-image":"","background-repeat":"repeat","background-position":"center center","background-size":"auto","background-attachment":"scroll","background-type":"","background-media":"","overlay-type":"","overlay-color":"","overlay-opacity":"","overlay-gradient":""}}},"product_brand":[],"product_cat":[334,29],"product_tag":[477],"class_list":{"0":"post-3412","1":"product","2":"type-product","3":"status-publish","4":"has-post-thumbnail","6":"product_cat-concentres-de-marijuana","7":"product_cat-haschisch","8":"product_tag-buy-bc-kush-cannabis-hash-online-europe","9":"desktop-align-left","10":"tablet-align-left","11":"mobile-align-left","13":"first","14":"instock","15":"shipping-taxable","16":"purchasable","17":"product-type-variable"},"uagb_featured_image_src":{"full":["https:\/\/pressurezone.shop\/wp-content\/uploads\/2024\/10\/BC-Kush-Cannabis-Hash.jpg",768,768,false],"thumbnail":["https:\/\/pressurezone.shop\/wp-content\/uploads\/2024\/10\/BC-Kush-Cannabis-Hash-150x150.jpg",150,150,true],"medium":["https:\/\/pressurezone.shop\/wp-content\/uploads\/2024\/10\/BC-Kush-Cannabis-Hash-300x300.jpg",300,300,true],"medium_large":["https:\/\/pressurezone.shop\/wp-content\/uploads\/2024\/10\/BC-Kush-Cannabis-Hash.jpg",768,768,false],"large":["https:\/\/pressurezone.shop\/wp-content\/uploads\/2024\/10\/BC-Kush-Cannabis-Hash.jpg",768,768,false],"1536x1536":["https:\/\/pressurezone.shop\/wp-content\/uploads\/2024\/10\/BC-Kush-Cannabis-Hash.jpg",768,768,false],"2048x2048":["https:\/\/pressurezone.shop\/wp-content\/uploads\/2024\/10\/BC-Kush-Cannabis-Hash.jpg",768,768,false],"trp-custom-language-flag":["https:\/\/pressurezone.shop\/wp-content\/uploads\/2024\/10\/BC-Kush-Cannabis-Hash-12x12.jpg",12,12,true],"woocommerce_thumbnail":["https:\/\/pressurezone.shop\/wp-content\/uploads\/2024\/10\/BC-Kush-Cannabis-Hash-300x300.jpg",300,300,true],"woocommerce_single":["https:\/\/pressurezone.shop\/wp-content\/uploads\/2024\/10\/BC-Kush-Cannabis-Hash-600x600.jpg",600,600,true],"woocommerce_gallery_thumbnail":["https:\/\/pressurezone.shop\/wp-content\/uploads\/2024\/10\/BC-Kush-Cannabis-Hash-100x100.jpg",100,100,true]},"uagb_author_info":{"display_name":"pressurezone.shop","author_link":"https:\/\/pressurezone.shop\/pl\/author\/"},"uagb_comment_info":0,"uagb_excerpt":"Achetez du Hashish BC Kush Cannabis en Ligne en Europe sur Pressure Zone Shop D\u00e9couvrez le Hashish BC Kush Cannabis, une d\u00e9licatesse produite localement \u00e0 partir des fleurs les plus fra\u00eeches et de qualit\u00e9 sup\u00e9rieure de BC Kush, cultiv\u00e9es dans les terres luxuriantes de la Colombie-Britannique. Ce hashish de marijuana exquis rend hommage au riche&hellip;","_links":{"self":[{"href":"https:\/\/pressurezone.shop\/pl\/wp-json\/wp\/v2\/product\/3412"}],"collection":[{"href":"https:\/\/pressurezone.shop\/pl\/wp-json\/wp\/v2\/product"}],"about":[{"href":"https:\/\/pressurezone.shop\/pl\/wp-json\/wp\/v2\/types\/product"}],"replies":[{"embeddable":true,"href":"https:\/\/pressurezone.shop\/pl\/wp-json\/wp\/v2\/comments?post=3412"}],"version-history":[{"count":3,"href":"https:\/\/pressurezone.shop\/pl\/wp-json\/wp\/v2\/product\/3412\/revisions"}],"predecessor-version":[{"id":4110,"href":"https:\/\/pressurezone.shop\/pl\/wp-json\/wp\/v2\/product\/3412\/revisions\/4110"}],"wp:featuredmedia":[{"embeddable":true,"href":"https:\/\/pressurezone.shop\/pl\/wp-json\/wp\/v2\/media\/3484"}],"wp:attachment":[{"href":"https:\/\/pressurezone.shop\/pl\/wp-json\/wp\/v2\/media?parent=3412"}],"wp:term":[{"taxonomy":"product_brand","embeddable":true,"href":"https:\/\/pressurezone.shop\/pl\/wp-json\/wp\/v2\/product_brand?post=3412"},{"taxonomy":"product_cat","embeddable":true,"href":"https:\/\/pressurezone.shop\/pl\/wp-json\/wp\/v2\/product_cat?post=3412"},{"taxonomy":"product_tag","embeddable":true,"href":"https:\/\/pressurezone.shop\/pl\/wp-json\/wp\/v2\/product_tag?post=3412"}],"curies":[{"name":"wp","href":"https:\/\/api.w.org\/{rel}","templated":true}]}}