{"id":3432,"date":"2024-10-11T01:03:04","date_gmt":"2024-10-10T23:03:04","guid":{"rendered":"https:\/\/pressurezone.shop\/?post_type=product&#038;p=3432"},"modified":"2024-11-04T20:30:21","modified_gmt":"2024-11-04T19:30:21","slug":"haschisch-lebanese-playboy","status":"publish","type":"product","link":"https:\/\/pressurezone.shop\/pl\/produkt\/haszysz-libanski-playboy\/","title":{"rendered":"Haszysz liba\u0144skiego playboya"},"content":{"rendered":"<h3><strong>Kup Haschisch Lebanese Playboy EU online pod adresem <a href=\"https:\/\/pressurezone.shop\/pl\/\" target=\"_new\" rel=\"noopener\">Sklep ze strefami ci\u015bnieniowymi<\/a><\/strong><\/h3>\n<p>Odkryj <strong>Haszysz liba\u0144skiego playboya<\/strong>r\u0119cznie wytwarzany skarb inspirowany ziemiami przodk\u00f3w haszyszu. Produkowany w pi\u0119knej Kolumbii Brytyjskiej, ten najwy\u017cszej jako\u015bci haszysz jest wytwarzany z kwiat\u00f3w AAA+ i jest zgodny z tradycyjnymi technikami przetwarzania liba\u0144skiej doliny Bekaa. Odwied\u017a <strong>Liba\u0144ski Playboy Hash<\/strong> to idealne po\u0142\u0105czenie tradycji i lokalnej jako\u015bci, oferuj\u0105ce wyj\u0105tkowe i autentyczne do\u015bwiadczenie dla mi\u0142o\u015bnik\u00f3w konopi.<\/p>\n<h3>Dlaczego warto wybra\u0107 liba\u0144ski haszysz Playboy?<\/h3>\n<p>Le <strong>Haszysz liba\u0144skiego playboya<\/strong> jest starannie wytwarzany przy u\u017cyciu metod suszenia i dojrzewania, kt\u00f3re s\u0105 praktykowane w Libanie od setek lat. Ten skrupulatny proces skutkuje czystym haszyszem o mocnym profilu smakowym i g\u0142adkim dymie, idealnym do pe\u0142nego relaksu i wyrafinowanych dozna\u0144.<\/p>\n<ul>\n<li><strong>Typ<\/strong> : Haschisch Premium zainspirowany Libanem<\/li>\n<li><strong>Pochodzenie<\/strong> Kolumbia Brytyjska, zainspirowana dolin\u0105 Bekaa w Libanie<\/li>\n<\/ul>\n<h3>Smaki i aromaty haszyszu liba\u0144skiego Playboya<\/h3>\n<p>Le <strong>Haszysz liba\u0144skiego playboya<\/strong> wyr\u00f3\u017cnia si\u0119 g\u0142\u0119bokim, naturalnym smakiem, oferuj\u0105c g\u0142adkie, przyjemne palenie z subtelnymi, ziemistymi nutami. Ten r\u0119cznie robiony haszysz jest idealny dla tych, kt\u00f3rzy ceni\u0105 sobie autentyczne aromaty i g\u0142adkie, zr\u00f3wnowa\u017cone smaki.<\/p>\n<ul>\n<li><strong>Smaki<\/strong> Ziemisty, mi\u0119kki, naturalny<\/li>\n<li><strong>Zapachy<\/strong> Subtelny, okr\u0105g\u0142y, nuty przypraw i drewna<\/li>\n<\/ul>\n<h3>Efekty i korzy\u015bci p\u0142yn\u0105ce ze stosowania haszyszu Lebanese Playboy<\/h3>\n<p>Dzi\u0119ki koj\u0105cemu i relaksuj\u0105cemu dzia\u0142aniu <strong>Haszysz liba\u0144skiego playboya<\/strong> jest idealny do uspokojenia umys\u0142u i zrelaksowania cia\u0142a. Ten haszysz oferuje g\u0142adkie, euforyczne doznania, idealne do odpr\u0119\u017cenia si\u0119 pod koniec dnia. Dzi\u0119ki najwy\u017cszej jako\u015bci jest odpowiedni zar\u00f3wno dla do\u015bwiadczonych u\u017cytkownik\u00f3w, jak i pocz\u0105tkuj\u0105cych.<a href=\"https:\/\/fuelpackz.com\/\" target=\"_blank\" rel=\"noopener\">.<\/a><\/p>\n<ul>\n<li><strong>Efekty<\/strong> Relaks, ukojenie, euforia<\/li>\n<li><strong>Idealny dla<\/strong> G\u0142\u0119boki relaks, zarz\u0105dzanie stresem, relaksacja cia\u0142a<\/li>\n<\/ul>\n<h3>Proces produkcji inspirowany liba\u0144skimi tradycjami<\/h3>\n<p>Le <strong>Haszysz liba\u0144skiego playboya<\/strong> jest produkowany lokalnie przy u\u017cyciu tradycyjnych liba\u0144skich technik, w szczeg\u00f3lno\u015bci tych z doliny Bekaa. Dzi\u0119ki zastosowaniu wysokiej jako\u015bci kwiat\u00f3w i wiekowych metod rafinacji, nasi producenci gwarantuj\u0105 haszysz o wyj\u0105tkowej czysto\u015bci, oddaj\u0105cy istot\u0119 liba\u0144skich tradycji haszyszowych.<\/p>\n<h3>U\u017cytkowanie i do\u015bwiadczenie<\/h3>\n<p>Le <strong>Haszysz liba\u0144skiego playboya<\/strong> jest \u0142atwy w obs\u0142udze i wszechstronny, dzi\u0119ki czemu mo\u017cna go u\u017cywa\u0107 na wiele sposob\u00f3w:<\/p>\n<ul>\n<li><strong>Palenie w fajce lub bongu<\/strong> na intensywne, szybkie do\u015bwiadczenie.<\/li>\n<li><strong>W\u0142\u0105czenie do wsp\u00f3lnego<\/strong> aby zintensyfikowa\u0107 smak i przed\u0142u\u017cy\u0107 relaksuj\u0105cy efekt.<\/li>\n<li><strong>Spray<\/strong> dla czystego smaku i optymalnej kontroli efekt\u00f3w.<\/li>\n<\/ul>\n<h3>Zam\u00f3w Lebanese Playboy Hash online w sklepie Pressure Zone Shop<\/h3>\n<p>Gotowy, by odkry\u0107 bogactwo i autentyczno\u015b\u0107 <strong>Haszysz liba\u0144skiego playboya<\/strong> ? Zam\u00f3w teraz na <a href=\"https:\/\/pressurezone.shop\/pl\/\" target=\"_new\" rel=\"noopener\">Sklep ze strefami ci\u015bnieniowymi<\/a> aby do\u015bwiadczy\u0107 najwy\u017cszej jako\u015bci haszyszu i odby\u0107 zmys\u0142ow\u0105 podr\u00f3\u017c inspirowan\u0105 krain\u0105 Libanu. <strong>Liba\u0144ski Playboy Hash<\/strong> to idealny wyb\u00f3r dla g\u0142\u0119bokiego relaksu i autentycznego smaku tradycyjnego haszyszu.<\/p>","protected":false},"excerpt":{"rendered":"<p>Achetez le Haschisch Lebanese Playboy EU en Ligne sur Pressure Zone Shop D\u00e9couvrez le Haschisch Lebanese Playboy, un tr\u00e9sor artisanal inspir\u00e9 des terres ancestrales du haschisch. Produit dans la belle Colombie-Britannique, ce haschisch de qualit\u00e9 sup\u00e9rieure est issu de fleurs AAA+ et suit les techniques traditionnelles de transformation de la vall\u00e9e de la Bekaa au [&hellip;]<\/p>","protected":false},"featured_media":3492,"comment_status":"closed","ping_status":"closed","template":"","meta":{"_uag_custom_page_level_css":"","site-sidebar-layout":"default","site-content-layout":"","ast-site-content-layout":"default","site-content-style":"default","site-sidebar-style":"default","ast-global-header-display":"","ast-banner-title-visibility":"","ast-main-header-display":"","ast-hfb-above-header-display":"","ast-hfb-below-header-display":"","ast-hfb-mobile-header-display":"","site-post-title":"","ast-breadcrumbs-content":"","ast-featured-img":"","footer-sml-layout":"","theme-transparent-header-meta":"default","adv-header-id-meta":"","stick-header-meta":"","header-above-stick-meta":"","header-main-stick-meta":"","header-below-stick-meta":"","astra-migrate-meta-layouts":"set","ast-page-background-enabled":"default","ast-page-background-meta":{"desktop":{"background-color":"","background-image":"","background-repeat":"repeat","background-position":"center center","background-size":"auto","background-attachment":"scroll","background-type":"","background-media":"","overlay-type":"","overlay-color":"","overlay-opacity":"","overlay-gradient":""},"tablet":{"background-color":"","background-image":"","background-repeat":"repeat","background-position":"center center","background-size":"auto","background-attachment":"scroll","background-type":"","background-media":"","overlay-type":"","overlay-color":"","overlay-opacity":"","overlay-gradient":""},"mobile":{"background-color":"","background-image":"","background-repeat":"repeat","background-position":"center center","background-size":"auto","background-attachment":"scroll","background-type":"","background-media":"","overlay-type":"","overlay-color":"","overlay-opacity":"","overlay-gradient":""}},"ast-content-background-meta":{"desktop":{"background-color":"var(--ast-global-color-5)","background-image":"","background-repeat":"repeat","background-position":"center center","background-size":"auto","background-attachment":"scroll","background-type":"","background-media":"","overlay-type":"","overlay-color":"","overlay-opacity":"","overlay-gradient":""},"tablet":{"background-color":"var(--ast-global-color-5)","background-image":"","background-repeat":"repeat","background-position":"center center","background-size":"auto","background-attachment":"scroll","background-type":"","background-media":"","overlay-type":"","overlay-color":"","overlay-opacity":"","overlay-gradient":""},"mobile":{"background-color":"var(--ast-global-color-5)","background-image":"","background-repeat":"repeat","background-position":"center center","background-size":"auto","background-attachment":"scroll","background-type":"","background-media":"","overlay-type":"","overlay-color":"","overlay-opacity":"","overlay-gradient":""}}},"product_brand":[],"product_cat":[334,29],"product_tag":[481],"class_list":{"0":"post-3432","1":"product","2":"type-product","3":"status-publish","4":"has-post-thumbnail","6":"product_cat-concentres-de-marijuana","7":"product_cat-haschisch","8":"product_tag-buy-lebanese-playboy-hash-eu","9":"desktop-align-left","10":"tablet-align-left","11":"mobile-align-left","13":"first","14":"instock","15":"shipping-taxable","16":"purchasable","17":"product-type-variable"},"uagb_featured_image_src":{"full":["https:\/\/pressurezone.shop\/wp-content\/uploads\/2024\/10\/Lebanese-Playboy-Hash-EU.jpg",768,768,false],"thumbnail":["https:\/\/pressurezone.shop\/wp-content\/uploads\/2024\/10\/Lebanese-Playboy-Hash-EU-150x150.jpg",150,150,true],"medium":["https:\/\/pressurezone.shop\/wp-content\/uploads\/2024\/10\/Lebanese-Playboy-Hash-EU-300x300.jpg",300,300,true],"medium_large":["https:\/\/pressurezone.shop\/wp-content\/uploads\/2024\/10\/Lebanese-Playboy-Hash-EU.jpg",768,768,false],"large":["https:\/\/pressurezone.shop\/wp-content\/uploads\/2024\/10\/Lebanese-Playboy-Hash-EU.jpg",768,768,false],"1536x1536":["https:\/\/pressurezone.shop\/wp-content\/uploads\/2024\/10\/Lebanese-Playboy-Hash-EU.jpg",768,768,false],"2048x2048":["https:\/\/pressurezone.shop\/wp-content\/uploads\/2024\/10\/Lebanese-Playboy-Hash-EU.jpg",768,768,false],"trp-custom-language-flag":["https:\/\/pressurezone.shop\/wp-content\/uploads\/2024\/10\/Lebanese-Playboy-Hash-EU-12x12.jpg",12,12,true],"woocommerce_thumbnail":["https:\/\/pressurezone.shop\/wp-content\/uploads\/2024\/10\/Lebanese-Playboy-Hash-EU-300x300.jpg",300,300,true],"woocommerce_single":["https:\/\/pressurezone.shop\/wp-content\/uploads\/2024\/10\/Lebanese-Playboy-Hash-EU-600x600.jpg",600,600,true],"woocommerce_gallery_thumbnail":["https:\/\/pressurezone.shop\/wp-content\/uploads\/2024\/10\/Lebanese-Playboy-Hash-EU-100x100.jpg",100,100,true]},"uagb_author_info":{"display_name":"pressurezone.shop","author_link":"https:\/\/pressurezone.shop\/pl\/author\/"},"uagb_comment_info":0,"uagb_excerpt":"Achetez le Haschisch Lebanese Playboy EU en Ligne sur Pressure Zone Shop D\u00e9couvrez le Haschisch Lebanese Playboy, un tr\u00e9sor artisanal inspir\u00e9 des terres ancestrales du haschisch. Produit dans la belle Colombie-Britannique, ce haschisch de qualit\u00e9 sup\u00e9rieure est issu de fleurs AAA+ et suit les techniques traditionnelles de transformation de la vall\u00e9e de la Bekaa au&hellip;","_links":{"self":[{"href":"https:\/\/pressurezone.shop\/pl\/wp-json\/wp\/v2\/product\/3432"}],"collection":[{"href":"https:\/\/pressurezone.shop\/pl\/wp-json\/wp\/v2\/product"}],"about":[{"href":"https:\/\/pressurezone.shop\/pl\/wp-json\/wp\/v2\/types\/product"}],"replies":[{"embeddable":true,"href":"https:\/\/pressurezone.shop\/pl\/wp-json\/wp\/v2\/comments?post=3432"}],"version-history":[{"count":3,"href":"https:\/\/pressurezone.shop\/pl\/wp-json\/wp\/v2\/product\/3432\/revisions"}],"predecessor-version":[{"id":4223,"href":"https:\/\/pressurezone.shop\/pl\/wp-json\/wp\/v2\/product\/3432\/revisions\/4223"}],"wp:featuredmedia":[{"embeddable":true,"href":"https:\/\/pressurezone.shop\/pl\/wp-json\/wp\/v2\/media\/3492"}],"wp:attachment":[{"href":"https:\/\/pressurezone.shop\/pl\/wp-json\/wp\/v2\/media?parent=3432"}],"wp:term":[{"taxonomy":"product_brand","embeddable":true,"href":"https:\/\/pressurezone.shop\/pl\/wp-json\/wp\/v2\/product_brand?post=3432"},{"taxonomy":"product_cat","embeddable":true,"href":"https:\/\/pressurezone.shop\/pl\/wp-json\/wp\/v2\/product_cat?post=3432"},{"taxonomy":"product_tag","embeddable":true,"href":"https:\/\/pressurezone.shop\/pl\/wp-json\/wp\/v2\/product_tag?post=3432"}],"curies":[{"name":"wp","href":"https:\/\/api.w.org\/{rel}","templated":true}]}}