{"id":3435,"date":"2024-10-11T01:03:05","date_gmt":"2024-10-10T23:03:05","guid":{"rendered":"https:\/\/pressurezone.shop\/?post_type=product&#038;p=3435"},"modified":"2024-11-04T20:20:26","modified_gmt":"2024-11-04T19:20:26","slug":"haschisch-zig-zag","status":"publish","type":"product","link":"https:\/\/pressurezone.shop\/pl\/produkt\/haszysz-zygzak\/","title":{"rendered":"Hashish Zig Zag"},"content":{"rendered":"<h3><strong>Kup Haschisch Zig Zag online pod adresem <a href=\"https:\/\/pressurezone.shop\/pl\/\" target=\"_new\" rel=\"noopener\">Sklep ze strefami ci\u015bnieniowymi<\/a><\/strong><\/h3>\n<p>&nbsp;<\/p>\n<p>Odkryj <strong>Hashish Zig Zag<\/strong>Rezultatem jest wysokiej jako\u015bci produkt importowany bezpo\u015brednio z Libanu, znanego na ca\u0142ym \u015bwiecie z do\u015bwiadczenia w produkcji koncentrat\u00f3w konopi indyjskich. Odwied\u017a <strong>Zig Zag Hash<\/strong> jest starannie wytwarzany przy u\u017cyciu metod i standard\u00f3w kulturowych, aby zagwarantowa\u0107 autentyczny, najwy\u017cszej jako\u015bci produkt za ka\u017cdym razem, gdy go kupujesz<a href=\"https:\/\/fuelpackz.com\/\" target=\"_blank\" rel=\"noopener\">.<\/a><\/p>\n<h3>Dlaczego warto wybra\u0107 Haschisch Zig Zag?<\/h3>\n<p>Le <strong>Hashish Zig Zag<\/strong> wyr\u00f3\u017cnia si\u0119 wyd\u0142u\u017conym procesem dojrzewania, typowym dla liba\u0144skiego haszyszu, kt\u00f3ry nadaje mu czerwono-br\u0105zowy odcie\u0144 i g\u0142adki, wyrafinowany smak. D\u0142u\u017cszy czas suszenia zapewnia l\u017cejszy dym i wyj\u0105tkowe smaki, kt\u00f3re zachwyc\u0105 koneser\u00f3w. Ten haszysz jest idealny dla tych, kt\u00f3rzy ceni\u0105 sobie naturalne aromaty i relaksuj\u0105ce efekty.<\/p>\n<ul>\n<li><strong>Typ<\/strong> Liba\u0144ski haszysz premium<\/li>\n<li><strong>Pochodzenie<\/strong> Liban<\/li>\n<\/ul>\n<h3>Smaki i aromaty haszyszu Zig Zag<\/h3>\n<p>Le <strong>Hashish Zig Zag<\/strong> oferuje profil smakowy bogaty w ziemiste i drzewne niuanse, z nutami sosny, kt\u00f3re doskonale komponuj\u0105 si\u0119 z jej wyrafinowanymi aromatami. G\u0142adka konsystencja i lekki dym sprawiaj\u0105, \u017ce jest to przyjemne, zr\u00f3wnowa\u017cone do\u015bwiadczenie, idealne do relaksu.<\/p>\n<ul>\n<li><strong>Smaki<\/strong> ziemisty, drzewny, sosnowy<\/li>\n<li><strong>Zapachy<\/strong> Delikatne, naturalne, ziemiste nuty<\/li>\n<\/ul>\n<h3>Efekty i korzy\u015bci p\u0142yn\u0105ce ze stosowania haszyszu Zig Zag<\/h3>\n<p>Le <strong>Hashish Zig Zag<\/strong> ma koj\u0105ce, relaksuj\u0105ce dzia\u0142anie, idealne do uspokojenia umys\u0142u i cia\u0142a pod koniec dnia. Dzi\u0119ki zr\u00f3wnowa\u017conemu dzia\u0142aniu idealnie nadaje si\u0119 do \u0142agodnego relaksu i oderwania si\u0119 od codziennego stresu. Jego \u0142agodno\u015b\u0107 sprawia, \u017ce jest to idealny wyb\u00f3r na relaksuj\u0105cy wiecz\u00f3r.<\/p>\n<ul>\n<li><strong>Efekty<\/strong> Relaks, Dobre samopoczucie, Ukojenie<\/li>\n<li><strong>Idealny dla<\/strong> Relaks, \u0142agodzenie stresu, relaks psychiczny<\/li>\n<\/ul>\n<h3>Tradycyjna produkcja i autentyczna jako\u015b\u0107<\/h3>\n<p>Le <strong>Hashish Zig Zag<\/strong> jest produkowany przy u\u017cyciu tradycyjnych liba\u0144skich metod, zapewniaj\u0105c autentyczn\u0105 jako\u015b\u0107 na ka\u017cdym etapie procesu. Dzi\u0119ki czasowi dojrzewania i skrupulatnej produkcji, ten liba\u0144ski haszysz oferuje autentyczne doznania sensoryczne, z kt\u00f3rych s\u0142ynie Liban.<\/p>\n<h3>U\u017cytkowanie i do\u015bwiadczenie<\/h3>\n<p>Le <strong>Hashish Zig Zag<\/strong> jest \u0142atwy w obs\u0142udze i mo\u017ce by\u0107 spo\u017cywany na r\u00f3\u017cne sposoby, zgodnie z w\u0142asnymi preferencjami:<\/p>\n<ul>\n<li><strong>Palenie w fajce lub bongu<\/strong> dla natychmiastowego i intensywnego do\u015bwiadczenia.<\/li>\n<li><strong>W\u0142\u0105czenie do wsp\u00f3lnego<\/strong> aby zintensyfikowa\u0107 smak i efekty.<\/li>\n<li><strong>Spray<\/strong> dla czystych dozna\u0144 smakowych i delikatnego, kontrolowanego haju.<\/li>\n<\/ul>\n<h3>Zam\u00f3w Haschisch Zig Zag online w sklepie Pressure Zone Shop<\/h3>\n<p>Gotowy do odkrywania subtelnych smak\u00f3w i relaksuj\u0105cych dozna\u0144 <strong>Hashish Zig Zag<\/strong> ? Zam\u00f3w teraz na <a href=\"https:\/\/pressurezone.shop\/pl\/\" target=\"_new\" rel=\"noopener\">Sklep ze strefami ci\u015bnieniowymi<\/a> aby cieszy\u0107 si\u0119 autentycznym, wysokiej jako\u015bci liba\u0144skim haszyszem. <strong>Zig Zag Hash<\/strong> to idealny wyb\u00f3r na \u0142agodny relaks i zanurzenie si\u0119 w tradycji haszyszowej.<\/p>","protected":false},"excerpt":{"rendered":"<p>Achetez le Haschisch Zig Zag en Ligne sur Pressure Zone Shop &nbsp; D\u00e9couvrez le Haschisch Zig Zag, un produit import\u00e9 de haute qualit\u00e9 provenant directement du Liban, reconnu mondialement pour son savoir-faire en mati\u00e8re de concentr\u00e9s de cannabis. Le Zig Zag Hash est soigneusement fabriqu\u00e9 en respectant des m\u00e9thodes et standards culturels pour garantir un [&hellip;]<\/p>","protected":false},"featured_media":3498,"comment_status":"closed","ping_status":"closed","template":"","meta":{"_uag_custom_page_level_css":"","site-sidebar-layout":"default","site-content-layout":"","ast-site-content-layout":"default","site-content-style":"default","site-sidebar-style":"default","ast-global-header-display":"","ast-banner-title-visibility":"","ast-main-header-display":"","ast-hfb-above-header-display":"","ast-hfb-below-header-display":"","ast-hfb-mobile-header-display":"","site-post-title":"","ast-breadcrumbs-content":"","ast-featured-img":"","footer-sml-layout":"","theme-transparent-header-meta":"default","adv-header-id-meta":"","stick-header-meta":"","header-above-stick-meta":"","header-main-stick-meta":"","header-below-stick-meta":"","astra-migrate-meta-layouts":"set","ast-page-background-enabled":"default","ast-page-background-meta":{"desktop":{"background-color":"","background-image":"","background-repeat":"repeat","background-position":"center center","background-size":"auto","background-attachment":"scroll","background-type":"","background-media":"","overlay-type":"","overlay-color":"","overlay-opacity":"","overlay-gradient":""},"tablet":{"background-color":"","background-image":"","background-repeat":"repeat","background-position":"center center","background-size":"auto","background-attachment":"scroll","background-type":"","background-media":"","overlay-type":"","overlay-color":"","overlay-opacity":"","overlay-gradient":""},"mobile":{"background-color":"","background-image":"","background-repeat":"repeat","background-position":"center center","background-size":"auto","background-attachment":"scroll","background-type":"","background-media":"","overlay-type":"","overlay-color":"","overlay-opacity":"","overlay-gradient":""}},"ast-content-background-meta":{"desktop":{"background-color":"var(--ast-global-color-5)","background-image":"","background-repeat":"repeat","background-position":"center center","background-size":"auto","background-attachment":"scroll","background-type":"","background-media":"","overlay-type":"","overlay-color":"","overlay-opacity":"","overlay-gradient":""},"tablet":{"background-color":"var(--ast-global-color-5)","background-image":"","background-repeat":"repeat","background-position":"center center","background-size":"auto","background-attachment":"scroll","background-type":"","background-media":"","overlay-type":"","overlay-color":"","overlay-opacity":"","overlay-gradient":""},"mobile":{"background-color":"var(--ast-global-color-5)","background-image":"","background-repeat":"repeat","background-position":"center center","background-size":"auto","background-attachment":"scroll","background-type":"","background-media":"","overlay-type":"","overlay-color":"","overlay-opacity":"","overlay-gradient":""}}},"product_brand":[],"product_cat":[334,29],"product_tag":[484],"class_list":{"0":"post-3435","1":"product","2":"type-product","3":"status-publish","4":"has-post-thumbnail","6":"product_cat-concentres-de-marijuana","7":"product_cat-haschisch","8":"product_tag-buy-zig-zag-europe-hash-frzig-zag-europe-hash-fr","9":"desktop-align-left","10":"tablet-align-left","11":"mobile-align-left","13":"first","14":"instock","15":"shipping-taxable","16":"purchasable","17":"product-type-variable"},"uagb_featured_image_src":{"full":["https:\/\/pressurezone.shop\/wp-content\/uploads\/2024\/10\/Zig-Zag-Europe-Hash-Fr.jpg",768,768,false],"thumbnail":["https:\/\/pressurezone.shop\/wp-content\/uploads\/2024\/10\/Zig-Zag-Europe-Hash-Fr-150x150.jpg",150,150,true],"medium":["https:\/\/pressurezone.shop\/wp-content\/uploads\/2024\/10\/Zig-Zag-Europe-Hash-Fr-300x300.jpg",300,300,true],"medium_large":["https:\/\/pressurezone.shop\/wp-content\/uploads\/2024\/10\/Zig-Zag-Europe-Hash-Fr.jpg",768,768,false],"large":["https:\/\/pressurezone.shop\/wp-content\/uploads\/2024\/10\/Zig-Zag-Europe-Hash-Fr.jpg",768,768,false],"1536x1536":["https:\/\/pressurezone.shop\/wp-content\/uploads\/2024\/10\/Zig-Zag-Europe-Hash-Fr.jpg",768,768,false],"2048x2048":["https:\/\/pressurezone.shop\/wp-content\/uploads\/2024\/10\/Zig-Zag-Europe-Hash-Fr.jpg",768,768,false],"trp-custom-language-flag":["https:\/\/pressurezone.shop\/wp-content\/uploads\/2024\/10\/Zig-Zag-Europe-Hash-Fr-12x12.jpg",12,12,true],"woocommerce_thumbnail":["https:\/\/pressurezone.shop\/wp-content\/uploads\/2024\/10\/Zig-Zag-Europe-Hash-Fr-300x300.jpg",300,300,true],"woocommerce_single":["https:\/\/pressurezone.shop\/wp-content\/uploads\/2024\/10\/Zig-Zag-Europe-Hash-Fr-600x600.jpg",600,600,true],"woocommerce_gallery_thumbnail":["https:\/\/pressurezone.shop\/wp-content\/uploads\/2024\/10\/Zig-Zag-Europe-Hash-Fr-100x100.jpg",100,100,true]},"uagb_author_info":{"display_name":"pressurezone.shop","author_link":"https:\/\/pressurezone.shop\/pl\/author\/"},"uagb_comment_info":0,"uagb_excerpt":"Achetez le Haschisch Zig Zag en Ligne sur Pressure Zone Shop &nbsp; D\u00e9couvrez le Haschisch Zig Zag, un produit import\u00e9 de haute qualit\u00e9 provenant directement du Liban, reconnu mondialement pour son savoir-faire en mati\u00e8re de concentr\u00e9s de cannabis. Le Zig Zag Hash est soigneusement fabriqu\u00e9 en respectant des m\u00e9thodes et standards culturels pour garantir un&hellip;","_links":{"self":[{"href":"https:\/\/pressurezone.shop\/pl\/wp-json\/wp\/v2\/product\/3435"}],"collection":[{"href":"https:\/\/pressurezone.shop\/pl\/wp-json\/wp\/v2\/product"}],"about":[{"href":"https:\/\/pressurezone.shop\/pl\/wp-json\/wp\/v2\/types\/product"}],"replies":[{"embeddable":true,"href":"https:\/\/pressurezone.shop\/pl\/wp-json\/wp\/v2\/comments?post=3435"}],"version-history":[{"count":3,"href":"https:\/\/pressurezone.shop\/pl\/wp-json\/wp\/v2\/product\/3435\/revisions"}],"predecessor-version":[{"id":4207,"href":"https:\/\/pressurezone.shop\/pl\/wp-json\/wp\/v2\/product\/3435\/revisions\/4207"}],"wp:featuredmedia":[{"embeddable":true,"href":"https:\/\/pressurezone.shop\/pl\/wp-json\/wp\/v2\/media\/3498"}],"wp:attachment":[{"href":"https:\/\/pressurezone.shop\/pl\/wp-json\/wp\/v2\/media?parent=3435"}],"wp:term":[{"taxonomy":"product_brand","embeddable":true,"href":"https:\/\/pressurezone.shop\/pl\/wp-json\/wp\/v2\/product_brand?post=3435"},{"taxonomy":"product_cat","embeddable":true,"href":"https:\/\/pressurezone.shop\/pl\/wp-json\/wp\/v2\/product_cat?post=3435"},{"taxonomy":"product_tag","embeddable":true,"href":"https:\/\/pressurezone.shop\/pl\/wp-json\/wp\/v2\/product_tag?post=3435"}],"curies":[{"name":"wp","href":"https:\/\/api.w.org\/{rel}","templated":true}]}}