{"id":3449,"date":"2024-10-11T01:03:29","date_gmt":"2024-10-10T23:03:29","guid":{"rendered":"https:\/\/pressurezone.shop\/?post_type=product&#038;p=3449"},"modified":"2024-11-04T19:31:53","modified_gmt":"2024-11-04T18:31:53","slug":"haschisch-chanel-marijuana","status":"publish","type":"product","link":"https:\/\/pressurezone.shop\/pl\/produkt\/haszysz-chanel-marihuana\/","title":{"rendered":"Haszysz Chanel Marihuana"},"content":{"rendered":"<h3><strong>Kup marihuan\u0119 Hashish Chanel online w Europie na <a href=\"https:\/\/pressurezone.shop\/pl\/\" target=\"_new\" rel=\"noopener\">Sklep ze strefami ci\u015bnieniowymi<\/a><\/strong><\/h3>\n<p>Odkryj <strong>Haszysz Chanel Marihuana<\/strong>luksusowy haszysz produkowany z trosk\u0105 w Kolumbii Brytyjskiej. Ten domowy haszysz o jako\u015bci AAA+ jest wytwarzany wy\u0142\u0105cznie z silnych odmian konopi indica, takich jak Death Bubba, OG Kush i Pink Kush, wybranych ze wzgl\u0119du na ich \u017cywiczne, soczyste trichomy. Uprawiane, zbierane i b\u0142yskawicznie zamra\u017cane w celu zachowania \u015bwie\u017co\u015bci, odmiany te s\u0105 nast\u0119pnie prasowane w celu uzyskania haszyszu o wyj\u0105tkowej jako\u015bci.<a href=\"https:\/\/fuelpackz.com\/\" target=\"_blank\" rel=\"noopener\">.<\/a><\/p>\n<h3>Dlaczego warto wybra\u0107 Chanel Marijuana Hashish?<\/h3>\n<p>Le <strong>Haszysz Chanel Marihuana<\/strong> zosta\u0142a zaprojektowana z my\u015bl\u0105 o zapewnieniu wyj\u0105tkowych i wyrafinowanych dozna\u0144. Skrupulatny proces produkcji zachowuje integralno\u015b\u0107 terpen\u00f3w i moc ka\u017cdej odmiany, tworz\u0105c produkt ko\u0144cowy bogaty w smak i efekt. Idealny dla koneser\u00f3w i os\u00f3b poszukuj\u0105cych g\u0142\u0119bokiego relaksu i poczucia luksusu, Chanel Hash jest wyj\u0105tkowym wyborem dla wysokiej klasy relaksu.<a href=\"https:\/\/fuelpackz.com\/\" target=\"_blank\" rel=\"noopener\">.<\/a><\/p>\n<ul>\n<li><strong>Typ<\/strong> Hashish Indica Premium<\/li>\n<li><strong>Pochodzenie<\/strong> Wyprodukowano w Kolumbii Brytyjskiej, Kanada<\/li>\n<\/ul>\n<h3>Smaki i aromaty haszyszu z marihuany Chanel<\/h3>\n<p>Le <strong>Haszysz Chanel Marihuana<\/strong> wyr\u00f3\u017cnia si\u0119 z\u0142o\u017conym profilem smakowym, \u0142\u0105cz\u0105cym pikantne, ziemiste nuty z zio\u0142ow\u0105 s\u0142odycz\u0105. Dzi\u0119ki po\u0142\u0105czeniu kilku silnych odmian oferuje kompletne doznania sensoryczne, wzbogacone g\u0142\u0119bokimi aromatami i bogactwem terpen\u00f3w.<\/p>\n<ul>\n<li><strong>Smaki<\/strong> Pikantny, ziemisty, zio\u0142owy<\/li>\n<li><strong>Zapachy<\/strong> Bogate, ziemiste, sosnowe nuty<\/li>\n<\/ul>\n<h3>Efekty i korzy\u015bci ze stosowania marihuany Hashish Chanel<\/h3>\n<p>Dzi\u0119ki swojej mieszance odmian Indica <strong>Haszysz Chanel Marihuana<\/strong> zapewnia intensywny, d\u0142ugotrwa\u0142y haj, idealny do relaksu i \u0142agodzenia stresu. Ten haszysz oferuje koj\u0105ce doznania dla cia\u0142a, idealne na relaksuj\u0105cy wiecz\u00f3r lub spokojne zako\u0144czenie dnia.<\/p>\n<ul>\n<li><strong>Efekty<\/strong> Relaks, euforia, ukojenie<\/li>\n<li><strong>Idealny dla<\/strong> Ulga w stresie, odpr\u0119\u017cenie cia\u0142a, wieczorny relaks<\/li>\n<\/ul>\n<h3>Proces produkcji haszyszu z marihuany Chanel<\/h3>\n<p>Produkowane w ma\u0142ych ilo\u015bciach, aby zagwarantowa\u0107 jako\u015b\u0107 <strong>Haszysz Chanel Marihuana<\/strong> jest t\u0142oczony z trichom\u00f3w zebranych z wysokiej jako\u015bci odmian, b\u0142yskawicznie zamro\u017conych w celu zachowania ich mocy. Ka\u017cdy etap procesu ma na celu maksymalizacj\u0119 czysto\u015bci i smaku, dzi\u0119ki czemu haszysz ten jest produktem najwy\u017cszej jako\u015bci.<\/p>\n<h3>U\u017cytkowanie i do\u015bwiadczenie<\/h3>\n<p>Le <strong>Haszysz Chanel Marihuana<\/strong> jest uniwersalna i mo\u017ce by\u0107 spo\u017cywana na wiele sposob\u00f3w, w zale\u017cno\u015bci od preferencji:<\/p>\n<ul>\n<li><strong>Palenie w fajce lub bongu<\/strong> dla szybkich i mocnych efekt\u00f3w.<\/li>\n<li><strong>Spray<\/strong> dla czystych dozna\u0144 smakowych i kontrolowanego haju.<\/li>\n<li><strong>W\u0142\u0105czenie do wsp\u00f3lnego<\/strong> dla dodatkowej intensywno\u015bci i smaku.<\/li>\n<\/ul>\n<h3>Zam\u00f3w haszysz z marihuany Chanel online w sklepie Pressure Zone Shop<\/h3>\n<p>Gotowy na luksusowe do\u015bwiadczenie z <strong>Haszysz Chanel Marihuana<\/strong> ? Zam\u00f3w teraz na <a href=\"https:\/\/pressurezone.shop\/pl\/\" target=\"_new\" rel=\"noopener\">Sklep ze strefami ci\u015bnieniowymi<\/a> aby odkry\u0107 ten wyrafinowany i mocny haszysz, idealny dla tych, kt\u00f3rzy szukaj\u0105 najwy\u017cszej jako\u015bci relaksu. Z <strong>Chanel Marijuana Hash<\/strong>Skorzystaj z niepor\u00f3wnywalnej jako\u015bci i do\u015bwiadczenia.<\/p>","protected":false},"excerpt":{"rendered":"<p>Achetez le Haschisch Chanel Marijuana en Ligne en Europe sur Pressure Zone Shop D\u00e9couvrez le Haschisch Chanel Marijuana, un haschisch de luxe fabriqu\u00e9 avec soin en Colombie-Britannique. Ce haschisch domestique de qualit\u00e9 AAA+ est \u00e9labor\u00e9 exclusivement \u00e0 partir de vari\u00e9t\u00e9s de cannabis indica puissantes comme Death Bubba, OG Kush et Pink Kush, s\u00e9lectionn\u00e9es pour leurs [&hellip;]<\/p>","protected":false},"featured_media":3506,"comment_status":"closed","ping_status":"closed","template":"","meta":{"_uag_custom_page_level_css":"","site-sidebar-layout":"default","site-content-layout":"","ast-site-content-layout":"default","site-content-style":"default","site-sidebar-style":"default","ast-global-header-display":"","ast-banner-title-visibility":"","ast-main-header-display":"","ast-hfb-above-header-display":"","ast-hfb-below-header-display":"","ast-hfb-mobile-header-display":"","site-post-title":"","ast-breadcrumbs-content":"","ast-featured-img":"","footer-sml-layout":"","theme-transparent-header-meta":"default","adv-header-id-meta":"","stick-header-meta":"","header-above-stick-meta":"","header-main-stick-meta":"","header-below-stick-meta":"","astra-migrate-meta-layouts":"set","ast-page-background-enabled":"default","ast-page-background-meta":{"desktop":{"background-color":"","background-image":"","background-repeat":"repeat","background-position":"center center","background-size":"auto","background-attachment":"scroll","background-type":"","background-media":"","overlay-type":"","overlay-color":"","overlay-opacity":"","overlay-gradient":""},"tablet":{"background-color":"","background-image":"","background-repeat":"repeat","background-position":"center center","background-size":"auto","background-attachment":"scroll","background-type":"","background-media":"","overlay-type":"","overlay-color":"","overlay-opacity":"","overlay-gradient":""},"mobile":{"background-color":"","background-image":"","background-repeat":"repeat","background-position":"center center","background-size":"auto","background-attachment":"scroll","background-type":"","background-media":"","overlay-type":"","overlay-color":"","overlay-opacity":"","overlay-gradient":""}},"ast-content-background-meta":{"desktop":{"background-color":"var(--ast-global-color-5)","background-image":"","background-repeat":"repeat","background-position":"center center","background-size":"auto","background-attachment":"scroll","background-type":"","background-media":"","overlay-type":"","overlay-color":"","overlay-opacity":"","overlay-gradient":""},"tablet":{"background-color":"var(--ast-global-color-5)","background-image":"","background-repeat":"repeat","background-position":"center center","background-size":"auto","background-attachment":"scroll","background-type":"","background-media":"","overlay-type":"","overlay-color":"","overlay-opacity":"","overlay-gradient":""},"mobile":{"background-color":"var(--ast-global-color-5)","background-image":"","background-repeat":"repeat","background-position":"center center","background-size":"auto","background-attachment":"scroll","background-type":"","background-media":"","overlay-type":"","overlay-color":"","overlay-opacity":"","overlay-gradient":""}}},"product_brand":[],"product_cat":[334,29],"product_tag":[488],"class_list":{"0":"post-3449","1":"product","2":"type-product","3":"status-publish","4":"has-post-thumbnail","6":"product_cat-concentres-de-marijuana","7":"product_cat-haschisch","8":"product_tag-chanel-marijuana-hash-eu","9":"desktop-align-left","10":"tablet-align-left","11":"mobile-align-left","13":"first","14":"instock","15":"shipping-taxable","16":"purchasable","17":"product-type-variable"},"uagb_featured_image_src":{"full":["https:\/\/pressurezone.shop\/wp-content\/uploads\/2024\/10\/Chanel-Marijuana-Hash-EU.jpg",768,768,false],"thumbnail":["https:\/\/pressurezone.shop\/wp-content\/uploads\/2024\/10\/Chanel-Marijuana-Hash-EU-150x150.jpg",150,150,true],"medium":["https:\/\/pressurezone.shop\/wp-content\/uploads\/2024\/10\/Chanel-Marijuana-Hash-EU-300x300.jpg",300,300,true],"medium_large":["https:\/\/pressurezone.shop\/wp-content\/uploads\/2024\/10\/Chanel-Marijuana-Hash-EU.jpg",768,768,false],"large":["https:\/\/pressurezone.shop\/wp-content\/uploads\/2024\/10\/Chanel-Marijuana-Hash-EU.jpg",768,768,false],"1536x1536":["https:\/\/pressurezone.shop\/wp-content\/uploads\/2024\/10\/Chanel-Marijuana-Hash-EU.jpg",768,768,false],"2048x2048":["https:\/\/pressurezone.shop\/wp-content\/uploads\/2024\/10\/Chanel-Marijuana-Hash-EU.jpg",768,768,false],"trp-custom-language-flag":["https:\/\/pressurezone.shop\/wp-content\/uploads\/2024\/10\/Chanel-Marijuana-Hash-EU-12x12.jpg",12,12,true],"woocommerce_thumbnail":["https:\/\/pressurezone.shop\/wp-content\/uploads\/2024\/10\/Chanel-Marijuana-Hash-EU-300x300.jpg",300,300,true],"woocommerce_single":["https:\/\/pressurezone.shop\/wp-content\/uploads\/2024\/10\/Chanel-Marijuana-Hash-EU-600x600.jpg",600,600,true],"woocommerce_gallery_thumbnail":["https:\/\/pressurezone.shop\/wp-content\/uploads\/2024\/10\/Chanel-Marijuana-Hash-EU-100x100.jpg",100,100,true]},"uagb_author_info":{"display_name":"pressurezone.shop","author_link":"https:\/\/pressurezone.shop\/pl\/author\/"},"uagb_comment_info":0,"uagb_excerpt":"Achetez le Haschisch Chanel Marijuana en Ligne en Europe sur Pressure Zone Shop D\u00e9couvrez le Haschisch Chanel Marijuana, un haschisch de luxe fabriqu\u00e9 avec soin en Colombie-Britannique. Ce haschisch domestique de qualit\u00e9 AAA+ est \u00e9labor\u00e9 exclusivement \u00e0 partir de vari\u00e9t\u00e9s de cannabis indica puissantes comme Death Bubba, OG Kush et Pink Kush, s\u00e9lectionn\u00e9es pour leurs&hellip;","_links":{"self":[{"href":"https:\/\/pressurezone.shop\/pl\/wp-json\/wp\/v2\/product\/3449"}],"collection":[{"href":"https:\/\/pressurezone.shop\/pl\/wp-json\/wp\/v2\/product"}],"about":[{"href":"https:\/\/pressurezone.shop\/pl\/wp-json\/wp\/v2\/types\/product"}],"replies":[{"embeddable":true,"href":"https:\/\/pressurezone.shop\/pl\/wp-json\/wp\/v2\/comments?post=3449"}],"version-history":[{"count":4,"href":"https:\/\/pressurezone.shop\/pl\/wp-json\/wp\/v2\/product\/3449\/revisions"}],"predecessor-version":[{"id":4167,"href":"https:\/\/pressurezone.shop\/pl\/wp-json\/wp\/v2\/product\/3449\/revisions\/4167"}],"wp:featuredmedia":[{"embeddable":true,"href":"https:\/\/pressurezone.shop\/pl\/wp-json\/wp\/v2\/media\/3506"}],"wp:attachment":[{"href":"https:\/\/pressurezone.shop\/pl\/wp-json\/wp\/v2\/media?parent=3449"}],"wp:term":[{"taxonomy":"product_brand","embeddable":true,"href":"https:\/\/pressurezone.shop\/pl\/wp-json\/wp\/v2\/product_brand?post=3449"},{"taxonomy":"product_cat","embeddable":true,"href":"https:\/\/pressurezone.shop\/pl\/wp-json\/wp\/v2\/product_cat?post=3449"},{"taxonomy":"product_tag","embeddable":true,"href":"https:\/\/pressurezone.shop\/pl\/wp-json\/wp\/v2\/product_tag?post=3449"}],"curies":[{"name":"wp","href":"https:\/\/api.w.org\/{rel}","templated":true}]}}