{"id":3450,"date":"2024-10-11T01:03:29","date_gmt":"2024-10-10T23:03:29","guid":{"rendered":"https:\/\/pressurezone.shop\/?post_type=product&#038;p=3450"},"modified":"2024-11-04T19:17:03","modified_gmt":"2024-11-04T18:17:03","slug":"haschisch-marocain-phoenix","status":"publish","type":"product","link":"https:\/\/pressurezone.shop\/pl\/produkt\/marokanski-haszysz-feniks\/","title":{"rendered":"Maroka\u0144ski haszysz Phoenix"},"content":{"rendered":"<h3><strong>Kup Phoenix Moroccan Hashish online we Francji na <a href=\"https:\/\/pressurezone.shop\/pl\/\" target=\"_new\" rel=\"noopener\">Sklep ze strefami ci\u015bnieniowymi<\/a><\/strong><\/h3>\n<p>Odkryj <strong>Maroka\u0144ski haszysz Phoenix<\/strong>wyj\u0105tkowy koncentrat THC dost\u0119pny we Francji, produkowany z najwy\u017cszej jako\u015bci czystego kiefu. Ten najwy\u017cszej klasy haszysz pochodzi z gruczo\u0142\u00f3w \u017cywicznych lub trichom\u00f3w ro\u015bliny konopi, starannie oddzielonych od ca\u0142ej materii ro\u015blinnej, aby zapewni\u0107 niezr\u00f3wnan\u0105 czysto\u015b\u0107 i moc.<\/p>\n<h3>Autentyczny haszysz najwy\u017cszej jako\u015bci<\/h3>\n<p>Le <strong>Maroka\u0144ski haszysz Phoenix<\/strong> jest wytwarzany przy u\u017cyciu tradycyjnych metod, w kt\u00f3rych czysty kief, sk\u0142adaj\u0105cy si\u0119 z bogatych w THC trichom\u00f3w, jest prasowany pod wp\u0142ywem ciep\u0142a, tworz\u0105c cegie\u0142ki haszyszu. Proces ten pozwala uchwyci\u0107 ca\u0142\u0105 esencj\u0119 i moc gruczo\u0142\u00f3w \u017cywicy konopi. Nasz <strong>Haszysz o jako\u015bci AAA<\/strong> Gwarantuje doznania premium, idealne dla wymagaj\u0105cych mi\u0142o\u015bnik\u00f3w haszyszu<a href=\"https:\/\/fuelpackz.com\/\" target=\"_blank\" rel=\"noopener\">.<\/a><\/p>\n<ul>\n<li><strong>Typ<\/strong> Maroka\u0144ski haszysz premium<\/li>\n<li><strong>Pochodzenie<\/strong> Maroko, najwy\u017csza jako\u015b\u0107<\/li>\n<\/ul>\n<h3>Dlaczego warto wybra\u0107 maroka\u0144ski haszysz Phoenix?<\/h3>\n<p>Le <strong>Maroka\u0144ski haszysz Phoenix<\/strong> to idealny wyb\u00f3r dla os\u00f3b poszukuj\u0105cych wysokiej jako\u015bci haszyszu o bogatym smaku i silnym dzia\u0142aniu. Zaprojektowany, aby zapewni\u0107 do\u015bwiadczenie g\u0142\u0119bokiego relaksu i euforii, haszysz ten zapewnia niezr\u00f3wnan\u0105 czysto\u015b\u0107 i jako\u015b\u0107.<\/p>\n<ul>\n<li><strong>Zapachy<\/strong> G\u0142\u0119boki, ziemisty, z pikantnymi nutami<\/li>\n<li><strong>Efekty<\/strong> Relaks, euforia, ukojenie<\/li>\n<li><strong>Idealny dla<\/strong> Relaks, \u0142agodzenie stresu i wieczorne odpr\u0119\u017cenie<\/li>\n<\/ul>\n<h3>R\u0119cznie wykonane i autentyczne<\/h3>\n<p>Nasz <strong>Maroka\u0144ski haszysz Phoenix<\/strong> jest produkowany tradycyjnymi maroka\u0144skimi metodami, przy u\u017cyciu wy\u0142\u0105cznie najczystszego kiefu, aby zapewni\u0107 najwy\u017csz\u0105 jako\u015b\u0107 produktu. Proces ten pozwala zachowa\u0107 intensywny aromat i silne dzia\u0142anie tradycyjnego maroka\u0144skiego haszyszu, oferuj\u0105c autentyczne doznania.<\/p>\n<h3>Smaki i aromaty maroka\u0144skiego haszyszu Phoenix<\/h3>\n<p>Z ziemistym profilem smakowym i subtelnymi nutami korzennymi. <strong>Maroka\u0144ski haszysz Phoenix<\/strong> to prawdziwa celebracja autentycznych smak\u00f3w haszyszu. Ta harmonijna mieszanka aromat\u00f3w tworzy kompletne do\u015bwiadczenie sensoryczne, idealne dla mi\u0142o\u015bnik\u00f3w haszyszu, kt\u00f3rzy ceni\u0105 sobie jako\u015b\u0107 i bogactwo smaku.<\/p>\n<ul>\n<li><strong>Smaki<\/strong> Ziemisty, Pikantny<\/li>\n<li><strong>Zapachy<\/strong> G\u0142\u0119boki, drzewny, pikantny<\/li>\n<\/ul>\n<h3>U\u017cytkowanie i do\u015bwiadczenie<\/h3>\n<p>Le <strong>Maroka\u0144ski haszysz Phoenix<\/strong> jest wszechstronny i mo\u017ce by\u0107 spo\u017cywany na wiele r\u00f3\u017cnych sposob\u00f3w, tworz\u0105c spersonalizowane do\u015bwiadczenie dla ka\u017cdego konsumenta:<\/p>\n<ul>\n<li><strong>Palenie w fajce lub bongu<\/strong> dla szybkiego narastania efekt\u00f3w.<\/li>\n<li><strong>Spray<\/strong> dla czystego smaku i kontrolowanego haju.<\/li>\n<li><strong>W\u0142\u0105czenie do wsp\u00f3lnego<\/strong> dla wzbogaconego smaku i wzmocnionych efekt\u00f3w.<\/li>\n<\/ul>\n<h3>Zam\u00f3w Phoenix Moroccan Hash online w sklepie Pressure Zone Shop<\/h3>\n<p>Gotowy, by odkry\u0107 intensywno\u015b\u0107 i czysto\u015b\u0107 <strong>Maroka\u0144ski haszysz Phoenix<\/strong> ? Zam\u00f3w teraz na <a href=\"https:\/\/pressurezone.shop\/pl\/\" target=\"_new\" rel=\"noopener\">Sklep ze strefami ci\u015bnieniowymi<\/a> dla autentycznego, wysokiej jako\u015bci do\u015bwiadczenia z haszyszem. <strong>Maroka\u0144ski haszysz Phoenix<\/strong> to idealna opcja dla koneser\u00f3w i os\u00f3b poszukuj\u0105cych g\u0142\u0119bokiego, d\u0142ugotrwa\u0142ego relaksu.<\/p>","protected":false},"excerpt":{"rendered":"<p>Achetez le Haschisch Marocain Phoenix en Ligne en France sur Pressure Zone Shop D\u00e9couvrez le Haschisch Marocain Phoenix, un concentr\u00e9 exceptionnel de THC disponible en France, produit \u00e0 partir de la meilleure qualit\u00e9 de kief pur. Ce haschisch haut de gamme est issu des glandes r\u00e9sineuses ou trichomes de la plante de cannabis, s\u00e9par\u00e9es soigneusement [&hellip;]<\/p>","protected":false},"featured_media":3508,"comment_status":"closed","ping_status":"closed","template":"","meta":{"_uag_custom_page_level_css":"","site-sidebar-layout":"default","site-content-layout":"","ast-site-content-layout":"default","site-content-style":"default","site-sidebar-style":"default","ast-global-header-display":"","ast-banner-title-visibility":"","ast-main-header-display":"","ast-hfb-above-header-display":"","ast-hfb-below-header-display":"","ast-hfb-mobile-header-display":"","site-post-title":"","ast-breadcrumbs-content":"","ast-featured-img":"","footer-sml-layout":"","theme-transparent-header-meta":"default","adv-header-id-meta":"","stick-header-meta":"","header-above-stick-meta":"","header-main-stick-meta":"","header-below-stick-meta":"","astra-migrate-meta-layouts":"set","ast-page-background-enabled":"default","ast-page-background-meta":{"desktop":{"background-color":"","background-image":"","background-repeat":"repeat","background-position":"center center","background-size":"auto","background-attachment":"scroll","background-type":"","background-media":"","overlay-type":"","overlay-color":"","overlay-opacity":"","overlay-gradient":""},"tablet":{"background-color":"","background-image":"","background-repeat":"repeat","background-position":"center center","background-size":"auto","background-attachment":"scroll","background-type":"","background-media":"","overlay-type":"","overlay-color":"","overlay-opacity":"","overlay-gradient":""},"mobile":{"background-color":"","background-image":"","background-repeat":"repeat","background-position":"center center","background-size":"auto","background-attachment":"scroll","background-type":"","background-media":"","overlay-type":"","overlay-color":"","overlay-opacity":"","overlay-gradient":""}},"ast-content-background-meta":{"desktop":{"background-color":"var(--ast-global-color-5)","background-image":"","background-repeat":"repeat","background-position":"center center","background-size":"auto","background-attachment":"scroll","background-type":"","background-media":"","overlay-type":"","overlay-color":"","overlay-opacity":"","overlay-gradient":""},"tablet":{"background-color":"var(--ast-global-color-5)","background-image":"","background-repeat":"repeat","background-position":"center center","background-size":"auto","background-attachment":"scroll","background-type":"","background-media":"","overlay-type":"","overlay-color":"","overlay-opacity":"","overlay-gradient":""},"mobile":{"background-color":"var(--ast-global-color-5)","background-image":"","background-repeat":"repeat","background-position":"center center","background-size":"auto","background-attachment":"scroll","background-type":"","background-media":"","overlay-type":"","overlay-color":"","overlay-opacity":"","overlay-gradient":""}}},"product_brand":[],"product_cat":[334,29],"product_tag":[489],"class_list":{"0":"post-3450","1":"product","2":"type-product","3":"status-publish","4":"has-post-thumbnail","6":"product_cat-concentres-de-marijuana","7":"product_cat-haschisch","8":"product_tag-buy-moroccan-phoenix-hash-online-france","9":"desktop-align-left","10":"tablet-align-left","11":"mobile-align-left","13":"first","14":"instock","15":"shipping-taxable","16":"purchasable","17":"product-type-variable"},"uagb_featured_image_src":{"full":["https:\/\/pressurezone.shop\/wp-content\/uploads\/2024\/10\/Buy-Moroccan-Phoenix-Hash-Online.jpg",768,768,false],"thumbnail":["https:\/\/pressurezone.shop\/wp-content\/uploads\/2024\/10\/Buy-Moroccan-Phoenix-Hash-Online-150x150.jpg",150,150,true],"medium":["https:\/\/pressurezone.shop\/wp-content\/uploads\/2024\/10\/Buy-Moroccan-Phoenix-Hash-Online-300x300.jpg",300,300,true],"medium_large":["https:\/\/pressurezone.shop\/wp-content\/uploads\/2024\/10\/Buy-Moroccan-Phoenix-Hash-Online.jpg",768,768,false],"large":["https:\/\/pressurezone.shop\/wp-content\/uploads\/2024\/10\/Buy-Moroccan-Phoenix-Hash-Online.jpg",768,768,false],"1536x1536":["https:\/\/pressurezone.shop\/wp-content\/uploads\/2024\/10\/Buy-Moroccan-Phoenix-Hash-Online.jpg",768,768,false],"2048x2048":["https:\/\/pressurezone.shop\/wp-content\/uploads\/2024\/10\/Buy-Moroccan-Phoenix-Hash-Online.jpg",768,768,false],"trp-custom-language-flag":["https:\/\/pressurezone.shop\/wp-content\/uploads\/2024\/10\/Buy-Moroccan-Phoenix-Hash-Online-12x12.jpg",12,12,true],"woocommerce_thumbnail":["https:\/\/pressurezone.shop\/wp-content\/uploads\/2024\/10\/Buy-Moroccan-Phoenix-Hash-Online-300x300.jpg",300,300,true],"woocommerce_single":["https:\/\/pressurezone.shop\/wp-content\/uploads\/2024\/10\/Buy-Moroccan-Phoenix-Hash-Online-600x600.jpg",600,600,true],"woocommerce_gallery_thumbnail":["https:\/\/pressurezone.shop\/wp-content\/uploads\/2024\/10\/Buy-Moroccan-Phoenix-Hash-Online-100x100.jpg",100,100,true]},"uagb_author_info":{"display_name":"pressurezone.shop","author_link":"https:\/\/pressurezone.shop\/pl\/author\/"},"uagb_comment_info":0,"uagb_excerpt":"Achetez le Haschisch Marocain Phoenix en Ligne en France sur Pressure Zone Shop D\u00e9couvrez le Haschisch Marocain Phoenix, un concentr\u00e9 exceptionnel de THC disponible en France, produit \u00e0 partir de la meilleure qualit\u00e9 de kief pur. Ce haschisch haut de gamme est issu des glandes r\u00e9sineuses ou trichomes de la plante de cannabis, s\u00e9par\u00e9es soigneusement&hellip;","_links":{"self":[{"href":"https:\/\/pressurezone.shop\/pl\/wp-json\/wp\/v2\/product\/3450"}],"collection":[{"href":"https:\/\/pressurezone.shop\/pl\/wp-json\/wp\/v2\/product"}],"about":[{"href":"https:\/\/pressurezone.shop\/pl\/wp-json\/wp\/v2\/types\/product"}],"replies":[{"embeddable":true,"href":"https:\/\/pressurezone.shop\/pl\/wp-json\/wp\/v2\/comments?post=3450"}],"version-history":[{"count":3,"href":"https:\/\/pressurezone.shop\/pl\/wp-json\/wp\/v2\/product\/3450\/revisions"}],"predecessor-version":[{"id":4150,"href":"https:\/\/pressurezone.shop\/pl\/wp-json\/wp\/v2\/product\/3450\/revisions\/4150"}],"wp:featuredmedia":[{"embeddable":true,"href":"https:\/\/pressurezone.shop\/pl\/wp-json\/wp\/v2\/media\/3508"}],"wp:attachment":[{"href":"https:\/\/pressurezone.shop\/pl\/wp-json\/wp\/v2\/media?parent=3450"}],"wp:term":[{"taxonomy":"product_brand","embeddable":true,"href":"https:\/\/pressurezone.shop\/pl\/wp-json\/wp\/v2\/product_brand?post=3450"},{"taxonomy":"product_cat","embeddable":true,"href":"https:\/\/pressurezone.shop\/pl\/wp-json\/wp\/v2\/product_cat?post=3450"},{"taxonomy":"product_tag","embeddable":true,"href":"https:\/\/pressurezone.shop\/pl\/wp-json\/wp\/v2\/product_tag?post=3450"}],"curies":[{"name":"wp","href":"https:\/\/api.w.org\/{rel}","templated":true}]}}