{"id":3451,"date":"2024-10-11T01:03:29","date_gmt":"2024-10-10T23:03:29","guid":{"rendered":"https:\/\/pressurezone.shop\/?post_type=product&#038;p=3451"},"modified":"2024-11-04T02:19:39","modified_gmt":"2024-11-04T01:19:39","slug":"black-nepalese-haschisch","status":"publish","type":"product","link":"https:\/\/pressurezone.shop\/pl\/produkt\/czarny-nepalski-haszysz\/","title":{"rendered":"Czarny nepalski haszysz"},"content":{"rendered":"<h3><strong>Kup czarny nepalski haszysz online w Europie na <a href=\"https:\/\/pressurezone.shop\/pl\/\" target=\"_new\" rel=\"noopener\">Sklep ze strefami ci\u015bnieniowymi<\/a><\/strong><\/h3>\n<p>Odkryj <strong>Czarny nepalski haszysz<\/strong>rzadki haszysz z wysokich g\u00f3r Nepalu. Ten wyj\u0105tkowej jako\u015bci haszysz s\u0142ynie z wyj\u0105tkowej, \u0142atwej w u\u017cyciu, bogatej w \u017cywic\u0119 konsystencji, oferuj\u0105cej intensywne, aromatyczne doznania. Dzi\u0119ki doskona\u0142emu po\u0142\u0105czeniu tradycji i mocy, haszysz <strong>Czarny nepalski haszysz<\/strong> jest idealny dla entuzjast\u00f3w marihuany i tych, kt\u00f3rzy dopiero wkraczaj\u0105 w \u015bwiat haszyszu<\/p>\n<p>&nbsp;<\/p>\n<h3>Unikalny i autentyczny haszysz<\/h3>\n<p>Le <strong>Czarny nepalski haszysz<\/strong> wyr\u00f3\u017cnia si\u0119 g\u0142adk\u0105 konsystencj\u0105, u\u0142atwion\u0105 dzi\u0119ki zachowaniu \u017cywicznych trichom\u00f3w THC. Dzi\u0119ki temu jest \u0142atwy w u\u017cyciu i idealny dla tych, kt\u00f3rzy po raz pierwszy odkrywaj\u0105 haszysz. Pochodz\u0105cy z d\u0142ugiej tradycji nepalskiego wytwarzania haszyszu, ka\u017cdy kawa\u0142ek oferuje autentyczny smak i pot\u0119\u017cny efekt.<a href=\"https:\/\/fuelpackz.com\/\" target=\"_blank\" rel=\"noopener\">.<\/a><\/p>\n<ul>\n<li><strong>Typ<\/strong> Haszysz Premium z Nepalu<\/li>\n<li><strong>Pochodzenie<\/strong> Wy\u017cyny Nepalu<\/li>\n<\/ul>\n<h3>Dlaczego warto wybra\u0107 Black Nepalese Hashish?<\/h3>\n<p>Le <strong>Czarny nepalski haszysz<\/strong> jest idealny zar\u00f3wno dla koneser\u00f3w, jak i pocz\u0105tkuj\u0105cych, dzi\u0119ki \u0142atwej obs\u0142udze i \u017cywicznej konsystencji. Ten nepalski haszysz oferuje z\u0142o\u017cone smaki pikantnych nut, zr\u00f3wnowa\u017cone nieoczekiwan\u0105 sosnow\u0105 s\u0142odycz\u0105, tworz\u0105c wyj\u0105tkowe doznania smakowe.<\/p>\n<ul>\n<li><strong>Zapachy<\/strong> Pikantny z nut\u0105 s\u0142odkiej sosny<\/li>\n<li><strong>Efekty<\/strong> Relaks, Euforia, Koj\u0105ce uczucie<\/li>\n<li><strong>Idealny dla<\/strong> G\u0142\u0119boki relaks, \u0142agodzenie stresu i odkrywanie egzotycznych smak\u00f3w<\/li>\n<\/ul>\n<h3>Smaki i aromaty czarnego nepalskiego haszyszu<\/h3>\n<p>Le <strong>Czarny nepalski haszysz<\/strong> przenosi w \u015bwiat pikantnych, drzewnych smak\u00f3w, uzupe\u0142nionych sosnow\u0105 s\u0142odycz\u0105, kt\u00f3ra przyjemnie zaskakuje podniebienie. Jest to bogaty w terpeny haszysz o s\u0142odkim, g\u0142\u0119bokim smaku, kt\u00f3ry utrzymuje si\u0119 na podniebieniu d\u0142ugo po spo\u017cyciu.<\/p>\n<ul>\n<li><strong>Smaki<\/strong> Nuty korzenne, s\u0142odka sosna<\/li>\n<li><strong>Zapachy<\/strong> Pikantny, ziemisty, drzewna s\u0142odycz<\/li>\n<\/ul>\n<h3>U\u017cytkowanie i do\u015bwiadczenie<\/h3>\n<p>Dzi\u0119ki swojej \u017cywicznej konsystencji <strong>Czarny nepalski haszysz<\/strong> jest wszechstronna i \u0142atwa w u\u017cyciu:<\/p>\n<ul>\n<li><strong>Palenie w fajce lub bongu<\/strong> dla szybkiego narastania efekt\u00f3w.<\/li>\n<li><strong>Spray<\/strong> dla czystego smaku i kontrolowanego do\u015bwiadczenia.<\/li>\n<li><strong>Zintegrowany z po\u0142\u0105czeniem<\/strong> dla bogatszego smaku i wi\u0119kszej intensywno\u015bci.<\/li>\n<\/ul>\n<h3>Zam\u00f3w czarny nepalski haszysz online w sklepie Pressure Zone Shop<\/h3>\n<p>Gotowy do odkrywania wyj\u0105tkowych smak\u00f3w i mocy <strong>Czarny nepalski haszysz<\/strong> ? Zam\u00f3w teraz na <a href=\"https:\/\/pressurezone.shop\/pl\/\" target=\"_new\" rel=\"noopener\">Sklep ze strefami ci\u015bnieniowymi<\/a> aby cieszy\u0107 si\u0119 wysokiej jako\u015bci tradycyjnym haszyszem, idealnym do egzotycznych i relaksuj\u0105cych dozna\u0144. <strong>Czarny nepalski haszysz<\/strong> to idealny wyb\u00f3r, aby zanurzy\u0107 si\u0119 w najlepszym nepalskim haszyszu.<\/p>","protected":false},"excerpt":{"rendered":"<p>Achetez du Black Nepalese Haschisch en Ligne en Europe sur Pressure Zone Shop D\u00e9couvrez le Black Nepalese Haschisch, un haschisch rare provenant des hautes montagnes du N\u00e9pal. Ce haschisch de qualit\u00e9 exceptionnelle est reconnu pour sa texture unique, facile \u00e0 manier et riche en r\u00e9sine, offrant une exp\u00e9rience intense et parfum\u00e9e. Avec son m\u00e9lange parfait [&hellip;]<\/p>","protected":false},"featured_media":3510,"comment_status":"closed","ping_status":"closed","template":"","meta":{"_uag_custom_page_level_css":"","site-sidebar-layout":"default","site-content-layout":"","ast-site-content-layout":"default","site-content-style":"default","site-sidebar-style":"default","ast-global-header-display":"","ast-banner-title-visibility":"","ast-main-header-display":"","ast-hfb-above-header-display":"","ast-hfb-below-header-display":"","ast-hfb-mobile-header-display":"","site-post-title":"","ast-breadcrumbs-content":"","ast-featured-img":"","footer-sml-layout":"","theme-transparent-header-meta":"default","adv-header-id-meta":"","stick-header-meta":"","header-above-stick-meta":"","header-main-stick-meta":"","header-below-stick-meta":"","astra-migrate-meta-layouts":"set","ast-page-background-enabled":"default","ast-page-background-meta":{"desktop":{"background-color":"","background-image":"","background-repeat":"repeat","background-position":"center center","background-size":"auto","background-attachment":"scroll","background-type":"","background-media":"","overlay-type":"","overlay-color":"","overlay-opacity":"","overlay-gradient":""},"tablet":{"background-color":"","background-image":"","background-repeat":"repeat","background-position":"center center","background-size":"auto","background-attachment":"scroll","background-type":"","background-media":"","overlay-type":"","overlay-color":"","overlay-opacity":"","overlay-gradient":""},"mobile":{"background-color":"","background-image":"","background-repeat":"repeat","background-position":"center center","background-size":"auto","background-attachment":"scroll","background-type":"","background-media":"","overlay-type":"","overlay-color":"","overlay-opacity":"","overlay-gradient":""}},"ast-content-background-meta":{"desktop":{"background-color":"var(--ast-global-color-5)","background-image":"","background-repeat":"repeat","background-position":"center center","background-size":"auto","background-attachment":"scroll","background-type":"","background-media":"","overlay-type":"","overlay-color":"","overlay-opacity":"","overlay-gradient":""},"tablet":{"background-color":"var(--ast-global-color-5)","background-image":"","background-repeat":"repeat","background-position":"center center","background-size":"auto","background-attachment":"scroll","background-type":"","background-media":"","overlay-type":"","overlay-color":"","overlay-opacity":"","overlay-gradient":""},"mobile":{"background-color":"var(--ast-global-color-5)","background-image":"","background-repeat":"repeat","background-position":"center center","background-size":"auto","background-attachment":"scroll","background-type":"","background-media":"","overlay-type":"","overlay-color":"","overlay-opacity":"","overlay-gradient":""}}},"product_brand":[],"product_cat":[334,29],"product_tag":[501,151,123,490],"class_list":{"0":"post-3451","1":"product","2":"type-product","3":"status-publish","4":"has-post-thumbnail","6":"product_cat-concentres-de-marijuana","7":"product_cat-haschisch","8":"product_tag-black-nepalese-haschisch","9":"product_tag-haschisch","10":"product_tag-hashish","11":"product_tag-order-black-nepalese-hash-europe","12":"desktop-align-left","13":"tablet-align-left","14":"mobile-align-left","16":"first","17":"instock","18":"shipping-taxable","19":"purchasable","20":"product-type-variable"},"uagb_featured_image_src":{"full":["https:\/\/pressurezone.shop\/wp-content\/uploads\/2024\/10\/Black-Nepalese-Hash.jpg",768,768,false],"thumbnail":["https:\/\/pressurezone.shop\/wp-content\/uploads\/2024\/10\/Black-Nepalese-Hash-150x150.jpg",150,150,true],"medium":["https:\/\/pressurezone.shop\/wp-content\/uploads\/2024\/10\/Black-Nepalese-Hash-300x300.jpg",300,300,true],"medium_large":["https:\/\/pressurezone.shop\/wp-content\/uploads\/2024\/10\/Black-Nepalese-Hash.jpg",768,768,false],"large":["https:\/\/pressurezone.shop\/wp-content\/uploads\/2024\/10\/Black-Nepalese-Hash.jpg",768,768,false],"1536x1536":["https:\/\/pressurezone.shop\/wp-content\/uploads\/2024\/10\/Black-Nepalese-Hash.jpg",768,768,false],"2048x2048":["https:\/\/pressurezone.shop\/wp-content\/uploads\/2024\/10\/Black-Nepalese-Hash.jpg",768,768,false],"trp-custom-language-flag":["https:\/\/pressurezone.shop\/wp-content\/uploads\/2024\/10\/Black-Nepalese-Hash-12x12.jpg",12,12,true],"woocommerce_thumbnail":["https:\/\/pressurezone.shop\/wp-content\/uploads\/2024\/10\/Black-Nepalese-Hash-300x300.jpg",300,300,true],"woocommerce_single":["https:\/\/pressurezone.shop\/wp-content\/uploads\/2024\/10\/Black-Nepalese-Hash-600x600.jpg",600,600,true],"woocommerce_gallery_thumbnail":["https:\/\/pressurezone.shop\/wp-content\/uploads\/2024\/10\/Black-Nepalese-Hash-100x100.jpg",100,100,true]},"uagb_author_info":{"display_name":"pressurezone.shop","author_link":"https:\/\/pressurezone.shop\/pl\/author\/"},"uagb_comment_info":0,"uagb_excerpt":"Achetez du Black Nepalese Haschisch en Ligne en Europe sur Pressure Zone Shop D\u00e9couvrez le Black Nepalese Haschisch, un haschisch rare provenant des hautes montagnes du N\u00e9pal. Ce haschisch de qualit\u00e9 exceptionnelle est reconnu pour sa texture unique, facile \u00e0 manier et riche en r\u00e9sine, offrant une exp\u00e9rience intense et parfum\u00e9e. Avec son m\u00e9lange parfait&hellip;","_links":{"self":[{"href":"https:\/\/pressurezone.shop\/pl\/wp-json\/wp\/v2\/product\/3451"}],"collection":[{"href":"https:\/\/pressurezone.shop\/pl\/wp-json\/wp\/v2\/product"}],"about":[{"href":"https:\/\/pressurezone.shop\/pl\/wp-json\/wp\/v2\/types\/product"}],"replies":[{"embeddable":true,"href":"https:\/\/pressurezone.shop\/pl\/wp-json\/wp\/v2\/comments?post=3451"}],"version-history":[{"count":3,"href":"https:\/\/pressurezone.shop\/pl\/wp-json\/wp\/v2\/product\/3451\/revisions"}],"predecessor-version":[{"id":4118,"href":"https:\/\/pressurezone.shop\/pl\/wp-json\/wp\/v2\/product\/3451\/revisions\/4118"}],"wp:featuredmedia":[{"embeddable":true,"href":"https:\/\/pressurezone.shop\/pl\/wp-json\/wp\/v2\/media\/3510"}],"wp:attachment":[{"href":"https:\/\/pressurezone.shop\/pl\/wp-json\/wp\/v2\/media?parent=3451"}],"wp:term":[{"taxonomy":"product_brand","embeddable":true,"href":"https:\/\/pressurezone.shop\/pl\/wp-json\/wp\/v2\/product_brand?post=3451"},{"taxonomy":"product_cat","embeddable":true,"href":"https:\/\/pressurezone.shop\/pl\/wp-json\/wp\/v2\/product_cat?post=3451"},{"taxonomy":"product_tag","embeddable":true,"href":"https:\/\/pressurezone.shop\/pl\/wp-json\/wp\/v2\/product_tag?post=3451"}],"curies":[{"name":"wp","href":"https:\/\/api.w.org\/{rel}","templated":true}]}}