{"id":3453,"date":"2024-10-11T01:03:29","date_gmt":"2024-10-10T23:03:29","guid":{"rendered":"https:\/\/pressurezone.shop\/?post_type=product&#038;p=3453"},"modified":"2024-11-04T20:38:04","modified_gmt":"2024-11-04T19:38:04","slug":"haschisch-malana-elephant-weed","status":"publish","type":"product","link":"https:\/\/pressurezone.shop\/pl\/produkt\/haszysz-malana-ziolo-slonia\/","title":{"rendered":"Hashish Malana Elephant Weed"},"content":{"rendered":"<h3><strong>Kup Hashish Malana Elephant Weed Online w Europie na <a href=\"https:\/\/pressurezone.shop\/pl\/\" target=\"_new\" rel=\"noopener\">Sklep ze strefami ci\u015bnieniowymi<\/a><\/strong><\/h3>\n<p>Odkryj <strong>Hashish Malana Elephant Weed<\/strong>legendarny haszysz AAAA+ importowany bezpo\u015brednio z Indii, kraju s\u0142yn\u0105cego z wieloletniego do\u015bwiadczenia w produkcji haszyszu. Ten wysokiej jako\u015bci haszysz jest wytwarzany ze \u015bwie\u017cych ro\u015blin konopi, nie jest suszony ani rafinowany, oferuj\u0105c aromatyczne, bogate doznania smakowe.<\/p>\n<h3>Dlaczego warto wybra\u0107 Haschisch Malana Elephant?<\/h3>\n<p>Le <strong>Hashish Malana Elephant<\/strong> wyr\u00f3\u017cnia si\u0119 unikaln\u0105 metod\u0105 produkcji: wykorzystuj\u0105c \u015bwie\u017ce, \u017cywe ro\u015bliny konopi, hodowcy gwarantuj\u0105 produkt o wyj\u0105tkowej jako\u015bci i mocy. Rezultatem jest haszysz o gumowatej konsystencji, \u0142atwy w u\u017cyciu i o niezr\u00f3wnanym profilu smakowym. Ten legendarny haszysz to najlepszy wyb\u00f3r dla os\u00f3b poszukuj\u0105cych autentycznych dozna\u0144 zwi\u0105zanych z konopiami indyjskimi.<\/p>\n<ul>\n<li><strong>Typ<\/strong> Najwy\u017cszej jako\u015bci indyjski haszysz<\/li>\n<li><strong>Pochodzenie<\/strong> Indie, dolina Malana<\/li>\n<\/ul>\n<h3>Smaki i aromaty haszyszu Malana Elephant<\/h3>\n<p>Le <strong>Hashish Malana Elephant<\/strong> oferuje wyj\u0105tkow\u0105 palet\u0119 smak\u00f3w i aromat\u00f3w, \u0142\u0105cz\u0105c nuty drzewne, pieprzowe i s\u0142odkie. Jej bogaty smak i otulaj\u0105cy aromat tworz\u0105 zmys\u0142owe do\u015bwiadczenie, kt\u00f3re przeniesie Ci\u0119 do serca Himalaj\u00f3w. Jej naturalnie s\u0142odka i pieprzna esencja jest idealna dla mi\u0142o\u015bnik\u00f3w g\u0142\u0119bokich, autentycznych smak\u00f3w.<\/p>\n<ul>\n<li><strong>Smaki<\/strong> S\u0142odki, pieprzny, drzewny<\/li>\n<li><strong>Zapachy<\/strong> Ziemisty, pikantny, nuty drewna i pieprzu<\/li>\n<\/ul>\n<h3>Efekty i korzy\u015bci p\u0142yn\u0105ce ze stosowania Hashish Malana Elephant<\/h3>\n<p>Le <strong>Hashish Malana Elephant<\/strong> s\u0142ynie z silnego, relaksuj\u0105cego dzia\u0142ania, idealnego do uspokojenia umys\u0142u i odpr\u0119\u017cenia cia\u0142a. Ten haszysz zapewnia uczucie g\u0142\u0119bokiego dobrego samopoczucia i wewn\u0119trznego spokoju, idealnego do pe\u0142nego relaksu pod koniec dnia. To doskona\u0142y wyb\u00f3r dla koneser\u00f3w konopi i os\u00f3b poszukuj\u0105cych intensywnego relaksu.<\/p>\n<ul>\n<li><strong>Efekty<\/strong> Relaks, Dobre samopoczucie, Ukojenie<\/li>\n<li><strong>Idealny dla<\/strong> Wieczorny relaks, zarz\u0105dzanie stresem, g\u0142\u0119boki relaks<\/li>\n<\/ul>\n<h3>Unikalny proces produkcji<\/h3>\n<p>Wywodz\u0105ca si\u0119 z wielowiekowej tradycji, gra <strong>Hashish Malana Elephant<\/strong> jest produkowany z \u017cywych ro\u015blin, metod\u0105, kt\u00f3ra pozwala zachowa\u0107 niezb\u0119dne terpeny i kannabinoidy. Ten unikalny proces, przeprowadzany w g\u00f3rach Indii, wytwarza haszysz, kt\u00f3ry jest zar\u00f3wno mocny, jak i aromatyczny, idealny dla os\u00f3b poszukuj\u0105cych produktu o wyj\u0105tkowej jako\u015bci.<a href=\"https:\/\/fuelpackz.com\/\" target=\"_blank\" rel=\"noopener\">.<\/a><\/p>\n<h3>U\u017cytkowanie i do\u015bwiadczenie<\/h3>\n<p>Le <strong>Hashish Malana Elephant<\/strong> jest wszechstronna i mo\u017cna j\u0105 dostosowa\u0107 do r\u00f3\u017cnych metod konsumpcji, co pozwala w pe\u0142ni wykorzysta\u0107 jej aromaty i efekty:<\/p>\n<ul>\n<li><strong>Palenie w fajce lub bongu<\/strong> dla szybkiego narastania efekt\u00f3w.<\/li>\n<li><strong>W\u0142\u0105czenie do wsp\u00f3lnego<\/strong> aby wzbogaci\u0107 smak i przed\u0142u\u017cy\u0107 relaksuj\u0105cy efekt.<\/li>\n<li><strong>Spray<\/strong> dla czystego smaku i optymalnej kontroli efekt\u00f3w.<\/li>\n<\/ul>\n<h3>Zam\u00f3w Haschisch Malana Elephant online w sklepie Pressure Zone Shop<\/h3>\n<p>Gotowy, by odkry\u0107 autentyczno\u015b\u0107 i moc <strong>Hashish Malana Elephant<\/strong> ? Zam\u00f3w teraz na <a href=\"https:\/\/pressurezone.shop\/pl\/\" target=\"_new\" rel=\"noopener\">Sklep ze strefami ci\u015bnieniowymi<\/a> na wyj\u0105tkowe do\u015bwiadczenie inspirowane \u015bwi\u0119tymi ziemiami Indii. <strong>Malana Elephant Hash<\/strong> to idealny wyb\u00f3r, aby ca\u0142kowicie zanurzy\u0107 si\u0119 w tradycji haszyszu.<\/p>","protected":false},"excerpt":{"rendered":"<p>Achetez le Haschisch Malana Elephant Weed en Ligne en Europe sur Pressure Zone Shop D\u00e9couvrez le Haschisch Malana Elephant Weed, un haschisch l\u00e9gendaire import\u00e9 de qualit\u00e9 AAAA+ provenant directement de l&rsquo;Inde, une terre reconnue pour son expertise ancestrale en mati\u00e8re de haschisch. Ce haschisch de haute qualit\u00e9 est fabriqu\u00e9 avec des plantes de cannabis fra\u00eeches, [&hellip;]<\/p>","protected":false},"featured_media":3514,"comment_status":"closed","ping_status":"closed","template":"","meta":{"_uag_custom_page_level_css":"","site-sidebar-layout":"default","site-content-layout":"","ast-site-content-layout":"default","site-content-style":"default","site-sidebar-style":"default","ast-global-header-display":"","ast-banner-title-visibility":"","ast-main-header-display":"","ast-hfb-above-header-display":"","ast-hfb-below-header-display":"","ast-hfb-mobile-header-display":"","site-post-title":"","ast-breadcrumbs-content":"","ast-featured-img":"","footer-sml-layout":"","theme-transparent-header-meta":"default","adv-header-id-meta":"","stick-header-meta":"","header-above-stick-meta":"","header-main-stick-meta":"","header-below-stick-meta":"","astra-migrate-meta-layouts":"set","ast-page-background-enabled":"default","ast-page-background-meta":{"desktop":{"background-color":"","background-image":"","background-repeat":"repeat","background-position":"center center","background-size":"auto","background-attachment":"scroll","background-type":"","background-media":"","overlay-type":"","overlay-color":"","overlay-opacity":"","overlay-gradient":""},"tablet":{"background-color":"","background-image":"","background-repeat":"repeat","background-position":"center center","background-size":"auto","background-attachment":"scroll","background-type":"","background-media":"","overlay-type":"","overlay-color":"","overlay-opacity":"","overlay-gradient":""},"mobile":{"background-color":"","background-image":"","background-repeat":"repeat","background-position":"center center","background-size":"auto","background-attachment":"scroll","background-type":"","background-media":"","overlay-type":"","overlay-color":"","overlay-opacity":"","overlay-gradient":""}},"ast-content-background-meta":{"desktop":{"background-color":"var(--ast-global-color-5)","background-image":"","background-repeat":"repeat","background-position":"center center","background-size":"auto","background-attachment":"scroll","background-type":"","background-media":"","overlay-type":"","overlay-color":"","overlay-opacity":"","overlay-gradient":""},"tablet":{"background-color":"var(--ast-global-color-5)","background-image":"","background-repeat":"repeat","background-position":"center center","background-size":"auto","background-attachment":"scroll","background-type":"","background-media":"","overlay-type":"","overlay-color":"","overlay-opacity":"","overlay-gradient":""},"mobile":{"background-color":"var(--ast-global-color-5)","background-image":"","background-repeat":"repeat","background-position":"center center","background-size":"auto","background-attachment":"scroll","background-type":"","background-media":"","overlay-type":"","overlay-color":"","overlay-opacity":"","overlay-gradient":""}}},"product_brand":[],"product_cat":[334,29],"product_tag":[491],"class_list":{"0":"post-3453","1":"product","2":"type-product","3":"status-publish","4":"has-post-thumbnail","6":"product_cat-concentres-de-marijuana","7":"product_cat-haschisch","8":"product_tag-malana-elephant-weed-hash-for-sale-europe","9":"desktop-align-left","10":"tablet-align-left","11":"mobile-align-left","13":"first","14":"instock","15":"shipping-taxable","16":"purchasable","17":"product-type-variable"},"uagb_featured_image_src":{"full":["https:\/\/pressurezone.shop\/wp-content\/uploads\/2024\/10\/Malana-Elephant-Weed-Hash.jpg",768,768,false],"thumbnail":["https:\/\/pressurezone.shop\/wp-content\/uploads\/2024\/10\/Malana-Elephant-Weed-Hash-150x150.jpg",150,150,true],"medium":["https:\/\/pressurezone.shop\/wp-content\/uploads\/2024\/10\/Malana-Elephant-Weed-Hash-300x300.jpg",300,300,true],"medium_large":["https:\/\/pressurezone.shop\/wp-content\/uploads\/2024\/10\/Malana-Elephant-Weed-Hash.jpg",768,768,false],"large":["https:\/\/pressurezone.shop\/wp-content\/uploads\/2024\/10\/Malana-Elephant-Weed-Hash.jpg",768,768,false],"1536x1536":["https:\/\/pressurezone.shop\/wp-content\/uploads\/2024\/10\/Malana-Elephant-Weed-Hash.jpg",768,768,false],"2048x2048":["https:\/\/pressurezone.shop\/wp-content\/uploads\/2024\/10\/Malana-Elephant-Weed-Hash.jpg",768,768,false],"trp-custom-language-flag":["https:\/\/pressurezone.shop\/wp-content\/uploads\/2024\/10\/Malana-Elephant-Weed-Hash-12x12.jpg",12,12,true],"woocommerce_thumbnail":["https:\/\/pressurezone.shop\/wp-content\/uploads\/2024\/10\/Malana-Elephant-Weed-Hash-300x300.jpg",300,300,true],"woocommerce_single":["https:\/\/pressurezone.shop\/wp-content\/uploads\/2024\/10\/Malana-Elephant-Weed-Hash-600x600.jpg",600,600,true],"woocommerce_gallery_thumbnail":["https:\/\/pressurezone.shop\/wp-content\/uploads\/2024\/10\/Malana-Elephant-Weed-Hash-100x100.jpg",100,100,true]},"uagb_author_info":{"display_name":"pressurezone.shop","author_link":"https:\/\/pressurezone.shop\/pl\/author\/"},"uagb_comment_info":0,"uagb_excerpt":"Achetez le Haschisch Malana Elephant Weed en Ligne en Europe sur Pressure Zone Shop D\u00e9couvrez le Haschisch Malana Elephant Weed, un haschisch l\u00e9gendaire import\u00e9 de qualit\u00e9 AAAA+ provenant directement de l&rsquo;Inde, une terre reconnue pour son expertise ancestrale en mati\u00e8re de haschisch. Ce haschisch de haute qualit\u00e9 est fabriqu\u00e9 avec des plantes de cannabis fra\u00eeches,&hellip;","_links":{"self":[{"href":"https:\/\/pressurezone.shop\/pl\/wp-json\/wp\/v2\/product\/3453"}],"collection":[{"href":"https:\/\/pressurezone.shop\/pl\/wp-json\/wp\/v2\/product"}],"about":[{"href":"https:\/\/pressurezone.shop\/pl\/wp-json\/wp\/v2\/types\/product"}],"replies":[{"embeddable":true,"href":"https:\/\/pressurezone.shop\/pl\/wp-json\/wp\/v2\/comments?post=3453"}],"version-history":[{"count":4,"href":"https:\/\/pressurezone.shop\/pl\/wp-json\/wp\/v2\/product\/3453\/revisions"}],"predecessor-version":[{"id":4232,"href":"https:\/\/pressurezone.shop\/pl\/wp-json\/wp\/v2\/product\/3453\/revisions\/4232"}],"wp:featuredmedia":[{"embeddable":true,"href":"https:\/\/pressurezone.shop\/pl\/wp-json\/wp\/v2\/media\/3514"}],"wp:attachment":[{"href":"https:\/\/pressurezone.shop\/pl\/wp-json\/wp\/v2\/media?parent=3453"}],"wp:term":[{"taxonomy":"product_brand","embeddable":true,"href":"https:\/\/pressurezone.shop\/pl\/wp-json\/wp\/v2\/product_brand?post=3453"},{"taxonomy":"product_cat","embeddable":true,"href":"https:\/\/pressurezone.shop\/pl\/wp-json\/wp\/v2\/product_cat?post=3453"},{"taxonomy":"product_tag","embeddable":true,"href":"https:\/\/pressurezone.shop\/pl\/wp-json\/wp\/v2\/product_tag?post=3453"}],"curies":[{"name":"wp","href":"https:\/\/api.w.org\/{rel}","templated":true}]}}