{"id":3472,"date":"2024-10-11T01:03:53","date_gmt":"2024-10-10T23:03:53","guid":{"rendered":"https:\/\/pressurezone.shop\/?post_type=product&#038;p=3472"},"modified":"2024-11-04T20:26:12","modified_gmt":"2024-11-04T19:26:12","slug":"haschisch-laughing-buddha","status":"publish","type":"product","link":"https:\/\/pressurezone.shop\/pl\/produkt\/haszysz-smiejacy-sie-budda\/","title":{"rendered":"Haschisch \u015amiej\u0105cy si\u0119 Budda"},"content":{"rendered":"<h3><strong>Kup Laughing Buddha Hashish online w Europie pod adresem <a href=\"https:\/\/pressurezone.shop\/pl\/\" target=\"_new\" rel=\"noopener\">Sklep ze strefami ci\u015bnieniowymi<\/a><\/strong><\/h3>\n<p>Odkryj <strong>Haschisch \u015amiej\u0105cy si\u0119 Budda<\/strong>egzotyczny i wyrafinowany haszysz wytwarzany z najwy\u017cszej jako\u015bci ro\u015blin Laughing Buddha. Zaprojektowany dla koneser\u00f3w i entuzjast\u00f3w konopi, ten najwy\u017cszej klasy haszysz jest wytwarzany ze \u015bwie\u017co mro\u017conych trichom\u00f3w Laughing Buddha, gwarantuj\u0105c wyj\u0105tkow\u0105 jako\u015b\u0107 na ka\u017cdym etapie procesu.<\/p>\n<h3>Dlaczego warto wybra\u0107 Haschisch Laughing Buddha?<\/h3>\n<p>Le <strong>Haschisch \u015amiej\u0105cy si\u0119 Budda<\/strong> wyr\u00f3\u017cnia si\u0119 skrupulatnym procesem produkcji, kt\u00f3ry trwa ponad 100 godzin, zapewniaj\u0105c charakterystyczn\u0105 elastyczno\u015b\u0107 i \u0142atw\u0105 w obs\u0142udze konsystencj\u0119. Jego niezr\u00f3wnana \u015bwie\u017co\u015b\u0107 i najwy\u017csza jako\u015b\u0107 sprawiaj\u0105, \u017ce jest to idealny wyb\u00f3r dla os\u00f3b poszukuj\u0105cych autentycznych i wyrafinowanych dozna\u0144 z haszyszem. Ciesz si\u0119 intensywnym relaksem i ca\u0142kowitym zanurzeniem w \u015bwiecie marihuany premium.<\/p>\n<ul>\n<li><strong>Typ<\/strong> Egzotyczny haszysz premium<\/li>\n<li><strong>Pochodzenie<\/strong> Wybrane ro\u015bliny \u015amiej\u0105cego si\u0119 Buddy<\/li>\n<\/ul>\n<h3>Smaki i aromaty haszyszu Laughing Buddha<\/h3>\n<p>Le <strong>Haschisch \u015amiej\u0105cy si\u0119 Budda<\/strong> oferuje unikalny i subtelny profil smakowy, wzmocniony nutami zio\u0142owymi i naturaln\u0105 s\u0142odycz\u0105. Jego elastyczna konsystencja i \u015bwie\u017co\u015b\u0107 zapewniaj\u0105 delikatne doznania sensoryczne, idealne dla koneser\u00f3w poszukuj\u0105cych zr\u00f3wnowa\u017conych smak\u00f3w.<a href=\"https:\/\/fuelpackz.com\/\" target=\"_blank\" rel=\"noopener\">.<\/a><\/p>\n<ul>\n<li><strong>Smaki<\/strong> Delikatny, zio\u0142owy, naturalny<\/li>\n<li><strong>Zapachy<\/strong> \u015awie\u017ce, subtelne nuty zio\u0142owe<\/li>\n<\/ul>\n<h3>Efekty i korzy\u015bci p\u0142yn\u0105ce ze stosowania haszyszu Laughing Buddha<\/h3>\n<p>Le <strong>Haschisch \u015amiej\u0105cy si\u0119 Budda<\/strong> jest znany ze swojego relaksuj\u0105cego i euforycznego dzia\u0142ania, idealnego do uspokojenia umys\u0142u i zapewnienia og\u00f3lnego dobrego samopoczucia. Ten wysokiej jako\u015bci haszysz wprowadza w stan spokoju i relaksu, idealny do stosowania pod koniec dnia lub wieczorem w celu roz\u0142adowania napi\u0119cia.<\/p>\n<ul>\n<li><strong>Efekty<\/strong> Relaks, euforia, dobre samopoczucie<\/li>\n<li><strong>Idealny dla<\/strong> Relaks wieczorem, \u0142agodzenie stresu, og\u00f3lny spok\u00f3j<\/li>\n<\/ul>\n<h3>Wyj\u0105tkowy proces produkcji<\/h3>\n<p>Wykonane ze \u015bwie\u017co zamro\u017conych trichom\u00f3w <strong>Haschisch \u015amiej\u0105cy si\u0119 Budda<\/strong> gwarantuje najwy\u017csz\u0105 jako\u015b\u0107 i wyj\u0105tkow\u0105 \u015bwie\u017co\u015b\u0107. Ten skrupulatny proces produkcji pozwala zachowa\u0107 niezb\u0119dne terpeny i kannabinoidy, zapewniaj\u0105c niepor\u00f3wnywaln\u0105 czysto\u015b\u0107 i moc podczas ka\u017cdej sesji.<\/p>\n<h3>U\u017cytkowanie i do\u015bwiadczenie<\/h3>\n<p>Le <strong>Haschisch \u015amiej\u0105cy si\u0119 Budda<\/strong> jest wszechstronny i mo\u017cna go spo\u017cywa\u0107 zgodnie z w\u0142asnymi preferencjami:<\/p>\n<ul>\n<li><strong>Palenie w fajce lub bongu<\/strong> dla szybkich i d\u0142ugotrwa\u0142ych rezultat\u00f3w.<\/li>\n<li><strong>W\u0142\u0105czenie do wsp\u00f3lnego<\/strong> aby wzbogaci\u0107 smak i przed\u0142u\u017cy\u0107 relaksuj\u0105cy efekt.<\/li>\n<li><strong>Spray<\/strong> dla czystego smaku i optymalnej kontroli efekt\u00f3w.<\/li>\n<\/ul>\n<h3>Zam\u00f3w Haschisch Laughing Buddha online w sklepie Pressure Zone Shop<\/h3>\n<p>Gotowy, by odkry\u0107 egzotyk\u0119 i wyj\u0105tkow\u0105 jako\u015b\u0107 <strong>Haschisch \u015amiej\u0105cy si\u0119 Budda<\/strong> ? Zam\u00f3w teraz na <a href=\"https:\/\/pressurezone.shop\/pl\/\" target=\"_new\" rel=\"noopener\">Sklep ze strefami ci\u015bnieniowymi<\/a> aby cieszy\u0107 si\u0119 wyrafinowanym haszyszem i najlepszym do\u015bwiadczeniem relaksacyjnym. <strong>Laughing Buddha Hash<\/strong> to idealny wyb\u00f3r dla zmys\u0142owego zanurzenia i ca\u0142kowitego relaksu.<\/p>","protected":false},"excerpt":{"rendered":"<p>Achetez le Haschisch Laughing Buddha en Ligne en Europe sur Pressure Zone Shop D\u00e9couvrez le Haschisch Laughing Buddha, un haschisch exotique et raffin\u00e9 issu de plantes premium Laughing Buddha. Con\u00e7u pour les connaisseurs et amateurs de cannabis, ce haschisch haut de gamme est fabriqu\u00e9 \u00e0 partir de trichomes de Laughing Buddha fra\u00eechement congel\u00e9s, garantissant une [&hellip;]<\/p>","protected":false},"featured_media":3516,"comment_status":"closed","ping_status":"closed","template":"","meta":{"_uag_custom_page_level_css":"","site-sidebar-layout":"default","site-content-layout":"","ast-site-content-layout":"default","site-content-style":"default","site-sidebar-style":"default","ast-global-header-display":"","ast-banner-title-visibility":"","ast-main-header-display":"","ast-hfb-above-header-display":"","ast-hfb-below-header-display":"","ast-hfb-mobile-header-display":"","site-post-title":"","ast-breadcrumbs-content":"","ast-featured-img":"","footer-sml-layout":"","theme-transparent-header-meta":"default","adv-header-id-meta":"","stick-header-meta":"","header-above-stick-meta":"","header-main-stick-meta":"","header-below-stick-meta":"","astra-migrate-meta-layouts":"set","ast-page-background-enabled":"default","ast-page-background-meta":{"desktop":{"background-color":"","background-image":"","background-repeat":"repeat","background-position":"center center","background-size":"auto","background-attachment":"scroll","background-type":"","background-media":"","overlay-type":"","overlay-color":"","overlay-opacity":"","overlay-gradient":""},"tablet":{"background-color":"","background-image":"","background-repeat":"repeat","background-position":"center center","background-size":"auto","background-attachment":"scroll","background-type":"","background-media":"","overlay-type":"","overlay-color":"","overlay-opacity":"","overlay-gradient":""},"mobile":{"background-color":"","background-image":"","background-repeat":"repeat","background-position":"center center","background-size":"auto","background-attachment":"scroll","background-type":"","background-media":"","overlay-type":"","overlay-color":"","overlay-opacity":"","overlay-gradient":""}},"ast-content-background-meta":{"desktop":{"background-color":"var(--ast-global-color-5)","background-image":"","background-repeat":"repeat","background-position":"center center","background-size":"auto","background-attachment":"scroll","background-type":"","background-media":"","overlay-type":"","overlay-color":"","overlay-opacity":"","overlay-gradient":""},"tablet":{"background-color":"var(--ast-global-color-5)","background-image":"","background-repeat":"repeat","background-position":"center center","background-size":"auto","background-attachment":"scroll","background-type":"","background-media":"","overlay-type":"","overlay-color":"","overlay-opacity":"","overlay-gradient":""},"mobile":{"background-color":"var(--ast-global-color-5)","background-image":"","background-repeat":"repeat","background-position":"center center","background-size":"auto","background-attachment":"scroll","background-type":"","background-media":"","overlay-type":"","overlay-color":"","overlay-opacity":"","overlay-gradient":""}}},"product_brand":[],"product_cat":[334,29],"product_tag":[492],"class_list":{"0":"post-3472","1":"product","2":"type-product","3":"status-publish","4":"has-post-thumbnail","6":"product_cat-concentres-de-marijuana","7":"product_cat-haschisch","8":"product_tag-buy-laughing-buddha-hash-eu","9":"desktop-align-left","10":"tablet-align-left","11":"mobile-align-left","13":"first","14":"instock","15":"shipping-taxable","16":"purchasable","17":"product-type-variable"},"uagb_featured_image_src":{"full":["https:\/\/pressurezone.shop\/wp-content\/uploads\/2024\/10\/Laughing-Buddha-Hash-EU.jpg",768,768,false],"thumbnail":["https:\/\/pressurezone.shop\/wp-content\/uploads\/2024\/10\/Laughing-Buddha-Hash-EU-150x150.jpg",150,150,true],"medium":["https:\/\/pressurezone.shop\/wp-content\/uploads\/2024\/10\/Laughing-Buddha-Hash-EU-300x300.jpg",300,300,true],"medium_large":["https:\/\/pressurezone.shop\/wp-content\/uploads\/2024\/10\/Laughing-Buddha-Hash-EU.jpg",768,768,false],"large":["https:\/\/pressurezone.shop\/wp-content\/uploads\/2024\/10\/Laughing-Buddha-Hash-EU.jpg",768,768,false],"1536x1536":["https:\/\/pressurezone.shop\/wp-content\/uploads\/2024\/10\/Laughing-Buddha-Hash-EU.jpg",768,768,false],"2048x2048":["https:\/\/pressurezone.shop\/wp-content\/uploads\/2024\/10\/Laughing-Buddha-Hash-EU.jpg",768,768,false],"trp-custom-language-flag":["https:\/\/pressurezone.shop\/wp-content\/uploads\/2024\/10\/Laughing-Buddha-Hash-EU-12x12.jpg",12,12,true],"woocommerce_thumbnail":["https:\/\/pressurezone.shop\/wp-content\/uploads\/2024\/10\/Laughing-Buddha-Hash-EU-300x300.jpg",300,300,true],"woocommerce_single":["https:\/\/pressurezone.shop\/wp-content\/uploads\/2024\/10\/Laughing-Buddha-Hash-EU-600x600.jpg",600,600,true],"woocommerce_gallery_thumbnail":["https:\/\/pressurezone.shop\/wp-content\/uploads\/2024\/10\/Laughing-Buddha-Hash-EU-100x100.jpg",100,100,true]},"uagb_author_info":{"display_name":"pressurezone.shop","author_link":"https:\/\/pressurezone.shop\/pl\/author\/"},"uagb_comment_info":0,"uagb_excerpt":"Achetez le Haschisch Laughing Buddha en Ligne en Europe sur Pressure Zone Shop D\u00e9couvrez le Haschisch Laughing Buddha, un haschisch exotique et raffin\u00e9 issu de plantes premium Laughing Buddha. Con\u00e7u pour les connaisseurs et amateurs de cannabis, ce haschisch haut de gamme est fabriqu\u00e9 \u00e0 partir de trichomes de Laughing Buddha fra\u00eechement congel\u00e9s, garantissant une&hellip;","_links":{"self":[{"href":"https:\/\/pressurezone.shop\/pl\/wp-json\/wp\/v2\/product\/3472"}],"collection":[{"href":"https:\/\/pressurezone.shop\/pl\/wp-json\/wp\/v2\/product"}],"about":[{"href":"https:\/\/pressurezone.shop\/pl\/wp-json\/wp\/v2\/types\/product"}],"replies":[{"embeddable":true,"href":"https:\/\/pressurezone.shop\/pl\/wp-json\/wp\/v2\/comments?post=3472"}],"version-history":[{"count":3,"href":"https:\/\/pressurezone.shop\/pl\/wp-json\/wp\/v2\/product\/3472\/revisions"}],"predecessor-version":[{"id":4215,"href":"https:\/\/pressurezone.shop\/pl\/wp-json\/wp\/v2\/product\/3472\/revisions\/4215"}],"wp:featuredmedia":[{"embeddable":true,"href":"https:\/\/pressurezone.shop\/pl\/wp-json\/wp\/v2\/media\/3516"}],"wp:attachment":[{"href":"https:\/\/pressurezone.shop\/pl\/wp-json\/wp\/v2\/media?parent=3472"}],"wp:term":[{"taxonomy":"product_brand","embeddable":true,"href":"https:\/\/pressurezone.shop\/pl\/wp-json\/wp\/v2\/product_brand?post=3472"},{"taxonomy":"product_cat","embeddable":true,"href":"https:\/\/pressurezone.shop\/pl\/wp-json\/wp\/v2\/product_cat?post=3472"},{"taxonomy":"product_tag","embeddable":true,"href":"https:\/\/pressurezone.shop\/pl\/wp-json\/wp\/v2\/product_tag?post=3472"}],"curies":[{"name":"wp","href":"https:\/\/api.w.org\/{rel}","templated":true}]}}