{"id":3473,"date":"2024-10-11T01:03:53","date_gmt":"2024-10-10T23:03:53","guid":{"rendered":"https:\/\/pressurezone.shop\/?post_type=product&#038;p=3473"},"modified":"2024-11-04T19:23:56","modified_gmt":"2024-11-04T18:23:56","slug":"haschisch-rouge-libanais","status":"publish","type":"product","link":"https:\/\/pressurezone.shop\/pl\/produkt\/libanski-czerwony-haszysz\/","title":{"rendered":"Czerwony liba\u0144ski haszysz"},"content":{"rendered":"<h3><strong>Kup czerwony liba\u0144ski haszysz online w Europie na <a href=\"https:\/\/pressurezone.shop\/pl\/\" target=\"_new\" rel=\"noopener\">Sklep ze strefami ci\u015bnieniowymi<\/a><\/strong><\/h3>\n<p>Odkryj legendarne <strong>Czerwony liba\u0144ski haszysz<\/strong>Wariant ten s\u0142ynie z silnych efekt\u00f3w m\u00f3zgowych, cho\u0107 zawsze towarzyszy mu g\u0142\u0119boki relaks fizyczny. Bardziej stymuluj\u0105cy ni\u017c inne tradycyjne rodzaje haszyszu, haszysz <strong>Czerwony liba\u0144ski haszysz<\/strong> oferuje wyj\u0105tkowe doznania, z intensywnym kamieniem cia\u0142a i niezwyk\u0142ymi falami relaksu, cz\u0119sto przewy\u017cszaj\u0105cymi maroka\u0144ski haszysz.<\/p>\n<h3>Wysokiej jako\u015bci ikona kultury<\/h3>\n<p>Le <strong>Czerwony liba\u0144ski haszysz<\/strong> to nie tylko produkt z konopi indyjskich - jest on zakorzeniony w kulturze i historii Bliskiego Wschodu. Znany na ca\u0142ym \u015bwiecie ze swojej wyj\u0105tkowej jako\u015bci AAAA+, liba\u0144ski haszysz pochodzi z doliny Baalbek, gdzie surowe warunki i rygorystyczny klimat sprzyjaj\u0105 rozwojowi grubych warstw trichom\u00f3w THC na lokalnych ro\u015blinach konopi. Ten naturalny proces zwi\u0119ksza moc, jako\u015b\u0107 i czysto\u015b\u0107 marihuany. <strong>Czerwony liba\u0144ski haszysz<\/strong>Jest uwa\u017cany za jeden z najlepszych autentycznych haszyszy.<\/p>\n<ul>\n<li><strong>Typ<\/strong> Liba\u0144ski haszysz premium<\/li>\n<li><strong>Pochodzenie<\/strong> Dolina Baalbek, Liban<\/li>\n<\/ul>\n<h3>Dlaczego warto wybra\u0107 Lebanese Red Hashish?<\/h3>\n<p>Le <strong>Czerwony liba\u0144ski haszysz<\/strong> to idealny wyb\u00f3r dla os\u00f3b poszukuj\u0105cych niezr\u00f3wnanych efekt\u00f3w m\u00f3zgowych i odpr\u0119\u017cenia cia\u0142a. Dzi\u0119ki najwy\u017cszej jako\u015bci i unikalnej metodzie produkcji, haszysz ten jest idealny do zr\u00f3wnowa\u017conego relaksu, kt\u00f3ry jednocze\u015bnie stymuluje umys\u0142. Jego charakterystyczny czerwony kolor pochodzi z procesu suszenia i dojrzewania na s\u0142o\u0144cu, co nadaje temu haszyszowi unikalny profil wizualny i aromatyczny.<\/p>\n<ul>\n<li><strong>Zapachy<\/strong> Ziemisty, pikantny, z nutami sosny i zi\u00f3\u0142<\/li>\n<li><strong>Efekty<\/strong> M\u00f3zgowy, relaksuj\u0105cy, zr\u00f3wnowa\u017cony<\/li>\n<li><strong>Idealny dla<\/strong> Wieczorny relaks, stymulacja umys\u0142owa, relaks fizyczny<\/li>\n<\/ul>\n<h3>Smaki i aromaty czerwonego haszyszu liba\u0144skiego<\/h3>\n<p>Le <strong>Czerwony liba\u0144ski haszysz<\/strong> wyr\u00f3\u017cnia si\u0119 bogactwem smaku i aromatu. Jego profil jest ziemisty z nut\u0105 przypraw i sosny, wzmocniony charakterystycznymi s\u0142odkimi nutami naturalnych s\u0142upk\u00f3w ro\u015bliny. Wra\u017cenia degustacyjne s\u0105 tak wyj\u0105tkowe, jak jej czerwony kolor, zaimpregnowany naturalnym procesem dojrzewania w liba\u0144skim s\u0142o\u0144cu.<a href=\"https:\/\/fuelpackz.com\/\" target=\"_blank\" rel=\"noopener\">.<\/a><\/p>\n<ul>\n<li><strong>Smaki<\/strong> Ziemisty, pikantny, zio\u0142owa s\u0142odycz<\/li>\n<li><strong>Zapachy<\/strong> Nuty sosnowe, ziemiste, korzenne<\/li>\n<\/ul>\n<h3>U\u017cytkowanie i do\u015bwiadczenie<\/h3>\n<p>Dzi\u0119ki swojej elastycznej konsystencji i czysto\u015bci <strong>Czerwony liba\u0144ski haszysz<\/strong> jest \u0142atwy w obs\u0142udze i dostosowuje si\u0119 do r\u00f3\u017cnych metod konsumpcji:<\/p>\n<ul>\n<li><strong>Palenie w fajce lub bongu<\/strong> dla szybkiego, bezpo\u015bredniego do\u015bwiadczenia.<\/li>\n<li><strong>Spray<\/strong> aby cieszy\u0107 si\u0119 czystym smakiem i kontrolowa\u0107 efekty.<\/li>\n<li><strong>Dodaj do po\u0142\u0105czenia<\/strong> aby wzmocni\u0107 smak i intensywno\u015b\u0107 efekt\u00f3w.<\/li>\n<\/ul>\n<h3>Zam\u00f3w czerwony liba\u0144ski haszysz online w sklepie Pressure Zone Shop<\/h3>\n<p>Gotowy do odkrywania wyj\u0105tkowych efekt\u00f3w i bogatych smak\u00f3w <strong>Czerwony liba\u0144ski haszysz<\/strong> ? Zam\u00f3w teraz na <a href=\"https:\/\/pressurezone.shop\/pl\/\" target=\"_new\" rel=\"noopener\">Sklep ze strefami ci\u015bnieniowymi<\/a> zapewnia autentyczne doznania zwi\u0105zane z haszyszem, idealne dla os\u00f3b poszukuj\u0105cych wysokiej jako\u015bci i mocy. <strong>Czerwony liba\u0144ski haszysz<\/strong> to idealny wyb\u00f3r na zr\u00f3wnowa\u017cony relaks i zag\u0142\u0119bienie si\u0119 w histori\u0119 wysokiej jako\u015bci haszyszu.<\/p>","protected":false},"excerpt":{"rendered":"<p>Achetez le Haschisch Rouge Libanais en Ligne en Europe sur Pressure Zone Shop D\u00e9couvrez le l\u00e9gendaire Haschisch Rouge Libanais, une variante renomm\u00e9e pour ses effets c\u00e9r\u00e9braux puissants, bien que toujours accompagn\u00e9 d&rsquo;une relaxation corporelle profonde. Plus stimulant que d\u2019autres types de haschisch traditionnels, le Haschisch Rouge Libanais offre une exp\u00e9rience unique, avec un stone corporel [&hellip;]<\/p>","protected":false},"featured_media":3518,"comment_status":"closed","ping_status":"closed","template":"","meta":{"_uag_custom_page_level_css":"","site-sidebar-layout":"default","site-content-layout":"","ast-site-content-layout":"default","site-content-style":"default","site-sidebar-style":"default","ast-global-header-display":"","ast-banner-title-visibility":"","ast-main-header-display":"","ast-hfb-above-header-display":"","ast-hfb-below-header-display":"","ast-hfb-mobile-header-display":"","site-post-title":"","ast-breadcrumbs-content":"","ast-featured-img":"","footer-sml-layout":"","theme-transparent-header-meta":"default","adv-header-id-meta":"","stick-header-meta":"","header-above-stick-meta":"","header-main-stick-meta":"","header-below-stick-meta":"","astra-migrate-meta-layouts":"set","ast-page-background-enabled":"default","ast-page-background-meta":{"desktop":{"background-color":"","background-image":"","background-repeat":"repeat","background-position":"center center","background-size":"auto","background-attachment":"scroll","background-type":"","background-media":"","overlay-type":"","overlay-color":"","overlay-opacity":"","overlay-gradient":""},"tablet":{"background-color":"","background-image":"","background-repeat":"repeat","background-position":"center center","background-size":"auto","background-attachment":"scroll","background-type":"","background-media":"","overlay-type":"","overlay-color":"","overlay-opacity":"","overlay-gradient":""},"mobile":{"background-color":"","background-image":"","background-repeat":"repeat","background-position":"center center","background-size":"auto","background-attachment":"scroll","background-type":"","background-media":"","overlay-type":"","overlay-color":"","overlay-opacity":"","overlay-gradient":""}},"ast-content-background-meta":{"desktop":{"background-color":"var(--ast-global-color-5)","background-image":"","background-repeat":"repeat","background-position":"center center","background-size":"auto","background-attachment":"scroll","background-type":"","background-media":"","overlay-type":"","overlay-color":"","overlay-opacity":"","overlay-gradient":""},"tablet":{"background-color":"var(--ast-global-color-5)","background-image":"","background-repeat":"repeat","background-position":"center center","background-size":"auto","background-attachment":"scroll","background-type":"","background-media":"","overlay-type":"","overlay-color":"","overlay-opacity":"","overlay-gradient":""},"mobile":{"background-color":"var(--ast-global-color-5)","background-image":"","background-repeat":"repeat","background-position":"center center","background-size":"auto","background-attachment":"scroll","background-type":"","background-media":"","overlay-type":"","overlay-color":"","overlay-opacity":"","overlay-gradient":""}}},"product_brand":[],"product_cat":[334,29],"product_tag":[493],"class_list":{"0":"post-3473","1":"product","2":"type-product","3":"status-publish","4":"has-post-thumbnail","6":"product_cat-concentres-de-marijuana","7":"product_cat-haschisch","8":"product_tag-buy-red-lebanese-hash-europe","9":"desktop-align-left","10":"tablet-align-left","11":"mobile-align-left","13":"first","14":"instock","15":"shipping-taxable","16":"purchasable","17":"product-type-variable"},"uagb_featured_image_src":{"full":["https:\/\/pressurezone.shop\/wp-content\/uploads\/2024\/10\/Buy-Red-Lebanese-Hash.jpg",768,768,false],"thumbnail":["https:\/\/pressurezone.shop\/wp-content\/uploads\/2024\/10\/Buy-Red-Lebanese-Hash-150x150.jpg",150,150,true],"medium":["https:\/\/pressurezone.shop\/wp-content\/uploads\/2024\/10\/Buy-Red-Lebanese-Hash-300x300.jpg",300,300,true],"medium_large":["https:\/\/pressurezone.shop\/wp-content\/uploads\/2024\/10\/Buy-Red-Lebanese-Hash.jpg",768,768,false],"large":["https:\/\/pressurezone.shop\/wp-content\/uploads\/2024\/10\/Buy-Red-Lebanese-Hash.jpg",768,768,false],"1536x1536":["https:\/\/pressurezone.shop\/wp-content\/uploads\/2024\/10\/Buy-Red-Lebanese-Hash.jpg",768,768,false],"2048x2048":["https:\/\/pressurezone.shop\/wp-content\/uploads\/2024\/10\/Buy-Red-Lebanese-Hash.jpg",768,768,false],"trp-custom-language-flag":["https:\/\/pressurezone.shop\/wp-content\/uploads\/2024\/10\/Buy-Red-Lebanese-Hash-12x12.jpg",12,12,true],"woocommerce_thumbnail":["https:\/\/pressurezone.shop\/wp-content\/uploads\/2024\/10\/Buy-Red-Lebanese-Hash-300x300.jpg",300,300,true],"woocommerce_single":["https:\/\/pressurezone.shop\/wp-content\/uploads\/2024\/10\/Buy-Red-Lebanese-Hash-600x600.jpg",600,600,true],"woocommerce_gallery_thumbnail":["https:\/\/pressurezone.shop\/wp-content\/uploads\/2024\/10\/Buy-Red-Lebanese-Hash-100x100.jpg",100,100,true]},"uagb_author_info":{"display_name":"pressurezone.shop","author_link":"https:\/\/pressurezone.shop\/pl\/author\/"},"uagb_comment_info":0,"uagb_excerpt":"Achetez le Haschisch Rouge Libanais en Ligne en Europe sur Pressure Zone Shop D\u00e9couvrez le l\u00e9gendaire Haschisch Rouge Libanais, une variante renomm\u00e9e pour ses effets c\u00e9r\u00e9braux puissants, bien que toujours accompagn\u00e9 d&rsquo;une relaxation corporelle profonde. Plus stimulant que d\u2019autres types de haschisch traditionnels, le Haschisch Rouge Libanais offre une exp\u00e9rience unique, avec un stone corporel&hellip;","_links":{"self":[{"href":"https:\/\/pressurezone.shop\/pl\/wp-json\/wp\/v2\/product\/3473"}],"collection":[{"href":"https:\/\/pressurezone.shop\/pl\/wp-json\/wp\/v2\/product"}],"about":[{"href":"https:\/\/pressurezone.shop\/pl\/wp-json\/wp\/v2\/types\/product"}],"replies":[{"embeddable":true,"href":"https:\/\/pressurezone.shop\/pl\/wp-json\/wp\/v2\/comments?post=3473"}],"version-history":[{"count":3,"href":"https:\/\/pressurezone.shop\/pl\/wp-json\/wp\/v2\/product\/3473\/revisions"}],"predecessor-version":[{"id":4158,"href":"https:\/\/pressurezone.shop\/pl\/wp-json\/wp\/v2\/product\/3473\/revisions\/4158"}],"wp:featuredmedia":[{"embeddable":true,"href":"https:\/\/pressurezone.shop\/pl\/wp-json\/wp\/v2\/media\/3518"}],"wp:attachment":[{"href":"https:\/\/pressurezone.shop\/pl\/wp-json\/wp\/v2\/media?parent=3473"}],"wp:term":[{"taxonomy":"product_brand","embeddable":true,"href":"https:\/\/pressurezone.shop\/pl\/wp-json\/wp\/v2\/product_brand?post=3473"},{"taxonomy":"product_cat","embeddable":true,"href":"https:\/\/pressurezone.shop\/pl\/wp-json\/wp\/v2\/product_cat?post=3473"},{"taxonomy":"product_tag","embeddable":true,"href":"https:\/\/pressurezone.shop\/pl\/wp-json\/wp\/v2\/product_tag?post=3473"}],"curies":[{"name":"wp","href":"https:\/\/api.w.org\/{rel}","templated":true}]}}