{"id":1719,"date":"2024-04-08T06:53:47","date_gmt":"2024-04-08T05:53:47","guid":{"rendered":"https:\/\/pressurezone.shop\/?post_type=product&#038;p=1719"},"modified":"2025-10-10T14:46:43","modified_gmt":"2025-10-10T12:46:43","slug":"canna-cavi-moonrocks","status":"publish","type":"product","link":"https:\/\/pressurezone.shop\/sv\/produkt\/canna-cavi-moonrocks\/","title":{"rendered":"CANNA CAVI MOONROCKS"},"content":{"rendered":"<h3>CANNA CAVI MOON ROCKS<\/h3>\n<p>Canna Cavi MoonRocks \u00e4r en produkt av h\u00f6g kvalitet cannabis som kombinerar en blomma premium, hash-olja koncentrerad cannabis, terpener f\u00f6r smak och en bel\u00e4ggning av kief. Det \u00e4r j\u00e4mf\u00f6rbart med en blandning av kaviar och moonrocks, erbjuder en unik upplevelse och extraordin\u00e4ra. Dessutom, Canna Cavi \u00e4r ett visst m\u00e4rke som \u00e4r specialiserade i skapandet av dessa enast\u00e5ende produkter.<\/p>\n<p>F\u00f6rbered dig f\u00f6r en otrolig upplevelse som kommer att lyfta dig till nya h\u00f6jder. Den Moonrocks Canna Cavi \u00e4r det senaste tillskottet till v\u00e5r str\u00e4van att Moonrocks \u00e4kta, och vi har verkligen hittat ! Dessa nuggets \u00e4r perfekt utformad, s\u00e5 att du kan \u00f6ppna dem utan n\u00e5gra skador. De \u00e4r visuellt imponerande, och erbjuder en uts\u00f6kt smak och ge de effekter och kraftfull. V\u00e4lkommen till den nya standarden f\u00f6r kvalitet i en v\u00e4rld av klippor av cannabis.<\/p>\n<p>Canna Cavi best\u00e5r av en blomma premium, vilket kan vara en Sativa-provocera, en Indica eller en hybrid, beroende p\u00e5 dina preferenser. Blomman \u00e4r genomsyrat med hash-olja koncentrerad cannabis, smaksatt med terpener, och sedan belagda i kief. I huvudsak \u00e4r det en tickande bomb av THC som tar dig med p\u00e5 en sp\u00e4nnande resa till m\u00e5nen.<\/p>\n<p>Just denna sort \u00e4r en hybrid dominans Indica som kombinerar stam Vit Runtz och flygbr\u00e4nsle Gelato. Det \u00e4r pa<a href=\"https:\/\/fuelpackz.com\/\" target=\"_blank\" rel=\"noopener\">s<\/a> f\u00f6rv\u00e5nande att denna kombination \u00e4r otroligt kraftfull. Den typ av cannabis \u00e4r klassat som en hybrid.CANNA CAVI MOONROCKS<\/p>","protected":false},"excerpt":{"rendered":"<h4><a href=\"https:\/\/pressurezone.shop\/sv\/\">CANNA CAVI MOONROCKS<\/a><\/h4>\n<p>Uppt\u00e4ck den ultimata njutningen av cannabis med CANNACAVI Moonrocks. Ett premium-mix f\u00f6r en st\u00f6rre effekt.<\/p>","protected":false},"featured_media":1720,"comment_status":"open","ping_status":"closed","template":"","meta":{"_uag_custom_page_level_css":"","site-sidebar-layout":"default","site-content-layout":"","ast-site-content-layout":"default","site-content-style":"default","site-sidebar-style":"default","ast-global-header-display":"","ast-banner-title-visibility":"","ast-main-header-display":"","ast-hfb-above-header-display":"","ast-hfb-below-header-display":"","ast-hfb-mobile-header-display":"","site-post-title":"","ast-breadcrumbs-content":"","ast-featured-img":"","footer-sml-layout":"","theme-transparent-header-meta":"default","adv-header-id-meta":"","stick-header-meta":"","header-above-stick-meta":"","header-main-stick-meta":"","header-below-stick-meta":"","astra-migrate-meta-layouts":"set","ast-page-background-enabled":"default","ast-page-background-meta":{"desktop":{"background-color":"","background-image":"","background-repeat":"repeat","background-position":"center center","background-size":"auto","background-attachment":"scroll","background-type":"","background-media":"","overlay-type":"","overlay-color":"","overlay-opacity":"","overlay-gradient":""},"tablet":{"background-color":"","background-image":"","background-repeat":"repeat","background-position":"center center","background-size":"auto","background-attachment":"scroll","background-type":"","background-media":"","overlay-type":"","overlay-color":"","overlay-opacity":"","overlay-gradient":""},"mobile":{"background-color":"","background-image":"","background-repeat":"repeat","background-position":"center center","background-size":"auto","background-attachment":"scroll","background-type":"","background-media":"","overlay-type":"","overlay-color":"","overlay-opacity":"","overlay-gradient":""}},"ast-content-background-meta":{"desktop":{"background-color":"var(--ast-global-color-5)","background-image":"","background-repeat":"repeat","background-position":"center center","background-size":"auto","background-attachment":"scroll","background-type":"","background-media":"","overlay-type":"","overlay-color":"","overlay-opacity":"","overlay-gradient":""},"tablet":{"background-color":"var(--ast-global-color-5)","background-image":"","background-repeat":"repeat","background-position":"center center","background-size":"auto","background-attachment":"scroll","background-type":"","background-media":"","overlay-type":"","overlay-color":"","overlay-opacity":"","overlay-gradient":""},"mobile":{"background-color":"var(--ast-global-color-5)","background-image":"","background-repeat":"repeat","background-position":"center center","background-size":"auto","background-attachment":"scroll","background-type":"","background-media":"","overlay-type":"","overlay-color":"","overlay-opacity":"","overlay-gradient":""}}},"product_brand":[],"product_cat":[27],"product_tag":[207,208,209,210,211,201,212,213],"class_list":{"0":"post-1719","1":"product","2":"type-product","3":"status-publish","4":"has-post-thumbnail","6":"product_cat-commandez-vos-moonrocks-en-ligne","7":"product_tag-buy-canna-cavi-moonrocks-online","8":"product_tag-canna-cavi","9":"product_tag-canna-cavi-moonrocks","10":"product_tag-canna-cavi-moonrocks-near-me","11":"product_tag-canna-cavi-moonrocks-price","12":"product_tag-cannacavi-moon-rocks","13":"product_tag-order-canna-cavi-moonrock","14":"product_tag-where-to-buy-canna-cavi-moonrocks","15":"desktop-align-left","16":"tablet-align-left","17":"mobile-align-left","19":"first","20":"instock","21":"sale","22":"shipping-taxable","23":"purchasable","24":"product-type-variable"},"uagb_featured_image_src":{"full":["https:\/\/pressurezone.shop\/wp-content\/uploads\/2024\/04\/photo1712373919.jpeg",600,800,false],"thumbnail":["https:\/\/pressurezone.shop\/wp-content\/uploads\/2024\/04\/photo1712373919-150x150.jpeg",150,150,true],"medium":["https:\/\/pressurezone.shop\/wp-content\/uploads\/2024\/04\/photo1712373919-225x300.jpeg",225,300,true],"medium_large":["https:\/\/pressurezone.shop\/wp-content\/uploads\/2024\/04\/photo1712373919.jpeg",600,800,false],"large":["https:\/\/pressurezone.shop\/wp-content\/uploads\/2024\/04\/photo1712373919.jpeg",600,800,false],"1536x1536":["https:\/\/pressurezone.shop\/wp-content\/uploads\/2024\/04\/photo1712373919.jpeg",600,800,false],"2048x2048":["https:\/\/pressurezone.shop\/wp-content\/uploads\/2024\/04\/photo1712373919.jpeg",600,800,false],"trp-custom-language-flag":["https:\/\/pressurezone.shop\/wp-content\/uploads\/2024\/04\/photo1712373919.jpeg",9,12,false],"woocommerce_thumbnail":["https:\/\/pressurezone.shop\/wp-content\/uploads\/2024\/04\/photo1712373919-300x300.jpeg",300,300,true],"woocommerce_single":["https:\/\/pressurezone.shop\/wp-content\/uploads\/2024\/04\/photo1712373919.jpeg",600,800,false],"woocommerce_gallery_thumbnail":["https:\/\/pressurezone.shop\/wp-content\/uploads\/2024\/04\/photo1712373919-100x100.jpeg",100,100,true]},"uagb_author_info":{"display_name":"pressurezone.shop","author_link":"https:\/\/pressurezone.shop\/sv\/author\/"},"uagb_comment_info":12,"uagb_excerpt":"CANNA CAVI MOONROCKS D\u00e9couvrez le summum du plaisir du cannabis avec CANNACAVI Moonrocks. Un m\u00e9lange premium pour un effet sup\u00e9rieur.","_links":{"self":[{"href":"https:\/\/pressurezone.shop\/sv\/wp-json\/wp\/v2\/product\/1719"}],"collection":[{"href":"https:\/\/pressurezone.shop\/sv\/wp-json\/wp\/v2\/product"}],"about":[{"href":"https:\/\/pressurezone.shop\/sv\/wp-json\/wp\/v2\/types\/product"}],"replies":[{"embeddable":true,"href":"https:\/\/pressurezone.shop\/sv\/wp-json\/wp\/v2\/comments?post=1719"}],"version-history":[{"count":4,"href":"https:\/\/pressurezone.shop\/sv\/wp-json\/wp\/v2\/product\/1719\/revisions"}],"predecessor-version":[{"id":2114,"href":"https:\/\/pressurezone.shop\/sv\/wp-json\/wp\/v2\/product\/1719\/revisions\/2114"}],"wp:featuredmedia":[{"embeddable":true,"href":"https:\/\/pressurezone.shop\/sv\/wp-json\/wp\/v2\/media\/1720"}],"wp:attachment":[{"href":"https:\/\/pressurezone.shop\/sv\/wp-json\/wp\/v2\/media?parent=1719"}],"wp:term":[{"taxonomy":"product_brand","embeddable":true,"href":"https:\/\/pressurezone.shop\/sv\/wp-json\/wp\/v2\/product_brand?post=1719"},{"taxonomy":"product_cat","embeddable":true,"href":"https:\/\/pressurezone.shop\/sv\/wp-json\/wp\/v2\/product_cat?post=1719"},{"taxonomy":"product_tag","embeddable":true,"href":"https:\/\/pressurezone.shop\/sv\/wp-json\/wp\/v2\/product_tag?post=1719"}],"curies":[{"name":"wp","href":"https:\/\/api.w.org\/{rel}","templated":true}]}}