{"id":1749,"date":"2024-04-08T09:26:27","date_gmt":"2024-04-08T08:26:27","guid":{"rendered":"https:\/\/pressurezone.shop\/?post_type=product&#038;p=1749"},"modified":"2024-04-10T02:49:05","modified_gmt":"2024-04-10T01:49:05","slug":"gelato-punch","status":"publish","type":"product","link":"https:\/\/pressurezone.shop\/sv\/produkt\/gelato-punch\/","title":{"rendered":"Gelato Punch"},"content":{"rendered":"<h2><a href=\"https:\/\/pressurezone.shop\/sv\/\"><strong>Gelato i fruit punch<\/strong><\/a><\/h2>\n<p>Gelato Punch <span style=\"font-size: 16px;\">\u00e4r en hybrid sort med n\u00e5got indica dominerande (60% indica\/40% sativa och 70% indica\/30% sativa) som skapades genom att korsa den l\u00e4ckra stammar Lila Punsch, och Gelato 33. Denna top-down-k\u00e4ndis ger en delikat smak och en avslappnande effekt som kommer att hj\u00e4lpa dig att slappna av och somna.<\/span><\/p>\n<p>Precis som sina f\u00f6r\u00e4ldrar, Gelato Punch har en smak som \u00e4r super s\u00f6t och fruktig, med toner av citrus frukt, godis och gr\u00e4dde. Doften \u00e4r syrlig och citrus, med inslag av diesel och kryddat druvor pepprig. Gelato sl\u00e5 dig assommera n\u00e5gra minuter efter det att den upph\u00f6rt att g\u00e4lla, sl\u00e5 dig med en dubbel shot av lycka och lugn.<\/p>\n<p>Du kommer att k\u00e4nna att ditt sinne fylls med en k\u00e4nsla av lycka som din kropp slappnar av s\u00e5 sm\u00e5ningom in i ett tillst\u00e5nd av avslappning intensiv fysisk och l\u00e4tthet. Denna kombination kan snabbt bli lugnande, sedan f\u00f6rbereda dig f\u00f6r en bra, l\u00e5ng tupplur med detta bud ! Tack vare dessa effekter och dess genomsnittliga THC h\u00f6g p\u00e5 \u00f6ver 20%, Gelato Punch \u00e4r ofta valt att behandla sjukdomar s\u00e5som s\u00f6mnl\u00f6shet, kronisk sm\u00e4rta, aptitl\u00f6shet eller illam\u00e5ende, och kronisk stress.<\/p>\n<p>Cheferna f\u00f6r Gelato Punch \u00e4r sm\u00e5 och rundade, med en olivgr\u00f6n super t\u00e4t, med olika nyanser av lila, djupt, h\u00e5r-gult och ljust orange trichomes kristallina violett ljus och frostig ut.<\/p>\n<p>Gelato Punch \u00e4r en hybrid sort som \u00e4r k\u00e4nd f\u00f6r dess har n\u00e5got dominerande indica. Det \u00e4r som skapats genom att korsa tv\u00e5 popul\u00e4ra stammar, Lila Punsch, och Gelato 33. \u00c4ttling till f\u00f6ljd \u00e4rvt de b\u00e4sta egenskaperna hos sina f\u00f6r\u00e4ldrar, och erbjuder en unik och trevlig upplevelse.<\/p>\n<p>En av de anm\u00e4rkningsv\u00e4rda aspekter av Glass Punch \u00e4r den profil av dess l\u00e4ckra smaker. Det har en s\u00f6t smak och s\u00f6t som erinrar om den s\u00f6ta b\u00e4r, med noter av citrus frukt, godis och gr\u00e4dde. Doften \u00e4r syrlig och citron, tillsammans med kryddiga toner av diesel och en touch av grape pepprig.<\/p>\n<p>N\u00e4r det g\u00e4ller effekter, Glass och Punch och erbjuder en dubbel sl\u00e5 av rogivande och lugnande. Det har f\u00f6rm\u00e5gan att framkalla en k\u00e4nsla av avslappning och lugn, vilket g\u00f6r det till en idealisk plats att koppla av och f\u00f6rbereda sig f\u00f6r s\u00f6mn. Den sort som kan ge ett sinnestillst\u00e5nd beatifying medan framkalla ett fysiskt intensiv som fr\u00e4mjar djup avslappning.<\/p>\n<p>Tack vare dess kraftfulla effekter och dess relativt h\u00f6g halt av THC (genomsnitt mer \u00e4n 20 %), Gelato Punch \u00e4r ofta s\u00f6ks f\u00f6r medicinska \u00e4ndam\u00e5l. Det anv\u00e4nds ofta f\u00f6r att lindra sjukdomar s\u00e5som s\u00f6mnl\u00f6shet, kronisk sm\u00e4rta, aptitl\u00f6shet, illam\u00e5ende, och kronisk stress.<\/p>\n<p>Visuellt, cheferna f\u00f6r Gelato Punch, som k\u00e4nnetecknas av sin form av sm\u00e5 och rundade, deras struktur, t\u00e4ta och starka f\u00e4rger. De har olika nyanser av lila, djupt, h\u00e5r-gult och ljust orange trichomes kristallina lila och frostat.<\/p>\n<p>Allt som allt, Gelato Punch erbjuder en h\u00e4rlig kombination av smaker, starka effekter och terapeutiska potentialen, vilket g\u00f6r det till ett f\u00f6rstahandsval bland cannabis \u00e4lskare som s\u00f6ker avkoppling och lindring av olika mau<a href=\"https:\/\/fuelpackz.com\/\" target=\"_blank\" rel=\"noopener\">x.<\/a><\/p>\n<h4>Gelato Punch<\/h4>","protected":false},"excerpt":{"rendered":"<p>Allt som allt, Gelato Punch erbjuder en h\u00e4rlig kombination av smaker, starka effekter och terapeutiska potentialen, vilket g\u00f6r det till ett f\u00f6rstahandsval bland cannabis \u00e4lskare som s\u00f6ker avkoppling och lindring av olika kr\u00e4mpor.<\/p>","protected":false},"featured_media":1750,"comment_status":"open","ping_status":"closed","template":"","meta":{"_uag_custom_page_level_css":"","site-sidebar-layout":"default","site-content-layout":"","ast-site-content-layout":"default","site-content-style":"default","site-sidebar-style":"default","ast-global-header-display":"","ast-banner-title-visibility":"","ast-main-header-display":"","ast-hfb-above-header-display":"","ast-hfb-below-header-display":"","ast-hfb-mobile-header-display":"","site-post-title":"","ast-breadcrumbs-content":"","ast-featured-img":"","footer-sml-layout":"","theme-transparent-header-meta":"default","adv-header-id-meta":"","stick-header-meta":"","header-above-stick-meta":"","header-main-stick-meta":"","header-below-stick-meta":"","astra-migrate-meta-layouts":"set","ast-page-background-enabled":"default","ast-page-background-meta":{"desktop":{"background-color":"","background-image":"","background-repeat":"repeat","background-position":"center center","background-size":"auto","background-attachment":"scroll","background-type":"","background-media":"","overlay-type":"","overlay-color":"","overlay-opacity":"","overlay-gradient":""},"tablet":{"background-color":"","background-image":"","background-repeat":"repeat","background-position":"center center","background-size":"auto","background-attachment":"scroll","background-type":"","background-media":"","overlay-type":"","overlay-color":"","overlay-opacity":"","overlay-gradient":""},"mobile":{"background-color":"","background-image":"","background-repeat":"repeat","background-position":"center center","background-size":"auto","background-attachment":"scroll","background-type":"","background-media":"","overlay-type":"","overlay-color":"","overlay-opacity":"","overlay-gradient":""}},"ast-content-background-meta":{"desktop":{"background-color":"var(--ast-global-color-5)","background-image":"","background-repeat":"repeat","background-position":"center center","background-size":"auto","background-attachment":"scroll","background-type":"","background-media":"","overlay-type":"","overlay-color":"","overlay-opacity":"","overlay-gradient":""},"tablet":{"background-color":"var(--ast-global-color-5)","background-image":"","background-repeat":"repeat","background-position":"center center","background-size":"auto","background-attachment":"scroll","background-type":"","background-media":"","overlay-type":"","overlay-color":"","overlay-opacity":"","overlay-gradient":""},"mobile":{"background-color":"var(--ast-global-color-5)","background-image":"","background-repeat":"repeat","background-position":"center center","background-size":"auto","background-attachment":"scroll","background-type":"","background-media":"","overlay-type":"","overlay-color":"","overlay-opacity":"","overlay-gradient":""}}},"product_brand":[],"product_cat":[28],"product_tag":[205,72,201,218],"class_list":{"0":"post-1749","1":"product","2":"type-product","3":"status-publish","4":"has-post-thumbnail","6":"product_cat-varietes-de-cannabis","7":"product_tag-berry-blast","8":"product_tag-cannabis","9":"product_tag-cannacavi-moon-rocks","10":"product_tag-kaws-cereal-moonstone","11":"desktop-align-left","12":"tablet-align-left","13":"mobile-align-left","15":"first","16":"instock","17":"sale","18":"shipping-taxable","19":"purchasable","20":"product-type-variable"},"uagb_featured_image_src":{"full":["https:\/\/pressurezone.shop\/wp-content\/uploads\/2024\/04\/photo1712356436.jpeg",1127,1280,false],"thumbnail":["https:\/\/pressurezone.shop\/wp-content\/uploads\/2024\/04\/photo1712356436-150x150.jpeg",150,150,true],"medium":["https:\/\/pressurezone.shop\/wp-content\/uploads\/2024\/04\/photo1712356436-264x300.jpeg",264,300,true],"medium_large":["https:\/\/pressurezone.shop\/wp-content\/uploads\/2024\/04\/photo1712356436-768x872.jpeg",768,872,true],"large":["https:\/\/pressurezone.shop\/wp-content\/uploads\/2024\/04\/photo1712356436-902x1024.jpeg",902,1024,true],"1536x1536":["https:\/\/pressurezone.shop\/wp-content\/uploads\/2024\/04\/photo1712356436.jpeg",1127,1280,false],"2048x2048":["https:\/\/pressurezone.shop\/wp-content\/uploads\/2024\/04\/photo1712356436.jpeg",1127,1280,false],"trp-custom-language-flag":["https:\/\/pressurezone.shop\/wp-content\/uploads\/2024\/04\/photo1712356436.jpeg",11,12,false],"woocommerce_thumbnail":["https:\/\/pressurezone.shop\/wp-content\/uploads\/2024\/04\/photo1712356436-300x300.jpeg",300,300,true],"woocommerce_single":["https:\/\/pressurezone.shop\/wp-content\/uploads\/2024\/04\/photo1712356436-600x681.jpeg",600,681,true],"woocommerce_gallery_thumbnail":["https:\/\/pressurezone.shop\/wp-content\/uploads\/2024\/04\/photo1712356436-100x100.jpeg",100,100,true]},"uagb_author_info":{"display_name":"pressurezone.shop","author_link":"https:\/\/pressurezone.shop\/sv\/author\/"},"uagb_comment_info":0,"uagb_excerpt":"Dans l'ensemble, Gelato Punch offre une combinaison d\u00e9licieuse de saveurs, d'effets puissants et de potentiel th\u00e9rapeutique, ce qui en fait un choix privil\u00e9gi\u00e9 parmi les amateurs de cannabis \u00e0 la recherche de d\u00e9tente et de soulagement de divers maux.","_links":{"self":[{"href":"https:\/\/pressurezone.shop\/sv\/wp-json\/wp\/v2\/product\/1749"}],"collection":[{"href":"https:\/\/pressurezone.shop\/sv\/wp-json\/wp\/v2\/product"}],"about":[{"href":"https:\/\/pressurezone.shop\/sv\/wp-json\/wp\/v2\/types\/product"}],"replies":[{"embeddable":true,"href":"https:\/\/pressurezone.shop\/sv\/wp-json\/wp\/v2\/comments?post=1749"}],"version-history":[{"count":5,"href":"https:\/\/pressurezone.shop\/sv\/wp-json\/wp\/v2\/product\/1749\/revisions"}],"predecessor-version":[{"id":2185,"href":"https:\/\/pressurezone.shop\/sv\/wp-json\/wp\/v2\/product\/1749\/revisions\/2185"}],"wp:featuredmedia":[{"embeddable":true,"href":"https:\/\/pressurezone.shop\/sv\/wp-json\/wp\/v2\/media\/1750"}],"wp:attachment":[{"href":"https:\/\/pressurezone.shop\/sv\/wp-json\/wp\/v2\/media?parent=1749"}],"wp:term":[{"taxonomy":"product_brand","embeddable":true,"href":"https:\/\/pressurezone.shop\/sv\/wp-json\/wp\/v2\/product_brand?post=1749"},{"taxonomy":"product_cat","embeddable":true,"href":"https:\/\/pressurezone.shop\/sv\/wp-json\/wp\/v2\/product_cat?post=1749"},{"taxonomy":"product_tag","embeddable":true,"href":"https:\/\/pressurezone.shop\/sv\/wp-json\/wp\/v2\/product_tag?post=1749"}],"curies":[{"name":"wp","href":"https:\/\/api.w.org\/{rel}","templated":true}]}}