{"id":1797,"date":"2024-04-08T16:01:34","date_gmt":"2024-04-08T15:01:34","guid":{"rendered":"https:\/\/pressurezone.shop\/?post_type=product&#038;p=1797"},"modified":"2025-10-10T14:47:44","modified_gmt":"2025-10-10T12:47:44","slug":"flavorx-moon-rocks","status":"publish","type":"product","link":"https:\/\/pressurezone.shop\/sv\/produkt\/flavorx-manstenar\/","title":{"rendered":"FLAVORX MOON ROCKS"},"content":{"rendered":"<p>Den Moonrocks Flavorxs \u00e4r gjorda av exotiska blommor designer ekologiska, infunderas med harts levande och kief. 100% ekologisk. Testade i laboratorium.<br \/>\n*V\u00e4nligen notera att du kan ta emot delar av den partiella Moonrocks eftersom denna artikel s\u00e4ljs efter vikt.<\/p>\n<p>Den Flavorx Moonrocks \u00e4r extremt kraftfulla och kan ge en mer intensiv effekt och h\u00e5llbar. De \u00e4r gjorda av knoppar indr\u00e4nkt i hash-olja, eller annan v\u00e4tska koncentrat av cannabis, och sedan rullade i kief, som \u00e4r harts k\u00f6rtlar (k\u00e4nd som trichomes) som har tagits bort fr\u00e5n knopp av v\u00e4xten cannabis.<\/p>\n<p>Hur man f\u00f6rbrukar det Moonrocks : f\u00f6rst av Allt, Moonrocks m\u00e5ste rivas f\u00f6r att placera dem i en gemensam, en spray flaska, en pipa eller n\u00e5got annat verktyg som anv\u00e4nds f\u00f6r att r\u00f6ka cannabis. Sax rekommenderas som Moonrocks t\u00e4t tenderar att t\u00e4ppa till stenkrossar. Den Moonrocks kan vara sv\u00e5rt att s\u00e4tta p\u00e5 och k\u00e4mpade f\u00f6r att vara upplyst, det \u00e4r d\u00e4rf\u00f6r vissa konsumenter f\u00f6redrar bongar eller glas och pipor. Andra konsumenter tycker om att anv\u00e4nda cannabis blommor med Moonrocks ut p\u00e5 det, att finna att det \u00e4r l\u00e4ttare att sl\u00e5 p\u00e5 och f\u00f6rklara att det forts\u00e4tter att br\u00fbl<a href=\"https:\/\/fuelpackz.com\/\" target=\"_blank\" rel=\"noopener\">er<\/a> ett mer effektivt s\u00e4tt. Den Moonrocks \u00e4r ofta reco FLAVORX MOON ROCKS<\/p>","protected":false},"excerpt":{"rendered":"<h2><a href=\"https:\/\/pressurezone.shop\/sv\/\">FLAVORX MOON ROCKS<\/a><\/h2>\n<p>Sl\u00e4pp loss nyfikenhet av dina smakl\u00f6kar med FlavorX Moonrocks ! Dessa popsicles innovativa erbjuda ett \u00e4ventyr av smak, unika f\u00f6r varje tugga. Ge dig ut p\u00e5 en h\u00e4rlig resa \u2013 ta reda p\u00e5 mer !<\/p>","protected":false},"featured_media":1798,"comment_status":"open","ping_status":"closed","template":"","meta":{"_uag_custom_page_level_css":"","site-sidebar-layout":"default","site-content-layout":"","ast-site-content-layout":"default","site-content-style":"default","site-sidebar-style":"default","ast-global-header-display":"","ast-banner-title-visibility":"","ast-main-header-display":"","ast-hfb-above-header-display":"","ast-hfb-below-header-display":"","ast-hfb-mobile-header-display":"","site-post-title":"","ast-breadcrumbs-content":"","ast-featured-img":"","footer-sml-layout":"","theme-transparent-header-meta":"default","adv-header-id-meta":"","stick-header-meta":"","header-above-stick-meta":"","header-main-stick-meta":"","header-below-stick-meta":"","astra-migrate-meta-layouts":"set","ast-page-background-enabled":"default","ast-page-background-meta":{"desktop":{"background-color":"","background-image":"","background-repeat":"repeat","background-position":"center center","background-size":"auto","background-attachment":"scroll","background-type":"","background-media":"","overlay-type":"","overlay-color":"","overlay-opacity":"","overlay-gradient":""},"tablet":{"background-color":"","background-image":"","background-repeat":"repeat","background-position":"center center","background-size":"auto","background-attachment":"scroll","background-type":"","background-media":"","overlay-type":"","overlay-color":"","overlay-opacity":"","overlay-gradient":""},"mobile":{"background-color":"","background-image":"","background-repeat":"repeat","background-position":"center center","background-size":"auto","background-attachment":"scroll","background-type":"","background-media":"","overlay-type":"","overlay-color":"","overlay-opacity":"","overlay-gradient":""}},"ast-content-background-meta":{"desktop":{"background-color":"var(--ast-global-color-5)","background-image":"","background-repeat":"repeat","background-position":"center center","background-size":"auto","background-attachment":"scroll","background-type":"","background-media":"","overlay-type":"","overlay-color":"","overlay-opacity":"","overlay-gradient":""},"tablet":{"background-color":"var(--ast-global-color-5)","background-image":"","background-repeat":"repeat","background-position":"center center","background-size":"auto","background-attachment":"scroll","background-type":"","background-media":"","overlay-type":"","overlay-color":"","overlay-opacity":"","overlay-gradient":""},"mobile":{"background-color":"var(--ast-global-color-5)","background-image":"","background-repeat":"repeat","background-position":"center center","background-size":"auto","background-attachment":"scroll","background-type":"","background-media":"","overlay-type":"","overlay-color":"","overlay-opacity":"","overlay-gradient":""}}},"product_brand":[],"product_cat":[27],"product_tag":[117],"class_list":{"0":"post-1797","1":"product","2":"type-product","3":"status-publish","4":"has-post-thumbnail","6":"product_cat-commandez-vos-moonrocks-en-ligne","7":"product_tag-flavorx-moonrocks","8":"desktop-align-left","9":"tablet-align-left","10":"mobile-align-left","12":"first","13":"instock","14":"shipping-taxable","15":"purchasable","16":"product-type-variable"},"uagb_featured_image_src":{"full":["https:\/\/pressurezone.shop\/wp-content\/uploads\/2024\/04\/photo1712373097.jpeg",1280,960,false],"thumbnail":["https:\/\/pressurezone.shop\/wp-content\/uploads\/2024\/04\/photo1712373097-150x150.jpeg",150,150,true],"medium":["https:\/\/pressurezone.shop\/wp-content\/uploads\/2024\/04\/photo1712373097-300x225.jpeg",300,225,true],"medium_large":["https:\/\/pressurezone.shop\/wp-content\/uploads\/2024\/04\/photo1712373097-768x576.jpeg",768,576,true],"large":["https:\/\/pressurezone.shop\/wp-content\/uploads\/2024\/04\/photo1712373097-1024x768.jpeg",1024,768,true],"1536x1536":["https:\/\/pressurezone.shop\/wp-content\/uploads\/2024\/04\/photo1712373097.jpeg",1280,960,false],"2048x2048":["https:\/\/pressurezone.shop\/wp-content\/uploads\/2024\/04\/photo1712373097.jpeg",1280,960,false],"trp-custom-language-flag":["https:\/\/pressurezone.shop\/wp-content\/uploads\/2024\/04\/photo1712373097.jpeg",16,12,false],"woocommerce_thumbnail":["https:\/\/pressurezone.shop\/wp-content\/uploads\/2024\/04\/photo1712373097-300x300.jpeg",300,300,true],"woocommerce_single":["https:\/\/pressurezone.shop\/wp-content\/uploads\/2024\/04\/photo1712373097-600x450.jpeg",600,450,true],"woocommerce_gallery_thumbnail":["https:\/\/pressurezone.shop\/wp-content\/uploads\/2024\/04\/photo1712373097-100x100.jpeg",100,100,true]},"uagb_author_info":{"display_name":"pressurezone.shop","author_link":"https:\/\/pressurezone.shop\/sv\/author\/"},"uagb_comment_info":15,"uagb_excerpt":"FLAVORX MOON ROCKS Lib\u00e9rez la curiosit\u00e9 de vos papilles gustatives avec FlavorX Moonrocks\u00a0! Ces friandises glac\u00e9es innovantes offrent une aventure gustative unique \u00e0 chaque bouch\u00e9e. Embarquez pour un d\u00e9licieux voyage - En savoir plus\u00a0!","_links":{"self":[{"href":"https:\/\/pressurezone.shop\/sv\/wp-json\/wp\/v2\/product\/1797"}],"collection":[{"href":"https:\/\/pressurezone.shop\/sv\/wp-json\/wp\/v2\/product"}],"about":[{"href":"https:\/\/pressurezone.shop\/sv\/wp-json\/wp\/v2\/types\/product"}],"replies":[{"embeddable":true,"href":"https:\/\/pressurezone.shop\/sv\/wp-json\/wp\/v2\/comments?post=1797"}],"version-history":[{"count":4,"href":"https:\/\/pressurezone.shop\/sv\/wp-json\/wp\/v2\/product\/1797\/revisions"}],"predecessor-version":[{"id":2116,"href":"https:\/\/pressurezone.shop\/sv\/wp-json\/wp\/v2\/product\/1797\/revisions\/2116"}],"wp:featuredmedia":[{"embeddable":true,"href":"https:\/\/pressurezone.shop\/sv\/wp-json\/wp\/v2\/media\/1798"}],"wp:attachment":[{"href":"https:\/\/pressurezone.shop\/sv\/wp-json\/wp\/v2\/media?parent=1797"}],"wp:term":[{"taxonomy":"product_brand","embeddable":true,"href":"https:\/\/pressurezone.shop\/sv\/wp-json\/wp\/v2\/product_brand?post=1797"},{"taxonomy":"product_cat","embeddable":true,"href":"https:\/\/pressurezone.shop\/sv\/wp-json\/wp\/v2\/product_cat?post=1797"},{"taxonomy":"product_tag","embeddable":true,"href":"https:\/\/pressurezone.shop\/sv\/wp-json\/wp\/v2\/product_tag?post=1797"}],"curies":[{"name":"wp","href":"https:\/\/api.w.org\/{rel}","templated":true}]}}