{"id":1822,"date":"2024-04-08T16:26:33","date_gmt":"2024-04-08T15:26:33","guid":{"rendered":"https:\/\/pressurezone.shop\/?post_type=product&#038;p=1822"},"modified":"2024-04-11T00:08:23","modified_gmt":"2024-04-10T22:08:23","slug":"panam-hash","status":"publish","type":"product","link":"https:\/\/pressurezone.shop\/sv\/produkt\/panerad-hasch\/","title":{"rendered":"Panam HASH"},"content":{"rendered":"<h2><\/h2>\n<p>Presentation<a href=\"https:\/\/pressurezone.shop\/sv\/\">Panam hash <\/a>en koncentrerad cannabis toppmodeller kommer direkt fr\u00e5n Panama. F\u00f6rdjupa dig i sin rika smak och sina kraftfulla effekter, utformade f\u00f6r att f\u00f6rb\u00e4ttra din upplevelse i v\u00e4xten cannabis. Best\u00e4ll nu och upplev essensen av Panama med Panam Hash !<\/p>\n<p><strong>F\u00f6rdelar:<\/strong><br \/>\nGe dig ut p\u00e5 en resa av sensoriska n\u00f6je med Panam-Hash. Med ursprung fr\u00e5n Panama, detta koncentrerade cannabis toppen av serien erbjuder en unik blandning av smak och styrka, vilket garanterar en of\u00f6rgl\u00f6mlig upplevelse f\u00f6r <a href=\"https:\/\/fuelpackz.com\/\" target=\"_blank\" rel=\"noopener\">den<\/a> passionerad.<\/p>\n<h2><a href=\"https:\/\/pressurezone.shop\/sv\/\">Panam hash<\/a><\/h2>","protected":false},"excerpt":{"rendered":"<h4>Panam Hash<\/h4>\n<p>erbjuder en autentisk smak av Panama, med en koncentrerad blandning av potenta cannabis och v\u00e4lsmakande som lovar att h\u00f6ja din upplevelse. L\u00e5t dig frestas av dess rika k\u00e4rnan och omfamna det anda av Panama till var och inspiration.<\/p>\n<h4>Panam Hash<\/h4>","protected":false},"featured_media":1823,"comment_status":"open","ping_status":"closed","template":"","meta":{"_uag_custom_page_level_css":"","site-sidebar-layout":"default","site-content-layout":"","ast-site-content-layout":"default","site-content-style":"default","site-sidebar-style":"default","ast-global-header-display":"","ast-banner-title-visibility":"","ast-main-header-display":"","ast-hfb-above-header-display":"","ast-hfb-below-header-display":"","ast-hfb-mobile-header-display":"","site-post-title":"","ast-breadcrumbs-content":"","ast-featured-img":"","footer-sml-layout":"","theme-transparent-header-meta":"default","adv-header-id-meta":"","stick-header-meta":"","header-above-stick-meta":"","header-main-stick-meta":"","header-below-stick-meta":"","astra-migrate-meta-layouts":"set","ast-page-background-enabled":"default","ast-page-background-meta":{"desktop":{"background-color":"","background-image":"","background-repeat":"repeat","background-position":"center center","background-size":"auto","background-attachment":"scroll","background-type":"","background-media":"","overlay-type":"","overlay-color":"","overlay-opacity":"","overlay-gradient":""},"tablet":{"background-color":"","background-image":"","background-repeat":"repeat","background-position":"center center","background-size":"auto","background-attachment":"scroll","background-type":"","background-media":"","overlay-type":"","overlay-color":"","overlay-opacity":"","overlay-gradient":""},"mobile":{"background-color":"","background-image":"","background-repeat":"repeat","background-position":"center center","background-size":"auto","background-attachment":"scroll","background-type":"","background-media":"","overlay-type":"","overlay-color":"","overlay-opacity":"","overlay-gradient":""}},"ast-content-background-meta":{"desktop":{"background-color":"var(--ast-global-color-5)","background-image":"","background-repeat":"repeat","background-position":"center center","background-size":"auto","background-attachment":"scroll","background-type":"","background-media":"","overlay-type":"","overlay-color":"","overlay-opacity":"","overlay-gradient":""},"tablet":{"background-color":"var(--ast-global-color-5)","background-image":"","background-repeat":"repeat","background-position":"center center","background-size":"auto","background-attachment":"scroll","background-type":"","background-media":"","overlay-type":"","overlay-color":"","overlay-opacity":"","overlay-gradient":""},"mobile":{"background-color":"var(--ast-global-color-5)","background-image":"","background-repeat":"repeat","background-position":"center center","background-size":"auto","background-attachment":"scroll","background-type":"","background-media":"","overlay-type":"","overlay-color":"","overlay-opacity":"","overlay-gradient":""}}},"product_brand":[],"product_cat":[29],"product_tag":[],"class_list":{"0":"post-1822","1":"product","2":"type-product","3":"status-publish","4":"has-post-thumbnail","6":"product_cat-haschisch","7":"desktop-align-left","8":"tablet-align-left","9":"mobile-align-left","11":"first","12":"instock","13":"shipping-taxable","14":"purchasable","15":"product-type-variable"},"uagb_featured_image_src":{"full":["https:\/\/pressurezone.shop\/wp-content\/uploads\/2024\/04\/photo1712355075.jpeg",1280,590,false],"thumbnail":["https:\/\/pressurezone.shop\/wp-content\/uploads\/2024\/04\/photo1712355075-150x150.jpeg",150,150,true],"medium":["https:\/\/pressurezone.shop\/wp-content\/uploads\/2024\/04\/photo1712355075-300x138.jpeg",300,138,true],"medium_large":["https:\/\/pressurezone.shop\/wp-content\/uploads\/2024\/04\/photo1712355075-768x354.jpeg",768,354,true],"large":["https:\/\/pressurezone.shop\/wp-content\/uploads\/2024\/04\/photo1712355075-1024x472.jpeg",1024,472,true],"1536x1536":["https:\/\/pressurezone.shop\/wp-content\/uploads\/2024\/04\/photo1712355075.jpeg",1280,590,false],"2048x2048":["https:\/\/pressurezone.shop\/wp-content\/uploads\/2024\/04\/photo1712355075.jpeg",1280,590,false],"trp-custom-language-flag":["https:\/\/pressurezone.shop\/wp-content\/uploads\/2024\/04\/photo1712355075.jpeg",18,8,false],"woocommerce_thumbnail":["https:\/\/pressurezone.shop\/wp-content\/uploads\/2024\/04\/photo1712355075-300x300.jpeg",300,300,true],"woocommerce_single":["https:\/\/pressurezone.shop\/wp-content\/uploads\/2024\/04\/photo1712355075-600x277.jpeg",600,277,true],"woocommerce_gallery_thumbnail":["https:\/\/pressurezone.shop\/wp-content\/uploads\/2024\/04\/photo1712355075-100x100.jpeg",100,100,true]},"uagb_author_info":{"display_name":"pressurezone.shop","author_link":"https:\/\/pressurezone.shop\/sv\/author\/"},"uagb_comment_info":0,"uagb_excerpt":"Panam Hash offre un go\u00fbt authentique du Panama, avec un concentr\u00e9 de cannabis puissant et savoureux qui promet d'\u00e9lever votre exp\u00e9rience. Laissez-vous tenter par sa riche essence et embrassez l\u2019esprit du Panama \u00e0 chaque inspiration. Panam Hash","_links":{"self":[{"href":"https:\/\/pressurezone.shop\/sv\/wp-json\/wp\/v2\/product\/1822"}],"collection":[{"href":"https:\/\/pressurezone.shop\/sv\/wp-json\/wp\/v2\/product"}],"about":[{"href":"https:\/\/pressurezone.shop\/sv\/wp-json\/wp\/v2\/types\/product"}],"replies":[{"embeddable":true,"href":"https:\/\/pressurezone.shop\/sv\/wp-json\/wp\/v2\/comments?post=1822"}],"version-history":[{"count":5,"href":"https:\/\/pressurezone.shop\/sv\/wp-json\/wp\/v2\/product\/1822\/revisions"}],"predecessor-version":[{"id":2199,"href":"https:\/\/pressurezone.shop\/sv\/wp-json\/wp\/v2\/product\/1822\/revisions\/2199"}],"wp:featuredmedia":[{"embeddable":true,"href":"https:\/\/pressurezone.shop\/sv\/wp-json\/wp\/v2\/media\/1823"}],"wp:attachment":[{"href":"https:\/\/pressurezone.shop\/sv\/wp-json\/wp\/v2\/media?parent=1822"}],"wp:term":[{"taxonomy":"product_brand","embeddable":true,"href":"https:\/\/pressurezone.shop\/sv\/wp-json\/wp\/v2\/product_brand?post=1822"},{"taxonomy":"product_cat","embeddable":true,"href":"https:\/\/pressurezone.shop\/sv\/wp-json\/wp\/v2\/product_cat?post=1822"},{"taxonomy":"product_tag","embeddable":true,"href":"https:\/\/pressurezone.shop\/sv\/wp-json\/wp\/v2\/product_tag?post=1822"}],"curies":[{"name":"wp","href":"https:\/\/api.w.org\/{rel}","templated":true}]}}