{"id":1828,"date":"2024-04-08T16:30:12","date_gmt":"2024-04-08T15:30:12","guid":{"rendered":"https:\/\/pressurezone.shop\/?post_type=product&#038;p=1828"},"modified":"2024-04-11T00:15:09","modified_gmt":"2024-04-10T22:15:09","slug":"tidghine-haschisch","status":"publish","type":"product","link":"https:\/\/pressurezone.shop\/sv\/produkt\/tidghine-haschish\/","title":{"rendered":"Tidghine hash"},"content":{"rendered":"<h2>Tidghine hash<\/h2>\n<p>Uppt\u00e4ck charmen i Tidghine Hash, ett koncentrat av cannabis toppmodeller minuti\u00f6st utformad till perfektion. Fr\u00e5n hj\u00e4rtat av Marocko, denna uts\u00f6kta produkt lovar att leverera en rik smak och kraftfulla effekter. H\u00f6ja din resa cannabis med Tidghine Hash \u2013 best\u00e4ll nu och f\u00f6rdjupa dig i k\u00e4rnan av Marocko !<\/p>\n<p><a href=\"https:\/\/pressurezone.shop\/sv\/\"><strong>USP :<\/strong><\/a><br \/>\nTidghine Hash \u2013 Hantverk-och power-marockanska \u00e4kta<\/p>\n<p><strong>F\u00f6rdelar:<\/strong><br \/>\nUnna dig det rika arvet av cannabis marockansk med Tidghine Hash. Speciellt utformad f\u00f6r finsmakare, h\u00e4r koncentrerat, high-end och erbjuder en blandning av o\u00f6vertr\u00e4ffad smak och styrka, vilket garanterar en verkligt h\u00f6g<a href=\"https:\/\/fuelpackz.com\/\" target=\"_blank\" rel=\"noopener\">.<\/a><\/p>\n<p>&nbsp;<\/p>","protected":false},"excerpt":{"rendered":"<h2>Tidghine hash<\/h2>\n<p>f\u00e5nga essensen av Marocko, vilket ger en koncentrerad cannabis toppmodeller med en smak och makt som \u00e4r otrolig. F\u00f6rdjupa dig i den tradition och den know-how i Marocko f\u00f6r att var och inspiration.<\/p>","protected":false},"featured_media":1829,"comment_status":"open","ping_status":"closed","template":"","meta":{"_uag_custom_page_level_css":"","site-sidebar-layout":"default","site-content-layout":"","ast-site-content-layout":"default","site-content-style":"default","site-sidebar-style":"default","ast-global-header-display":"","ast-banner-title-visibility":"","ast-main-header-display":"","ast-hfb-above-header-display":"","ast-hfb-below-header-display":"","ast-hfb-mobile-header-display":"","site-post-title":"","ast-breadcrumbs-content":"","ast-featured-img":"","footer-sml-layout":"","theme-transparent-header-meta":"default","adv-header-id-meta":"","stick-header-meta":"","header-above-stick-meta":"","header-main-stick-meta":"","header-below-stick-meta":"","astra-migrate-meta-layouts":"set","ast-page-background-enabled":"default","ast-page-background-meta":{"desktop":{"background-color":"","background-image":"","background-repeat":"repeat","background-position":"center center","background-size":"auto","background-attachment":"scroll","background-type":"","background-media":"","overlay-type":"","overlay-color":"","overlay-opacity":"","overlay-gradient":""},"tablet":{"background-color":"","background-image":"","background-repeat":"repeat","background-position":"center center","background-size":"auto","background-attachment":"scroll","background-type":"","background-media":"","overlay-type":"","overlay-color":"","overlay-opacity":"","overlay-gradient":""},"mobile":{"background-color":"","background-image":"","background-repeat":"repeat","background-position":"center center","background-size":"auto","background-attachment":"scroll","background-type":"","background-media":"","overlay-type":"","overlay-color":"","overlay-opacity":"","overlay-gradient":""}},"ast-content-background-meta":{"desktop":{"background-color":"var(--ast-global-color-5)","background-image":"","background-repeat":"repeat","background-position":"center center","background-size":"auto","background-attachment":"scroll","background-type":"","background-media":"","overlay-type":"","overlay-color":"","overlay-opacity":"","overlay-gradient":""},"tablet":{"background-color":"var(--ast-global-color-5)","background-image":"","background-repeat":"repeat","background-position":"center center","background-size":"auto","background-attachment":"scroll","background-type":"","background-media":"","overlay-type":"","overlay-color":"","overlay-opacity":"","overlay-gradient":""},"mobile":{"background-color":"var(--ast-global-color-5)","background-image":"","background-repeat":"repeat","background-position":"center center","background-size":"auto","background-attachment":"scroll","background-type":"","background-media":"","overlay-type":"","overlay-color":"","overlay-opacity":"","overlay-gradient":""}}},"product_brand":[],"product_cat":[29],"product_tag":[],"class_list":{"0":"post-1828","1":"product","2":"type-product","3":"status-publish","4":"has-post-thumbnail","6":"product_cat-haschisch","7":"desktop-align-left","8":"tablet-align-left","9":"mobile-align-left","11":"first","12":"instock","13":"shipping-taxable","14":"purchasable","15":"product-type-variable"},"uagb_featured_image_src":{"full":["https:\/\/pressurezone.shop\/wp-content\/uploads\/2024\/04\/photo1712355011.jpeg",1280,862,false],"thumbnail":["https:\/\/pressurezone.shop\/wp-content\/uploads\/2024\/04\/photo1712355011-150x150.jpeg",150,150,true],"medium":["https:\/\/pressurezone.shop\/wp-content\/uploads\/2024\/04\/photo1712355011-300x202.jpeg",300,202,true],"medium_large":["https:\/\/pressurezone.shop\/wp-content\/uploads\/2024\/04\/photo1712355011-768x517.jpeg",768,517,true],"large":["https:\/\/pressurezone.shop\/wp-content\/uploads\/2024\/04\/photo1712355011-1024x690.jpeg",1024,690,true],"1536x1536":["https:\/\/pressurezone.shop\/wp-content\/uploads\/2024\/04\/photo1712355011.jpeg",1280,862,false],"2048x2048":["https:\/\/pressurezone.shop\/wp-content\/uploads\/2024\/04\/photo1712355011.jpeg",1280,862,false],"trp-custom-language-flag":["https:\/\/pressurezone.shop\/wp-content\/uploads\/2024\/04\/photo1712355011.jpeg",18,12,false],"woocommerce_thumbnail":["https:\/\/pressurezone.shop\/wp-content\/uploads\/2024\/04\/photo1712355011-300x300.jpeg",300,300,true],"woocommerce_single":["https:\/\/pressurezone.shop\/wp-content\/uploads\/2024\/04\/photo1712355011-600x404.jpeg",600,404,true],"woocommerce_gallery_thumbnail":["https:\/\/pressurezone.shop\/wp-content\/uploads\/2024\/04\/photo1712355011-100x100.jpeg",100,100,true]},"uagb_author_info":{"display_name":"pressurezone.shop","author_link":"https:\/\/pressurezone.shop\/sv\/author\/"},"uagb_comment_info":1,"uagb_excerpt":"Tidghine haschisch capture l'essence du Maroc, offrant un concentr\u00e9 de cannabis haut de gamme avec une saveur et une puissance in\u00e9gal\u00e9es. Plongez-vous dans la tradition et le savoir-faire du Maroc \u00e0 chaque inspiration.","_links":{"self":[{"href":"https:\/\/pressurezone.shop\/sv\/wp-json\/wp\/v2\/product\/1828"}],"collection":[{"href":"https:\/\/pressurezone.shop\/sv\/wp-json\/wp\/v2\/product"}],"about":[{"href":"https:\/\/pressurezone.shop\/sv\/wp-json\/wp\/v2\/types\/product"}],"replies":[{"embeddable":true,"href":"https:\/\/pressurezone.shop\/sv\/wp-json\/wp\/v2\/comments?post=1828"}],"version-history":[{"count":3,"href":"https:\/\/pressurezone.shop\/sv\/wp-json\/wp\/v2\/product\/1828\/revisions"}],"predecessor-version":[{"id":2201,"href":"https:\/\/pressurezone.shop\/sv\/wp-json\/wp\/v2\/product\/1828\/revisions\/2201"}],"wp:featuredmedia":[{"embeddable":true,"href":"https:\/\/pressurezone.shop\/sv\/wp-json\/wp\/v2\/media\/1829"}],"wp:attachment":[{"href":"https:\/\/pressurezone.shop\/sv\/wp-json\/wp\/v2\/media?parent=1828"}],"wp:term":[{"taxonomy":"product_brand","embeddable":true,"href":"https:\/\/pressurezone.shop\/sv\/wp-json\/wp\/v2\/product_brand?post=1828"},{"taxonomy":"product_cat","embeddable":true,"href":"https:\/\/pressurezone.shop\/sv\/wp-json\/wp\/v2\/product_cat?post=1828"},{"taxonomy":"product_tag","embeddable":true,"href":"https:\/\/pressurezone.shop\/sv\/wp-json\/wp\/v2\/product_tag?post=1828"}],"curies":[{"name":"wp","href":"https:\/\/api.w.org\/{rel}","templated":true}]}}