{"id":2070,"date":"2024-04-09T14:58:20","date_gmt":"2024-04-09T13:58:20","guid":{"rendered":"https:\/\/pressurezone.shop\/?post_type=product&#038;p=2070"},"modified":"2024-04-10T22:50:53","modified_gmt":"2024-04-10T20:50:53","slug":"pink-truffle","status":"publish","type":"product","link":"https:\/\/pressurezone.shop\/sv\/produkt\/rosa-tryffel\/","title":{"rendered":"Rosa Tryffel"},"content":{"rendered":"<p>Rosa Tryffel \u00e4r en m\u00e4ngd av cannabis hybrid resultatet av en genetisk korsning mellan Rosa Kush och Tryffel. Denna stam \u00e4r en riktig delikatess, med en s\u00f6t smak och kr\u00e4mig konsistens av vanilj och b\u00e4r. Med en THC-niv\u00e5n p\u00e5 22 %, Rosa Tryffel \u00e4r ett utm\u00e4rkt val f\u00f6r cannabis konsumenterna har upplevt i s\u00f6kandet efter en m\u00e4ktig upplevelse och s\u00e5 l\u00e4ckra.<\/p>\n<p>Kunder Leafly, beskriver vi effekterna av Rosa Tryffel som avkopplande, gl\u00e4djefull och euforisk. Patienter som anv\u00e4nder cannabis f\u00f6r medicinska \u00e4ndam\u00e5l kommer ofta att v\u00e4lja Rosa Tryffel f\u00f6r att lindra symtom relaterade till s\u00f6mnl\u00f6shet, sm\u00e4rta och stress. Upp av Cannabis Dynastin, Rosa Tryffel presenterar smaker av s\u00f6ta b\u00e4r och vanilj. Den terpene dominerande av denna sort \u00e4r caryophyllene, vilket ger en effekt och kryddig anti-inflammatorisk.<\/p>\n<p>Denna sort \u00e4r perfekt f\u00f6r anv\u00e4ndning p\u00e5 kv\u00e4llen, eftersom det kan framkalla en djup avslappning och en k\u00e4nsla av lycka. Om du har r\u00f6kt, f\u00f6r\u00e5ngas eller f\u00f6rbrukas Rosa Tryffel, dela dina erfarenheter genom att l\u00e4mna en kommentar p\u00e5 <a href=\"https:\/\/fuelpackz.com\/\" target=\"_blank\" rel=\"noopener\">den<\/a> sorten.<\/p>\n<h4><a href=\"https:\/\/pressurezone.shop\/sv\/\">Rosa Tryffel cannabis<\/a><\/h4>","protected":false},"excerpt":{"rendered":"<h4><a href=\"https:\/\/pressurezone.shop\/sv\/\">Rosa Tryffel cannabis<\/a><\/h4>","protected":false},"featured_media":2071,"comment_status":"open","ping_status":"closed","template":"","meta":{"_uag_custom_page_level_css":"","site-sidebar-layout":"default","site-content-layout":"","ast-site-content-layout":"default","site-content-style":"default","site-sidebar-style":"default","ast-global-header-display":"","ast-banner-title-visibility":"","ast-main-header-display":"","ast-hfb-above-header-display":"","ast-hfb-below-header-display":"","ast-hfb-mobile-header-display":"","site-post-title":"","ast-breadcrumbs-content":"","ast-featured-img":"","footer-sml-layout":"","theme-transparent-header-meta":"default","adv-header-id-meta":"","stick-header-meta":"","header-above-stick-meta":"","header-main-stick-meta":"","header-below-stick-meta":"","astra-migrate-meta-layouts":"set","ast-page-background-enabled":"default","ast-page-background-meta":{"desktop":{"background-color":"","background-image":"","background-repeat":"repeat","background-position":"center center","background-size":"auto","background-attachment":"scroll","background-type":"","background-media":"","overlay-type":"","overlay-color":"","overlay-opacity":"","overlay-gradient":""},"tablet":{"background-color":"","background-image":"","background-repeat":"repeat","background-position":"center center","background-size":"auto","background-attachment":"scroll","background-type":"","background-media":"","overlay-type":"","overlay-color":"","overlay-opacity":"","overlay-gradient":""},"mobile":{"background-color":"","background-image":"","background-repeat":"repeat","background-position":"center center","background-size":"auto","background-attachment":"scroll","background-type":"","background-media":"","overlay-type":"","overlay-color":"","overlay-opacity":"","overlay-gradient":""}},"ast-content-background-meta":{"desktop":{"background-color":"var(--ast-global-color-5)","background-image":"","background-repeat":"repeat","background-position":"center center","background-size":"auto","background-attachment":"scroll","background-type":"","background-media":"","overlay-type":"","overlay-color":"","overlay-opacity":"","overlay-gradient":""},"tablet":{"background-color":"var(--ast-global-color-5)","background-image":"","background-repeat":"repeat","background-position":"center center","background-size":"auto","background-attachment":"scroll","background-type":"","background-media":"","overlay-type":"","overlay-color":"","overlay-opacity":"","overlay-gradient":""},"mobile":{"background-color":"var(--ast-global-color-5)","background-image":"","background-repeat":"repeat","background-position":"center center","background-size":"auto","background-attachment":"scroll","background-type":"","background-media":"","overlay-type":"","overlay-color":"","overlay-opacity":"","overlay-gradient":""}}},"product_brand":[],"product_cat":[28],"product_tag":[],"class_list":{"0":"post-2070","1":"product","2":"type-product","3":"status-publish","4":"has-post-thumbnail","6":"product_cat-varietes-de-cannabis","7":"desktop-align-left","8":"tablet-align-left","9":"mobile-align-left","11":"first","12":"instock","13":"sale","14":"shipping-taxable","15":"purchasable","16":"product-type-variable"},"uagb_featured_image_src":{"full":["https:\/\/pressurezone.shop\/wp-content\/uploads\/2024\/04\/photo1712356437-2-1.jpeg",772,800,false],"thumbnail":["https:\/\/pressurezone.shop\/wp-content\/uploads\/2024\/04\/photo1712356437-2-1-150x150.jpeg",150,150,true],"medium":["https:\/\/pressurezone.shop\/wp-content\/uploads\/2024\/04\/photo1712356437-2-1-290x300.jpeg",290,300,true],"medium_large":["https:\/\/pressurezone.shop\/wp-content\/uploads\/2024\/04\/photo1712356437-2-1-768x796.jpeg",768,796,true],"large":["https:\/\/pressurezone.shop\/wp-content\/uploads\/2024\/04\/photo1712356437-2-1.jpeg",772,800,false],"1536x1536":["https:\/\/pressurezone.shop\/wp-content\/uploads\/2024\/04\/photo1712356437-2-1.jpeg",772,800,false],"2048x2048":["https:\/\/pressurezone.shop\/wp-content\/uploads\/2024\/04\/photo1712356437-2-1.jpeg",772,800,false],"trp-custom-language-flag":["https:\/\/pressurezone.shop\/wp-content\/uploads\/2024\/04\/photo1712356437-2-1.jpeg",12,12,false],"woocommerce_thumbnail":["https:\/\/pressurezone.shop\/wp-content\/uploads\/2024\/04\/photo1712356437-2-1-300x300.jpeg",300,300,true],"woocommerce_single":["https:\/\/pressurezone.shop\/wp-content\/uploads\/2024\/04\/photo1712356437-2-1-600x622.jpeg",600,622,true],"woocommerce_gallery_thumbnail":["https:\/\/pressurezone.shop\/wp-content\/uploads\/2024\/04\/photo1712356437-2-1-100x100.jpeg",100,100,true]},"uagb_author_info":{"display_name":"pressurezone.shop","author_link":"https:\/\/pressurezone.shop\/sv\/author\/"},"uagb_comment_info":0,"uagb_excerpt":"Pink Truffle cannabis","_links":{"self":[{"href":"https:\/\/pressurezone.shop\/sv\/wp-json\/wp\/v2\/product\/2070"}],"collection":[{"href":"https:\/\/pressurezone.shop\/sv\/wp-json\/wp\/v2\/product"}],"about":[{"href":"https:\/\/pressurezone.shop\/sv\/wp-json\/wp\/v2\/types\/product"}],"replies":[{"embeddable":true,"href":"https:\/\/pressurezone.shop\/sv\/wp-json\/wp\/v2\/comments?post=2070"}],"version-history":[{"count":4,"href":"https:\/\/pressurezone.shop\/sv\/wp-json\/wp\/v2\/product\/2070\/revisions"}],"predecessor-version":[{"id":2189,"href":"https:\/\/pressurezone.shop\/sv\/wp-json\/wp\/v2\/product\/2070\/revisions\/2189"}],"wp:featuredmedia":[{"embeddable":true,"href":"https:\/\/pressurezone.shop\/sv\/wp-json\/wp\/v2\/media\/2071"}],"wp:attachment":[{"href":"https:\/\/pressurezone.shop\/sv\/wp-json\/wp\/v2\/media?parent=2070"}],"wp:term":[{"taxonomy":"product_brand","embeddable":true,"href":"https:\/\/pressurezone.shop\/sv\/wp-json\/wp\/v2\/product_brand?post=2070"},{"taxonomy":"product_cat","embeddable":true,"href":"https:\/\/pressurezone.shop\/sv\/wp-json\/wp\/v2\/product_cat?post=2070"},{"taxonomy":"product_tag","embeddable":true,"href":"https:\/\/pressurezone.shop\/sv\/wp-json\/wp\/v2\/product_tag?post=2070"}],"curies":[{"name":"wp","href":"https:\/\/api.w.org\/{rel}","templated":true}]}}