{"id":2080,"date":"2024-04-09T15:03:26","date_gmt":"2024-04-09T14:03:26","guid":{"rendered":"https:\/\/pressurezone.shop\/?post_type=product&#038;p=2080"},"modified":"2026-03-26T09:34:40","modified_gmt":"2026-03-26T08:34:40","slug":"814-firework-candy","status":"publish","type":"product","link":"https:\/\/pressurezone.shop\/sv\/produkt\/814-fyrverkeri-godis\/","title":{"rendered":"814 Fyrverkeri Godis"},"content":{"rendered":"<h6><span style=\"font-size: 16px;\"><a href=\"https:\/\/pressurezone.shop\/sv\/\">814 Fyrverkeri Godis<\/a> <\/span><\/h6>\n<p><span style=\"font-size: 16px;\">\u00e4r en cannabis stam med 50 % sativa och 50 % indica, resultatet av en genetisk korsning mellan MAC och Gelato (Fenol-7). Denna sort \u00e4r en hybrid av en f\u00e4rgstark och kraftfull som erbjuder en h\u00f6g balanserad och utmanande. Fyrverkeri Candy har en s\u00f6t doft och kr\u00e4mig med inslag av citrus och diesel. Knopparna \u00e4r t\u00e4t och frostat, med nyanser av m\u00f6rkt gr\u00f6n och lila. 814 Fyrverkeri Candy har en THC-niv\u00e5n p\u00e5 23 %, vilket g\u00f6r det till ett idealiskt val f\u00f6r cannabis konsumenterna har upplevt. <\/span><\/p>\n<p><span style=\"font-size: 16px;\">Kunder Leafly, vi rapportera att effekterna av Fyrverkeri Godis, som har kreativitet, koncentration och avslappning. Patienter som anv\u00e4nder cannabis f\u00f6r medicinska \u00e4ndam\u00e5l kommer ofta v\u00e4ljer 814 Fyrverkeri Godis f\u00f6r att lindra symtom i samband med depression, tr\u00f6tthet och aptitl\u00f6shet.<\/span><\/p>\n<p><span style=\"font-size: 16px;\"> H\u00f6g Cresco, 814 Fyrverkeri Godis presenterar smaker av s\u00f6t citrus och diesel. Den terpene dominerande av denna sort \u00e4r limonen. Om du letar efter en hybrid med en f\u00e4rgstark och kraftfull som kan f\u00f6rb\u00e4ttra ditt hum\u00f6r och din energi, 814 Fyrverkeri Godis kan vara den sort som passar dig. Om du har r\u00f6kt, f\u00f6r\u00e5ngas eller \u00e4tit Godis, dela dina erfarenheter genom att l\u00e4mna en kommentar p\u00e5 sort.nce smak festlig och koppla av med en combinaiso<a href=\"https:\/\/fuelpackz.com\/\" target=\"_blank\" rel=\"noopener\">n<\/a> unika smaker och CBD.<\/span><\/p>\n<p>814 Fyrverkeri Candy \u00e4r en m\u00e4ngd av cannabis hybrid som ger upplevelsen av en levande och kraftfull. Det \u00e4r resultatet av en korsning mellan MAC (Mirakel Fr\u00e4mmande Cookies) och Glass (Fenol-7), detta skapar en balanserad blandning av genetiska sativa och indica. Denna kombination bidrar till dess effekter och unika funktioner.<\/p>\n<p>Ett anm\u00e4rkningsv\u00e4rt inslag av 814 Fyrverkeri Godis \u00e4r dess f\u00e4rgglada utseende. Cheferna har en struktur som \u00e4r t\u00e4t med nyanser av m\u00f6rkgr\u00f6nt och violett, kompletteras med ett lager av frostiga trichomes. Den visuella intryck bidrar till den totala \u00f6verklagande av den sorten.<\/p>\n<p>I form av doft, 814 Fyrverkeri Godis l\u00e4ckerheter sinnen med en s\u00f6t och kr\u00e4mig. Med noter av citrus och diesel kan ocks\u00e5 f\u00f6rekomma, att skapa en profil lukt sp\u00e4nnande och komplexa.<\/p>\n<p>Med en THC-halt p\u00e5 23 %, 814 Fyrverkeri Godis betraktas som en kraftfull och passar f\u00f6r konsumenter som upplevt cannabis. Effekterna av denna sort redovisas som stimulantia och balanserad. Det kan fr\u00e4mja en k\u00e4nsla av kreativitet, vilket ger m\u00f6jligheter till \u00f6kad koncentration. Dessutom har m\u00e5nga anv\u00e4ndare tycker att det \u00e4r avkopplande, detta kan vara anv\u00e4ndbara f\u00f6r att lindra symptomen av depression, tr\u00f6tthet och aptitl\u00f6shet.<\/p>\n<p>Cresco, ett v\u00e4lk\u00e4nt f\u00f6retag inom odling av cannabis, som \u00e4r ansvarig f\u00f6r utvecklingen av 814 Fyrverkeri Godis. Den genetiska profilen av den sorten och den terpene dominerande, limonen, bidra till dess s\u00e4rpr\u00e4glade smak av s\u00f6tma, citrus och diesel.<\/p>\n<p>Om du letar efter en m\u00e4ngd cannabis som erbjuder b\u00e5de visuella intryck och en kraftfull och inspirerande upplevelse, 814 Fyrverkeri Godis \u00e4r kanske sv\u00e5rt att \u00f6verv\u00e4gas. Som alltid \u00e4r det viktigt att ta h\u00e4nsyn till dina personliga toleransniv\u00e5er och dina preferenser i val och konsumtion av cannabis sorter<\/p>","protected":false},"excerpt":{"rendered":"<h3><span style=\"font-size: 16px;\">814 Fyrverkeri Godis cannabis\u00a0<\/span><\/h3>\n<p>&nbsp;<\/p>","protected":false},"featured_media":2081,"comment_status":"open","ping_status":"closed","template":"","meta":{"_uag_custom_page_level_css":"","site-sidebar-layout":"default","site-content-layout":"","ast-site-content-layout":"default","site-content-style":"default","site-sidebar-style":"default","ast-global-header-display":"","ast-banner-title-visibility":"","ast-main-header-display":"","ast-hfb-above-header-display":"","ast-hfb-below-header-display":"","ast-hfb-mobile-header-display":"","site-post-title":"","ast-breadcrumbs-content":"","ast-featured-img":"","footer-sml-layout":"","theme-transparent-header-meta":"default","adv-header-id-meta":"","stick-header-meta":"","header-above-stick-meta":"","header-main-stick-meta":"","header-below-stick-meta":"","astra-migrate-meta-layouts":"set","ast-page-background-enabled":"default","ast-page-background-meta":{"desktop":{"background-color":"","background-image":"","background-repeat":"repeat","background-position":"center center","background-size":"auto","background-attachment":"scroll","background-type":"","background-media":"","overlay-type":"","overlay-color":"","overlay-opacity":"","overlay-gradient":""},"tablet":{"background-color":"","background-image":"","background-repeat":"repeat","background-position":"center center","background-size":"auto","background-attachment":"scroll","background-type":"","background-media":"","overlay-type":"","overlay-color":"","overlay-opacity":"","overlay-gradient":""},"mobile":{"background-color":"","background-image":"","background-repeat":"repeat","background-position":"center center","background-size":"auto","background-attachment":"scroll","background-type":"","background-media":"","overlay-type":"","overlay-color":"","overlay-opacity":"","overlay-gradient":""}},"ast-content-background-meta":{"desktop":{"background-color":"var(--ast-global-color-5)","background-image":"","background-repeat":"repeat","background-position":"center center","background-size":"auto","background-attachment":"scroll","background-type":"","background-media":"","overlay-type":"","overlay-color":"","overlay-opacity":"","overlay-gradient":""},"tablet":{"background-color":"var(--ast-global-color-5)","background-image":"","background-repeat":"repeat","background-position":"center center","background-size":"auto","background-attachment":"scroll","background-type":"","background-media":"","overlay-type":"","overlay-color":"","overlay-opacity":"","overlay-gradient":""},"mobile":{"background-color":"var(--ast-global-color-5)","background-image":"","background-repeat":"repeat","background-position":"center center","background-size":"auto","background-attachment":"scroll","background-type":"","background-media":"","overlay-type":"","overlay-color":"","overlay-opacity":"","overlay-gradient":""}}},"product_brand":[],"product_cat":[28],"product_tag":[],"class_list":{"0":"post-2080","1":"product","2":"type-product","3":"status-publish","4":"has-post-thumbnail","6":"product_cat-varietes-de-cannabis","7":"desktop-align-left","8":"tablet-align-left","9":"mobile-align-left","11":"first","12":"instock","13":"sale","14":"shipping-taxable","15":"purchasable","16":"product-type-variable"},"uagb_featured_image_src":{"full":["https:\/\/pressurezone.shop\/wp-content\/uploads\/2024\/04\/photo1712356437-3.jpeg",780,800,false],"thumbnail":["https:\/\/pressurezone.shop\/wp-content\/uploads\/2024\/04\/photo1712356437-3-150x150.jpeg",150,150,true],"medium":["https:\/\/pressurezone.shop\/wp-content\/uploads\/2024\/04\/photo1712356437-3-293x300.jpeg",293,300,true],"medium_large":["https:\/\/pressurezone.shop\/wp-content\/uploads\/2024\/04\/photo1712356437-3-768x788.jpeg",768,788,true],"large":["https:\/\/pressurezone.shop\/wp-content\/uploads\/2024\/04\/photo1712356437-3.jpeg",780,800,false],"1536x1536":["https:\/\/pressurezone.shop\/wp-content\/uploads\/2024\/04\/photo1712356437-3.jpeg",780,800,false],"2048x2048":["https:\/\/pressurezone.shop\/wp-content\/uploads\/2024\/04\/photo1712356437-3.jpeg",780,800,false],"trp-custom-language-flag":["https:\/\/pressurezone.shop\/wp-content\/uploads\/2024\/04\/photo1712356437-3.jpeg",12,12,false],"woocommerce_thumbnail":["https:\/\/pressurezone.shop\/wp-content\/uploads\/2024\/04\/photo1712356437-3-300x300.jpeg",300,300,true],"woocommerce_single":["https:\/\/pressurezone.shop\/wp-content\/uploads\/2024\/04\/photo1712356437-3-600x615.jpeg",600,615,true],"woocommerce_gallery_thumbnail":["https:\/\/pressurezone.shop\/wp-content\/uploads\/2024\/04\/photo1712356437-3-100x100.jpeg",100,100,true]},"uagb_author_info":{"display_name":"pressurezone.shop","author_link":"https:\/\/pressurezone.shop\/sv\/author\/"},"uagb_comment_info":24,"uagb_excerpt":"814 Firework Candy cannabis\u00a0 &nbsp;","_links":{"self":[{"href":"https:\/\/pressurezone.shop\/sv\/wp-json\/wp\/v2\/product\/2080"}],"collection":[{"href":"https:\/\/pressurezone.shop\/sv\/wp-json\/wp\/v2\/product"}],"about":[{"href":"https:\/\/pressurezone.shop\/sv\/wp-json\/wp\/v2\/types\/product"}],"replies":[{"embeddable":true,"href":"https:\/\/pressurezone.shop\/sv\/wp-json\/wp\/v2\/comments?post=2080"}],"version-history":[{"count":5,"href":"https:\/\/pressurezone.shop\/sv\/wp-json\/wp\/v2\/product\/2080\/revisions"}],"predecessor-version":[{"id":2246,"href":"https:\/\/pressurezone.shop\/sv\/wp-json\/wp\/v2\/product\/2080\/revisions\/2246"}],"wp:featuredmedia":[{"embeddable":true,"href":"https:\/\/pressurezone.shop\/sv\/wp-json\/wp\/v2\/media\/2081"}],"wp:attachment":[{"href":"https:\/\/pressurezone.shop\/sv\/wp-json\/wp\/v2\/media?parent=2080"}],"wp:term":[{"taxonomy":"product_brand","embeddable":true,"href":"https:\/\/pressurezone.shop\/sv\/wp-json\/wp\/v2\/product_brand?post=2080"},{"taxonomy":"product_cat","embeddable":true,"href":"https:\/\/pressurezone.shop\/sv\/wp-json\/wp\/v2\/product_cat?post=2080"},{"taxonomy":"product_tag","embeddable":true,"href":"https:\/\/pressurezone.shop\/sv\/wp-json\/wp\/v2\/product_tag?post=2080"}],"curies":[{"name":"wp","href":"https:\/\/api.w.org\/{rel}","templated":true}]}}