{"id":2090,"date":"2024-04-09T15:07:54","date_gmt":"2024-04-09T14:07:54","guid":{"rendered":"https:\/\/pressurezone.shop\/?post_type=product&#038;p=2090"},"modified":"2024-04-10T22:56:52","modified_gmt":"2024-04-10T20:56:52","slug":"lemon-push-pop","status":"publish","type":"product","link":"https:\/\/pressurezone.shop\/sv\/produkt\/citronpush-pop\/","title":{"rendered":"Citron Push Pop"},"content":{"rendered":"<p>Citron Push-Pop \u00e4r en hybrid sort med balanserad (50% indica\/50% sativa) som skapades genom att korsa den l\u00e4ckra stammar Cookies &amp; Cream och Templet Flo. Nommm\u00e9e efter sin uts\u00f6kta smak, Push Pop \u00e4r det perfekta valet f\u00f6r alla \u00e4lskare av hybrid kraftfull. Som namnet antyder, Push Pop har en smak av godis super s\u00f6t och fruktig, med toner av kr\u00e4mig vanilj och en aning kryddig peppar. Doften f\u00f6ljer samma profil, \u00e4ven om den pepprig ton att ta upp med ett \u00f6verl\u00e4gg f\u00f6r super stark.<\/p>\n<p>Effekten av Push Pops du vill ha lite mer, med stimulerande effekter och chatouillants som kommer att p\u00e5verka b\u00e5de sinnet och kroppen. Ditt mentala tillst\u00e5nd kommer snabbt bli h\u00f6g, fylld med en ljus trevlig stickande k\u00e4nsla som numbs hj\u00e4rnan och fyller dig med gl\u00e4dje. Du kommer att vara kreativ och ut\u00e5triktad i detta tillst\u00e5nd, l\u00e4tt att samtala med de som finns omkring dig, \u00e4ven om du kan ibland hitta dig sj\u00e4lv fastnat i den galna skratt. Som ett kliande fysiska avkopplande f\u00f6ljer denna \u00f6kning i psykisk, stimulera din kropp.<\/p>\n<p>I kombination med en genomsnittlig hastighet av THC h\u00f6g med 12% till 25%, g\u00f6ra dessa effekter Push Pop-ett bra val f\u00f6r att behandla tillst\u00e5nd som kronisk stress eller \u00e5ngest, PTSD, depression, huvudv\u00e4rk eller migr\u00e4n. Detta bud har huvudet form av druvor i en neon gr\u00f6n ljus, med h\u00e5r orange tjock, och ett lager av trichomes kristallina dor<a href=\"https:\/\/fuelpackz.com\/\" target=\"_blank\" rel=\"noopener\">e<\/a>s-och-vitt.<a href=\"https:\/\/pressurezone.shop\/sv\/\">Citron Push Pop<\/a><\/p>","protected":false},"excerpt":{"rendered":"<h4>Citron Push-Pop cannabis<\/h4>","protected":false},"featured_media":2091,"comment_status":"open","ping_status":"closed","template":"","meta":{"_uag_custom_page_level_css":"","site-sidebar-layout":"default","site-content-layout":"","ast-site-content-layout":"default","site-content-style":"default","site-sidebar-style":"default","ast-global-header-display":"","ast-banner-title-visibility":"","ast-main-header-display":"","ast-hfb-above-header-display":"","ast-hfb-below-header-display":"","ast-hfb-mobile-header-display":"","site-post-title":"","ast-breadcrumbs-content":"","ast-featured-img":"","footer-sml-layout":"","theme-transparent-header-meta":"default","adv-header-id-meta":"","stick-header-meta":"","header-above-stick-meta":"","header-main-stick-meta":"","header-below-stick-meta":"","astra-migrate-meta-layouts":"set","ast-page-background-enabled":"default","ast-page-background-meta":{"desktop":{"background-color":"","background-image":"","background-repeat":"repeat","background-position":"center center","background-size":"auto","background-attachment":"scroll","background-type":"","background-media":"","overlay-type":"","overlay-color":"","overlay-opacity":"","overlay-gradient":""},"tablet":{"background-color":"","background-image":"","background-repeat":"repeat","background-position":"center center","background-size":"auto","background-attachment":"scroll","background-type":"","background-media":"","overlay-type":"","overlay-color":"","overlay-opacity":"","overlay-gradient":""},"mobile":{"background-color":"","background-image":"","background-repeat":"repeat","background-position":"center center","background-size":"auto","background-attachment":"scroll","background-type":"","background-media":"","overlay-type":"","overlay-color":"","overlay-opacity":"","overlay-gradient":""}},"ast-content-background-meta":{"desktop":{"background-color":"var(--ast-global-color-5)","background-image":"","background-repeat":"repeat","background-position":"center center","background-size":"auto","background-attachment":"scroll","background-type":"","background-media":"","overlay-type":"","overlay-color":"","overlay-opacity":"","overlay-gradient":""},"tablet":{"background-color":"var(--ast-global-color-5)","background-image":"","background-repeat":"repeat","background-position":"center center","background-size":"auto","background-attachment":"scroll","background-type":"","background-media":"","overlay-type":"","overlay-color":"","overlay-opacity":"","overlay-gradient":""},"mobile":{"background-color":"var(--ast-global-color-5)","background-image":"","background-repeat":"repeat","background-position":"center center","background-size":"auto","background-attachment":"scroll","background-type":"","background-media":"","overlay-type":"","overlay-color":"","overlay-opacity":"","overlay-gradient":""}}},"product_brand":[],"product_cat":[28],"product_tag":[],"class_list":{"0":"post-2090","1":"product","2":"type-product","3":"status-publish","4":"has-post-thumbnail","6":"product_cat-varietes-de-cannabis","7":"desktop-align-left","8":"tablet-align-left","9":"mobile-align-left","11":"first","12":"instock","13":"sale","14":"shipping-taxable","15":"purchasable","16":"product-type-variable"},"uagb_featured_image_src":{"full":["https:\/\/pressurezone.shop\/wp-content\/uploads\/2024\/04\/photo1712356437-4.jpeg",800,751,false],"thumbnail":["https:\/\/pressurezone.shop\/wp-content\/uploads\/2024\/04\/photo1712356437-4-150x150.jpeg",150,150,true],"medium":["https:\/\/pressurezone.shop\/wp-content\/uploads\/2024\/04\/photo1712356437-4-300x282.jpeg",300,282,true],"medium_large":["https:\/\/pressurezone.shop\/wp-content\/uploads\/2024\/04\/photo1712356437-4-768x721.jpeg",768,721,true],"large":["https:\/\/pressurezone.shop\/wp-content\/uploads\/2024\/04\/photo1712356437-4.jpeg",800,751,false],"1536x1536":["https:\/\/pressurezone.shop\/wp-content\/uploads\/2024\/04\/photo1712356437-4.jpeg",800,751,false],"2048x2048":["https:\/\/pressurezone.shop\/wp-content\/uploads\/2024\/04\/photo1712356437-4.jpeg",800,751,false],"trp-custom-language-flag":["https:\/\/pressurezone.shop\/wp-content\/uploads\/2024\/04\/photo1712356437-4.jpeg",13,12,false],"woocommerce_thumbnail":["https:\/\/pressurezone.shop\/wp-content\/uploads\/2024\/04\/photo1712356437-4-300x300.jpeg",300,300,true],"woocommerce_single":["https:\/\/pressurezone.shop\/wp-content\/uploads\/2024\/04\/photo1712356437-4-600x563.jpeg",600,563,true],"woocommerce_gallery_thumbnail":["https:\/\/pressurezone.shop\/wp-content\/uploads\/2024\/04\/photo1712356437-4-100x100.jpeg",100,100,true]},"uagb_author_info":{"display_name":"pressurezone.shop","author_link":"https:\/\/pressurezone.shop\/sv\/author\/"},"uagb_comment_info":0,"uagb_excerpt":"Lemon Push Pop cannabis","_links":{"self":[{"href":"https:\/\/pressurezone.shop\/sv\/wp-json\/wp\/v2\/product\/2090"}],"collection":[{"href":"https:\/\/pressurezone.shop\/sv\/wp-json\/wp\/v2\/product"}],"about":[{"href":"https:\/\/pressurezone.shop\/sv\/wp-json\/wp\/v2\/types\/product"}],"replies":[{"embeddable":true,"href":"https:\/\/pressurezone.shop\/sv\/wp-json\/wp\/v2\/comments?post=2090"}],"version-history":[{"count":4,"href":"https:\/\/pressurezone.shop\/sv\/wp-json\/wp\/v2\/product\/2090\/revisions"}],"predecessor-version":[{"id":2191,"href":"https:\/\/pressurezone.shop\/sv\/wp-json\/wp\/v2\/product\/2090\/revisions\/2191"}],"wp:featuredmedia":[{"embeddable":true,"href":"https:\/\/pressurezone.shop\/sv\/wp-json\/wp\/v2\/media\/2091"}],"wp:attachment":[{"href":"https:\/\/pressurezone.shop\/sv\/wp-json\/wp\/v2\/media?parent=2090"}],"wp:term":[{"taxonomy":"product_brand","embeddable":true,"href":"https:\/\/pressurezone.shop\/sv\/wp-json\/wp\/v2\/product_brand?post=2090"},{"taxonomy":"product_cat","embeddable":true,"href":"https:\/\/pressurezone.shop\/sv\/wp-json\/wp\/v2\/product_cat?post=2090"},{"taxonomy":"product_tag","embeddable":true,"href":"https:\/\/pressurezone.shop\/sv\/wp-json\/wp\/v2\/product_tag?post=2090"}],"curies":[{"name":"wp","href":"https:\/\/api.w.org\/{rel}","templated":true}]}}