{"id":2110,"date":"2024-04-09T17:06:37","date_gmt":"2024-04-09T16:06:37","guid":{"rendered":"https:\/\/pressurezone.shop\/?post_type=product&#038;p=2110"},"modified":"2024-04-10T22:29:37","modified_gmt":"2024-04-10T20:29:37","slug":"runtz-cake","status":"publish","type":"product","link":"https:\/\/pressurezone.shop\/sv\/produkt\/runtz-tarta\/","title":{"rendered":"Runtz T\u00e5rta"},"content":{"rendered":"<p>Runtz Kaka \u00e4r en hybrid sort med balanserad (50% indica\/50% sativa) som skapades genom att korsa den l\u00e4ckra stam Vit Runtz och br\u00f6llopst\u00e5rta. Nommm\u00e9e enligt dess otroliga smak, Runtz Kakan \u00e4r bud perfekt f\u00f6r alla fan av hybrider. Detta bud och erbjuder en smak av s\u00f6ta b\u00e4r super s\u00f6t och fruktig, med en utandning n\u00e5got syrlig och s\u00f6t smak av vanilj och citrus. Doften \u00e4r mycket lika, med en not av syrlig citrus ljusa, accentuerat med godis, f\u00e4rska b\u00e4r och s\u00f6ta frukter att intensifiera den s\u00f6tma som knoppar konsumeras.<\/p>\n<p>Effekten av Runtz Kakan \u00e4r k\u00e4nt n\u00e5gra minuter efter sista andas ut, fylla din hj\u00e4rna med en k\u00e4nsla av energi och kreativitet tillsammans med en sp\u00e4nnande, stimulerande till baksidan av huvudet och nacken.<\/p>\n<p>Stickningar sprider sig snart i varje del av din kropp, vilket ger dig en total avkoppling fr\u00e5n topp till t\u00e5, och ibland \u00e4ven en viss sp\u00e4nning. Denna effekt kan bli ibland en lugnande, s\u00e5 var uppm\u00e4rksam p\u00e5 din dos om du har saker att g\u00f6ra. I samband med en genomsnittlig hastighet av THC h\u00f6g med 22% till 24%, och dessa effekter \u00e4r av Runtz T\u00e5rta-ett bra val f\u00f6r behandling av kronisk stress, huvudv\u00e4rk eller migr\u00e4n, depression, kronisk sm\u00e4rta, s\u00f6mnl\u00f6shet, och kronisk tr\u00f6tthet.<\/p>\n<p>Denna knopp \u00e4r i form av sm\u00e5, t\u00e4ta knoppar i form av popcorn, en skog med gr\u00f6na nyanser av gult, tunt h\u00e5r gult och ett lager av sm\u00e5 trichomes amber kristallina<a href=\"https:\/\/fuelpackz.com\/\" target=\"_blank\" rel=\"noopener\">.<\/a><\/p>","protected":false},"excerpt":{"rendered":"<h4><a href=\"https:\/\/pressurezone.shop\/sv\/\">Runtz T\u00e5rta cannabis<\/a><\/h4>","protected":false},"featured_media":2120,"comment_status":"open","ping_status":"closed","template":"","meta":{"_uag_custom_page_level_css":"","site-sidebar-layout":"default","site-content-layout":"","ast-site-content-layout":"default","site-content-style":"default","site-sidebar-style":"default","ast-global-header-display":"","ast-banner-title-visibility":"","ast-main-header-display":"","ast-hfb-above-header-display":"","ast-hfb-below-header-display":"","ast-hfb-mobile-header-display":"","site-post-title":"","ast-breadcrumbs-content":"","ast-featured-img":"","footer-sml-layout":"","theme-transparent-header-meta":"default","adv-header-id-meta":"","stick-header-meta":"","header-above-stick-meta":"","header-main-stick-meta":"","header-below-stick-meta":"","astra-migrate-meta-layouts":"set","ast-page-background-enabled":"default","ast-page-background-meta":{"desktop":{"background-color":"","background-image":"","background-repeat":"repeat","background-position":"center center","background-size":"auto","background-attachment":"scroll","background-type":"","background-media":"","overlay-type":"","overlay-color":"","overlay-opacity":"","overlay-gradient":""},"tablet":{"background-color":"","background-image":"","background-repeat":"repeat","background-position":"center center","background-size":"auto","background-attachment":"scroll","background-type":"","background-media":"","overlay-type":"","overlay-color":"","overlay-opacity":"","overlay-gradient":""},"mobile":{"background-color":"","background-image":"","background-repeat":"repeat","background-position":"center center","background-size":"auto","background-attachment":"scroll","background-type":"","background-media":"","overlay-type":"","overlay-color":"","overlay-opacity":"","overlay-gradient":""}},"ast-content-background-meta":{"desktop":{"background-color":"var(--ast-global-color-5)","background-image":"","background-repeat":"repeat","background-position":"center center","background-size":"auto","background-attachment":"scroll","background-type":"","background-media":"","overlay-type":"","overlay-color":"","overlay-opacity":"","overlay-gradient":""},"tablet":{"background-color":"var(--ast-global-color-5)","background-image":"","background-repeat":"repeat","background-position":"center center","background-size":"auto","background-attachment":"scroll","background-type":"","background-media":"","overlay-type":"","overlay-color":"","overlay-opacity":"","overlay-gradient":""},"mobile":{"background-color":"var(--ast-global-color-5)","background-image":"","background-repeat":"repeat","background-position":"center center","background-size":"auto","background-attachment":"scroll","background-type":"","background-media":"","overlay-type":"","overlay-color":"","overlay-opacity":"","overlay-gradient":""}}},"product_brand":[],"product_cat":[28],"product_tag":[183,203,214],"class_list":{"0":"post-2110","1":"product","2":"type-product","3":"status-publish","4":"has-post-thumbnail","6":"product_cat-varietes-de-cannabis","7":"product_tag-baies","8":"product_tag-barres-de-cereales","9":"product_tag-runtz-cake","10":"desktop-align-left","11":"tablet-align-left","12":"mobile-align-left","14":"first","15":"instock","16":"sale","17":"shipping-taxable","18":"purchasable","19":"product-type-variable"},"uagb_featured_image_src":{"full":["https:\/\/pressurezone.shop\/wp-content\/uploads\/2024\/04\/photo1712356436-2.jpeg",800,752,false],"thumbnail":["https:\/\/pressurezone.shop\/wp-content\/uploads\/2024\/04\/photo1712356436-2-150x150.jpeg",150,150,true],"medium":["https:\/\/pressurezone.shop\/wp-content\/uploads\/2024\/04\/photo1712356436-2-300x282.jpeg",300,282,true],"medium_large":["https:\/\/pressurezone.shop\/wp-content\/uploads\/2024\/04\/photo1712356436-2-768x722.jpeg",768,722,true],"large":["https:\/\/pressurezone.shop\/wp-content\/uploads\/2024\/04\/photo1712356436-2.jpeg",800,752,false],"1536x1536":["https:\/\/pressurezone.shop\/wp-content\/uploads\/2024\/04\/photo1712356436-2.jpeg",800,752,false],"2048x2048":["https:\/\/pressurezone.shop\/wp-content\/uploads\/2024\/04\/photo1712356436-2.jpeg",800,752,false],"trp-custom-language-flag":["https:\/\/pressurezone.shop\/wp-content\/uploads\/2024\/04\/photo1712356436-2.jpeg",13,12,false],"woocommerce_thumbnail":["https:\/\/pressurezone.shop\/wp-content\/uploads\/2024\/04\/photo1712356436-2-300x300.jpeg",300,300,true],"woocommerce_single":["https:\/\/pressurezone.shop\/wp-content\/uploads\/2024\/04\/photo1712356436-2-600x564.jpeg",600,564,true],"woocommerce_gallery_thumbnail":["https:\/\/pressurezone.shop\/wp-content\/uploads\/2024\/04\/photo1712356436-2-100x100.jpeg",100,100,true]},"uagb_author_info":{"display_name":"pressurezone.shop","author_link":"https:\/\/pressurezone.shop\/sv\/author\/"},"uagb_comment_info":0,"uagb_excerpt":"Runtz Cake cannabis","_links":{"self":[{"href":"https:\/\/pressurezone.shop\/sv\/wp-json\/wp\/v2\/product\/2110"}],"collection":[{"href":"https:\/\/pressurezone.shop\/sv\/wp-json\/wp\/v2\/product"}],"about":[{"href":"https:\/\/pressurezone.shop\/sv\/wp-json\/wp\/v2\/types\/product"}],"replies":[{"embeddable":true,"href":"https:\/\/pressurezone.shop\/sv\/wp-json\/wp\/v2\/comments?post=2110"}],"version-history":[{"count":4,"href":"https:\/\/pressurezone.shop\/sv\/wp-json\/wp\/v2\/product\/2110\/revisions"}],"predecessor-version":[{"id":2187,"href":"https:\/\/pressurezone.shop\/sv\/wp-json\/wp\/v2\/product\/2110\/revisions\/2187"}],"wp:featuredmedia":[{"embeddable":true,"href":"https:\/\/pressurezone.shop\/sv\/wp-json\/wp\/v2\/media\/2120"}],"wp:attachment":[{"href":"https:\/\/pressurezone.shop\/sv\/wp-json\/wp\/v2\/media?parent=2110"}],"wp:term":[{"taxonomy":"product_brand","embeddable":true,"href":"https:\/\/pressurezone.shop\/sv\/wp-json\/wp\/v2\/product_brand?post=2110"},{"taxonomy":"product_cat","embeddable":true,"href":"https:\/\/pressurezone.shop\/sv\/wp-json\/wp\/v2\/product_cat?post=2110"},{"taxonomy":"product_tag","embeddable":true,"href":"https:\/\/pressurezone.shop\/sv\/wp-json\/wp\/v2\/product_tag?post=2110"}],"curies":[{"name":"wp","href":"https:\/\/api.w.org\/{rel}","templated":true}]}}