{"id":2129,"date":"2024-04-09T17:11:31","date_gmt":"2024-04-09T16:11:31","guid":{"rendered":"https:\/\/pressurezone.shop\/?post_type=product&#038;p=2129"},"modified":"2024-04-10T23:57:13","modified_gmt":"2024-04-10T21:57:13","slug":"gorilla-bomb","status":"publish","type":"product","link":"https:\/\/pressurezone.shop\/sv\/produkt\/gorillabomb\/","title":{"rendered":"Gorilla Bomb"},"content":{"rendered":"<p>Gorilla Bomb \u00e4r en m\u00e4ngd av cannabis hybrid med sativa-dominerande, kraftfull, som erh\u00e5llits genom korsning GG4 (\u00e4ven k\u00e4nd som Gorilla Lim) med THC Bomb. Denna sort ger en kraftfull effekt som kommer att ta ditt sinne och cloueront din kropp i din favorit stol. Med en THC-niv\u00e5 p\u00e5 19 %, Gorilla Bomb \u00e4r reserverade f\u00f6r konsumenterna upplever cannabis.<\/p>\n<p>Patienter som anv\u00e4nder cannabis f\u00f6r medicinska \u00e4ndam\u00e5l v\u00e4lja Gorilla Bomb f\u00f6r att lindra symptom i samband med muskelkramper, tr\u00f6tthet och s\u00f6mnl\u00f6shet. Denna sort har en smakprofil diesel v\u00e5gad, som beskrivs som jordn\u00e4ra och s\u00f6t med toner av choklad och tall.<\/p>\n<p>Med en tjock bel\u00e4ggning av trichomes och en stickande doft, denna sort \u00e4r verkligen attraktiv nog f\u00f6r att tillfredsst\u00e4lla n\u00e5gon k\u00e4nnare av cannabis. Gorilla Bomb skapades ursprungligen av Bomb Fr\u00f6n. Om du har r\u00f6kt, f\u00f6r\u00e5ngas eller om<a href=\"https:\/\/fuelpackz.com\/\" target=\"_blank\" rel=\"noopener\">e<\/a> Gorilla Bomb, dela dina erfarenheter genom att l\u00e4mna en kommentar p\u00e5 sort.<a href=\"https:\/\/pressurezone.shop\/sv\/\">Gorilla Bomb cannabis\u00a0<\/a><\/p>","protected":false},"excerpt":{"rendered":"<h4>Gorilla Bomb cannabis<\/h4>","protected":false},"featured_media":2130,"comment_status":"open","ping_status":"closed","template":"","meta":{"_uag_custom_page_level_css":"","site-sidebar-layout":"default","site-content-layout":"","ast-site-content-layout":"default","site-content-style":"default","site-sidebar-style":"default","ast-global-header-display":"","ast-banner-title-visibility":"","ast-main-header-display":"","ast-hfb-above-header-display":"","ast-hfb-below-header-display":"","ast-hfb-mobile-header-display":"","site-post-title":"","ast-breadcrumbs-content":"","ast-featured-img":"","footer-sml-layout":"","theme-transparent-header-meta":"default","adv-header-id-meta":"","stick-header-meta":"","header-above-stick-meta":"","header-main-stick-meta":"","header-below-stick-meta":"","astra-migrate-meta-layouts":"set","ast-page-background-enabled":"default","ast-page-background-meta":{"desktop":{"background-color":"","background-image":"","background-repeat":"repeat","background-position":"center center","background-size":"auto","background-attachment":"scroll","background-type":"","background-media":"","overlay-type":"","overlay-color":"","overlay-opacity":"","overlay-gradient":""},"tablet":{"background-color":"","background-image":"","background-repeat":"repeat","background-position":"center center","background-size":"auto","background-attachment":"scroll","background-type":"","background-media":"","overlay-type":"","overlay-color":"","overlay-opacity":"","overlay-gradient":""},"mobile":{"background-color":"","background-image":"","background-repeat":"repeat","background-position":"center center","background-size":"auto","background-attachment":"scroll","background-type":"","background-media":"","overlay-type":"","overlay-color":"","overlay-opacity":"","overlay-gradient":""}},"ast-content-background-meta":{"desktop":{"background-color":"var(--ast-global-color-5)","background-image":"","background-repeat":"repeat","background-position":"center center","background-size":"auto","background-attachment":"scroll","background-type":"","background-media":"","overlay-type":"","overlay-color":"","overlay-opacity":"","overlay-gradient":""},"tablet":{"background-color":"var(--ast-global-color-5)","background-image":"","background-repeat":"repeat","background-position":"center center","background-size":"auto","background-attachment":"scroll","background-type":"","background-media":"","overlay-type":"","overlay-color":"","overlay-opacity":"","overlay-gradient":""},"mobile":{"background-color":"var(--ast-global-color-5)","background-image":"","background-repeat":"repeat","background-position":"center center","background-size":"auto","background-attachment":"scroll","background-type":"","background-media":"","overlay-type":"","overlay-color":"","overlay-opacity":"","overlay-gradient":""}}},"product_brand":[],"product_cat":[28],"product_tag":[203,215,74,216],"class_list":{"0":"post-2129","1":"product","2":"type-product","3":"status-publish","4":"has-post-thumbnail","6":"product_cat-varietes-de-cannabis","7":"product_tag-barres-de-cereales","8":"product_tag-gorilla-bomb","9":"product_tag-relaxation","10":"product_tag-saveur-tropicale","11":"desktop-align-left","12":"tablet-align-left","13":"mobile-align-left","15":"first","16":"instock","17":"sale","18":"shipping-taxable","19":"purchasable","20":"product-type-variable"},"uagb_featured_image_src":{"full":["https:\/\/pressurezone.shop\/wp-content\/uploads\/2024\/04\/photo1712356436-1-1.jpeg",800,746,false],"thumbnail":["https:\/\/pressurezone.shop\/wp-content\/uploads\/2024\/04\/photo1712356436-1-1-150x150.jpeg",150,150,true],"medium":["https:\/\/pressurezone.shop\/wp-content\/uploads\/2024\/04\/photo1712356436-1-1-300x280.jpeg",300,280,true],"medium_large":["https:\/\/pressurezone.shop\/wp-content\/uploads\/2024\/04\/photo1712356436-1-1-768x716.jpeg",768,716,true],"large":["https:\/\/pressurezone.shop\/wp-content\/uploads\/2024\/04\/photo1712356436-1-1.jpeg",800,746,false],"1536x1536":["https:\/\/pressurezone.shop\/wp-content\/uploads\/2024\/04\/photo1712356436-1-1.jpeg",800,746,false],"2048x2048":["https:\/\/pressurezone.shop\/wp-content\/uploads\/2024\/04\/photo1712356436-1-1.jpeg",800,746,false],"trp-custom-language-flag":["https:\/\/pressurezone.shop\/wp-content\/uploads\/2024\/04\/photo1712356436-1-1.jpeg",13,12,false],"woocommerce_thumbnail":["https:\/\/pressurezone.shop\/wp-content\/uploads\/2024\/04\/photo1712356436-1-1-300x300.jpeg",300,300,true],"woocommerce_single":["https:\/\/pressurezone.shop\/wp-content\/uploads\/2024\/04\/photo1712356436-1-1-600x560.jpeg",600,560,true],"woocommerce_gallery_thumbnail":["https:\/\/pressurezone.shop\/wp-content\/uploads\/2024\/04\/photo1712356436-1-1-100x100.jpeg",100,100,true]},"uagb_author_info":{"display_name":"pressurezone.shop","author_link":"https:\/\/pressurezone.shop\/sv\/author\/"},"uagb_comment_info":1,"uagb_excerpt":"Gorilla Bomb cannabis","_links":{"self":[{"href":"https:\/\/pressurezone.shop\/sv\/wp-json\/wp\/v2\/product\/2129"}],"collection":[{"href":"https:\/\/pressurezone.shop\/sv\/wp-json\/wp\/v2\/product"}],"about":[{"href":"https:\/\/pressurezone.shop\/sv\/wp-json\/wp\/v2\/types\/product"}],"replies":[{"embeddable":true,"href":"https:\/\/pressurezone.shop\/sv\/wp-json\/wp\/v2\/comments?post=2129"}],"version-history":[{"count":4,"href":"https:\/\/pressurezone.shop\/sv\/wp-json\/wp\/v2\/product\/2129\/revisions"}],"predecessor-version":[{"id":2196,"href":"https:\/\/pressurezone.shop\/sv\/wp-json\/wp\/v2\/product\/2129\/revisions\/2196"}],"wp:featuredmedia":[{"embeddable":true,"href":"https:\/\/pressurezone.shop\/sv\/wp-json\/wp\/v2\/media\/2130"}],"wp:attachment":[{"href":"https:\/\/pressurezone.shop\/sv\/wp-json\/wp\/v2\/media?parent=2129"}],"wp:term":[{"taxonomy":"product_brand","embeddable":true,"href":"https:\/\/pressurezone.shop\/sv\/wp-json\/wp\/v2\/product_brand?post=2129"},{"taxonomy":"product_cat","embeddable":true,"href":"https:\/\/pressurezone.shop\/sv\/wp-json\/wp\/v2\/product_cat?post=2129"},{"taxonomy":"product_tag","embeddable":true,"href":"https:\/\/pressurezone.shop\/sv\/wp-json\/wp\/v2\/product_tag?post=2129"}],"curies":[{"name":"wp","href":"https:\/\/api.w.org\/{rel}","templated":true}]}}