{"id":2151,"date":"2024-04-09T17:33:19","date_gmt":"2024-04-09T16:33:19","guid":{"rendered":"https:\/\/pressurezone.shop\/?post_type=product&#038;p=2151"},"modified":"2024-04-09T20:08:13","modified_gmt":"2024-04-09T19:08:13","slug":"zereal-milk-smalls","status":"publish","type":"product","link":"https:\/\/pressurezone.shop\/sv\/produkt\/zereal-mjolk-sma\/","title":{"rendered":"Zereal Mj\u00f6lk Smalls"},"content":{"rendered":"<h4>Zereal Mj\u00f6lk <a href=\"https:\/\/pressurezone.shop\/sv\/\">Smalls<\/a><\/h4>\n<p>&nbsp;<\/p>\n<p>Kolla in v\u00e5ra l\u00e4ckra granola barer \u00e4tbara Zereal Mj\u00f6lk Smalls i CBD, en smakupplevelse som \u00e4r sk\u00f6nt och avkopplande. Best\u00e4ll nu och njuta av en l\u00e4cker fusion av smaker av spannm\u00e5l och s\u00f6tma av l<a href=\"https:\/\/fuelpackz.com\/\" target=\"_blank\" rel=\"noopener\">har<\/a> med f\u00f6rdelarna av lugnande CBD!<\/p>\n<table id=\"keywords_table\" style=\"height: 54px;\" border=\"0\" width=\"903\" cellspacing=\"0\">\n<tbody>\n<tr id=\"bb89d7a5ee4439ec709747fde60d2f6f\" class=\"row\">\n<td>spannm\u00e5l mj\u00f6lk smalls stam<\/td>\n<\/tr>\n<\/tbody>\n<\/table>","protected":false},"excerpt":{"rendered":"<p>V\u00e5ra granola barer \u00e4tbara Zereal Mj\u00f6lk Smalls p\u00e5 CBD \u00e4r en inbjudan att f\u00f6rdjupa sig i nostalgi fr\u00e5n barndomen, med sina l\u00e4ckra smaker av spannm\u00e5l och mj\u00f6lk \u00e4r berikad med lugnande egenskaper f\u00f6r konventionen om biologisk m\u00e5ngfald. Njut av en avkopplande semester vid n\u00e5gon tid av dagen!<\/p>","protected":false},"featured_media":2152,"comment_status":"open","ping_status":"closed","template":"","meta":{"_uag_custom_page_level_css":"","site-sidebar-layout":"default","site-content-layout":"","ast-site-content-layout":"default","site-content-style":"default","site-sidebar-style":"default","ast-global-header-display":"","ast-banner-title-visibility":"","ast-main-header-display":"","ast-hfb-above-header-display":"","ast-hfb-below-header-display":"","ast-hfb-mobile-header-display":"","site-post-title":"","ast-breadcrumbs-content":"","ast-featured-img":"","footer-sml-layout":"","theme-transparent-header-meta":"default","adv-header-id-meta":"","stick-header-meta":"","header-above-stick-meta":"","header-main-stick-meta":"","header-below-stick-meta":"","astra-migrate-meta-layouts":"set","ast-page-background-enabled":"default","ast-page-background-meta":{"desktop":{"background-color":"","background-image":"","background-repeat":"repeat","background-position":"center center","background-size":"auto","background-attachment":"scroll","background-type":"","background-media":"","overlay-type":"","overlay-color":"","overlay-opacity":"","overlay-gradient":""},"tablet":{"background-color":"","background-image":"","background-repeat":"repeat","background-position":"center center","background-size":"auto","background-attachment":"scroll","background-type":"","background-media":"","overlay-type":"","overlay-color":"","overlay-opacity":"","overlay-gradient":""},"mobile":{"background-color":"","background-image":"","background-repeat":"repeat","background-position":"center center","background-size":"auto","background-attachment":"scroll","background-type":"","background-media":"","overlay-type":"","overlay-color":"","overlay-opacity":"","overlay-gradient":""}},"ast-content-background-meta":{"desktop":{"background-color":"var(--ast-global-color-5)","background-image":"","background-repeat":"repeat","background-position":"center center","background-size":"auto","background-attachment":"scroll","background-type":"","background-media":"","overlay-type":"","overlay-color":"","overlay-opacity":"","overlay-gradient":""},"tablet":{"background-color":"var(--ast-global-color-5)","background-image":"","background-repeat":"repeat","background-position":"center center","background-size":"auto","background-attachment":"scroll","background-type":"","background-media":"","overlay-type":"","overlay-color":"","overlay-opacity":"","overlay-gradient":""},"mobile":{"background-color":"var(--ast-global-color-5)","background-image":"","background-repeat":"repeat","background-position":"center center","background-size":"auto","background-attachment":"scroll","background-type":"","background-media":"","overlay-type":"","overlay-color":"","overlay-opacity":"","overlay-gradient":""}}},"product_brand":[],"product_cat":[28],"product_tag":[],"class_list":{"0":"post-2151","1":"product","2":"type-product","3":"status-publish","4":"has-post-thumbnail","6":"product_cat-varietes-de-cannabis","7":"desktop-align-left","8":"tablet-align-left","9":"mobile-align-left","11":"first","12":"instock","13":"sale","14":"shipping-taxable","15":"purchasable","16":"product-type-variable"},"uagb_featured_image_src":{"full":["https:\/\/pressurezone.shop\/wp-content\/uploads\/2024\/04\/photo1712356436-3.jpeg",797,800,false],"thumbnail":["https:\/\/pressurezone.shop\/wp-content\/uploads\/2024\/04\/photo1712356436-3-150x150.jpeg",150,150,true],"medium":["https:\/\/pressurezone.shop\/wp-content\/uploads\/2024\/04\/photo1712356436-3-300x300.jpeg",300,300,true],"medium_large":["https:\/\/pressurezone.shop\/wp-content\/uploads\/2024\/04\/photo1712356436-3-768x771.jpeg",768,771,true],"large":["https:\/\/pressurezone.shop\/wp-content\/uploads\/2024\/04\/photo1712356436-3.jpeg",797,800,false],"1536x1536":["https:\/\/pressurezone.shop\/wp-content\/uploads\/2024\/04\/photo1712356436-3.jpeg",797,800,false],"2048x2048":["https:\/\/pressurezone.shop\/wp-content\/uploads\/2024\/04\/photo1712356436-3.jpeg",797,800,false],"trp-custom-language-flag":["https:\/\/pressurezone.shop\/wp-content\/uploads\/2024\/04\/photo1712356436-3.jpeg",12,12,false],"woocommerce_thumbnail":["https:\/\/pressurezone.shop\/wp-content\/uploads\/2024\/04\/photo1712356436-3-300x300.jpeg",300,300,true],"woocommerce_single":["https:\/\/pressurezone.shop\/wp-content\/uploads\/2024\/04\/photo1712356436-3-600x602.jpeg",600,602,true],"woocommerce_gallery_thumbnail":["https:\/\/pressurezone.shop\/wp-content\/uploads\/2024\/04\/photo1712356436-3-100x100.jpeg",100,100,true]},"uagb_author_info":{"display_name":"pressurezone.shop","author_link":"https:\/\/pressurezone.shop\/sv\/author\/"},"uagb_comment_info":0,"uagb_excerpt":"Nos barres de c\u00e9r\u00e9ales comestibles Zereal Milk Smalls au CBD sont une invitation \u00e0 se replonger dans la nostalgie de l'enfance, avec leur d\u00e9licieuse combinaison de saveurs de c\u00e9r\u00e9ales et de lait, enrichie des propri\u00e9t\u00e9s apaisantes du CBD. Savourez une pause relaxante \u00e0 tout moment de la journ\u00e9e!","_links":{"self":[{"href":"https:\/\/pressurezone.shop\/sv\/wp-json\/wp\/v2\/product\/2151"}],"collection":[{"href":"https:\/\/pressurezone.shop\/sv\/wp-json\/wp\/v2\/product"}],"about":[{"href":"https:\/\/pressurezone.shop\/sv\/wp-json\/wp\/v2\/types\/product"}],"replies":[{"embeddable":true,"href":"https:\/\/pressurezone.shop\/sv\/wp-json\/wp\/v2\/comments?post=2151"}],"version-history":[{"count":3,"href":"https:\/\/pressurezone.shop\/sv\/wp-json\/wp\/v2\/product\/2151\/revisions"}],"predecessor-version":[{"id":2161,"href":"https:\/\/pressurezone.shop\/sv\/wp-json\/wp\/v2\/product\/2151\/revisions\/2161"}],"wp:featuredmedia":[{"embeddable":true,"href":"https:\/\/pressurezone.shop\/sv\/wp-json\/wp\/v2\/media\/2152"}],"wp:attachment":[{"href":"https:\/\/pressurezone.shop\/sv\/wp-json\/wp\/v2\/media?parent=2151"}],"wp:term":[{"taxonomy":"product_brand","embeddable":true,"href":"https:\/\/pressurezone.shop\/sv\/wp-json\/wp\/v2\/product_brand?post=2151"},{"taxonomy":"product_cat","embeddable":true,"href":"https:\/\/pressurezone.shop\/sv\/wp-json\/wp\/v2\/product_cat?post=2151"},{"taxonomy":"product_tag","embeddable":true,"href":"https:\/\/pressurezone.shop\/sv\/wp-json\/wp\/v2\/product_tag?post=2151"}],"curies":[{"name":"wp","href":"https:\/\/api.w.org\/{rel}","templated":true}]}}