{"id":2220,"date":"2024-04-11T01:25:20","date_gmt":"2024-04-10T23:25:20","guid":{"rendered":"https:\/\/pressurezone.shop\/?post_type=product&#038;p=2220"},"modified":"2024-10-12T22:05:31","modified_gmt":"2024-10-12T20:05:31","slug":"afghan-black-hash","status":"publish","type":"product","link":"https:\/\/pressurezone.shop\/sv\/produkt\/afghan-svart-hash\/","title":{"rendered":"Afghanska Svart Hash"},"content":{"rendered":"<p>Uppt\u00e4cka hur att konsumera hasch.<\/p>\n<p>THC inneh\u00e5ll : 42 %<\/p>\n<p>Inneh\u00e5ll i CBD : 2,8 %<\/p>\n<p>Afghanska Svart Hash \u00e4r en komplex variation till dominans indica, k\u00e4nd f\u00f6r sin euforiska effekter och avkopplande. Blommorna utvecklas i knoppar gr\u00f6n jade, i form av ett ord, med blad av socker, n\u00e4stan svart. Svart Afghan har en profil terpene som kombinerar dofter av peppar, jorden, och sage, med nyanser av svarta b\u00e4r, som ger upphov till effekter b\u00e5de psykiskt och fysiskt. Denna sort ger en \u00f6kning av berusande och sp\u00e4nnande, alla <a href=\"https:\/\/fuelpackz.com\/\" target=\"_blank\" rel=\"noopener\">i<\/a><\/p>","protected":false},"excerpt":{"rendered":"<h5 class=\"product_title entry-title\"><a href=\"https:\/\/pressurezone.shop\/sv\/\">Afghanska Svart Hash<\/a><\/h5>","protected":false},"featured_media":2221,"comment_status":"open","ping_status":"closed","template":"","meta":{"_uag_custom_page_level_css":"","site-sidebar-layout":"default","site-content-layout":"","ast-site-content-layout":"default","site-content-style":"default","site-sidebar-style":"default","ast-global-header-display":"","ast-banner-title-visibility":"","ast-main-header-display":"","ast-hfb-above-header-display":"","ast-hfb-below-header-display":"","ast-hfb-mobile-header-display":"","site-post-title":"","ast-breadcrumbs-content":"","ast-featured-img":"","footer-sml-layout":"","theme-transparent-header-meta":"default","adv-header-id-meta":"","stick-header-meta":"","header-above-stick-meta":"","header-main-stick-meta":"","header-below-stick-meta":"","astra-migrate-meta-layouts":"set","ast-page-background-enabled":"default","ast-page-background-meta":{"desktop":{"background-color":"","background-image":"","background-repeat":"repeat","background-position":"center center","background-size":"auto","background-attachment":"scroll","background-type":"","background-media":"","overlay-type":"","overlay-color":"","overlay-opacity":"","overlay-gradient":""},"tablet":{"background-color":"","background-image":"","background-repeat":"repeat","background-position":"center center","background-size":"auto","background-attachment":"scroll","background-type":"","background-media":"","overlay-type":"","overlay-color":"","overlay-opacity":"","overlay-gradient":""},"mobile":{"background-color":"","background-image":"","background-repeat":"repeat","background-position":"center center","background-size":"auto","background-attachment":"scroll","background-type":"","background-media":"","overlay-type":"","overlay-color":"","overlay-opacity":"","overlay-gradient":""}},"ast-content-background-meta":{"desktop":{"background-color":"var(--ast-global-color-5)","background-image":"","background-repeat":"repeat","background-position":"center center","background-size":"auto","background-attachment":"scroll","background-type":"","background-media":"","overlay-type":"","overlay-color":"","overlay-opacity":"","overlay-gradient":""},"tablet":{"background-color":"var(--ast-global-color-5)","background-image":"","background-repeat":"repeat","background-position":"center center","background-size":"auto","background-attachment":"scroll","background-type":"","background-media":"","overlay-type":"","overlay-color":"","overlay-opacity":"","overlay-gradient":""},"mobile":{"background-color":"var(--ast-global-color-5)","background-image":"","background-repeat":"repeat","background-position":"center center","background-size":"auto","background-attachment":"scroll","background-type":"","background-media":"","overlay-type":"","overlay-color":"","overlay-opacity":"","overlay-gradient":""}}},"product_brand":[],"product_cat":[29],"product_tag":[],"class_list":{"0":"post-2220","1":"product","2":"type-product","3":"status-publish","4":"has-post-thumbnail","6":"product_cat-haschisch","7":"desktop-align-left","8":"tablet-align-left","9":"mobile-align-left","11":"first","12":"instock","13":"shipping-taxable","14":"purchasable","15":"product-type-variable"},"uagb_featured_image_src":{"full":["https:\/\/pressurezone.shop\/wp-content\/uploads\/2024\/04\/Afghan-Black-Hash-600x600-1.jpg",600,600,false],"thumbnail":["https:\/\/pressurezone.shop\/wp-content\/uploads\/2024\/04\/Afghan-Black-Hash-600x600-1-150x150.jpg",150,150,true],"medium":["https:\/\/pressurezone.shop\/wp-content\/uploads\/2024\/04\/Afghan-Black-Hash-600x600-1-300x300.jpg",300,300,true],"medium_large":["https:\/\/pressurezone.shop\/wp-content\/uploads\/2024\/04\/Afghan-Black-Hash-600x600-1.jpg",600,600,false],"large":["https:\/\/pressurezone.shop\/wp-content\/uploads\/2024\/04\/Afghan-Black-Hash-600x600-1.jpg",600,600,false],"1536x1536":["https:\/\/pressurezone.shop\/wp-content\/uploads\/2024\/04\/Afghan-Black-Hash-600x600-1.jpg",600,600,false],"2048x2048":["https:\/\/pressurezone.shop\/wp-content\/uploads\/2024\/04\/Afghan-Black-Hash-600x600-1.jpg",600,600,false],"trp-custom-language-flag":["https:\/\/pressurezone.shop\/wp-content\/uploads\/2024\/04\/Afghan-Black-Hash-600x600-1.jpg",12,12,false],"woocommerce_thumbnail":["https:\/\/pressurezone.shop\/wp-content\/uploads\/2024\/04\/Afghan-Black-Hash-600x600-1-300x300.jpg",300,300,true],"woocommerce_single":["https:\/\/pressurezone.shop\/wp-content\/uploads\/2024\/04\/Afghan-Black-Hash-600x600-1.jpg",600,600,false],"woocommerce_gallery_thumbnail":["https:\/\/pressurezone.shop\/wp-content\/uploads\/2024\/04\/Afghan-Black-Hash-600x600-1-100x100.jpg",100,100,true]},"uagb_author_info":{"display_name":"pressurezone.shop","author_link":"https:\/\/pressurezone.shop\/sv\/author\/"},"uagb_comment_info":9,"uagb_excerpt":"Afghan Black Hash","_links":{"self":[{"href":"https:\/\/pressurezone.shop\/sv\/wp-json\/wp\/v2\/product\/2220"}],"collection":[{"href":"https:\/\/pressurezone.shop\/sv\/wp-json\/wp\/v2\/product"}],"about":[{"href":"https:\/\/pressurezone.shop\/sv\/wp-json\/wp\/v2\/types\/product"}],"replies":[{"embeddable":true,"href":"https:\/\/pressurezone.shop\/sv\/wp-json\/wp\/v2\/comments?post=2220"}],"version-history":[{"count":2,"href":"https:\/\/pressurezone.shop\/sv\/wp-json\/wp\/v2\/product\/2220\/revisions"}],"predecessor-version":[{"id":2223,"href":"https:\/\/pressurezone.shop\/sv\/wp-json\/wp\/v2\/product\/2220\/revisions\/2223"}],"wp:featuredmedia":[{"embeddable":true,"href":"https:\/\/pressurezone.shop\/sv\/wp-json\/wp\/v2\/media\/2221"}],"wp:attachment":[{"href":"https:\/\/pressurezone.shop\/sv\/wp-json\/wp\/v2\/media?parent=2220"}],"wp:term":[{"taxonomy":"product_brand","embeddable":true,"href":"https:\/\/pressurezone.shop\/sv\/wp-json\/wp\/v2\/product_brand?post=2220"},{"taxonomy":"product_cat","embeddable":true,"href":"https:\/\/pressurezone.shop\/sv\/wp-json\/wp\/v2\/product_cat?post=2220"},{"taxonomy":"product_tag","embeddable":true,"href":"https:\/\/pressurezone.shop\/sv\/wp-json\/wp\/v2\/product_tag?post=2220"}],"curies":[{"name":"wp","href":"https:\/\/api.w.org\/{rel}","templated":true}]}}