{"id":2262,"date":"2024-04-14T01:52:38","date_gmt":"2024-04-13T23:52:38","guid":{"rendered":"https:\/\/pressurezone.shop\/?post_type=product&#038;p=2262"},"modified":"2026-02-27T04:05:54","modified_gmt":"2026-02-27T03:05:54","slug":"atomic-candy","status":"publish","type":"product","link":"https:\/\/pressurezone.shop\/sv\/produkt\/atomiskt-godis\/","title":{"rendered":"Atomic Godis"},"content":{"rendered":"<p>Atomic Candy \u00e4r en hybrid av olika dominans indica (70% indica\/30% sativa) som skapades genom att korsa den klassiska stam (OG Kush X Chemdawg) X THC Bomb. Denna \u00f6rt \u00e4r kraftfull, och erbjuder ett faktum otroligt stark, tack vare dess genomsnittliga niv\u00e5n av THC h\u00f6g, en \u00f6kning med 26% till 30%.<\/p>\n<p>Effekten b\u00f6rjar med en kraftfull v\u00e5g av effekter hj\u00e4rnan att sl\u00e5 ditt sinne med en stark k\u00e4nsla av eufori. D\u00e5 kommer du att k\u00e4nna en v\u00e5g av kreativitet, fylla ditt sinne med den rika konstn\u00e4rliga visioner och lycka lugnt. N\u00e4r ditt sinne rusar, kroppen b\u00f6rjar slappna av djupt, l\u00e4mnar du n\u00e5got drogad och helt stel p\u00e5 soffan i timmar.<\/p>\n<p>Gradvis, kommer dessa effekter kommer att vara mer tung och du somna stunder innan den faller i en djup s\u00f6mn. P\u00e5 grund av dessa effekter och sitt h\u00f6ga makt, denna sort ofta valt att behandla tillst\u00e5nd som depression, s\u00f6mnl\u00f6shet, kronisk stress, huvudv\u00e4rk och inflammation. Denna \u00f6rt har en smak som \u00e4r super kryddig och tr\u00e4ig med toner av diesel och skunk vid utg\u00e5ngen tid. Doften \u00e4r mycket jordn\u00e4ra och kryddig, med en stark lukt av skunk accentueras av noter av br\u00e4nsle, och tall. Chefen f\u00f6r Atomic Godis \u00e4r fluffiga, en gr\u00f6n oliv med h\u00e5r m\u00f6rkt orange och ett lager av trichomes amber och frostat<a href=\"https:\/\/fuelpackz.com\/\" target=\"_blank\" rel=\"noopener\">.<\/a><\/p>","protected":false},"excerpt":{"rendered":"<h4><a href=\"https:\/\/pressurezone.shop\/sv\/\">Atomic Godis<\/a><\/h4>","protected":false},"featured_media":2263,"comment_status":"open","ping_status":"closed","template":"","meta":{"_uag_custom_page_level_css":"","site-sidebar-layout":"default","site-content-layout":"","ast-site-content-layout":"default","site-content-style":"default","site-sidebar-style":"default","ast-global-header-display":"","ast-banner-title-visibility":"","ast-main-header-display":"","ast-hfb-above-header-display":"","ast-hfb-below-header-display":"","ast-hfb-mobile-header-display":"","site-post-title":"","ast-breadcrumbs-content":"","ast-featured-img":"","footer-sml-layout":"","theme-transparent-header-meta":"default","adv-header-id-meta":"","stick-header-meta":"","header-above-stick-meta":"","header-main-stick-meta":"","header-below-stick-meta":"","astra-migrate-meta-layouts":"set","ast-page-background-enabled":"default","ast-page-background-meta":{"desktop":{"background-color":"","background-image":"","background-repeat":"repeat","background-position":"center center","background-size":"auto","background-attachment":"scroll","background-type":"","background-media":"","overlay-type":"","overlay-color":"","overlay-opacity":"","overlay-gradient":""},"tablet":{"background-color":"","background-image":"","background-repeat":"repeat","background-position":"center center","background-size":"auto","background-attachment":"scroll","background-type":"","background-media":"","overlay-type":"","overlay-color":"","overlay-opacity":"","overlay-gradient":""},"mobile":{"background-color":"","background-image":"","background-repeat":"repeat","background-position":"center center","background-size":"auto","background-attachment":"scroll","background-type":"","background-media":"","overlay-type":"","overlay-color":"","overlay-opacity":"","overlay-gradient":""}},"ast-content-background-meta":{"desktop":{"background-color":"var(--ast-global-color-5)","background-image":"","background-repeat":"repeat","background-position":"center center","background-size":"auto","background-attachment":"scroll","background-type":"","background-media":"","overlay-type":"","overlay-color":"","overlay-opacity":"","overlay-gradient":""},"tablet":{"background-color":"var(--ast-global-color-5)","background-image":"","background-repeat":"repeat","background-position":"center center","background-size":"auto","background-attachment":"scroll","background-type":"","background-media":"","overlay-type":"","overlay-color":"","overlay-opacity":"","overlay-gradient":""},"mobile":{"background-color":"var(--ast-global-color-5)","background-image":"","background-repeat":"repeat","background-position":"center center","background-size":"auto","background-attachment":"scroll","background-type":"","background-media":"","overlay-type":"","overlay-color":"","overlay-opacity":"","overlay-gradient":""}}},"product_brand":[],"product_cat":[28],"product_tag":[220,203,204,74,221],"class_list":{"0":"post-2262","1":"product","2":"type-product","3":"status-publish","4":"has-post-thumbnail","6":"product_cat-varietes-de-cannabis","7":"product_tag-atomic-candy","8":"product_tag-barres-de-cereales","9":"product_tag-cbd","10":"product_tag-relaxation","11":"product_tag-saveur-sucree","12":"desktop-align-left","13":"tablet-align-left","14":"mobile-align-left","16":"first","17":"instock","18":"sale","19":"shipping-taxable","20":"purchasable","21":"product-type-variable"},"uagb_featured_image_src":{"full":["https:\/\/pressurezone.shop\/wp-content\/uploads\/2024\/04\/photo17123564361.jpeg",800,741,false],"thumbnail":["https:\/\/pressurezone.shop\/wp-content\/uploads\/2024\/04\/photo17123564361-150x150.jpeg",150,150,true],"medium":["https:\/\/pressurezone.shop\/wp-content\/uploads\/2024\/04\/photo17123564361-300x278.jpeg",300,278,true],"medium_large":["https:\/\/pressurezone.shop\/wp-content\/uploads\/2024\/04\/photo17123564361-768x711.jpeg",768,711,true],"large":["https:\/\/pressurezone.shop\/wp-content\/uploads\/2024\/04\/photo17123564361.jpeg",800,741,false],"1536x1536":["https:\/\/pressurezone.shop\/wp-content\/uploads\/2024\/04\/photo17123564361.jpeg",800,741,false],"2048x2048":["https:\/\/pressurezone.shop\/wp-content\/uploads\/2024\/04\/photo17123564361.jpeg",800,741,false],"trp-custom-language-flag":["https:\/\/pressurezone.shop\/wp-content\/uploads\/2024\/04\/photo17123564361-13x12.jpeg",13,12,true],"woocommerce_thumbnail":["https:\/\/pressurezone.shop\/wp-content\/uploads\/2024\/04\/photo17123564361-300x300.jpeg",300,300,true],"woocommerce_single":["https:\/\/pressurezone.shop\/wp-content\/uploads\/2024\/04\/photo17123564361-600x556.jpeg",600,556,true],"woocommerce_gallery_thumbnail":["https:\/\/pressurezone.shop\/wp-content\/uploads\/2024\/04\/photo17123564361-100x100.jpeg",100,100,true]},"uagb_author_info":{"display_name":"pressurezone.shop","author_link":"https:\/\/pressurezone.shop\/sv\/author\/"},"uagb_comment_info":14,"uagb_excerpt":"Atomic Candy","_links":{"self":[{"href":"https:\/\/pressurezone.shop\/sv\/wp-json\/wp\/v2\/product\/2262"}],"collection":[{"href":"https:\/\/pressurezone.shop\/sv\/wp-json\/wp\/v2\/product"}],"about":[{"href":"https:\/\/pressurezone.shop\/sv\/wp-json\/wp\/v2\/types\/product"}],"replies":[{"embeddable":true,"href":"https:\/\/pressurezone.shop\/sv\/wp-json\/wp\/v2\/comments?post=2262"}],"version-history":[{"count":4,"href":"https:\/\/pressurezone.shop\/sv\/wp-json\/wp\/v2\/product\/2262\/revisions"}],"predecessor-version":[{"id":2537,"href":"https:\/\/pressurezone.shop\/sv\/wp-json\/wp\/v2\/product\/2262\/revisions\/2537"}],"wp:featuredmedia":[{"embeddable":true,"href":"https:\/\/pressurezone.shop\/sv\/wp-json\/wp\/v2\/media\/2263"}],"wp:attachment":[{"href":"https:\/\/pressurezone.shop\/sv\/wp-json\/wp\/v2\/media?parent=2262"}],"wp:term":[{"taxonomy":"product_brand","embeddable":true,"href":"https:\/\/pressurezone.shop\/sv\/wp-json\/wp\/v2\/product_brand?post=2262"},{"taxonomy":"product_cat","embeddable":true,"href":"https:\/\/pressurezone.shop\/sv\/wp-json\/wp\/v2\/product_cat?post=2262"},{"taxonomy":"product_tag","embeddable":true,"href":"https:\/\/pressurezone.shop\/sv\/wp-json\/wp\/v2\/product_tag?post=2262"}],"curies":[{"name":"wp","href":"https:\/\/api.w.org\/{rel}","templated":true}]}}