{"id":2301,"date":"2024-04-14T02:10:23","date_gmt":"2024-04-14T00:10:23","guid":{"rendered":"https:\/\/pressurezone.shop\/?post_type=product&#038;p=2301"},"modified":"2024-10-06T16:17:43","modified_gmt":"2024-10-06T14:17:43","slug":"black-cherry-gelato","status":"publish","type":"product","link":"https:\/\/pressurezone.shop\/sv\/produkt\/gelato-med-svarta-korsbar\/","title":{"rendered":"Black Cherry Gelato"},"content":{"rendered":"<p>Black Cherry Gelato \u00e4r en hybrid sort med n\u00e5got dominerande och indica (60% indica\/40% sativa) som skapades genom att korsa den ber\u00f6mda stam Black Cherry Funk och Acai. K\u00e4nd f\u00f6r sin uts\u00f6kta smak och avslappnande effekt, Black Cherry Gelato \u00e4r perfekt f\u00f6r fans av indica som uppskattar ocks\u00e5 en bra smak. Denna \u00f6rt har en s\u00f6t smak av k\u00f6rsb\u00e4r och b\u00e4r med inslag av \u00f6rter skunk. Doften f\u00f6ljer samma profil, med toner av \u00f6rter, b\u00e4r och skunk bli skarp och kraftfull n\u00e4r cheferna br\u00e4nns.<\/p>\n<p>Effekten av Black Cherry Glass \u00e4r ocks\u00e5 bra, med en lugnande k\u00e4nsla som f\u00e5r dig att slappna av helt innan du ens inser det. Effekten b\u00f6rjar med en l\u00e4tt f\u00f6rh\u00f6jning av anden, fylla ditt sinne med en k\u00e4nsla av v\u00e4lbefinnande som lindrar de negativa tankar, eller uppr\u00f6rd.<\/p>\n<p>Medan ditt sinne \u00e4r neds\u00e4nkt i detta tillst\u00e5nd av lycksalighet och dimma, en stickande k\u00e4nsla som finns i din kropp, vilket ger dig helt avslappnad och lite stel p\u00e5 soffan. P\u00e5 grund av dessa effekter och dess genomsnittliga THC h\u00f6g (26%), Black Cherry Gelato \u00e4r ofta valt att behandla sjukdomar s\u00e5som s\u00f6mnl\u00f6shet, kronisk sm\u00e4rta, depression, kronisk stress, muskel spasmer eller kramper. Denna \u00f6rt \u00e4r i form av sm\u00e5 huvuden i form av en druva, en m\u00f6rkgr\u00f6n, med blad, mynta, fint h\u00e5r orange och ett lager av sm\u00e5 trichomes gult guld och frostat<a href=\"https:\/\/fuelpackz.com\/\" target=\"_blank\" rel=\"noopener\">.<\/a><\/p>","protected":false},"excerpt":{"rendered":"<h4><a href=\"https:\/\/pressurezone.shop\/sv\/\">Black Cherry Gelato <\/a><\/h4>\n<p>har du en frusen dessert f\u00f6rfinas med svarta k\u00f6rsb\u00e4r, kombinera kr\u00e4mig och fruktig f\u00f6r en of\u00f6rgl\u00f6mlig matupplevelse. L\u00e5t dig f\u00f6rf\u00f6ras av frestelsen frostat Black Cherry Glass nu !<\/p>","protected":false},"featured_media":2302,"comment_status":"open","ping_status":"closed","template":"","meta":{"_uag_custom_page_level_css":"","site-sidebar-layout":"default","site-content-layout":"","ast-site-content-layout":"default","site-content-style":"default","site-sidebar-style":"default","ast-global-header-display":"","ast-banner-title-visibility":"","ast-main-header-display":"","ast-hfb-above-header-display":"","ast-hfb-below-header-display":"","ast-hfb-mobile-header-display":"","site-post-title":"","ast-breadcrumbs-content":"","ast-featured-img":"","footer-sml-layout":"","theme-transparent-header-meta":"default","adv-header-id-meta":"","stick-header-meta":"","header-above-stick-meta":"","header-main-stick-meta":"","header-below-stick-meta":"","astra-migrate-meta-layouts":"set","ast-page-background-enabled":"default","ast-page-background-meta":{"desktop":{"background-color":"","background-image":"","background-repeat":"repeat","background-position":"center center","background-size":"auto","background-attachment":"scroll","background-type":"","background-media":"","overlay-type":"","overlay-color":"","overlay-opacity":"","overlay-gradient":""},"tablet":{"background-color":"","background-image":"","background-repeat":"repeat","background-position":"center center","background-size":"auto","background-attachment":"scroll","background-type":"","background-media":"","overlay-type":"","overlay-color":"","overlay-opacity":"","overlay-gradient":""},"mobile":{"background-color":"","background-image":"","background-repeat":"repeat","background-position":"center center","background-size":"auto","background-attachment":"scroll","background-type":"","background-media":"","overlay-type":"","overlay-color":"","overlay-opacity":"","overlay-gradient":""}},"ast-content-background-meta":{"desktop":{"background-color":"var(--ast-global-color-5)","background-image":"","background-repeat":"repeat","background-position":"center center","background-size":"auto","background-attachment":"scroll","background-type":"","background-media":"","overlay-type":"","overlay-color":"","overlay-opacity":"","overlay-gradient":""},"tablet":{"background-color":"var(--ast-global-color-5)","background-image":"","background-repeat":"repeat","background-position":"center center","background-size":"auto","background-attachment":"scroll","background-type":"","background-media":"","overlay-type":"","overlay-color":"","overlay-opacity":"","overlay-gradient":""},"mobile":{"background-color":"var(--ast-global-color-5)","background-image":"","background-repeat":"repeat","background-position":"center center","background-size":"auto","background-attachment":"scroll","background-type":"","background-media":"","overlay-type":"","overlay-color":"","overlay-opacity":"","overlay-gradient":""}}},"product_brand":[],"product_cat":[28],"product_tag":[],"class_list":{"0":"post-2301","1":"product","2":"type-product","3":"status-publish","4":"has-post-thumbnail","6":"product_cat-varietes-de-cannabis","7":"desktop-align-left","8":"tablet-align-left","9":"mobile-align-left","11":"first","12":"instock","13":"sale","14":"shipping-taxable","15":"purchasable","16":"product-type-variable"},"uagb_featured_image_src":{"full":["https:\/\/pressurezone.shop\/wp-content\/uploads\/2024\/04\/photo1712356435-4.jpeg",1280,1072,false],"thumbnail":["https:\/\/pressurezone.shop\/wp-content\/uploads\/2024\/04\/photo1712356435-4-150x150.jpeg",150,150,true],"medium":["https:\/\/pressurezone.shop\/wp-content\/uploads\/2024\/04\/photo1712356435-4-300x251.jpeg",300,251,true],"medium_large":["https:\/\/pressurezone.shop\/wp-content\/uploads\/2024\/04\/photo1712356435-4-768x643.jpeg",768,643,true],"large":["https:\/\/pressurezone.shop\/wp-content\/uploads\/2024\/04\/photo1712356435-4-1024x858.jpeg",1024,858,true],"1536x1536":["https:\/\/pressurezone.shop\/wp-content\/uploads\/2024\/04\/photo1712356435-4.jpeg",1280,1072,false],"2048x2048":["https:\/\/pressurezone.shop\/wp-content\/uploads\/2024\/04\/photo1712356435-4.jpeg",1280,1072,false],"trp-custom-language-flag":["https:\/\/pressurezone.shop\/wp-content\/uploads\/2024\/04\/photo1712356435-4-14x12.jpeg",14,12,true],"woocommerce_thumbnail":["https:\/\/pressurezone.shop\/wp-content\/uploads\/2024\/04\/photo1712356435-4-300x300.jpeg",300,300,true],"woocommerce_single":["https:\/\/pressurezone.shop\/wp-content\/uploads\/2024\/04\/photo1712356435-4-600x503.jpeg",600,503,true],"woocommerce_gallery_thumbnail":["https:\/\/pressurezone.shop\/wp-content\/uploads\/2024\/04\/photo1712356435-4-100x100.jpeg",100,100,true]},"uagb_author_info":{"display_name":"pressurezone.shop","author_link":"https:\/\/pressurezone.shop\/sv\/author\/"},"uagb_comment_info":1,"uagb_excerpt":"Black Cherry Gelato vous offre un dessert glac\u00e9 raffin\u00e9 \u00e0 la cerise noire, alliant cr\u00e9meux et fruit\u00e9 pour une exp\u00e9rience gustative inoubliable. Laissez-vous s\u00e9duire par la tentation givr\u00e9e de Black Cherry Gelato d\u00e8s maintenant !","_links":{"self":[{"href":"https:\/\/pressurezone.shop\/sv\/wp-json\/wp\/v2\/product\/2301"}],"collection":[{"href":"https:\/\/pressurezone.shop\/sv\/wp-json\/wp\/v2\/product"}],"about":[{"href":"https:\/\/pressurezone.shop\/sv\/wp-json\/wp\/v2\/types\/product"}],"replies":[{"embeddable":true,"href":"https:\/\/pressurezone.shop\/sv\/wp-json\/wp\/v2\/comments?post=2301"}],"version-history":[{"count":4,"href":"https:\/\/pressurezone.shop\/sv\/wp-json\/wp\/v2\/product\/2301\/revisions"}],"predecessor-version":[{"id":2539,"href":"https:\/\/pressurezone.shop\/sv\/wp-json\/wp\/v2\/product\/2301\/revisions\/2539"}],"wp:featuredmedia":[{"embeddable":true,"href":"https:\/\/pressurezone.shop\/sv\/wp-json\/wp\/v2\/media\/2302"}],"wp:attachment":[{"href":"https:\/\/pressurezone.shop\/sv\/wp-json\/wp\/v2\/media?parent=2301"}],"wp:term":[{"taxonomy":"product_brand","embeddable":true,"href":"https:\/\/pressurezone.shop\/sv\/wp-json\/wp\/v2\/product_brand?post=2301"},{"taxonomy":"product_cat","embeddable":true,"href":"https:\/\/pressurezone.shop\/sv\/wp-json\/wp\/v2\/product_cat?post=2301"},{"taxonomy":"product_tag","embeddable":true,"href":"https:\/\/pressurezone.shop\/sv\/wp-json\/wp\/v2\/product_tag?post=2301"}],"curies":[{"name":"wp","href":"https:\/\/api.w.org\/{rel}","templated":true}]}}