{"id":2321,"date":"2024-04-14T02:18:05","date_gmt":"2024-04-14T00:18:05","guid":{"rendered":"https:\/\/pressurezone.shop\/?post_type=product&#038;p=2321"},"modified":"2024-04-14T02:18:06","modified_gmt":"2024-04-14T00:18:06","slug":"zerbanger","status":"publish","type":"product","link":"https:\/\/pressurezone.shop\/sv\/produkt\/zerbanger\/","title":{"rendered":"Zerbanger"},"content":{"rendered":"<h2>Zerbanger<\/h2>\n<p>Utforska nya horisonter med Zerbanger, en m\u00e4ngd cannabis kraftfull och exotiska som kommer att tillfredsst\u00e4lla den mest kr\u00e4vande finsmakare. F\u00f6rdjupa dig i en unik sensorisk upplevelse och best\u00e4ll nu f\u00f6r att uppleva den magiska Zerbanger !<\/p>\n<p><strong>USP :<\/strong><br \/>\nZerbanger \u2013 Kraften i det Exotiska p\u00e5 Toppen av Fingrarna<\/p>\n<p><strong>F\u00f6rdelar :<\/strong><br \/>\nZerbanger erbjuder en perfekt kombination av kraft och exotism, med aromer och effekter som kommer att transportera dig till nya h\u00f6jder. Denna m\u00e4ngd cannabis top-of-omr\u00e5det \u00e4r avsedd f\u00f6r finsmakare i jakt p\u00e5 en of\u00f6rgl\u00f6mlig upplevelse.<\/p>","protected":false},"excerpt":{"rendered":"<p>Zerbanger \u00e4r en m\u00e4ngd av cannabis unik i sitt slag, k\u00e4nd f\u00f6r sin styrka och exotism. Uppt\u00e4ck magin i Zerbanger nu och l\u00e5t dig f\u00f6rtrollas av denna sensoriska upplevelse ut\u00f6ver det vanliga !<\/p>","protected":false},"featured_media":2322,"comment_status":"open","ping_status":"closed","template":"","meta":{"_uag_custom_page_level_css":"","site-sidebar-layout":"default","site-content-layout":"","ast-site-content-layout":"default","site-content-style":"default","site-sidebar-style":"default","ast-global-header-display":"","ast-banner-title-visibility":"","ast-main-header-display":"","ast-hfb-above-header-display":"","ast-hfb-below-header-display":"","ast-hfb-mobile-header-display":"","site-post-title":"","ast-breadcrumbs-content":"","ast-featured-img":"","footer-sml-layout":"","theme-transparent-header-meta":"default","adv-header-id-meta":"","stick-header-meta":"","header-above-stick-meta":"","header-main-stick-meta":"","header-below-stick-meta":"","astra-migrate-meta-layouts":"set","ast-page-background-enabled":"default","ast-page-background-meta":{"desktop":{"background-color":"","background-image":"","background-repeat":"repeat","background-position":"center center","background-size":"auto","background-attachment":"scroll","background-type":"","background-media":"","overlay-type":"","overlay-color":"","overlay-opacity":"","overlay-gradient":""},"tablet":{"background-color":"","background-image":"","background-repeat":"repeat","background-position":"center center","background-size":"auto","background-attachment":"scroll","background-type":"","background-media":"","overlay-type":"","overlay-color":"","overlay-opacity":"","overlay-gradient":""},"mobile":{"background-color":"","background-image":"","background-repeat":"repeat","background-position":"center center","background-size":"auto","background-attachment":"scroll","background-type":"","background-media":"","overlay-type":"","overlay-color":"","overlay-opacity":"","overlay-gradient":""}},"ast-content-background-meta":{"desktop":{"background-color":"var(--ast-global-color-5)","background-image":"","background-repeat":"repeat","background-position":"center center","background-size":"auto","background-attachment":"scroll","background-type":"","background-media":"","overlay-type":"","overlay-color":"","overlay-opacity":"","overlay-gradient":""},"tablet":{"background-color":"var(--ast-global-color-5)","background-image":"","background-repeat":"repeat","background-position":"center center","background-size":"auto","background-attachment":"scroll","background-type":"","background-media":"","overlay-type":"","overlay-color":"","overlay-opacity":"","overlay-gradient":""},"mobile":{"background-color":"var(--ast-global-color-5)","background-image":"","background-repeat":"repeat","background-position":"center center","background-size":"auto","background-attachment":"scroll","background-type":"","background-media":"","overlay-type":"","overlay-color":"","overlay-opacity":"","overlay-gradient":""}}},"product_brand":[],"product_cat":[28],"product_tag":[228,72,229,227,230,167,226],"class_list":{"0":"post-2321","1":"product","2":"type-product","3":"status-publish","4":"has-post-thumbnail","6":"product_cat-varietes-de-cannabis","7":"product_tag-aromes","8":"product_tag-cannabis","9":"product_tag-effets","10":"product_tag-exotique","11":"product_tag-haut-de-gamme","12":"product_tag-puissance","13":"product_tag-variete","14":"desktop-align-left","15":"tablet-align-left","16":"mobile-align-left","18":"first","19":"instock","20":"sale","21":"shipping-taxable","22":"purchasable","23":"product-type-variable"},"uagb_featured_image_src":{"full":["https:\/\/pressurezone.shop\/wp-content\/uploads\/2024\/04\/photo1712356435-6.jpeg",1280,1149,false],"thumbnail":["https:\/\/pressurezone.shop\/wp-content\/uploads\/2024\/04\/photo1712356435-6-150x150.jpeg",150,150,true],"medium":["https:\/\/pressurezone.shop\/wp-content\/uploads\/2024\/04\/photo1712356435-6-300x269.jpeg",300,269,true],"medium_large":["https:\/\/pressurezone.shop\/wp-content\/uploads\/2024\/04\/photo1712356435-6-768x689.jpeg",768,689,true],"large":["https:\/\/pressurezone.shop\/wp-content\/uploads\/2024\/04\/photo1712356435-6-1024x919.jpeg",1024,919,true],"1536x1536":["https:\/\/pressurezone.shop\/wp-content\/uploads\/2024\/04\/photo1712356435-6.jpeg",1280,1149,false],"2048x2048":["https:\/\/pressurezone.shop\/wp-content\/uploads\/2024\/04\/photo1712356435-6.jpeg",1280,1149,false],"trp-custom-language-flag":["https:\/\/pressurezone.shop\/wp-content\/uploads\/2024\/04\/photo1712356435-6-13x12.jpeg",13,12,true],"woocommerce_thumbnail":["https:\/\/pressurezone.shop\/wp-content\/uploads\/2024\/04\/photo1712356435-6-300x300.jpeg",300,300,true],"woocommerce_single":["https:\/\/pressurezone.shop\/wp-content\/uploads\/2024\/04\/photo1712356435-6-600x539.jpeg",600,539,true],"woocommerce_gallery_thumbnail":["https:\/\/pressurezone.shop\/wp-content\/uploads\/2024\/04\/photo1712356435-6-100x100.jpeg",100,100,true]},"uagb_author_info":{"display_name":"pressurezone.shop","author_link":"https:\/\/pressurezone.shop\/sv\/author\/"},"uagb_comment_info":0,"uagb_excerpt":"Zerbanger est une vari\u00e9t\u00e9 de cannabis unique en son genre, r\u00e9put\u00e9e pour sa puissance et son exotisme. D\u00e9couvrez la magie de Zerbanger d\u00e8s maintenant et laissez-vous envo\u00fbter par cette exp\u00e9rience sensorielle hors du commun !","_links":{"self":[{"href":"https:\/\/pressurezone.shop\/sv\/wp-json\/wp\/v2\/product\/2321"}],"collection":[{"href":"https:\/\/pressurezone.shop\/sv\/wp-json\/wp\/v2\/product"}],"about":[{"href":"https:\/\/pressurezone.shop\/sv\/wp-json\/wp\/v2\/types\/product"}],"replies":[{"embeddable":true,"href":"https:\/\/pressurezone.shop\/sv\/wp-json\/wp\/v2\/comments?post=2321"}],"version-history":[{"count":2,"href":"https:\/\/pressurezone.shop\/sv\/wp-json\/wp\/v2\/product\/2321\/revisions"}],"predecessor-version":[{"id":2330,"href":"https:\/\/pressurezone.shop\/sv\/wp-json\/wp\/v2\/product\/2321\/revisions\/2330"}],"wp:featuredmedia":[{"embeddable":true,"href":"https:\/\/pressurezone.shop\/sv\/wp-json\/wp\/v2\/media\/2322"}],"wp:attachment":[{"href":"https:\/\/pressurezone.shop\/sv\/wp-json\/wp\/v2\/media?parent=2321"}],"wp:term":[{"taxonomy":"product_brand","embeddable":true,"href":"https:\/\/pressurezone.shop\/sv\/wp-json\/wp\/v2\/product_brand?post=2321"},{"taxonomy":"product_cat","embeddable":true,"href":"https:\/\/pressurezone.shop\/sv\/wp-json\/wp\/v2\/product_cat?post=2321"},{"taxonomy":"product_tag","embeddable":true,"href":"https:\/\/pressurezone.shop\/sv\/wp-json\/wp\/v2\/product_tag?post=2321"}],"curies":[{"name":"wp","href":"https:\/\/api.w.org\/{rel}","templated":true}]}}