{"id":2351,"date":"2024-04-14T02:29:50","date_gmt":"2024-04-14T00:29:50","guid":{"rendered":"https:\/\/pressurezone.shop\/?post_type=product&#038;p=2351"},"modified":"2024-04-14T02:38:37","modified_gmt":"2024-04-14T00:38:37","slug":"lemon-cherry-squeeze","status":"publish","type":"product","link":"https:\/\/pressurezone.shop\/sv\/produkt\/pressad-citron-och-korsbar\/","title":{"rendered":"Citron Cherry Squeeze"},"content":{"rendered":"<p>Utforska en explosion av smaker med Citron Cherry Squeeze, en m\u00e4ngd cannabis uppfriskande och exotiska. Nu uppt\u00e4cka denna unika kombination av citron och syrliga, k\u00f6rsb\u00e4r, s\u00f6ta och l\u00e5t dig f\u00f6ras bort av den friskhet av Citron Cherry Pressa !<\/p>\n<p><strong>USP :<\/strong><br \/>\nCitron Cherry Squeeze \u2013 Den Perfekta Balansen mellan Syra och S\u00f6tma<\/p>\n<p><strong>F\u00f6rdelar :<\/strong><br \/>\nCitron Cherry Squeeze har en sensorisk upplevelse som \u00e4r o\u00f6vertr\u00e4ffad med sin perfekta blandning av citron och syrliga k\u00f6rsb\u00e4r s\u00f6ta. Denna cannabis stam \u00e4r en fr\u00f6jd f\u00f6r dina sinnen, och erbjuder friskhet och exotism med varje puff.<\/p>","protected":false},"excerpt":{"rendered":"<p>Citron Cherry Squeeze \u00e4r en variant av cannabis som tar dig till en v\u00e4rld av fr\u00e4sch\u00f6r och exotiska smaker. Uppt\u00e4ck den perfekta balansen mellan syra och s\u00f6tma med Citron Cherry Pressa !<\/p>","protected":false},"featured_media":2352,"comment_status":"open","ping_status":"closed","template":"","meta":{"_uag_custom_page_level_css":"","site-sidebar-layout":"default","site-content-layout":"","ast-site-content-layout":"default","site-content-style":"default","site-sidebar-style":"default","ast-global-header-display":"","ast-banner-title-visibility":"","ast-main-header-display":"","ast-hfb-above-header-display":"","ast-hfb-below-header-display":"","ast-hfb-mobile-header-display":"","site-post-title":"","ast-breadcrumbs-content":"","ast-featured-img":"","footer-sml-layout":"","theme-transparent-header-meta":"default","adv-header-id-meta":"","stick-header-meta":"","header-above-stick-meta":"","header-main-stick-meta":"","header-below-stick-meta":"","astra-migrate-meta-layouts":"set","ast-page-background-enabled":"default","ast-page-background-meta":{"desktop":{"background-color":"","background-image":"","background-repeat":"repeat","background-position":"center center","background-size":"auto","background-attachment":"scroll","background-type":"","background-media":"","overlay-type":"","overlay-color":"","overlay-opacity":"","overlay-gradient":""},"tablet":{"background-color":"","background-image":"","background-repeat":"repeat","background-position":"center center","background-size":"auto","background-attachment":"scroll","background-type":"","background-media":"","overlay-type":"","overlay-color":"","overlay-opacity":"","overlay-gradient":""},"mobile":{"background-color":"","background-image":"","background-repeat":"repeat","background-position":"center center","background-size":"auto","background-attachment":"scroll","background-type":"","background-media":"","overlay-type":"","overlay-color":"","overlay-opacity":"","overlay-gradient":""}},"ast-content-background-meta":{"desktop":{"background-color":"var(--ast-global-color-5)","background-image":"","background-repeat":"repeat","background-position":"center center","background-size":"auto","background-attachment":"scroll","background-type":"","background-media":"","overlay-type":"","overlay-color":"","overlay-opacity":"","overlay-gradient":""},"tablet":{"background-color":"var(--ast-global-color-5)","background-image":"","background-repeat":"repeat","background-position":"center center","background-size":"auto","background-attachment":"scroll","background-type":"","background-media":"","overlay-type":"","overlay-color":"","overlay-opacity":"","overlay-gradient":""},"mobile":{"background-color":"var(--ast-global-color-5)","background-image":"","background-repeat":"repeat","background-position":"center center","background-size":"auto","background-attachment":"scroll","background-type":"","background-media":"","overlay-type":"","overlay-color":"","overlay-opacity":"","overlay-gradient":""}}},"product_brand":[],"product_cat":[28],"product_tag":[231],"class_list":{"0":"post-2351","1":"product","2":"type-product","3":"status-publish","4":"has-post-thumbnail","6":"product_cat-varietes-de-cannabis","7":"product_tag-lemon-cherry-squeeze","8":"desktop-align-left","9":"tablet-align-left","10":"mobile-align-left","12":"first","13":"instock","14":"sale","15":"shipping-taxable","16":"purchasable","17":"product-type-variable"},"uagb_featured_image_src":{"full":["https:\/\/pressurezone.shop\/wp-content\/uploads\/2024\/04\/photo1712356435-9.jpeg",800,760,false],"thumbnail":["https:\/\/pressurezone.shop\/wp-content\/uploads\/2024\/04\/photo1712356435-9-150x150.jpeg",150,150,true],"medium":["https:\/\/pressurezone.shop\/wp-content\/uploads\/2024\/04\/photo1712356435-9-300x285.jpeg",300,285,true],"medium_large":["https:\/\/pressurezone.shop\/wp-content\/uploads\/2024\/04\/photo1712356435-9-768x730.jpeg",768,730,true],"large":["https:\/\/pressurezone.shop\/wp-content\/uploads\/2024\/04\/photo1712356435-9.jpeg",800,760,false],"1536x1536":["https:\/\/pressurezone.shop\/wp-content\/uploads\/2024\/04\/photo1712356435-9.jpeg",800,760,false],"2048x2048":["https:\/\/pressurezone.shop\/wp-content\/uploads\/2024\/04\/photo1712356435-9.jpeg",800,760,false],"trp-custom-language-flag":["https:\/\/pressurezone.shop\/wp-content\/uploads\/2024\/04\/photo1712356435-9-13x12.jpeg",13,12,true],"woocommerce_thumbnail":["https:\/\/pressurezone.shop\/wp-content\/uploads\/2024\/04\/photo1712356435-9-300x300.jpeg",300,300,true],"woocommerce_single":["https:\/\/pressurezone.shop\/wp-content\/uploads\/2024\/04\/photo1712356435-9-600x570.jpeg",600,570,true],"woocommerce_gallery_thumbnail":["https:\/\/pressurezone.shop\/wp-content\/uploads\/2024\/04\/photo1712356435-9-100x100.jpeg",100,100,true]},"uagb_author_info":{"display_name":"pressurezone.shop","author_link":"https:\/\/pressurezone.shop\/sv\/author\/"},"uagb_comment_info":0,"uagb_excerpt":"Lemon Cherry Squeeze est une vari\u00e9t\u00e9 de cannabis qui vous transporte vers un monde de fra\u00eecheur et de saveurs exotiques. D\u00e9couvrez l'\u00e9quilibre parfait entre acidit\u00e9 et douceur avec Lemon Cherry Squeeze !","_links":{"self":[{"href":"https:\/\/pressurezone.shop\/sv\/wp-json\/wp\/v2\/product\/2351"}],"collection":[{"href":"https:\/\/pressurezone.shop\/sv\/wp-json\/wp\/v2\/product"}],"about":[{"href":"https:\/\/pressurezone.shop\/sv\/wp-json\/wp\/v2\/types\/product"}],"replies":[{"embeddable":true,"href":"https:\/\/pressurezone.shop\/sv\/wp-json\/wp\/v2\/comments?post=2351"}],"version-history":[{"count":2,"href":"https:\/\/pressurezone.shop\/sv\/wp-json\/wp\/v2\/product\/2351\/revisions"}],"predecessor-version":[{"id":2360,"href":"https:\/\/pressurezone.shop\/sv\/wp-json\/wp\/v2\/product\/2351\/revisions\/2360"}],"wp:featuredmedia":[{"embeddable":true,"href":"https:\/\/pressurezone.shop\/sv\/wp-json\/wp\/v2\/media\/2352"}],"wp:attachment":[{"href":"https:\/\/pressurezone.shop\/sv\/wp-json\/wp\/v2\/media?parent=2351"}],"wp:term":[{"taxonomy":"product_brand","embeddable":true,"href":"https:\/\/pressurezone.shop\/sv\/wp-json\/wp\/v2\/product_brand?post=2351"},{"taxonomy":"product_cat","embeddable":true,"href":"https:\/\/pressurezone.shop\/sv\/wp-json\/wp\/v2\/product_cat?post=2351"},{"taxonomy":"product_tag","embeddable":true,"href":"https:\/\/pressurezone.shop\/sv\/wp-json\/wp\/v2\/product_tag?post=2351"}],"curies":[{"name":"wp","href":"https:\/\/api.w.org\/{rel}","templated":true}]}}