{"id":2995,"date":"2024-10-11T00:48:46","date_gmt":"2024-10-10T22:48:46","guid":{"rendered":"https:\/\/pressurezone.shop\/?post_type=product&#038;p=2995"},"modified":"2024-11-02T20:29:52","modified_gmt":"2024-11-02T19:29:52","slug":"variete-amnesia-haze-aaa","status":"publish","type":"product","link":"https:\/\/pressurezone.shop\/sv\/produkt\/sort-amnesi-dimma-aaa\/","title":{"rendered":"Amnesia Haze AAA-sort"},"content":{"rendered":"<div class=\"flex-shrink-0 flex flex-col relative items-end\">\n<div>\n<div class=\"pt-0\">\n<div class=\"gizmo-bot-avatar flex h-8 w-8 items-center justify-center overflow-hidden rounded-full\">\n<div class=\"relative p-1 rounded-sm flex items-center justify-center bg-token-main-surface-primary text-token-text-primary h-8 w-8\"><\/div>\n<\/div>\n<\/div>\n<\/div>\n<\/div>\n<div class=\"group\/conversation-turn relative flex w-full min-w-0 flex-col agent-turn\">\n<div class=\"flex-col gap-1 md:gap-3\">\n<div class=\"flex max-w-full flex-col flex-grow\">\n<div class=\"min-h-8 text-message flex w-full flex-col items-end gap-2 whitespace-normal break-words [.text-message+&amp;]:mt-5\" dir=\"auto\" data-message-author-role=\"assistant\" data-message-id=\"c196b9dc-78ca-4eba-b0a0-e89d30d874b9\" data-message-model-slug=\"gpt-4o\">\n<div class=\"flex w-full flex-col gap-1 empty:hidden first:pt-[3px]\">\n<div class=\"markdown prose w-full break-words dark:prose-invert light\">\n<h3><strong>K\u00f6p Amnesia Haze AAA online i Europa p\u00e5 <a href=\"https:\/\/pressurezone.shop\/sv\/\" target=\"_new\" rel=\"noopener\">Tryckzon<\/a><\/strong><\/h3>\n<p>Uppt\u00e4ck kraften i<strong>Amnesia Haze AAA<\/strong>a <strong>cannabis sort<\/strong> exceptionellt och ett av vin\u00e4lskarnas favoritval. <strong>sativa-dominerande hybrid<\/strong>. Resultatet av en genetisk blandning mellan en jamaicansk sativa, en laotisk sativa och en afghansk hawaiisk indica, \u00e4r denna stam k\u00e4nd f\u00f6r sina stimulerande effekter och mental klarhet. Om du letar efter en stam hela dagen \u00e4r Amnesia Haze AAA perfekt f\u00f6r dig.<\/p>\n<h3>Effekter och f\u00f6rdelar med Amnesia Haze AAA Weed Strain<\/h3>\n<p>Tack vare sin <strong>80% sativa \/ 20% indica<\/strong>den <strong>Amnesia Haze AAA cannabis sort<\/strong> \u00e4r speciellt framtagen f\u00f6r stunder av mental klarhet och energi. Det \u00e4r perfekt f\u00f6r dem som vill h\u00e5lla sig aktiva, fokuserade och positiva. H\u00e4r \u00e4r de viktigaste effekterna:<\/p>\n<ul>\n<li><strong>Kreativitet och eufori<\/strong> Amnesia Haze AAA stimulerar sinnet och fr\u00e4mjar ett behagligt euforiskt tillst\u00e5nd.<\/li>\n<li><strong>Psykoaktiv boost<\/strong> Perfekt f\u00f6r att lyfta st\u00e4mningen och f\u00e5 folk att skratta.<\/li>\n<li><strong>H\u00e5llbar energi<\/strong> : Ger dig en energikick, perfekt f\u00f6r att ta itu med dagen med motivation.<\/li>\n<\/ul>\n<p>Med en hastighet p\u00e5 <strong>H\u00f6g THC av 22%<\/strong>detta <strong>cannabis sort<\/strong> \u00e4r idealisk f\u00f6r dem som letar efter en intensiv effekt utan tyngden av indica.<\/p>\n<h3>Terapeutiska f\u00f6rdelar med AAA Amnesia Haze<\/h3>\n<p>La <strong>Amnesia Haze AAA-sort<\/strong> \u00e4r ocks\u00e5 k\u00e4nt f\u00f6r sina m\u00e5nga h\u00e4lsof\u00f6rdelar. Dess stimulerande och euforiska effekt kan hj\u00e4lpa till att lindra :<\/p>\n<ul>\n<li><strong>\u00c5ngest och depression<\/strong> : Minskar stress och f\u00f6rb\u00e4ttrar hum\u00f6ret.<\/li>\n<li><strong>Utmattning och ADHD<\/strong> \u00d6kar energin och koncentrationen, vilket hj\u00e4lper till att bek\u00e4mpa tr\u00f6tthet och ADHD-symtom.<\/li>\n<li><strong>Migr\u00e4n och huvudv\u00e4rk<\/strong> : Effektivt f\u00f6r att lindra kronisk sm\u00e4rta och huvudv\u00e4rk.<\/li>\n<li><strong>Fysisk sm\u00e4rta<\/strong> Kan lindra lindrig v\u00e4rk i kroppen utan att bed\u00f6va.<\/li>\n<\/ul>\n<p>Med mindre \u00e4n 1% CBD \u00e4r Amnesia Haze AAA mindre l\u00e4mplig f\u00f6r behandlingar som kr\u00e4ver h\u00f6ga koncentrationer av CBD, till exempel epilepsi, men \u00e4r perfekt f\u00f6r dem som vill f\u00f6rb\u00e4ttra sitt hum\u00f6r och sin energi.<a href=\"https:\/\/fuelpackz.com\/\" target=\"_blank\" rel=\"noopener\">.<\/a><\/p>\n<h3>Smak- och doftprofil<\/h3>\n<p>L'<strong>Amnesia Haze AAA<\/strong> utm\u00e4rker sig ocks\u00e5 f\u00f6r sin komplexa smakprofil och rika arom. Du kommer att hitta toner av :<\/p>\n<ul>\n<li><strong>Fruktig och citron<\/strong> En syrlig, frisk smak som kittlar smakl\u00f6karna.<\/li>\n<li><strong>Kryddig och jordig<\/strong> Ett djup som ger en touch av komplexitet och balanserar den fruktiga smaken.<\/li>\n<\/ul>\n<p>Dess unika doft l\u00e4mnar ett best\u00e5ende intryck och kombinerar en arom <strong>citron och jordn\u00e4ra<\/strong> som intensifieras f\u00f6r varje bloss.<\/p>\n<h3>Varf\u00f6r k\u00f6pa AAA Amnesia Haze p\u00e5 <a href=\"https:\/\/pressurezone.shop\/sv\/\" target=\"_new\" rel=\"noopener\">Tryckzon<\/a>?<\/h3>\n<p>Vid <strong>Tryckzon<\/strong>vi \u00e4r fast beslutna att tillhandah\u00e5lla <strong>cannabis sorter<\/strong> f\u00f6r v\u00e5ra kunder i Europa. V\u00e5ra <strong>Amnesia Haze AAA-sort<\/strong> \u00e4r noggrant testad f\u00f6r att garantera styrka, renhet och s\u00e4kerhet, vilket g\u00f6r det till det perfekta valet f\u00f6r sativa-\u00e4lskare:<\/p>\n<ul>\n<li><strong>\u00d6verl\u00e4gsen kvalitet<\/strong> Varje parti inspekteras f\u00f6r att garantera en exceptionell upplevelse.<\/li>\n<li><strong>Variation f\u00f6r dagen<\/strong> : Perfekt f\u00f6r stunder av kreativitet och energi.<\/li>\n<li><strong>Engagerad kundservice<\/strong> V\u00e5rt team finns h\u00e4r f\u00f6r att hj\u00e4lpa dig att v\u00e4lja den sort som passar dina behov.<\/li>\n<\/ul>\n<h3>Vanliga fr\u00e5gor och svar<\/h3>\n<h4>Vilka \u00e4r de viktigaste effekterna av Amnesia Haze AAA?<\/h4>\n<p>Amnesia Haze AAA \u00e4r energigivande och euforisk, perfekt f\u00f6r aktiva dagar, stimulerar kreativiteten och f\u00f6rb\u00e4ttrar hum\u00f6ret.<\/p>\n<h4>\u00c4r Amnesia Haze AAA l\u00e4mplig f\u00f6r kronisk sm\u00e4rta?<\/h4>\n<p>Ja, denna sort \u00e4r effektiv f\u00f6r att lindra mild till m\u00e5ttlig sm\u00e4rta, huvudv\u00e4rk och migr\u00e4n, samtidigt som den ger positiv energi.<\/p>\n<h4>Kan Amnesia Haze AAA anv\u00e4ndas f\u00f6r att behandla \u00e5ngest?<\/h4>\n<p>Ja, Amnesia Haze AAA hj\u00e4lper till att minska \u00e5ngest och depression genom att fr\u00e4mja ett positivt och lugnt sinnestillst\u00e5nd.<\/p>\n<h3>Best\u00e4ll Amnesia Haze AAA online i Europa p\u00e5 <a href=\"https:\/\/pressurezone.shop\/sv\/\" target=\"_new\" rel=\"noopener\">Tryckzon<\/a><\/h3>\n<p>\u00c4r du redo att uppt\u00e4cka de stimulerande f\u00f6rdelarna med<strong>Amnesia Haze AAA<\/strong>? <strong>Best\u00e4ll nu<\/strong> p\u00e5 <a href=\"https:\/\/pressurezone.shop\/sv\/\" target=\"_new\" rel=\"noopener\">Tryckzon<\/a> f\u00f6r en premiumupplevelse <strong>cannabis sort<\/strong>. Dra nytta av v\u00e5rt exklusiva urval och v\u00e5r snabba, p\u00e5litliga service f\u00f6r diskret och effektiv leverans.<\/p>\n<\/div>\n<\/div>\n<\/div>\n<\/div>\n<\/div>\n<\/div>","protected":false},"excerpt":{"rendered":"<p>Achetez la Vari\u00e9t\u00e9 Amnesia Haze AAA en Ligne en Europe sur Pressure Zone D\u00e9couvrez la puissance de l&rsquo;Amnesia Haze AAA, une vari\u00e9t\u00e9 de cannabis exceptionnelle et l&rsquo;un des choix pr\u00e9f\u00e9r\u00e9s des amateurs de sativa-dominant hybrid. Issue d\u2019un m\u00e9lange g\u00e9n\u00e9tique entre une sativa jama\u00efcaine, une sativa laotienne, et une indica Afghan Hawaiian, cette vari\u00e9t\u00e9 est c\u00e9l\u00e8bre [&hellip;]<\/p>","protected":false},"featured_media":3025,"comment_status":"closed","ping_status":"closed","template":"","meta":{"_uag_custom_page_level_css":"","site-sidebar-layout":"default","site-content-layout":"","ast-site-content-layout":"default","site-content-style":"default","site-sidebar-style":"default","ast-global-header-display":"","ast-banner-title-visibility":"","ast-main-header-display":"","ast-hfb-above-header-display":"","ast-hfb-below-header-display":"","ast-hfb-mobile-header-display":"","site-post-title":"","ast-breadcrumbs-content":"","ast-featured-img":"","footer-sml-layout":"","theme-transparent-header-meta":"default","adv-header-id-meta":"","stick-header-meta":"","header-above-stick-meta":"","header-main-stick-meta":"","header-below-stick-meta":"","astra-migrate-meta-layouts":"set","ast-page-background-enabled":"default","ast-page-background-meta":{"desktop":{"background-color":"","background-image":"","background-repeat":"repeat","background-position":"center center","background-size":"auto","background-attachment":"scroll","background-type":"","background-media":"","overlay-type":"","overlay-color":"","overlay-opacity":"","overlay-gradient":""},"tablet":{"background-color":"","background-image":"","background-repeat":"repeat","background-position":"center center","background-size":"auto","background-attachment":"scroll","background-type":"","background-media":"","overlay-type":"","overlay-color":"","overlay-opacity":"","overlay-gradient":""},"mobile":{"background-color":"","background-image":"","background-repeat":"repeat","background-position":"center center","background-size":"auto","background-attachment":"scroll","background-type":"","background-media":"","overlay-type":"","overlay-color":"","overlay-opacity":"","overlay-gradient":""}},"ast-content-background-meta":{"desktop":{"background-color":"var(--ast-global-color-5)","background-image":"","background-repeat":"repeat","background-position":"center center","background-size":"auto","background-attachment":"scroll","background-type":"","background-media":"","overlay-type":"","overlay-color":"","overlay-opacity":"","overlay-gradient":""},"tablet":{"background-color":"var(--ast-global-color-5)","background-image":"","background-repeat":"repeat","background-position":"center center","background-size":"auto","background-attachment":"scroll","background-type":"","background-media":"","overlay-type":"","overlay-color":"","overlay-opacity":"","overlay-gradient":""},"mobile":{"background-color":"var(--ast-global-color-5)","background-image":"","background-repeat":"repeat","background-position":"center center","background-size":"auto","background-attachment":"scroll","background-type":"","background-media":"","overlay-type":"","overlay-color":"","overlay-opacity":"","overlay-gradient":""}}},"product_brand":[],"product_cat":[28,273],"product_tag":[274],"class_list":{"0":"post-2995","1":"product","2":"type-product","3":"status-publish","4":"has-post-thumbnail","6":"product_cat-varietes-de-cannabis","7":"product_cat-varietes-de-cannabis-sativa","8":"product_tag-amnesia-haze-aaa-weed-strain-for-sale-poland","9":"desktop-align-left","10":"tablet-align-left","11":"mobile-align-left","13":"first","14":"instock","15":"shipping-taxable","16":"purchasable","17":"product-type-variable"},"uagb_featured_image_src":{"full":["https:\/\/pressurezone.shop\/wp-content\/uploads\/2024\/10\/Amnesia-Haze-AAA-Weed-Strain.jpg",1000,1000,false],"thumbnail":["https:\/\/pressurezone.shop\/wp-content\/uploads\/2024\/10\/Amnesia-Haze-AAA-Weed-Strain-150x150.jpg",150,150,true],"medium":["https:\/\/pressurezone.shop\/wp-content\/uploads\/2024\/10\/Amnesia-Haze-AAA-Weed-Strain-300x300.jpg",300,300,true],"medium_large":["https:\/\/pressurezone.shop\/wp-content\/uploads\/2024\/10\/Amnesia-Haze-AAA-Weed-Strain-768x768.jpg",768,768,true],"large":["https:\/\/pressurezone.shop\/wp-content\/uploads\/2024\/10\/Amnesia-Haze-AAA-Weed-Strain.jpg",1000,1000,false],"1536x1536":["https:\/\/pressurezone.shop\/wp-content\/uploads\/2024\/10\/Amnesia-Haze-AAA-Weed-Strain.jpg",1000,1000,false],"2048x2048":["https:\/\/pressurezone.shop\/wp-content\/uploads\/2024\/10\/Amnesia-Haze-AAA-Weed-Strain.jpg",1000,1000,false],"trp-custom-language-flag":["https:\/\/pressurezone.shop\/wp-content\/uploads\/2024\/10\/Amnesia-Haze-AAA-Weed-Strain-12x12.jpg",12,12,true],"woocommerce_thumbnail":["https:\/\/pressurezone.shop\/wp-content\/uploads\/2024\/10\/Amnesia-Haze-AAA-Weed-Strain-300x300.jpg",300,300,true],"woocommerce_single":["https:\/\/pressurezone.shop\/wp-content\/uploads\/2024\/10\/Amnesia-Haze-AAA-Weed-Strain-600x600.jpg",600,600,true],"woocommerce_gallery_thumbnail":["https:\/\/pressurezone.shop\/wp-content\/uploads\/2024\/10\/Amnesia-Haze-AAA-Weed-Strain-100x100.jpg",100,100,true]},"uagb_author_info":{"display_name":"pressurezone.shop","author_link":"https:\/\/pressurezone.shop\/sv\/author\/"},"uagb_comment_info":0,"uagb_excerpt":"Achetez la Vari\u00e9t\u00e9 Amnesia Haze AAA en Ligne en Europe sur Pressure Zone D\u00e9couvrez la puissance de l&rsquo;Amnesia Haze AAA, une vari\u00e9t\u00e9 de cannabis exceptionnelle et l&rsquo;un des choix pr\u00e9f\u00e9r\u00e9s des amateurs de sativa-dominant hybrid. Issue d\u2019un m\u00e9lange g\u00e9n\u00e9tique entre une sativa jama\u00efcaine, une sativa laotienne, et une indica Afghan Hawaiian, cette vari\u00e9t\u00e9 est c\u00e9l\u00e8bre&hellip;","_links":{"self":[{"href":"https:\/\/pressurezone.shop\/sv\/wp-json\/wp\/v2\/product\/2995"}],"collection":[{"href":"https:\/\/pressurezone.shop\/sv\/wp-json\/wp\/v2\/product"}],"about":[{"href":"https:\/\/pressurezone.shop\/sv\/wp-json\/wp\/v2\/types\/product"}],"replies":[{"embeddable":true,"href":"https:\/\/pressurezone.shop\/sv\/wp-json\/wp\/v2\/comments?post=2995"}],"version-history":[{"count":3,"href":"https:\/\/pressurezone.shop\/sv\/wp-json\/wp\/v2\/product\/2995\/revisions"}],"predecessor-version":[{"id":3625,"href":"https:\/\/pressurezone.shop\/sv\/wp-json\/wp\/v2\/product\/2995\/revisions\/3625"}],"wp:featuredmedia":[{"embeddable":true,"href":"https:\/\/pressurezone.shop\/sv\/wp-json\/wp\/v2\/media\/3025"}],"wp:attachment":[{"href":"https:\/\/pressurezone.shop\/sv\/wp-json\/wp\/v2\/media?parent=2995"}],"wp:term":[{"taxonomy":"product_brand","embeddable":true,"href":"https:\/\/pressurezone.shop\/sv\/wp-json\/wp\/v2\/product_brand?post=2995"},{"taxonomy":"product_cat","embeddable":true,"href":"https:\/\/pressurezone.shop\/sv\/wp-json\/wp\/v2\/product_cat?post=2995"},{"taxonomy":"product_tag","embeddable":true,"href":"https:\/\/pressurezone.shop\/sv\/wp-json\/wp\/v2\/product_tag?post=2995"}],"curies":[{"name":"wp","href":"https:\/\/api.w.org\/{rel}","templated":true}]}}