{"id":2996,"date":"2024-10-11T00:48:46","date_gmt":"2024-10-10T22:48:46","guid":{"rendered":"https:\/\/pressurezone.shop\/?post_type=product&#038;p=2996"},"modified":"2024-11-03T21:36:20","modified_gmt":"2024-11-03T20:36:20","slug":"pine-cone-marijuana-strain","status":"publish","type":"product","link":"https:\/\/pressurezone.shop\/sv\/produkt\/tallkotte-marijuana-stam\/","title":{"rendered":"Pine Cone Marijuana stam"},"content":{"rendered":"<h3><strong>K\u00f6p Pine Cone Marijuana Strain online i Europa p\u00e5 <a href=\"https:\/\/pressurezone.shop\/sv\/\" target=\"_new\" rel=\"noopener\">Tryckzonsbutik<\/a><\/strong><\/h3>\n<p>Uppt\u00e4ck de <strong>Pine Cone Marijuana stam<\/strong>en sativadominerande hybrid k\u00e4nd f\u00f6r sina energigivande effekter och distinkta tallarom. Med sin unika blandning av hasch-, tr\u00e4- och dieselsmaker erbjuder denna sort en intensiv smakupplevelse som kommer att gl\u00e4dja sativa-\u00e4lskare.<\/p>\n<h3>Varf\u00f6r v\u00e4lja Pine Cone Marijuana Strain?<\/h3>\n<p>La <strong>Pine Cone Marijuana stam<\/strong> \u00e4r idealisk f\u00f6r dem som letar efter en boost av motivation och mental klarhet under dagen. Med en THC-niv\u00e5 p\u00e5 cirka 18% ger denna sativadominerande sort en v\u00e5g av mental energi och lycka, perfekt f\u00f6r aktiviteter som kr\u00e4ver koncentration och kreativitet. Det \u00e4r ocks\u00e5 effektivt f\u00f6r att lindra mentala sjukdomar utan att orsaka sedering.<\/p>\n<ul>\n<li><strong>Typ<\/strong> Sativa-dominerande hybrid<\/li>\n<li><strong>THC<\/strong> : Cirka 18%, vilket ger en energigivande mental effekt<\/li>\n<\/ul>\n<h3>Effekter och f\u00f6rdelar med Pine Cone Weed Strain<\/h3>\n<p>La <strong>Pine Cone Weed-sort<\/strong> \u00e4r k\u00e4nt f\u00f6r sina hj\u00e4rnf\u00f6rst\u00e4rkande effekter som h\u00f6jer hum\u00f6ret och stimulerar sinnet. Det \u00e4r perfekt f\u00f6r anv\u00e4ndare som vill bli lyckliga och motiverade, perfekt f\u00f6r att starta dagen eller ta itu med kreativa uppgifter.<\/p>\n<ul>\n<li><strong>Effekter<\/strong> Energi, Gott hum\u00f6r, Koncentration, Motivation<\/li>\n<li><strong>Perfekt f\u00f6r<\/strong> : \u00d6gontryck, Glaukom, Depression, Kronisk stress<\/li>\n<\/ul>\n<h3>Tillst\u00e5nd som lindras av Pine Cone Cannabis Strain<\/h3>\n<p>Tack vare sina stimulerande och balanserade effekter \u00e4r <strong>Tallkotte<\/strong> v\u00e4ljs ofta f\u00f6r att lindra olika psykiska och fysiska besv\u00e4r:<\/p>\n<ul>\n<li><strong>\u00d6gontryck och glaukom<\/strong> Hj\u00e4lper till att minska det intraokul\u00e4ra trycket.<\/li>\n<li><strong>Depression och stress<\/strong> F\u00f6rb\u00e4ttrar hum\u00f6ret och minskar oroliga tankar.<\/li>\n<li><strong>Mental klarhet<\/strong> : Perfekt fokus f\u00f6r produktiva uppgifter<a href=\"https:\/\/fuelpackz.com\/\" target=\"_blank\" rel=\"noopener\">.<\/a><\/li>\n<\/ul>\n<h3>Smaker och aromer av Pine Cone Marijuana Strain<\/h3>\n<p>La <strong>Pine Cone Marijuana stam<\/strong> erbjuder en rik och intensiv smakprofil. Den kombinerar toner av <strong>hash<\/strong> och <strong>tr\u00e4<\/strong> med accenter av <strong>diesel<\/strong>vilket skapar en robust smak. Dess arom \u00e4r lika kraftfull och blandar <strong>tall<\/strong> fruktig och kryddig diesel f\u00f6r en unik doftupplevelse.<\/p>\n<ul>\n<li><strong>Smaker<\/strong> : Hasch, tr\u00e4, diesel<\/li>\n<li><strong>Dofter<\/strong> : Diesel, Tall, Kryddig, Fruktig<\/li>\n<\/ul>\n<h3>Utseende av Pine Cone Cannabis Flower<\/h3>\n<p>Knopparna p\u00e5 <strong>Tallkotte<\/strong> p\u00e5minner om riktiga kottar, med mintgr\u00f6n f\u00e4rg, t\u00e4ta b\u00e4rnstensf\u00e4rgade h\u00e5r och stora, kristallina trikomer. Deras h\u00e4rdiga, hartsartade utseende kommer att tilltala cannabis\u00e4lskare som letar efter kvalitetsblommor.<\/p>\n<h3>Best\u00e4ll Pine Cone Marijuana Strain online fr\u00e5n Pressure Zone Shop<\/h3>\n<p>Redo att uppt\u00e4cka den energigivande och motiverande effekten av <strong>Pine Cone Marijuana stam<\/strong> ? Best\u00e4ll idag fr\u00e5n <a href=\"https:\/\/pressurezone.shop\/sv\/\" target=\"_new\" rel=\"noopener\">Tryckzonsbutik<\/a> f\u00f6r en unik sativa-upplevelse. Oavsett om du vill lindra stress eller \u00f6ka din produktivitet, <strong>Tallkotte<\/strong> \u00e4r den perfekta sorten f\u00f6r en inspirerande och produktiv dag.<\/p>","protected":false},"excerpt":{"rendered":"<p><strong>Smak:<\/strong>\u00a0Diesel | Kryddig | Tall | Hasch | Fruktig<br \/>\n<strong>Medicinsk anv\u00e4ndning:<\/strong>\u00a0Depression | \u00d6gontryck | Hum\u00f6rsv\u00e4ngningar | Stress<br \/>\n<strong>THC-inneh\u00e5ll:<\/strong>\u00a018% H\u00f6gst<\/p>","protected":false},"featured_media":3027,"comment_status":"closed","ping_status":"closed","template":"","meta":{"_uag_custom_page_level_css":"","site-sidebar-layout":"default","site-content-layout":"","ast-site-content-layout":"default","site-content-style":"default","site-sidebar-style":"default","ast-global-header-display":"","ast-banner-title-visibility":"","ast-main-header-display":"","ast-hfb-above-header-display":"","ast-hfb-below-header-display":"","ast-hfb-mobile-header-display":"","site-post-title":"","ast-breadcrumbs-content":"","ast-featured-img":"","footer-sml-layout":"","theme-transparent-header-meta":"default","adv-header-id-meta":"","stick-header-meta":"","header-above-stick-meta":"","header-main-stick-meta":"","header-below-stick-meta":"","astra-migrate-meta-layouts":"set","ast-page-background-enabled":"default","ast-page-background-meta":{"desktop":{"background-color":"","background-image":"","background-repeat":"repeat","background-position":"center center","background-size":"auto","background-attachment":"scroll","background-type":"","background-media":"","overlay-type":"","overlay-color":"","overlay-opacity":"","overlay-gradient":""},"tablet":{"background-color":"","background-image":"","background-repeat":"repeat","background-position":"center center","background-size":"auto","background-attachment":"scroll","background-type":"","background-media":"","overlay-type":"","overlay-color":"","overlay-opacity":"","overlay-gradient":""},"mobile":{"background-color":"","background-image":"","background-repeat":"repeat","background-position":"center center","background-size":"auto","background-attachment":"scroll","background-type":"","background-media":"","overlay-type":"","overlay-color":"","overlay-opacity":"","overlay-gradient":""}},"ast-content-background-meta":{"desktop":{"background-color":"var(--ast-global-color-5)","background-image":"","background-repeat":"repeat","background-position":"center center","background-size":"auto","background-attachment":"scroll","background-type":"","background-media":"","overlay-type":"","overlay-color":"","overlay-opacity":"","overlay-gradient":""},"tablet":{"background-color":"var(--ast-global-color-5)","background-image":"","background-repeat":"repeat","background-position":"center center","background-size":"auto","background-attachment":"scroll","background-type":"","background-media":"","overlay-type":"","overlay-color":"","overlay-opacity":"","overlay-gradient":""},"mobile":{"background-color":"var(--ast-global-color-5)","background-image":"","background-repeat":"repeat","background-position":"center center","background-size":"auto","background-attachment":"scroll","background-type":"","background-media":"","overlay-type":"","overlay-color":"","overlay-opacity":"","overlay-gradient":""}}},"product_brand":[],"product_cat":[28,273],"product_tag":[275],"class_list":{"0":"post-2996","1":"product","2":"type-product","3":"status-publish","4":"has-post-thumbnail","6":"product_cat-varietes-de-cannabis","7":"product_cat-varietes-de-cannabis-sativa","8":"product_tag-pine-cone-marijuana-strain-for-sale-europe","9":"desktop-align-left","10":"tablet-align-left","11":"mobile-align-left","13":"first","14":"instock","15":"shipping-taxable","16":"purchasable","17":"product-type-variable"},"uagb_featured_image_src":{"full":["https:\/\/pressurezone.shop\/wp-content\/uploads\/2024\/10\/Pine-Cone-Marijuana-Strain.jpg",983,985,false],"thumbnail":["https:\/\/pressurezone.shop\/wp-content\/uploads\/2024\/10\/Pine-Cone-Marijuana-Strain-150x150.jpg",150,150,true],"medium":["https:\/\/pressurezone.shop\/wp-content\/uploads\/2024\/10\/Pine-Cone-Marijuana-Strain-300x300.jpg",300,300,true],"medium_large":["https:\/\/pressurezone.shop\/wp-content\/uploads\/2024\/10\/Pine-Cone-Marijuana-Strain-768x770.jpg",768,770,true],"large":["https:\/\/pressurezone.shop\/wp-content\/uploads\/2024\/10\/Pine-Cone-Marijuana-Strain.jpg",983,985,false],"1536x1536":["https:\/\/pressurezone.shop\/wp-content\/uploads\/2024\/10\/Pine-Cone-Marijuana-Strain.jpg",983,985,false],"2048x2048":["https:\/\/pressurezone.shop\/wp-content\/uploads\/2024\/10\/Pine-Cone-Marijuana-Strain.jpg",983,985,false],"trp-custom-language-flag":["https:\/\/pressurezone.shop\/wp-content\/uploads\/2024\/10\/Pine-Cone-Marijuana-Strain-12x12.jpg",12,12,true],"woocommerce_thumbnail":["https:\/\/pressurezone.shop\/wp-content\/uploads\/2024\/10\/Pine-Cone-Marijuana-Strain-300x300.jpg",300,300,true],"woocommerce_single":["https:\/\/pressurezone.shop\/wp-content\/uploads\/2024\/10\/Pine-Cone-Marijuana-Strain-600x601.jpg",600,601,true],"woocommerce_gallery_thumbnail":["https:\/\/pressurezone.shop\/wp-content\/uploads\/2024\/10\/Pine-Cone-Marijuana-Strain-100x100.jpg",100,100,true]},"uagb_author_info":{"display_name":"pressurezone.shop","author_link":"https:\/\/pressurezone.shop\/sv\/author\/"},"uagb_comment_info":0,"uagb_excerpt":"Flavour:\u00a0Diesel | Spicy | Pine | Hash | Fruity Medical Usage:\u00a0Depression | Eye Pressure | Mood Swings | Stress THC Content:\u00a018% Highest","_links":{"self":[{"href":"https:\/\/pressurezone.shop\/sv\/wp-json\/wp\/v2\/product\/2996"}],"collection":[{"href":"https:\/\/pressurezone.shop\/sv\/wp-json\/wp\/v2\/product"}],"about":[{"href":"https:\/\/pressurezone.shop\/sv\/wp-json\/wp\/v2\/types\/product"}],"replies":[{"embeddable":true,"href":"https:\/\/pressurezone.shop\/sv\/wp-json\/wp\/v2\/comments?post=2996"}],"version-history":[{"count":3,"href":"https:\/\/pressurezone.shop\/sv\/wp-json\/wp\/v2\/product\/2996\/revisions"}],"predecessor-version":[{"id":3967,"href":"https:\/\/pressurezone.shop\/sv\/wp-json\/wp\/v2\/product\/2996\/revisions\/3967"}],"wp:featuredmedia":[{"embeddable":true,"href":"https:\/\/pressurezone.shop\/sv\/wp-json\/wp\/v2\/media\/3027"}],"wp:attachment":[{"href":"https:\/\/pressurezone.shop\/sv\/wp-json\/wp\/v2\/media?parent=2996"}],"wp:term":[{"taxonomy":"product_brand","embeddable":true,"href":"https:\/\/pressurezone.shop\/sv\/wp-json\/wp\/v2\/product_brand?post=2996"},{"taxonomy":"product_cat","embeddable":true,"href":"https:\/\/pressurezone.shop\/sv\/wp-json\/wp\/v2\/product_cat?post=2996"},{"taxonomy":"product_tag","embeddable":true,"href":"https:\/\/pressurezone.shop\/sv\/wp-json\/wp\/v2\/product_tag?post=2996"}],"curies":[{"name":"wp","href":"https:\/\/api.w.org\/{rel}","templated":true}]}}