{"id":2997,"date":"2024-10-11T00:48:46","date_gmt":"2024-10-10T22:48:46","guid":{"rendered":"https:\/\/pressurezone.shop\/?post_type=product&#038;p=2997"},"modified":"2024-11-02T21:20:18","modified_gmt":"2024-11-02T20:20:18","slug":"cannabis-durban-poison","status":"publish","type":"product","link":"https:\/\/pressurezone.shop\/sv\/produkt\/cannabis-durban-gift\/","title":{"rendered":"Cannabis Durban Gift"},"content":{"rendered":"<div class=\"flex-shrink-0 flex flex-col relative items-end\">\n<div>\n<div class=\"pt-0\">\n<div class=\"gizmo-bot-avatar flex h-8 w-8 items-center justify-center overflow-hidden rounded-full\">\n<div class=\"relative p-1 rounded-sm flex items-center justify-center bg-token-main-surface-primary text-token-text-primary h-8 w-8\"><\/div>\n<\/div>\n<\/div>\n<\/div>\n<\/div>\n<div class=\"group\/conversation-turn relative flex w-full min-w-0 flex-col agent-turn\">\n<div class=\"flex-col gap-1 md:gap-3\">\n<div class=\"flex max-w-full flex-col flex-grow\">\n<div class=\"min-h-8 text-message flex w-full flex-col items-end gap-2 whitespace-normal break-words [.text-message+&amp;]:mt-5\" dir=\"auto\" data-message-author-role=\"assistant\" data-message-id=\"61f48bb6-5012-4687-959b-b761f2de1d5e\" data-message-model-slug=\"gpt-4o\">\n<div class=\"flex w-full flex-col gap-1 empty:hidden first:pt-[3px]\">\n<div class=\"markdown prose w-full break-words dark:prose-invert light\">\n<h2><strong>K\u00f6p Cannabis Durban Poison online p\u00e5 <a href=\"https:\/\/pressurezone.shop\/sv\/\" target=\"_new\" rel=\"noopener\">Tryckzon<\/a><\/strong><\/h2>\n<p>Uppt\u00e4ck <strong>Durban Gift<\/strong>a <strong>cannabis sort<\/strong> ren sativa, k\u00e4nd \u00f6ver hela v\u00e4rlden f\u00f6r sin exceptionella styrka. Med <strong>THC-halter p\u00e5 upp till 28%+.<\/strong>Durban Poison \u00e4r en idealisk sort f\u00f6r sativa-\u00e4lskare som letar efter en energigivande, cerebral h\u00f6g. K\u00e4nd f\u00f6r sin jordn\u00e4ra, n\u00e5got s\u00f6ta arom med en antydan till tall, \u00e4r denna sort perfekt f\u00f6r aktiviteter p\u00e5 dagtid, stimulerande kreativitet och motivation.<\/p>\n<h3>Effekter och f\u00f6rdelar med Durban Poison Cannabis<\/h3>\n<p>La <strong>Durban Giftig sort<\/strong> \u00e4r k\u00e4nd f\u00f6r sina snabba och intensiva effekter, vilket ger en \u00f6kning av mental klarhet och lycka. H\u00e4r \u00e4r vad du kan f\u00f6rv\u00e4nta dig av denna kraftfulla sort:<\/p>\n<ul>\n<li><strong>Energi och kreativitet<\/strong> : Perfekt f\u00f6r stunder av inspiration och kreativitet.<\/li>\n<li><strong>Eufori och fokus<\/strong> Stimulerar koncentrationen och fr\u00e4mjar ett positivt hum\u00f6r, perfekt f\u00f6r aktiviteter under dagtid.<\/li>\n<li><strong>L\u00e5ngsiktig effekt<\/strong> Ett l\u00e5ngvarigt rus som stannar kvar hela dagen utan att tynga ner dig.<\/li>\n<\/ul>\n<p>Med en <strong>h\u00f6g effekt<\/strong> och inga lugnande effekter \u00e4r Durban Poison perfekt f\u00f6r aktiva anv\u00e4ndare som letar efter en stimulerande upplevelse.<\/p>\n<h3>Terapeutiska f\u00f6rdelar med Durban Poison Cannabis<\/h3>\n<p>Samt dess uppfriskande effekter, <strong>Durban Gift<\/strong> \u00e4r ett popul\u00e4rt alternativ f\u00f6r sina m\u00e5nga terapeutiska f\u00f6rdelar:<\/p>\n<ul>\n<li><strong>Lindring av depression och \u00e5ngest<\/strong> Lugnar sinnet och minskar negativa k\u00e4nslor, vilket ger en k\u00e4nsla av lugn och mental klarhet.<\/li>\n<li><strong>Minskning av kronisk sm\u00e4rta<\/strong> Effektivt f\u00f6r att lindra ih\u00e5llande sm\u00e4rta utan tunga effekter.<\/li>\n<li><strong>Behandling av illam\u00e5ende<\/strong> Hj\u00e4lper till att minska symtom p\u00e5 illam\u00e5ende, perfekt f\u00f6r personer som lider av gastrointestinala st\u00f6rningar.<\/li>\n<\/ul>\n<p>Durban Poison \u00e4r ocks\u00e5 k\u00e4nt f\u00f6r sin h\u00f6ga trikominneh\u00e5ll, vilket g\u00f6r det till ett utm\u00e4rkt val f\u00f6r att g\u00f6ra koncentrat.<\/p>\n<h3>Smaker och dofter av Durban Poison<\/h3>\n<p>Den unika aromatiska profilen hos <strong>Durban Gift<\/strong> g\u00f6r det till en of\u00f6rgl\u00f6mlig sensorisk upplevelse:<\/p>\n<ul>\n<li><strong>Smaker<\/strong> En jordig, s\u00f6t smak, balanserad av en touch av tall som ger en behaglig friskhet.<\/li>\n<li><strong>Dofter<\/strong> En s\u00f6t, kryddig doft som p\u00e5minner om en tallskog, perfekt f\u00f6r dem som \u00e4lskar sorter med naturliga, uppfriskande dofter.<a href=\"https:\/\/fuelpackz.com\/\" target=\"_blank\" rel=\"noopener\">.<\/a><\/li>\n<\/ul>\n<p>Dessa <strong>naturliga smaker och aromer<\/strong> g\u00f6r varje doft av Durban Poison till en minnesv\u00e4rd upplevelse, perfekt f\u00f6r \u00e4lskare av rena, intensiva sativas.<\/p>\n<h3>Varf\u00f6r k\u00f6pa Durban Poison Cannabis p\u00e5 <a href=\"https:\/\/pressurezone.shop\/sv\/\" target=\"_new\" rel=\"noopener\">Tryckzon<\/a>?<\/h3>\n<p>Vid <strong>Tryckzon<\/strong>vi v\u00e4ljer <strong>cannabis sorter<\/strong> odlade och testade f\u00f6r att leverera en h\u00f6gkvalitativ upplevelse till v\u00e5ra kunder i Europa. <strong>Durban Gift<\/strong> \u00e4r en sort som uppskattas f\u00f6r sin styrka och uppfriskande effekter. H\u00e4r \u00e4r varf\u00f6r du ska k\u00f6pa fr\u00e5n oss:<\/p>\n<ul>\n<li><strong>Premium Kvalitet<\/strong> V\u00e5ra produkter testas noggrant f\u00f6r att garantera renhet och effekt.<\/li>\n<li><strong>Energigivande upplevelse<\/strong> Perfekt f\u00f6r stunder av koncentration, kreativitet och v\u00e4lbefinnande under dagen.<\/li>\n<li><strong>Engagerad kundservice<\/strong> : V\u00e5rt team finns h\u00e4r f\u00f6r att v\u00e4gleda dig till den <strong>cannabis sort<\/strong> som b\u00e4st passar dina behov.<\/li>\n<\/ul>\n<h3>Vanliga fr\u00e5gor och svar<\/h3>\n<h4>Vilka \u00e4r de viktigaste effekterna av Durban Poison?<\/h4>\n<p>Durban Poison \u00e4r k\u00e4nt f\u00f6r sina snabba och kraftfulla cerebrala effekter, vilket ger en \u00f6kning av kreativitet, lycka och energi. Det \u00e4r en idealisk sort f\u00f6r aktiviteter p\u00e5 dagtid.<\/p>\n<h4>\u00c4r Durban Poison effektivt f\u00f6r att lindra sm\u00e4rta och depression?<\/h4>\n<p>Ja, Durban Poison \u00e4r effektivt f\u00f6r att lindra kronisk sm\u00e4rta och behandla tillst\u00e5nd som depression och \u00e5ngest, tack vare dess uppfriskande och positiva effekter.<\/p>\n<h4>Vilka \u00e4r de dominerande smakerna och aromerna i Durban Poison?<\/h4>\n<p>Durban Poison har en jordig, s\u00f6t smak med aromer av tall och en touch av tr\u00e4, perfekt f\u00f6r en naturlig upplevelse.<\/p>\n<h3>Best\u00e4ll Durban Poison Cannabis Variety online p\u00e5 <a href=\"https:\/\/pressurezone.shop\/sv\/\" target=\"_new\" rel=\"noopener\">Tryckzon<\/a><\/h3>\n<p>Redo att uppt\u00e4cka kraften och energin i <strong>Durban Gift<\/strong>? <strong>Best\u00e4ll nu<\/strong> p\u00e5 <a href=\"https:\/\/pressurezone.shop\/sv\/\" target=\"_new\" rel=\"noopener\">Tryckzon<\/a> f\u00f6r en upplevelse av <strong>cannabis sort<\/strong> ren sativa, perfekt f\u00f6r stunder av inspiration och v\u00e4lbefinnande. Njut av snabb, diskret leverans och l\u00e5t dig f\u00f6rf\u00f6ras av v\u00e5ra kvalitetsprodukters f\u00f6rtr\u00e4fflighet.<\/p>\n<\/div>\n<\/div>\n<\/div>\n<\/div>\n<\/div>\n<\/div>","protected":false},"excerpt":{"rendered":"<p><strong>Smak:<\/strong>\u00a0Jordig | Tall | S\u00f6t<br \/>\n<strong>Medicinsk anv\u00e4ndning:<\/strong>\u00a0Kronisk sm\u00e4rta | Depression | \u00c5ngest | Stress<br \/>\n<strong>THC-inneh\u00e5ll:<\/strong>\u00a028%+ H\u00f6gst<\/p>","protected":false},"featured_media":3029,"comment_status":"closed","ping_status":"closed","template":"","meta":{"_uag_custom_page_level_css":"","site-sidebar-layout":"default","site-content-layout":"","ast-site-content-layout":"default","site-content-style":"default","site-sidebar-style":"default","ast-global-header-display":"","ast-banner-title-visibility":"","ast-main-header-display":"","ast-hfb-above-header-display":"","ast-hfb-below-header-display":"","ast-hfb-mobile-header-display":"","site-post-title":"","ast-breadcrumbs-content":"","ast-featured-img":"","footer-sml-layout":"","theme-transparent-header-meta":"default","adv-header-id-meta":"","stick-header-meta":"","header-above-stick-meta":"","header-main-stick-meta":"","header-below-stick-meta":"","astra-migrate-meta-layouts":"set","ast-page-background-enabled":"default","ast-page-background-meta":{"desktop":{"background-color":"","background-image":"","background-repeat":"repeat","background-position":"center center","background-size":"auto","background-attachment":"scroll","background-type":"","background-media":"","overlay-type":"","overlay-color":"","overlay-opacity":"","overlay-gradient":""},"tablet":{"background-color":"","background-image":"","background-repeat":"repeat","background-position":"center center","background-size":"auto","background-attachment":"scroll","background-type":"","background-media":"","overlay-type":"","overlay-color":"","overlay-opacity":"","overlay-gradient":""},"mobile":{"background-color":"","background-image":"","background-repeat":"repeat","background-position":"center center","background-size":"auto","background-attachment":"scroll","background-type":"","background-media":"","overlay-type":"","overlay-color":"","overlay-opacity":"","overlay-gradient":""}},"ast-content-background-meta":{"desktop":{"background-color":"var(--ast-global-color-5)","background-image":"","background-repeat":"repeat","background-position":"center center","background-size":"auto","background-attachment":"scroll","background-type":"","background-media":"","overlay-type":"","overlay-color":"","overlay-opacity":"","overlay-gradient":""},"tablet":{"background-color":"var(--ast-global-color-5)","background-image":"","background-repeat":"repeat","background-position":"center center","background-size":"auto","background-attachment":"scroll","background-type":"","background-media":"","overlay-type":"","overlay-color":"","overlay-opacity":"","overlay-gradient":""},"mobile":{"background-color":"var(--ast-global-color-5)","background-image":"","background-repeat":"repeat","background-position":"center center","background-size":"auto","background-attachment":"scroll","background-type":"","background-media":"","overlay-type":"","overlay-color":"","overlay-opacity":"","overlay-gradient":""}}},"product_brand":[],"product_cat":[28,273],"product_tag":[],"class_list":{"0":"post-2997","1":"product","2":"type-product","3":"status-publish","4":"has-post-thumbnail","6":"product_cat-varietes-de-cannabis","7":"product_cat-varietes-de-cannabis-sativa","8":"desktop-align-left","9":"tablet-align-left","10":"mobile-align-left","12":"first","13":"instock","14":"shipping-taxable","15":"purchasable","16":"product-type-variable"},"uagb_featured_image_src":{"full":["https:\/\/pressurezone.shop\/wp-content\/uploads\/2024\/10\/Buy-Durban-Poison-Cannabis.png",906,955,false],"thumbnail":["https:\/\/pressurezone.shop\/wp-content\/uploads\/2024\/10\/Buy-Durban-Poison-Cannabis-150x150.png",150,150,true],"medium":["https:\/\/pressurezone.shop\/wp-content\/uploads\/2024\/10\/Buy-Durban-Poison-Cannabis-285x300.png",285,300,true],"medium_large":["https:\/\/pressurezone.shop\/wp-content\/uploads\/2024\/10\/Buy-Durban-Poison-Cannabis-768x810.png",768,810,true],"large":["https:\/\/pressurezone.shop\/wp-content\/uploads\/2024\/10\/Buy-Durban-Poison-Cannabis.png",906,955,false],"1536x1536":["https:\/\/pressurezone.shop\/wp-content\/uploads\/2024\/10\/Buy-Durban-Poison-Cannabis.png",906,955,false],"2048x2048":["https:\/\/pressurezone.shop\/wp-content\/uploads\/2024\/10\/Buy-Durban-Poison-Cannabis.png",906,955,false],"trp-custom-language-flag":["https:\/\/pressurezone.shop\/wp-content\/uploads\/2024\/10\/Buy-Durban-Poison-Cannabis-11x12.png",11,12,true],"woocommerce_thumbnail":["https:\/\/pressurezone.shop\/wp-content\/uploads\/2024\/10\/Buy-Durban-Poison-Cannabis-300x300.png",300,300,true],"woocommerce_single":["https:\/\/pressurezone.shop\/wp-content\/uploads\/2024\/10\/Buy-Durban-Poison-Cannabis-600x632.png",600,632,true],"woocommerce_gallery_thumbnail":["https:\/\/pressurezone.shop\/wp-content\/uploads\/2024\/10\/Buy-Durban-Poison-Cannabis-100x100.png",100,100,true]},"uagb_author_info":{"display_name":"pressurezone.shop","author_link":"https:\/\/pressurezone.shop\/sv\/author\/"},"uagb_comment_info":0,"uagb_excerpt":"Flavour:\u00a0Earthy | Pine | Sweet Medical Usage:\u00a0Chronic Pain | Depression | Anxiety | Stress THC Content:\u00a028%+ Highest","_links":{"self":[{"href":"https:\/\/pressurezone.shop\/sv\/wp-json\/wp\/v2\/product\/2997"}],"collection":[{"href":"https:\/\/pressurezone.shop\/sv\/wp-json\/wp\/v2\/product"}],"about":[{"href":"https:\/\/pressurezone.shop\/sv\/wp-json\/wp\/v2\/types\/product"}],"replies":[{"embeddable":true,"href":"https:\/\/pressurezone.shop\/sv\/wp-json\/wp\/v2\/comments?post=2997"}],"version-history":[{"count":3,"href":"https:\/\/pressurezone.shop\/sv\/wp-json\/wp\/v2\/product\/2997\/revisions"}],"predecessor-version":[{"id":3689,"href":"https:\/\/pressurezone.shop\/sv\/wp-json\/wp\/v2\/product\/2997\/revisions\/3689"}],"wp:featuredmedia":[{"embeddable":true,"href":"https:\/\/pressurezone.shop\/sv\/wp-json\/wp\/v2\/media\/3029"}],"wp:attachment":[{"href":"https:\/\/pressurezone.shop\/sv\/wp-json\/wp\/v2\/media?parent=2997"}],"wp:term":[{"taxonomy":"product_brand","embeddable":true,"href":"https:\/\/pressurezone.shop\/sv\/wp-json\/wp\/v2\/product_brand?post=2997"},{"taxonomy":"product_cat","embeddable":true,"href":"https:\/\/pressurezone.shop\/sv\/wp-json\/wp\/v2\/product_cat?post=2997"},{"taxonomy":"product_tag","embeddable":true,"href":"https:\/\/pressurezone.shop\/sv\/wp-json\/wp\/v2\/product_tag?post=2997"}],"curies":[{"name":"wp","href":"https:\/\/api.w.org\/{rel}","templated":true}]}}