{"id":2998,"date":"2024-10-11T00:48:46","date_gmt":"2024-10-10T22:48:46","guid":{"rendered":"https:\/\/pressurezone.shop\/?post_type=product&#038;p=2998"},"modified":"2024-11-02T21:52:53","modified_gmt":"2024-11-02T20:52:53","slug":"candyland-aaaa-weed-strain","status":"publish","type":"product","link":"https:\/\/pressurezone.shop\/sv\/produkt\/candyland-aaaa-ogras-stam\/","title":{"rendered":"Candyland AAAA Weed-sort"},"content":{"rendered":"<h3><strong>K\u00f6p Candyland AAAA Weed Strain online i Europa p\u00e5 <a href=\"https:\/\/pressurezone.shop\/sv\/\" target=\"_new\" rel=\"noopener\">Tryckzon<\/a><\/strong><\/h3>\n<p>Uppt\u00e4ck <strong>Candyland AAAA Weed-sort<\/strong>a <strong>cannabis sort<\/strong> sativa-dominerande, erbjuder en energigivande och gl\u00e4djande h\u00f6g, perfekt f\u00f6r att lysa upp din dag. Resultatet av en korsning mellan den legendariska <strong>Farfar Purps<\/strong> och <strong>Platinakakor<\/strong>Candyland \u00e4r utformad f\u00f6r att stimulera sinnet och v\u00e4cka kreativiteten. Med THC-niv\u00e5er p\u00e5 upp till 24% ger denna kraftfulla sort en euforisk boost och en dos god humor som \u00e4r idealisk f\u00f6r vardagliga uppgifter.<a href=\"https:\/\/fuelpackz.com\/\" target=\"_blank\" rel=\"noopener\">.<\/a><\/p>\n<h3>Effekter och f\u00f6rdelar med Candyland AAAA Weed Strain<\/h3>\n<p>La <strong>Candyland AAAA Weed-sort<\/strong> \u00e4r k\u00e4nd f\u00f6r sina stimulerande och balanserade effekter, perfekt f\u00f6r aktiva stunder :<\/p>\n<ul>\n<li><strong>Eufori och lycka<\/strong> : Ger en glad, optimistisk high, idealisk f\u00f6r att f\u00f6rb\u00e4ttra hum\u00f6ret.<\/li>\n<li><strong>Kreativ stimulans<\/strong> Hj\u00e4lper till att stimulera kreativitet och fantasi, perfekt f\u00f6r konstn\u00e4rliga uppgifter.<\/li>\n<li><strong>L\u00e4tt avslappning<\/strong> Ger ett subtilt lugn utan tyngd, perfekt f\u00f6r att h\u00e5lla sig fokuserad.<\/li>\n<\/ul>\n<p>Med en <strong>H\u00f6g THC av 24%<\/strong>Candyland \u00e4r kraftfullt och passar anv\u00e4ndare som letar efter positiv energi och en stimulerande h\u00f6g.<\/p>\n<h3>Terapeutiska f\u00f6rdelar med Candyland AAAA Weed Strain<\/h3>\n<p>Tack vare dess balanserade effekter, <strong>Candyland<\/strong> v\u00e4ljs ofta f\u00f6r att lindra en rad olika symtom och tillst\u00e5nd:<\/p>\n<ul>\n<li><strong>Minska \u00e5ngest och depression<\/strong> Effektivt f\u00f6r att lugna stressade sinnen och fr\u00e4mja ett tillst\u00e5nd av v\u00e4lbefinnande.<\/li>\n<li><strong>Lindring av kronisk sm\u00e4rta<\/strong> Lindrar mild till m\u00e5ttlig v\u00e4rk och sm\u00e4rta i kroppen.<\/li>\n<li><strong>Behandling av ADHD och bipol\u00e4r sjukdom<\/strong> Hj\u00e4lper till att f\u00f6rb\u00e4ttra koncentrationen och hantera symtom p\u00e5 hum\u00f6rst\u00f6rningar.<\/li>\n<\/ul>\n<p>Detta <strong>cannabis sort<\/strong> \u00e4r perfekt f\u00f6r dem som s\u00f6ker en naturlig l\u00f6sning f\u00f6r stress- och sm\u00e4rtlindring, utan \u00f6verdriven sedering.<\/p>\n<h3>Smaker och dofter av Candyland<\/h3>\n<p>Candyland utm\u00e4rker sig f\u00f6r sin s\u00f6ta och jordiga smakprofil, med en smak som p\u00e5minner om godis:<\/p>\n<ul>\n<li><strong>Smaker<\/strong> En s\u00f6t, l\u00e4tt kryddig smak med en jordig touch som avrundar upplevelsen.<\/li>\n<li><strong>Dofter<\/strong> En s\u00f6t, varm doft med en subtil kryddig ton som ger en unik doftupplevelse.<\/li>\n<\/ul>\n<p>Dessa <strong>gourmetsmaker och aromer<\/strong> g\u00f6r Candyland till en viktig sort f\u00f6r cannabis\u00e4lskare med en s\u00f6t, delikat smak.<\/p>\n<h3>Varf\u00f6r k\u00f6pa Candyland AAAA Weed Strain p\u00e5 <a href=\"https:\/\/pressurezone.shop\/sv\/\" target=\"_new\" rel=\"noopener\">Tryckzon<\/a>?<\/h3>\n<p>Vid <strong>Tryckzon<\/strong>vi erbjuder <strong>cannabis sorter<\/strong> av h\u00f6gsta kvalitet, noggrant testade f\u00f6r kraft och renhet. <strong>Candyland AAAA Weed-sort<\/strong> \u00e4r en av v\u00e5ra b\u00e4sta sorter f\u00f6r sina energigivande effekter och unika smaker. H\u00e4r \u00e4r varf\u00f6r du ska v\u00e4lja Pressure Zone:<\/p>\n<ul>\n<li><strong>Premium Kvalitet<\/strong> V\u00e5ra produkter testas noggrant f\u00f6r att garantera en upplevelse av h\u00f6g kvalitet.<\/li>\n<li><strong>Stimulerande och positiv effekt<\/strong> Perfekt f\u00f6r stunder av kreativitet och koncentration.<\/li>\n<li><strong>Engagerad kundservice<\/strong> : Vi finns till hands f\u00f6r att hj\u00e4lpa dig att hitta r\u00e4tt <strong>cannabis sort<\/strong> som b\u00e4st passar dina behov.<\/li>\n<\/ul>\n<h3>Vanliga fr\u00e5gor och svar<\/h3>\n<h4>Vilka \u00e4r de viktigaste effekterna av Candyland AAAA Weed Strain?<\/h4>\n<p>Candyland \u00e4r k\u00e4nt f\u00f6r sina euforiska och stimulerande effekter, som ger hum\u00f6rf\u00f6rb\u00e4ttring och mental klarhet perfekt f\u00f6r hektiska dagar.<\/p>\n<h4>\u00c4r Candyland effektivt f\u00f6r att lindra sm\u00e4rta och \u00e5ngest?<\/h4>\n<p>Ja, det h\u00e4r <strong>cannabis sort<\/strong> \u00e4r idealisk f\u00f6r att minska \u00e5ngest, f\u00f6rb\u00e4ttra hum\u00f6ret och lindra mild till m\u00e5ttlig kronisk sm\u00e4rta.<\/p>\n<h4>Vilka smaker och dofter dominerar Candyland?<\/h4>\n<p>Candyland erbjuder en s\u00f6t smak med jordiga och kryddiga toner, tillsammans med en rik arom som p\u00e5minner om godis.<\/p>\n<h3>Best\u00e4ll Candyland AAAA Weed Strain online i Europa p\u00e5 <a href=\"https:\/\/pressurezone.shop\/sv\/\" target=\"_new\" rel=\"noopener\">Tryckzon<\/a><\/h3>\n<p>Redo att uppt\u00e4cka de gl\u00e4djefyllda och stimulerande effekterna av <strong>Candyland AAAA Weed-sort<\/strong>? <strong>Best\u00e4ll nu<\/strong> p\u00e5 <a href=\"https:\/\/pressurezone.shop\/sv\/\" target=\"_new\" rel=\"noopener\">Tryckzon<\/a> f\u00f6r en upplevelse av <strong>cannabis sort<\/strong> perfekt f\u00f6r att lysa upp din dag och uppmuntra kreativitet. Med snabb och diskret leverans garanterar Pressure Zone en problemfri shoppingupplevelse.<\/p>\n<h4><\/h4>","protected":false},"excerpt":{"rendered":"<p>Achetez la Vari\u00e9t\u00e9 Candyland AAAA Weed Strain en Ligne en Europe sur Pressure Zone D\u00e9couvrez Candyland AAAA Weed Strain, une vari\u00e9t\u00e9 de cannabis sativa-dominante qui offre un high \u00e9nergisant et joyeux, parfait pour illuminer vos journ\u00e9es. R\u00e9sultant d&rsquo;un croisement entre les l\u00e9gendaires Granddaddy Purps et Platinum Cookies, Candyland est con\u00e7ue pour stimuler l\u2019esprit et \u00e9veiller [&hellip;]<\/p>","protected":false},"featured_media":3031,"comment_status":"closed","ping_status":"closed","template":"","meta":{"_uag_custom_page_level_css":"","site-sidebar-layout":"default","site-content-layout":"","ast-site-content-layout":"default","site-content-style":"default","site-sidebar-style":"default","ast-global-header-display":"","ast-banner-title-visibility":"","ast-main-header-display":"","ast-hfb-above-header-display":"","ast-hfb-below-header-display":"","ast-hfb-mobile-header-display":"","site-post-title":"","ast-breadcrumbs-content":"","ast-featured-img":"","footer-sml-layout":"","theme-transparent-header-meta":"default","adv-header-id-meta":"","stick-header-meta":"","header-above-stick-meta":"","header-main-stick-meta":"","header-below-stick-meta":"","astra-migrate-meta-layouts":"set","ast-page-background-enabled":"default","ast-page-background-meta":{"desktop":{"background-color":"","background-image":"","background-repeat":"repeat","background-position":"center center","background-size":"auto","background-attachment":"scroll","background-type":"","background-media":"","overlay-type":"","overlay-color":"","overlay-opacity":"","overlay-gradient":""},"tablet":{"background-color":"","background-image":"","background-repeat":"repeat","background-position":"center center","background-size":"auto","background-attachment":"scroll","background-type":"","background-media":"","overlay-type":"","overlay-color":"","overlay-opacity":"","overlay-gradient":""},"mobile":{"background-color":"","background-image":"","background-repeat":"repeat","background-position":"center center","background-size":"auto","background-attachment":"scroll","background-type":"","background-media":"","overlay-type":"","overlay-color":"","overlay-opacity":"","overlay-gradient":""}},"ast-content-background-meta":{"desktop":{"background-color":"var(--ast-global-color-5)","background-image":"","background-repeat":"repeat","background-position":"center center","background-size":"auto","background-attachment":"scroll","background-type":"","background-media":"","overlay-type":"","overlay-color":"","overlay-opacity":"","overlay-gradient":""},"tablet":{"background-color":"var(--ast-global-color-5)","background-image":"","background-repeat":"repeat","background-position":"center center","background-size":"auto","background-attachment":"scroll","background-type":"","background-media":"","overlay-type":"","overlay-color":"","overlay-opacity":"","overlay-gradient":""},"mobile":{"background-color":"var(--ast-global-color-5)","background-image":"","background-repeat":"repeat","background-position":"center center","background-size":"auto","background-attachment":"scroll","background-type":"","background-media":"","overlay-type":"","overlay-color":"","overlay-opacity":"","overlay-gradient":""}}},"product_brand":[],"product_cat":[28,273],"product_tag":[276],"class_list":{"0":"post-2998","1":"product","2":"type-product","3":"status-publish","4":"has-post-thumbnail","6":"product_cat-varietes-de-cannabis","7":"product_cat-varietes-de-cannabis-sativa","8":"product_tag-buy-candyland-aaaa-weed-strain-europe","9":"desktop-align-left","10":"tablet-align-left","11":"mobile-align-left","13":"first","14":"instock","15":"shipping-taxable","16":"purchasable","17":"product-type-variable"},"uagb_featured_image_src":{"full":["https:\/\/pressurezone.shop\/wp-content\/uploads\/2024\/10\/Candyland-AAAA-Weed-Strain.jpg",1000,1000,false],"thumbnail":["https:\/\/pressurezone.shop\/wp-content\/uploads\/2024\/10\/Candyland-AAAA-Weed-Strain-150x150.jpg",150,150,true],"medium":["https:\/\/pressurezone.shop\/wp-content\/uploads\/2024\/10\/Candyland-AAAA-Weed-Strain-300x300.jpg",300,300,true],"medium_large":["https:\/\/pressurezone.shop\/wp-content\/uploads\/2024\/10\/Candyland-AAAA-Weed-Strain-768x768.jpg",768,768,true],"large":["https:\/\/pressurezone.shop\/wp-content\/uploads\/2024\/10\/Candyland-AAAA-Weed-Strain.jpg",1000,1000,false],"1536x1536":["https:\/\/pressurezone.shop\/wp-content\/uploads\/2024\/10\/Candyland-AAAA-Weed-Strain.jpg",1000,1000,false],"2048x2048":["https:\/\/pressurezone.shop\/wp-content\/uploads\/2024\/10\/Candyland-AAAA-Weed-Strain.jpg",1000,1000,false],"trp-custom-language-flag":["https:\/\/pressurezone.shop\/wp-content\/uploads\/2024\/10\/Candyland-AAAA-Weed-Strain-12x12.jpg",12,12,true],"woocommerce_thumbnail":["https:\/\/pressurezone.shop\/wp-content\/uploads\/2024\/10\/Candyland-AAAA-Weed-Strain-300x300.jpg",300,300,true],"woocommerce_single":["https:\/\/pressurezone.shop\/wp-content\/uploads\/2024\/10\/Candyland-AAAA-Weed-Strain-600x600.jpg",600,600,true],"woocommerce_gallery_thumbnail":["https:\/\/pressurezone.shop\/wp-content\/uploads\/2024\/10\/Candyland-AAAA-Weed-Strain-100x100.jpg",100,100,true]},"uagb_author_info":{"display_name":"pressurezone.shop","author_link":"https:\/\/pressurezone.shop\/sv\/author\/"},"uagb_comment_info":0,"uagb_excerpt":"Achetez la Vari\u00e9t\u00e9 Candyland AAAA Weed Strain en Ligne en Europe sur Pressure Zone D\u00e9couvrez Candyland AAAA Weed Strain, une vari\u00e9t\u00e9 de cannabis sativa-dominante qui offre un high \u00e9nergisant et joyeux, parfait pour illuminer vos journ\u00e9es. R\u00e9sultant d&rsquo;un croisement entre les l\u00e9gendaires Granddaddy Purps et Platinum Cookies, Candyland est con\u00e7ue pour stimuler l\u2019esprit et \u00e9veiller&hellip;","_links":{"self":[{"href":"https:\/\/pressurezone.shop\/sv\/wp-json\/wp\/v2\/product\/2998"}],"collection":[{"href":"https:\/\/pressurezone.shop\/sv\/wp-json\/wp\/v2\/product"}],"about":[{"href":"https:\/\/pressurezone.shop\/sv\/wp-json\/wp\/v2\/types\/product"}],"replies":[{"embeddable":true,"href":"https:\/\/pressurezone.shop\/sv\/wp-json\/wp\/v2\/comments?post=2998"}],"version-history":[{"count":3,"href":"https:\/\/pressurezone.shop\/sv\/wp-json\/wp\/v2\/product\/2998\/revisions"}],"predecessor-version":[{"id":3730,"href":"https:\/\/pressurezone.shop\/sv\/wp-json\/wp\/v2\/product\/2998\/revisions\/3730"}],"wp:featuredmedia":[{"embeddable":true,"href":"https:\/\/pressurezone.shop\/sv\/wp-json\/wp\/v2\/media\/3031"}],"wp:attachment":[{"href":"https:\/\/pressurezone.shop\/sv\/wp-json\/wp\/v2\/media?parent=2998"}],"wp:term":[{"taxonomy":"product_brand","embeddable":true,"href":"https:\/\/pressurezone.shop\/sv\/wp-json\/wp\/v2\/product_brand?post=2998"},{"taxonomy":"product_cat","embeddable":true,"href":"https:\/\/pressurezone.shop\/sv\/wp-json\/wp\/v2\/product_cat?post=2998"},{"taxonomy":"product_tag","embeddable":true,"href":"https:\/\/pressurezone.shop\/sv\/wp-json\/wp\/v2\/product_tag?post=2998"}],"curies":[{"name":"wp","href":"https:\/\/api.w.org\/{rel}","templated":true}]}}