{"id":2999,"date":"2024-10-11T00:48:46","date_gmt":"2024-10-10T22:48:46","guid":{"rendered":"https:\/\/pressurezone.shop\/?post_type=product&#038;p=2999"},"modified":"2024-11-03T22:09:33","modified_gmt":"2024-11-03T21:09:33","slug":"zkittlez-cannabis-strain","status":"publish","type":"product","link":"https:\/\/pressurezone.shop\/sv\/produkt\/zkittlez-cannabis-stam\/","title":{"rendered":"Zkittlez Cannabis-sort"},"content":{"rendered":"<h3><strong>K\u00f6p Zkittlez Cannabis Strain online i Europa p\u00e5 <a href=\"https:\/\/pressurezone.shop\/sv\/\" target=\"_new\" rel=\"noopener\">Tryckzonsbutik<\/a><\/strong><\/h3>\n<p>Uppt\u00e4ck de <strong>Zkittlez Cannabis-sort<\/strong>en \u00f6verv\u00e4gande indica-hybridsort som \u00e4r lika livlig och festlig som namnet antyder! Resultatet av en kraftfull, fruktig korsning mellan <strong>Druva Ape<\/strong> och <strong>Grapefrukt<\/strong>Med ett m\u00e5ttligt THC-inneh\u00e5ll p\u00e5 15% erbjuder denna sort dig ett \u00f6gonblick av avkoppling, perfekt f\u00f6r att njuta utan att bli \u00f6verv\u00e4ldigad.<a href=\"https:\/\/fuelpackz.com\/\" target=\"_blank\" rel=\"noopener\">.<\/a><\/p>\n<h3>Varf\u00f6r v\u00e4lja Zkittlez Cannabis Strain?<\/h3>\n<p><strong>Zkittlez Cannabis-sort<\/strong> \u00e4r det perfekta alternativet f\u00f6r dig som vill ha en blandning av tropiska smaker och ett balanserat rus som stimulerar kreativiteten samtidigt som det lugnar kroppen. Fr\u00e5n det allra f\u00f6rsta blosset f\u00e5r du njuta av en s\u00f6t b\u00e4rsmak med en hint av citrus som kommer att stanna kvar p\u00e5 dina smakl\u00f6kar. Dess aromaprofil av tropiska frukter och s\u00f6t jord g\u00f6r denna sort till ett m\u00e5ste f\u00f6r en rik sensorisk upplevelse.<\/p>\n<ul>\n<li><strong>Typ<\/strong> Indica-dominerande hybrid<\/li>\n<li><strong>THC<\/strong> Cirka 15%, vilket ger en balanserad och behaglig effekt<\/li>\n<\/ul>\n<h3>Effekter och f\u00f6rdelar med Zkittlez Weed Strain<\/h3>\n<p>La <strong>Zkittlez Weed-sort<\/strong> \u00e4r perfekt f\u00f6r dig som vill v\u00e4cka din kreativitet samtidigt som du njuter av en mild kroppsavslappning. Det b\u00f6rjar med en l\u00e4tt eufori som \u00f6kar hum\u00f6ret och kreativiteten utan att g\u00f6ra dig uppr\u00f6rd. F\u00f6ljt av en k\u00e4nsla av kroppslig avslappning som skingrar stress och fr\u00e4mjar s\u00f6mn, \u00e4r den idealisk f\u00f6r ett avslappnat slut p\u00e5 dagen.<\/p>\n<ul>\n<li><strong>Effekter<\/strong> Eufori, Kreativitet, Avslappnad kropp, S\u00f6mnighet<\/li>\n<li><strong>Perfekt f\u00f6r<\/strong> S\u00f6mnl\u00f6shet, Kronisk sm\u00e4rta, Lindrig depression, Stress, \u00c5ngest, Inflammation<\/li>\n<\/ul>\n<h3>Tillst\u00e5nd som lindras av Zkittlez Cannabis Strain<\/h3>\n<p>Med sin mjuka, lugnande effekt, <strong>Zkittlez<\/strong> \u00e4r ett utm\u00e4rkt alternativ f\u00f6r att lindra ett antal \u00e5kommor:<\/p>\n<ul>\n<li><strong>S\u00f6mnl\u00f6shet och kronisk sm\u00e4rta<\/strong> Fr\u00e4mjar vilsam s\u00f6mn och lindrar v\u00e4rk och sm\u00e4rta.<\/li>\n<li><strong>\u00c5ngest och stress<\/strong> Lugnar sinnet och minskar sp\u00e4nningar.<\/li>\n<li><strong>Inflammation och mild depression<\/strong> : Lindrar vardagens v\u00e4rk och sm\u00e4rtor samtidigt som hum\u00f6ret f\u00f6rb\u00e4ttras.<\/li>\n<\/ul>\n<h3>Smaker och aromer av Zkittlez Weed Strain<\/h3>\n<p>La <strong>Zkittlez Weed-sort<\/strong> f\u00f6rf\u00f6r med sin tropiska, jordiga aromatiska profil. Du kommer att uppt\u00e4cka noter av <strong>s\u00f6ta b\u00e4r<\/strong> och <strong>citrus<\/strong>Smaken \u00e4r en riktig fr\u00f6jd f\u00f6r alla som \u00e4lskar s\u00f6ta och fruktiga smaker. Smaken \u00e4r en verklig njutning f\u00f6r alla som \u00e4lskar fruktiga och s\u00f6ta smaker.<\/p>\n<ul>\n<li><strong>Smaker<\/strong> B\u00e4r, Citrus, S\u00f6t<\/li>\n<li><strong>Dofter<\/strong> Jordig, tropisk, \u00f6rtartad, fruktig<\/li>\n<\/ul>\n<h3>Utseende av Zkittlez Cannabis Flower<\/h3>\n<p>Knopparna p\u00e5 <strong>Zkittlez<\/strong> \u00e4r stora och t\u00e4ta, pepparformade, med en djup olivgr\u00f6n f\u00e4rg som f\u00f6rst\u00e4rks av b\u00e4rnstensf\u00e4rgade h\u00e5r och ett tjockt lager av frostade trikomer. Deras hartsartade, livfulla utseende \u00e4r ett bevis p\u00e5 den \u00f6verl\u00e4gsna kvaliteten hos denna sort.<\/p>\n<h3>Best\u00e4ll Zkittlez Cannabis Strain online fr\u00e5n Pressure Zone Shop<\/h3>\n<p>Redo f\u00f6r den euforiska, tropiska upplevelsen av <strong>Zkittlez Cannabis-sort<\/strong> ? Best\u00e4ll idag fr\u00e5n <a href=\"https:\/\/pressurezone.shop\/sv\/\" target=\"_new\" rel=\"noopener\">Tryckzonsbutik<\/a> f\u00f6r en unik cannabisupplevelse, perfekt f\u00f6r att balansera avkoppling och mental stimulans. Oavsett om du letar efter lindring eller en oemotst\u00e5ndlig fruktig smak, <strong>Zkittlez<\/strong> \u00e4r det perfekta valet f\u00f6r en kvalitetsupplevelse.<\/p>","protected":false},"excerpt":{"rendered":"<p><strong>Medicinsk anv\u00e4ndning:<\/strong>\u00a0ADD\/ADHD | \u00c5ngest | Kronisk sm\u00e4rta | Depression | Huvudv\u00e4rk | S\u00f6mnl\u00f6shet | Migr\u00e4n | Stress<br \/>\n<strong>THC-inneh\u00e5ll:<\/strong>\u00a020% H\u00f6gsta<\/p>","protected":false},"featured_media":3033,"comment_status":"closed","ping_status":"closed","template":"","meta":{"_uag_custom_page_level_css":"","site-sidebar-layout":"default","site-content-layout":"","ast-site-content-layout":"default","site-content-style":"default","site-sidebar-style":"default","ast-global-header-display":"","ast-banner-title-visibility":"","ast-main-header-display":"","ast-hfb-above-header-display":"","ast-hfb-below-header-display":"","ast-hfb-mobile-header-display":"","site-post-title":"","ast-breadcrumbs-content":"","ast-featured-img":"","footer-sml-layout":"","theme-transparent-header-meta":"default","adv-header-id-meta":"","stick-header-meta":"","header-above-stick-meta":"","header-main-stick-meta":"","header-below-stick-meta":"","astra-migrate-meta-layouts":"set","ast-page-background-enabled":"default","ast-page-background-meta":{"desktop":{"background-color":"","background-image":"","background-repeat":"repeat","background-position":"center center","background-size":"auto","background-attachment":"scroll","background-type":"","background-media":"","overlay-type":"","overlay-color":"","overlay-opacity":"","overlay-gradient":""},"tablet":{"background-color":"","background-image":"","background-repeat":"repeat","background-position":"center center","background-size":"auto","background-attachment":"scroll","background-type":"","background-media":"","overlay-type":"","overlay-color":"","overlay-opacity":"","overlay-gradient":""},"mobile":{"background-color":"","background-image":"","background-repeat":"repeat","background-position":"center center","background-size":"auto","background-attachment":"scroll","background-type":"","background-media":"","overlay-type":"","overlay-color":"","overlay-opacity":"","overlay-gradient":""}},"ast-content-background-meta":{"desktop":{"background-color":"var(--ast-global-color-5)","background-image":"","background-repeat":"repeat","background-position":"center center","background-size":"auto","background-attachment":"scroll","background-type":"","background-media":"","overlay-type":"","overlay-color":"","overlay-opacity":"","overlay-gradient":""},"tablet":{"background-color":"var(--ast-global-color-5)","background-image":"","background-repeat":"repeat","background-position":"center center","background-size":"auto","background-attachment":"scroll","background-type":"","background-media":"","overlay-type":"","overlay-color":"","overlay-opacity":"","overlay-gradient":""},"mobile":{"background-color":"var(--ast-global-color-5)","background-image":"","background-repeat":"repeat","background-position":"center center","background-size":"auto","background-attachment":"scroll","background-type":"","background-media":"","overlay-type":"","overlay-color":"","overlay-opacity":"","overlay-gradient":""}}},"product_brand":[],"product_cat":[28,277,278],"product_tag":[279],"class_list":{"0":"post-2999","1":"product","2":"type-product","3":"status-publish","4":"has-post-thumbnail","6":"product_cat-varietes-de-cannabis","7":"product_cat-varietes-de-cannabis-hybrides","8":"product_cat-varietes-de-marijuana-indica","9":"product_tag-order-zkittlez-cannabis-strain-europe","10":"desktop-align-left","11":"tablet-align-left","12":"mobile-align-left","14":"first","15":"instock","16":"shipping-taxable","17":"purchasable","18":"product-type-variable"},"uagb_featured_image_src":{"full":["https:\/\/pressurezone.shop\/wp-content\/uploads\/2024\/10\/Zkittlez-Cannabis-Strain.jpg",961,903,false],"thumbnail":["https:\/\/pressurezone.shop\/wp-content\/uploads\/2024\/10\/Zkittlez-Cannabis-Strain-150x150.jpg",150,150,true],"medium":["https:\/\/pressurezone.shop\/wp-content\/uploads\/2024\/10\/Zkittlez-Cannabis-Strain-300x282.jpg",300,282,true],"medium_large":["https:\/\/pressurezone.shop\/wp-content\/uploads\/2024\/10\/Zkittlez-Cannabis-Strain-768x722.jpg",768,722,true],"large":["https:\/\/pressurezone.shop\/wp-content\/uploads\/2024\/10\/Zkittlez-Cannabis-Strain.jpg",961,903,false],"1536x1536":["https:\/\/pressurezone.shop\/wp-content\/uploads\/2024\/10\/Zkittlez-Cannabis-Strain.jpg",961,903,false],"2048x2048":["https:\/\/pressurezone.shop\/wp-content\/uploads\/2024\/10\/Zkittlez-Cannabis-Strain.jpg",961,903,false],"trp-custom-language-flag":["https:\/\/pressurezone.shop\/wp-content\/uploads\/2024\/10\/Zkittlez-Cannabis-Strain-13x12.jpg",13,12,true],"woocommerce_thumbnail":["https:\/\/pressurezone.shop\/wp-content\/uploads\/2024\/10\/Zkittlez-Cannabis-Strain-300x300.jpg",300,300,true],"woocommerce_single":["https:\/\/pressurezone.shop\/wp-content\/uploads\/2024\/10\/Zkittlez-Cannabis-Strain-600x564.jpg",600,564,true],"woocommerce_gallery_thumbnail":["https:\/\/pressurezone.shop\/wp-content\/uploads\/2024\/10\/Zkittlez-Cannabis-Strain-100x100.jpg",100,100,true]},"uagb_author_info":{"display_name":"pressurezone.shop","author_link":"https:\/\/pressurezone.shop\/sv\/author\/"},"uagb_comment_info":0,"uagb_excerpt":"Medical Usage:\u00a0ADD\/ADHD | Anxiety | Chronic Pain | Depression | Headaches | Insomnia | Migraines | Stress THC Content:\u00a020% Highest","_links":{"self":[{"href":"https:\/\/pressurezone.shop\/sv\/wp-json\/wp\/v2\/product\/2999"}],"collection":[{"href":"https:\/\/pressurezone.shop\/sv\/wp-json\/wp\/v2\/product"}],"about":[{"href":"https:\/\/pressurezone.shop\/sv\/wp-json\/wp\/v2\/types\/product"}],"replies":[{"embeddable":true,"href":"https:\/\/pressurezone.shop\/sv\/wp-json\/wp\/v2\/comments?post=2999"}],"version-history":[{"count":3,"href":"https:\/\/pressurezone.shop\/sv\/wp-json\/wp\/v2\/product\/2999\/revisions"}],"predecessor-version":[{"id":4022,"href":"https:\/\/pressurezone.shop\/sv\/wp-json\/wp\/v2\/product\/2999\/revisions\/4022"}],"wp:featuredmedia":[{"embeddable":true,"href":"https:\/\/pressurezone.shop\/sv\/wp-json\/wp\/v2\/media\/3033"}],"wp:attachment":[{"href":"https:\/\/pressurezone.shop\/sv\/wp-json\/wp\/v2\/media?parent=2999"}],"wp:term":[{"taxonomy":"product_brand","embeddable":true,"href":"https:\/\/pressurezone.shop\/sv\/wp-json\/wp\/v2\/product_brand?post=2999"},{"taxonomy":"product_cat","embeddable":true,"href":"https:\/\/pressurezone.shop\/sv\/wp-json\/wp\/v2\/product_cat?post=2999"},{"taxonomy":"product_tag","embeddable":true,"href":"https:\/\/pressurezone.shop\/sv\/wp-json\/wp\/v2\/product_tag?post=2999"}],"curies":[{"name":"wp","href":"https:\/\/api.w.org\/{rel}","templated":true}]}}