{"id":3000,"date":"2024-10-11T00:48:46","date_gmt":"2024-10-10T22:48:46","guid":{"rendered":"https:\/\/pressurezone.shop\/?post_type=product&#038;p=3000"},"modified":"2024-11-02T21:42:31","modified_gmt":"2024-11-02T20:42:31","slug":"tropic-truffle-weed","status":"publish","type":"product","link":"https:\/\/pressurezone.shop\/sv\/produkt\/tropisk-tryffelgras\/","title":{"rendered":"Tropisk tryffelgr\u00e4s"},"content":{"rendered":"<div class=\"flex-shrink-0 flex flex-col relative items-end\">\n<div>\n<div class=\"pt-0\">\n<div class=\"gizmo-bot-avatar flex h-8 w-8 items-center justify-center overflow-hidden rounded-full\">\n<div class=\"relative p-1 rounded-sm flex items-center justify-center bg-token-main-surface-primary text-token-text-primary h-8 w-8\"><\/div>\n<\/div>\n<\/div>\n<\/div>\n<\/div>\n<div class=\"group\/conversation-turn relative flex w-full min-w-0 flex-col agent-turn\">\n<div class=\"flex-col gap-1 md:gap-3\">\n<div class=\"flex max-w-full flex-col flex-grow\">\n<div class=\"min-h-8 text-message flex w-full flex-col items-end gap-2 whitespace-normal break-words [.text-message+&amp;]:mt-5\" dir=\"auto\" data-message-author-role=\"assistant\" data-message-id=\"decf5806-5b3f-4973-94a7-c02a9406dcce\" data-message-model-slug=\"gpt-4o\">\n<div class=\"flex w-full flex-col gap-1 empty:hidden first:pt-[3px]\">\n<div class=\"markdown prose w-full break-words dark:prose-invert light\">\n<h3><strong>K\u00f6p Tropic Truffle Weed online i Europa p\u00e5 <a href=\"https:\/\/pressurezone.shop\/sv\/\" target=\"_new\" rel=\"noopener\">Tryckzon<\/a><\/strong><\/h3>\n<p>Uppt\u00e4ck <strong>Tropisk tryffelgr\u00e4s<\/strong>\u00e4ven k\u00e4nd som \"Tropic Truffles\" - en <strong>cannabis sort<\/strong> n\u00e5got dominerande i sativa (60% sativa \/ 40% indica). Resultatet av en s\u00e4llsynt korsning mellan <strong>Tropicana kakor<\/strong> och <strong>Mint Chocolate Chip Cookies<\/strong>Denna sort \u00e4r en fest f\u00f6r smakl\u00f6karna och andan. Med smaker av s\u00f6t citrus och jordig tall erbjuder Tropic Truffle en balanserad h\u00f6g, perfekt f\u00f6r dem som letar efter en mild energiboost och ett \u00f6gonblick av kreativ avkoppling.<a href=\"https:\/\/fuelpackz.com\/\" target=\"_blank\" rel=\"noopener\">.<\/a><\/p>\n<h3>Effekter och f\u00f6rdelar med Tropic Truffle Weed<\/h3>\n<p>La <strong>Tropisk tryffelgr\u00e4s<\/strong> k\u00e4nnetecknas av sina energigivande och stimulerande effekter, perfekt f\u00f6r kreativa och sociala aktiviteter:<\/p>\n<ul>\n<li><strong>Energi och kreativitet<\/strong> Perfekt f\u00f6r konstn\u00e4rliga stunder, stimulerar koncentrationen och kreativiteten.<\/li>\n<li><strong>Lycka och v\u00e4lbefinnande<\/strong> : Ger en k\u00e4nsla av v\u00e4lbefinnande och ett tillst\u00e5nd av euforisk gl\u00e4dje.<\/li>\n<li><strong>Mjuk avslappning f\u00f6r kroppen<\/strong> Tropic Truffle: Tropic Truffle \u00e4r avslappnande utan att vara s\u00f6vande och \u00e4r perfekt f\u00f6r att varva ner utan att tynga ner sinnet.<\/li>\n<\/ul>\n<p>Med niv\u00e5er p\u00e5 <strong>THC av 18-20%<\/strong>Tropic Truffle \u00e4r en kraftfull sort som balanserar energi och avkoppling, perfekt f\u00f6r stunder av njutning eller kreativa projekt.<\/p>\n<h3>Terapeutiska f\u00f6rdelar med Tropic Truffle Weed<\/h3>\n<p>Tack vare sina uppfriskande och balanserade effekter v\u00e4ljs Tropic Truffle ofta f\u00f6r att lindra en m\u00e4ngd olika symtom och tillst\u00e5nd:<\/p>\n<ul>\n<li><strong>Minskning av kronisk tr\u00f6tthet<\/strong> \u00c5terupplivar kropp och sj\u00e4l f\u00f6r att motverka tr\u00f6tthet.<\/li>\n<li><strong>Lindring av ADD\/ADHD och stress<\/strong> Lugnar sinnet och f\u00f6rb\u00e4ttrar koncentrationsf\u00f6rm\u00e5gan.<\/li>\n<li><strong>Behandling av migr\u00e4n och depression<\/strong> Effektivt mot huvudv\u00e4rk och f\u00f6rb\u00e4ttrar hum\u00f6ret, ger naturlig lindring.<\/li>\n<\/ul>\n<p>Detta <strong>cannabis sort<\/strong> \u00e4r perfekt f\u00f6r dem som s\u00f6ker terapeutiska f\u00f6rdelar utan den lugnande effekt som \u00e4r typisk f\u00f6r indicas, och erbjuder ett milt men effektivt alternativ f\u00f6r anv\u00e4ndning dagtid.<\/p>\n<h3>Smak och doft av Tropic Truffle<\/h3>\n<p>Tropic Truffle erbjuder en smak- och doftprofil som \u00e4r lika unik som den \u00e4r minnesv\u00e4rd:<\/p>\n<ul>\n<li><strong>Smaker<\/strong> En smak av s\u00f6t citrusfrukt, med subtila toner av tall och en touch av tr\u00e4.<\/li>\n<li><strong>Dofter<\/strong> En jordig doft med inslag av citron och syrligt tr\u00e4 som skapar en rik och livlig sensorisk upplevelse.<\/li>\n<\/ul>\n<p>Dessa <strong>intensiva smaker och aromer<\/strong> g\u00f6r Tropic Truffle till en perfekt sort f\u00f6r alla som \u00e4lskar fr\u00e4scha, exotiska smaker.<\/p>\n<h3>Varf\u00f6r k\u00f6pa Tropic Truffle Weed p\u00e5 <a href=\"https:\/\/pressurezone.shop\/sv\/\" target=\"_new\" rel=\"noopener\">Tryckzon<\/a>?<\/h3>\n<p>Vid <strong>Tryckzon<\/strong>vi v\u00e4ljer <strong>cannabis sorter<\/strong> premium, rigor\u00f6st testad f\u00f6r kraft och renhet. <strong>Tropisk tryffelgr\u00e4s<\/strong> \u00e4r en av v\u00e5ra b\u00e4sta sorter f\u00f6r sina balanserade effekter och unika smakprofil. H\u00e4r \u00e4r varf\u00f6r du ska v\u00e4lja Pressure Zone:<\/p>\n<ul>\n<li><strong>Premium Kvalitet<\/strong> V\u00e5ra produkter \u00e4r noggrant testade f\u00f6r att garantera en h\u00f6gkvalitativ upplevelse.<\/li>\n<li><strong>Stimulerande och avslappnande effekt<\/strong> Idealisk f\u00f6r avkoppling utan tyngd, perfekt f\u00f6r att h\u00e5lla sig aktiv.<\/li>\n<li><strong>Expert p\u00e5 kundservice<\/strong> : Vi finns tillg\u00e4ngliga f\u00f6r att v\u00e4gleda dig mot <strong>cannabis sort<\/strong> f\u00f6r att passa dina behov.<\/li>\n<\/ul>\n<h3>Vanliga fr\u00e5gor och svar<\/h3>\n<h4>Vilka \u00e4r de viktigaste effekterna av Tropic Truffle Weed?<\/h4>\n<p>Tropic Truffle levererar en kreativ, euforisk h\u00f6g, perfekt f\u00f6r socialisering eller kreativa stunder. Dess effekter \u00e4r stimulerande men milda och erbjuder den perfekta balansen mellan energi och avkoppling.<\/p>\n<h4>\u00c4r Tropic Truffle effektiv mot tr\u00f6tthet och stress?<\/h4>\n<p>Ja, det h\u00e4r <strong>cannabis sort<\/strong> \u00e4r s\u00e4rskilt effektivt f\u00f6r att motverka tr\u00f6tthet, lindra stress och f\u00f6rb\u00e4ttra hum\u00f6ret, vilket g\u00f6r det till ett utm\u00e4rkt val f\u00f6r aktiva dagar.<\/p>\n<h4>Vilka smaker och dofter dominerar Tropic Truffle?<\/h4>\n<p>Tropic Truffle erbjuder smaker av citrus och tall, tillsammans med jordiga, tr\u00e4iga aromer och en touch av syrlig citron.<\/p>\n<h3>Best\u00e4ll Tropic Truffle Weed online i Europa p\u00e5 <a href=\"https:\/\/pressurezone.shop\/sv\/\" target=\"_new\" rel=\"noopener\">Tryckzon<\/a><\/h3>\n<p>Redo att uppt\u00e4cka den perfekta balansen mellan energi och avslappning fr\u00e5n <strong>Tropisk tryffelgr\u00e4s<\/strong>? <strong>Best\u00e4ll nu<\/strong> p\u00e5 <a href=\"https:\/\/pressurezone.shop\/sv\/\" target=\"_new\" rel=\"noopener\">Tryckzon<\/a> f\u00f6r en upplevelse av <strong>cannabis sort<\/strong> perfekt f\u00f6r stressavlastning och kreativ inspiration. Dra nytta av v\u00e5r snabba och diskreta leveransservice f\u00f6r en problemfri shoppingupplevelse.<\/p>\n<\/div>\n<\/div>\n<\/div>\n<\/div>\n<\/div>\n<\/div>","protected":false},"excerpt":{"rendered":"<p><strong>Smak:<\/strong>\u00a0Citrus | Fruktig | Tall | Syrlig | S\u00f6t<br \/>\n<strong>Medicinsk anv\u00e4ndning:<\/strong>\u00a0ADD\/ADHD | Depression | Utmattning | Huvudv\u00e4rk | Stress<br \/>\n<strong>THC-inneh\u00e5ll:<\/strong>\u00a028%+<\/p>","protected":false},"featured_media":3035,"comment_status":"closed","ping_status":"closed","template":"","meta":{"_uag_custom_page_level_css":"","site-sidebar-layout":"default","site-content-layout":"","ast-site-content-layout":"default","site-content-style":"default","site-sidebar-style":"default","ast-global-header-display":"","ast-banner-title-visibility":"","ast-main-header-display":"","ast-hfb-above-header-display":"","ast-hfb-below-header-display":"","ast-hfb-mobile-header-display":"","site-post-title":"","ast-breadcrumbs-content":"","ast-featured-img":"","footer-sml-layout":"","theme-transparent-header-meta":"default","adv-header-id-meta":"","stick-header-meta":"","header-above-stick-meta":"","header-main-stick-meta":"","header-below-stick-meta":"","astra-migrate-meta-layouts":"set","ast-page-background-enabled":"default","ast-page-background-meta":{"desktop":{"background-color":"","background-image":"","background-repeat":"repeat","background-position":"center center","background-size":"auto","background-attachment":"scroll","background-type":"","background-media":"","overlay-type":"","overlay-color":"","overlay-opacity":"","overlay-gradient":""},"tablet":{"background-color":"","background-image":"","background-repeat":"repeat","background-position":"center center","background-size":"auto","background-attachment":"scroll","background-type":"","background-media":"","overlay-type":"","overlay-color":"","overlay-opacity":"","overlay-gradient":""},"mobile":{"background-color":"","background-image":"","background-repeat":"repeat","background-position":"center center","background-size":"auto","background-attachment":"scroll","background-type":"","background-media":"","overlay-type":"","overlay-color":"","overlay-opacity":"","overlay-gradient":""}},"ast-content-background-meta":{"desktop":{"background-color":"var(--ast-global-color-5)","background-image":"","background-repeat":"repeat","background-position":"center center","background-size":"auto","background-attachment":"scroll","background-type":"","background-media":"","overlay-type":"","overlay-color":"","overlay-opacity":"","overlay-gradient":""},"tablet":{"background-color":"var(--ast-global-color-5)","background-image":"","background-repeat":"repeat","background-position":"center center","background-size":"auto","background-attachment":"scroll","background-type":"","background-media":"","overlay-type":"","overlay-color":"","overlay-opacity":"","overlay-gradient":""},"mobile":{"background-color":"var(--ast-global-color-5)","background-image":"","background-repeat":"repeat","background-position":"center center","background-size":"auto","background-attachment":"scroll","background-type":"","background-media":"","overlay-type":"","overlay-color":"","overlay-opacity":"","overlay-gradient":""}}},"product_brand":[],"product_cat":[28,277],"product_tag":[280],"class_list":{"0":"post-3000","1":"product","2":"type-product","3":"status-publish","4":"has-post-thumbnail","6":"product_cat-varietes-de-cannabis","7":"product_cat-varietes-de-cannabis-hybrides","8":"product_tag-buy-tropic-truffle-weed-europe","9":"desktop-align-left","10":"tablet-align-left","11":"mobile-align-left","13":"first","14":"instock","15":"shipping-taxable","16":"purchasable","17":"product-type-variable"},"uagb_featured_image_src":{"full":["https:\/\/pressurezone.shop\/wp-content\/uploads\/2024\/10\/Buy-Tropic-Truffle-Weed.jpg",973,978,false],"thumbnail":["https:\/\/pressurezone.shop\/wp-content\/uploads\/2024\/10\/Buy-Tropic-Truffle-Weed-150x150.jpg",150,150,true],"medium":["https:\/\/pressurezone.shop\/wp-content\/uploads\/2024\/10\/Buy-Tropic-Truffle-Weed-298x300.jpg",298,300,true],"medium_large":["https:\/\/pressurezone.shop\/wp-content\/uploads\/2024\/10\/Buy-Tropic-Truffle-Weed-768x772.jpg",768,772,true],"large":["https:\/\/pressurezone.shop\/wp-content\/uploads\/2024\/10\/Buy-Tropic-Truffle-Weed.jpg",973,978,false],"1536x1536":["https:\/\/pressurezone.shop\/wp-content\/uploads\/2024\/10\/Buy-Tropic-Truffle-Weed.jpg",973,978,false],"2048x2048":["https:\/\/pressurezone.shop\/wp-content\/uploads\/2024\/10\/Buy-Tropic-Truffle-Weed.jpg",973,978,false],"trp-custom-language-flag":["https:\/\/pressurezone.shop\/wp-content\/uploads\/2024\/10\/Buy-Tropic-Truffle-Weed-12x12.jpg",12,12,true],"woocommerce_thumbnail":["https:\/\/pressurezone.shop\/wp-content\/uploads\/2024\/10\/Buy-Tropic-Truffle-Weed-300x300.jpg",300,300,true],"woocommerce_single":["https:\/\/pressurezone.shop\/wp-content\/uploads\/2024\/10\/Buy-Tropic-Truffle-Weed-600x603.jpg",600,603,true],"woocommerce_gallery_thumbnail":["https:\/\/pressurezone.shop\/wp-content\/uploads\/2024\/10\/Buy-Tropic-Truffle-Weed-100x100.jpg",100,100,true]},"uagb_author_info":{"display_name":"pressurezone.shop","author_link":"https:\/\/pressurezone.shop\/sv\/author\/"},"uagb_comment_info":0,"uagb_excerpt":"Flavour:\u00a0Citrus | Fruity | Pine | Sour | Sweet Medical Usage:\u00a0ADD\/ADHD | Depression | Fatigue | Headaches | Stress THC Content:\u00a028%+","_links":{"self":[{"href":"https:\/\/pressurezone.shop\/sv\/wp-json\/wp\/v2\/product\/3000"}],"collection":[{"href":"https:\/\/pressurezone.shop\/sv\/wp-json\/wp\/v2\/product"}],"about":[{"href":"https:\/\/pressurezone.shop\/sv\/wp-json\/wp\/v2\/types\/product"}],"replies":[{"embeddable":true,"href":"https:\/\/pressurezone.shop\/sv\/wp-json\/wp\/v2\/comments?post=3000"}],"version-history":[{"count":3,"href":"https:\/\/pressurezone.shop\/sv\/wp-json\/wp\/v2\/product\/3000\/revisions"}],"predecessor-version":[{"id":3722,"href":"https:\/\/pressurezone.shop\/sv\/wp-json\/wp\/v2\/product\/3000\/revisions\/3722"}],"wp:featuredmedia":[{"embeddable":true,"href":"https:\/\/pressurezone.shop\/sv\/wp-json\/wp\/v2\/media\/3035"}],"wp:attachment":[{"href":"https:\/\/pressurezone.shop\/sv\/wp-json\/wp\/v2\/media?parent=3000"}],"wp:term":[{"taxonomy":"product_brand","embeddable":true,"href":"https:\/\/pressurezone.shop\/sv\/wp-json\/wp\/v2\/product_brand?post=3000"},{"taxonomy":"product_cat","embeddable":true,"href":"https:\/\/pressurezone.shop\/sv\/wp-json\/wp\/v2\/product_cat?post=3000"},{"taxonomy":"product_tag","embeddable":true,"href":"https:\/\/pressurezone.shop\/sv\/wp-json\/wp\/v2\/product_tag?post=3000"}],"curies":[{"name":"wp","href":"https:\/\/api.w.org\/{rel}","templated":true}]}}