{"id":3001,"date":"2024-10-11T00:48:46","date_gmt":"2024-10-10T22:48:46","guid":{"rendered":"https:\/\/pressurezone.shop\/?post_type=product&#038;p=3001"},"modified":"2024-11-03T22:23:42","modified_gmt":"2024-11-03T21:23:42","slug":"strawberry-rockstar-weed-strain","status":"publish","type":"product","link":"https:\/\/pressurezone.shop\/sv\/produkt\/jordgubbe-rockstar-ogras-stam\/","title":{"rendered":"Jordgubb Rockstar Weed Strain"},"content":{"rendered":"<div class=\"flex-shrink-0 flex flex-col relative items-end\">\n<div>\n<div class=\"pt-0\">\n<div class=\"gizmo-bot-avatar flex h-8 w-8 items-center justify-center overflow-hidden rounded-full\">\n<div class=\"relative p-1 rounded-sm flex items-center justify-center bg-token-main-surface-primary text-token-text-primary h-8 w-8\"><\/div>\n<\/div>\n<\/div>\n<\/div>\n<\/div>\n<div class=\"group\/conversation-turn relative flex w-full min-w-0 flex-col agent-turn\">\n<div class=\"flex-col gap-1 md:gap-3\">\n<div class=\"flex max-w-full flex-col flex-grow\">\n<div class=\"min-h-8 text-message flex w-full flex-col items-end gap-2 whitespace-normal break-words [.text-message+&amp;]:mt-5\" dir=\"auto\" data-message-author-role=\"assistant\" data-message-id=\"625d937f-c012-496f-844b-db97ba46f6ce\" data-message-model-slug=\"gpt-4o\">\n<div class=\"flex w-full flex-col gap-1 empty:hidden first:pt-[3px]\">\n<div class=\"markdown prose w-full break-words dark:prose-invert light\">\n<h3><strong>K\u00f6p Strawberry Rockstar Weed Strain online i Europa p\u00e5 <a href=\"https:\/\/pressurezone.shop\/sv\/\" target=\"_new\" rel=\"noopener\">Tryckzonsbutik<\/a><\/strong><\/h3>\n<p>Uppt\u00e4ck de <strong>Jordgubb Rockstar Weed Strain<\/strong>en indica-dominerande hybridsort som \u00e4r f\u00f6dd av en kraftfull korsning mellan <strong>Hosta av jordgubbar<\/strong> och <strong>Rockstar<\/strong>. Denna sort \u00e4r perfekt f\u00f6r dem som letar efter en intensiv sensorisk upplevelse, b\u00e5de avkopplande och sp\u00e4nnande, med fruktiga jordgubbssmaker och en dj\u00e4rv touch av skunk.<\/p>\n<h3>Varf\u00f6r v\u00e4lja Rockstar Weed Strain?<\/h3>\n<p><strong>Jordgubb Rockstar Weed Strain<\/strong> slappnar inte bara av dig, det transporterar dig. Denna hybridstam \u00e4r idealisk f\u00f6r dem som letar efter en euforisk h\u00f6jd som l\u00e4ttar andan samtidigt som den lugnar kroppen. Med sin s\u00f6ta jordgubbsarom och dj\u00e4rva skunksmak \u00e4r varje bloss en unik sensorisk upplevelse som sticker ut f\u00f6r sitt djup och sin rikedom.<\/p>\n<ul>\n<li><strong>Typ<\/strong> Indica-dominerande hybrid<\/li>\n<li><strong>Ursprung<\/strong> : En korsning mellan Strawberry Cough och Rockstar<\/li>\n<\/ul>\n<h3>Effekter och f\u00f6rdelar med Strawberry Rockstar Weed Strain<\/h3>\n<p>La <strong>Jordgubb Rockstar Weed Strain<\/strong> erbjuder en kraftfull h\u00f6g som lyfter dig mentalt samtidigt som du omsluter dig i djup kroppslig avkoppling. Denna sort \u00e4r perfekt f\u00f6r att varva ner efter en l\u00e5ng dag och \u00e4r ocks\u00e5 k\u00e4nd f\u00f6r sina terapeutiska effekter, idealisk f\u00f6r behandling av olika hum\u00f6rst\u00f6rningar och kronisk sm\u00e4rta.<a href=\"https:\/\/fuelpackz.com\/\" target=\"_blank\" rel=\"noopener\">.<\/a><\/p>\n<ul>\n<li><strong>Effekter<\/strong> Eufori, avslappning, lycka, mental upplyftning<\/li>\n<li><strong>Perfekt f\u00f6r<\/strong> \u00c5ngest, S\u00f6mnl\u00f6shet, Kronisk sm\u00e4rta, Depression, Hum\u00f6rsv\u00e4ngningar<\/li>\n<\/ul>\n<h3>Tillst\u00e5nd som lindras av Strawberry Rockstar Cannabis Strain<\/h3>\n<p>Med sin kraftfulla kombination av effekter, <strong>Jordgubb Rockstar<\/strong> anv\u00e4nds ofta f\u00f6r att lindra ett antal \u00e5kommor:<\/p>\n<ul>\n<li><strong>Hum\u00f6rsv\u00e4ngningar och depression<\/strong> Balanserar hum\u00f6ret och ger en k\u00e4nsla av v\u00e4lbefinnande.<\/li>\n<li><strong>\u00c5ngest och s\u00f6mnl\u00f6shet<\/strong> Fr\u00e4mjar ett lugnt tillst\u00e5nd som g\u00f6r det l\u00e4ttare att somna.<\/li>\n<li><strong>Kronisk sm\u00e4rta<\/strong> Lindrar sp\u00e4nningar och ih\u00e5llande v\u00e4rk i kroppen.<\/li>\n<\/ul>\n<h3>Smaker och aromer av Strawberry Rockstar Weed Strain<\/h3>\n<p>La <strong>Jordgubb Rockstar Weed Strain<\/strong> gl\u00e4djer sinnena med sina s\u00f6ta jordgubbsnoter och en touch av dj\u00e4rv skunk. Dess doft k\u00e4nnetecknas av en kombination av b\u00e4r och skunk, vilket skapar en doftupplevelse lika rik som dess smak, perfekt f\u00f6r \u00e4lskare av intensiva, fruktiga smaker.<\/p>\n<ul>\n<li><strong>Smaker<\/strong> : Jordgubbe, Skunky, S\u00f6t<\/li>\n<li><strong>Dofter<\/strong> B\u00e4r, skunk, fruktig<\/li>\n<\/ul>\n<h3>Utseende av Strawberry Rockstar Cannabis Flower<\/h3>\n<p>Knopparna p\u00e5 <strong>Jordgubb Rockstar<\/strong> \u00e4r ljusgr\u00f6na med nyanser av lila, prickiga med orange h\u00e5r och t\u00e4ckta med frostade trikomer. Deras t\u00e4ta, hartsartade utseende \u00e5terspeglar den \u00f6verl\u00e4gsna kvaliteten p\u00e5 denna uppskattade sort.<\/p>\n<h3>Best\u00e4ll Strawberry Rockstar Weed Strain online fr\u00e5n Pressure Zone Shop<\/h3>\n<p>Redo att uppt\u00e4cka den fruktiga intensiteten och de kraftfulla effekterna av <strong>Jordgubb Rockstar Weed Strain<\/strong> ? Best\u00e4ll idag fr\u00e5n <a href=\"https:\/\/pressurezone.shop\/sv\/\" target=\"_new\" rel=\"noopener\">Tryckzonsbutik<\/a> f\u00f6r en cannabisupplevelse som kombinerar avslappning och eufori i en unik smakprofil. <strong>Jordgubb Rockstar<\/strong> \u00e4r det perfekta valet f\u00f6r en \u00f6verl\u00e4gsen upplevelse och effektiv lindring av vardagens v\u00e4rk och sm\u00e4rta.<\/p>\n<\/div>\n<\/div>\n<\/div>\n<\/div>\n<\/div>\n<\/div>","protected":false},"excerpt":{"rendered":"<p><strong>Medicinsk anv\u00e4ndning:<\/strong>\u00a0Hum\u00f6rsv\u00e4ngningar | Depression | \u00c5ngest | S\u00f6mnl\u00f6shet | Aptitl\u00f6shet<br \/>\n<strong>THC-inneh\u00e5ll:<\/strong>\u00a023% - 27% H\u00f6gsta<\/p>","protected":false},"featured_media":3037,"comment_status":"closed","ping_status":"closed","template":"","meta":{"_uag_custom_page_level_css":"","site-sidebar-layout":"default","site-content-layout":"","ast-site-content-layout":"default","site-content-style":"default","site-sidebar-style":"default","ast-global-header-display":"","ast-banner-title-visibility":"","ast-main-header-display":"","ast-hfb-above-header-display":"","ast-hfb-below-header-display":"","ast-hfb-mobile-header-display":"","site-post-title":"","ast-breadcrumbs-content":"","ast-featured-img":"","footer-sml-layout":"","theme-transparent-header-meta":"default","adv-header-id-meta":"","stick-header-meta":"","header-above-stick-meta":"","header-main-stick-meta":"","header-below-stick-meta":"","astra-migrate-meta-layouts":"set","ast-page-background-enabled":"default","ast-page-background-meta":{"desktop":{"background-color":"","background-image":"","background-repeat":"repeat","background-position":"center center","background-size":"auto","background-attachment":"scroll","background-type":"","background-media":"","overlay-type":"","overlay-color":"","overlay-opacity":"","overlay-gradient":""},"tablet":{"background-color":"","background-image":"","background-repeat":"repeat","background-position":"center center","background-size":"auto","background-attachment":"scroll","background-type":"","background-media":"","overlay-type":"","overlay-color":"","overlay-opacity":"","overlay-gradient":""},"mobile":{"background-color":"","background-image":"","background-repeat":"repeat","background-position":"center center","background-size":"auto","background-attachment":"scroll","background-type":"","background-media":"","overlay-type":"","overlay-color":"","overlay-opacity":"","overlay-gradient":""}},"ast-content-background-meta":{"desktop":{"background-color":"var(--ast-global-color-5)","background-image":"","background-repeat":"repeat","background-position":"center center","background-size":"auto","background-attachment":"scroll","background-type":"","background-media":"","overlay-type":"","overlay-color":"","overlay-opacity":"","overlay-gradient":""},"tablet":{"background-color":"var(--ast-global-color-5)","background-image":"","background-repeat":"repeat","background-position":"center center","background-size":"auto","background-attachment":"scroll","background-type":"","background-media":"","overlay-type":"","overlay-color":"","overlay-opacity":"","overlay-gradient":""},"mobile":{"background-color":"var(--ast-global-color-5)","background-image":"","background-repeat":"repeat","background-position":"center center","background-size":"auto","background-attachment":"scroll","background-type":"","background-media":"","overlay-type":"","overlay-color":"","overlay-opacity":"","overlay-gradient":""}}},"product_brand":[],"product_cat":[28,277],"product_tag":[281],"class_list":{"0":"post-3001","1":"product","2":"type-product","3":"status-publish","4":"has-post-thumbnail","6":"product_cat-varietes-de-cannabis","7":"product_cat-varietes-de-cannabis-hybrides","8":"product_tag-buy-strawberry-rockstar-weed-strain-spain","9":"desktop-align-left","10":"tablet-align-left","11":"mobile-align-left","13":"first","14":"instock","15":"shipping-taxable","16":"purchasable","17":"product-type-variable"},"uagb_featured_image_src":{"full":["https:\/\/pressurezone.shop\/wp-content\/uploads\/2024\/10\/Strawberry-Rockstar-Weed-Strain.jpg",965,965,false],"thumbnail":["https:\/\/pressurezone.shop\/wp-content\/uploads\/2024\/10\/Strawberry-Rockstar-Weed-Strain-150x150.jpg",150,150,true],"medium":["https:\/\/pressurezone.shop\/wp-content\/uploads\/2024\/10\/Strawberry-Rockstar-Weed-Strain-300x300.jpg",300,300,true],"medium_large":["https:\/\/pressurezone.shop\/wp-content\/uploads\/2024\/10\/Strawberry-Rockstar-Weed-Strain-768x768.jpg",768,768,true],"large":["https:\/\/pressurezone.shop\/wp-content\/uploads\/2024\/10\/Strawberry-Rockstar-Weed-Strain.jpg",965,965,false],"1536x1536":["https:\/\/pressurezone.shop\/wp-content\/uploads\/2024\/10\/Strawberry-Rockstar-Weed-Strain.jpg",965,965,false],"2048x2048":["https:\/\/pressurezone.shop\/wp-content\/uploads\/2024\/10\/Strawberry-Rockstar-Weed-Strain.jpg",965,965,false],"trp-custom-language-flag":["https:\/\/pressurezone.shop\/wp-content\/uploads\/2024\/10\/Strawberry-Rockstar-Weed-Strain-12x12.jpg",12,12,true],"woocommerce_thumbnail":["https:\/\/pressurezone.shop\/wp-content\/uploads\/2024\/10\/Strawberry-Rockstar-Weed-Strain-300x300.jpg",300,300,true],"woocommerce_single":["https:\/\/pressurezone.shop\/wp-content\/uploads\/2024\/10\/Strawberry-Rockstar-Weed-Strain-600x600.jpg",600,600,true],"woocommerce_gallery_thumbnail":["https:\/\/pressurezone.shop\/wp-content\/uploads\/2024\/10\/Strawberry-Rockstar-Weed-Strain-100x100.jpg",100,100,true]},"uagb_author_info":{"display_name":"pressurezone.shop","author_link":"https:\/\/pressurezone.shop\/sv\/author\/"},"uagb_comment_info":0,"uagb_excerpt":"Medical Usage:\u00a0Mood Swings | Depression | Anxiety | Insomnia | Lack of Appetite THC Content:\u00a023% \u2013 27% Highest","_links":{"self":[{"href":"https:\/\/pressurezone.shop\/sv\/wp-json\/wp\/v2\/product\/3001"}],"collection":[{"href":"https:\/\/pressurezone.shop\/sv\/wp-json\/wp\/v2\/product"}],"about":[{"href":"https:\/\/pressurezone.shop\/sv\/wp-json\/wp\/v2\/types\/product"}],"replies":[{"embeddable":true,"href":"https:\/\/pressurezone.shop\/sv\/wp-json\/wp\/v2\/comments?post=3001"}],"version-history":[{"count":3,"href":"https:\/\/pressurezone.shop\/sv\/wp-json\/wp\/v2\/product\/3001\/revisions"}],"predecessor-version":[{"id":4054,"href":"https:\/\/pressurezone.shop\/sv\/wp-json\/wp\/v2\/product\/3001\/revisions\/4054"}],"wp:featuredmedia":[{"embeddable":true,"href":"https:\/\/pressurezone.shop\/sv\/wp-json\/wp\/v2\/media\/3037"}],"wp:attachment":[{"href":"https:\/\/pressurezone.shop\/sv\/wp-json\/wp\/v2\/media?parent=3001"}],"wp:term":[{"taxonomy":"product_brand","embeddable":true,"href":"https:\/\/pressurezone.shop\/sv\/wp-json\/wp\/v2\/product_brand?post=3001"},{"taxonomy":"product_cat","embeddable":true,"href":"https:\/\/pressurezone.shop\/sv\/wp-json\/wp\/v2\/product_cat?post=3001"},{"taxonomy":"product_tag","embeddable":true,"href":"https:\/\/pressurezone.shop\/sv\/wp-json\/wp\/v2\/product_tag?post=3001"}],"curies":[{"name":"wp","href":"https:\/\/api.w.org\/{rel}","templated":true}]}}