{"id":3002,"date":"2024-10-11T00:48:46","date_gmt":"2024-10-10T22:48:46","guid":{"rendered":"https:\/\/pressurezone.shop\/?post_type=product&#038;p=3002"},"modified":"2024-11-03T22:05:40","modified_gmt":"2024-11-03T21:05:40","slug":"runtz-hybrid-marijuana-strain","status":"publish","type":"product","link":"https:\/\/pressurezone.shop\/sv\/produkt\/runtz-hybrid-marijuana-stam\/","title":{"rendered":"Runtz Hybrid Marijuana Strain"},"content":{"rendered":"<div class=\"flex-shrink-0 flex flex-col relative items-end\">\n<div>\n<div class=\"pt-0\">\n<div class=\"gizmo-bot-avatar flex h-8 w-8 items-center justify-center overflow-hidden rounded-full\">\n<div class=\"relative p-1 rounded-sm flex items-center justify-center bg-token-main-surface-primary text-token-text-primary h-8 w-8\"><\/div>\n<\/div>\n<\/div>\n<\/div>\n<\/div>\n<div class=\"group\/conversation-turn relative flex w-full min-w-0 flex-col agent-turn\">\n<div class=\"flex-col gap-1 md:gap-3\">\n<div class=\"flex max-w-full flex-col flex-grow\">\n<div class=\"min-h-8 text-message flex w-full flex-col items-end gap-2 whitespace-normal break-words [.text-message+&amp;]:mt-5\" dir=\"auto\" data-message-author-role=\"assistant\" data-message-id=\"b0f80e70-ff19-4165-92ed-7de0846c43b5\" data-message-model-slug=\"gpt-4o\">\n<div class=\"flex w-full flex-col gap-1 empty:hidden first:pt-[3px]\">\n<div class=\"markdown prose w-full break-words dark:prose-invert light\">\n<h3><strong>K\u00f6p Runtz Hybrid Marijuana Strain Online i Europa p\u00e5 <a href=\"https:\/\/pressurezone.shop\/sv\/\" target=\"_new\" rel=\"noopener\">Tryckzonsbutik<\/a><\/strong><\/h3>\n<p>Uppt\u00e4ck de <strong>Runtz Hybrid Marijuana Strain<\/strong>en perfekt balanserad hybridsort (50% indica \/ 50% sativa) inspirerad av godis, resultatet av en korsning mellan den ber\u00f6mda <strong>Zkittlez<\/strong> och <strong>Gelato<\/strong>. Med smak av tropisk frukt, citrus och en touch av syrliga b\u00e4r, <strong>Runtz<\/strong> \u00e4r en riktig godbit f\u00f6r smakl\u00f6karna, med en l\u00e4tt st\u00f6t av kryddig ananas som utvecklas allteftersom du g\u00e5r vidare.<\/p>\n<h3>Varf\u00f6r v\u00e4lja Runtz Hybrid Marijuana Strain?<\/h3>\n<p><strong>Runtz Hybrid Marijuana Strain<\/strong> erbjuder en kraftfull upplevelse med THC-niv\u00e5er som str\u00e4cker sig fr\u00e5n 19% till 29%. F\u00f6rutom sin gourmet-smakprofil, <strong>Runtz<\/strong> \u00e4r ett popul\u00e4rt val f\u00f6r dem som s\u00f6ker lindring f\u00f6r symtom som s\u00f6mnl\u00f6shet, kronisk sm\u00e4rta och stress. Den ger ett balanserat rus mellan avslappning och eufori, perfekt f\u00f6r cannabis\u00e4lskare som s\u00f6ker b\u00e5de avslappning och mental stimulans.<a href=\"https:\/\/fuelpackz.com\/\" target=\"_blank\" rel=\"noopener\">.<\/a><\/p>\n<ul>\n<li><strong>Typ<\/strong> Balanserad hybrid (50% Indica \/ 50% Sativa)<\/li>\n<li><strong>THC<\/strong> Mellan 19% och 29% f\u00f6r en kraftfull och l\u00e5ngvarig upplevelse<\/li>\n<\/ul>\n<h3>Effekter och f\u00f6rdelar med Runtz Weed Strain<\/h3>\n<p>La <strong>Runtz Weed Strain<\/strong> \u00e4r k\u00e4nt f\u00f6r sin balanserade high, som framkallar en k\u00e4nsla av lycka och lugn samtidigt som den f\u00f6rsiktigt f\u00e5r kroppen att slappna av. Det \u00e4r perfekt f\u00f6r utekv\u00e4llar eller stunder av avkoppling n\u00e4r du vill h\u00e5lla dig mentalt engagerad samtidigt som du lugnar kroppen.<\/p>\n<ul>\n<li><strong>Effekter<\/strong> Eufori, avslappning, lycka, stimulans<\/li>\n<li><strong>Perfekt f\u00f6r<\/strong> S\u00f6mnl\u00f6shet, Kronisk sm\u00e4rta, Aptitl\u00f6shet, Stress, \u00c5ngest<\/li>\n<\/ul>\n<h3>Tillst\u00e5nd som lindras av Runtz Cannabis Strain<\/h3>\n<p>Tack vare sin unika kombination av stimulerande och lugnande effekter, <strong>Runtz<\/strong> v\u00e4ljs ofta f\u00f6r att lindra ett antal tillst\u00e5nd:<\/p>\n<ul>\n<li><strong>S\u00f6mnl\u00f6shet och kronisk sm\u00e4rta<\/strong> Fr\u00e4mjar s\u00f6mn och lindrar v\u00e4rk i kroppen.<\/li>\n<li><strong>Stress och \u00e5ngest<\/strong> Lugnar sinnet och framkallar ett tillst\u00e5nd av v\u00e4lbefinnande.<\/li>\n<li><strong>Aptitl\u00f6shet<\/strong> Stimulerar aptiten med en glad, tr\u00f6stande effekt.<\/li>\n<\/ul>\n<h3>Smaker och aromer av Runtz Marijuana Strain<\/h3>\n<p>La <strong>Runtz marijuana stam<\/strong> erbjuder en veritabel explosion av fruktiga smaker med toner av <strong>citrus<\/strong>av <strong>syrliga b\u00e4r<\/strong>och en touch av kryddig ananas. Aromen blir l\u00e4tt kryddig n\u00e4r den bryter knopp och sl\u00e4pper ut en blandning av tropisk frukt och citrus som kommer att gl\u00e4dja \u00e4lskare av gourmetsmaker.<\/p>\n<ul>\n<li><strong>Smaker<\/strong> : Citrus, B\u00e4r, Tropisk, Ananas, Kryddig<\/li>\n<li><strong>Dofter<\/strong> Fruktig, Kryddig, Citrus, S\u00f6ta b\u00e4r<\/li>\n<\/ul>\n<h3>Utseende av Runtz Cannabis Flower<\/h3>\n<p>Knopparna p\u00e5 <strong>Runtz<\/strong> \u00e4r kompakta och druvformade, djupt olivgr\u00f6na med m\u00f6rkt lila nyanser. De \u00e4r prickade med fina orange h\u00e5r och t\u00e4ckta med ett frostigt lager av kristallina trikomer, vilket skapar ett attraktivt, hartsartat utseende.<\/p>\n<h3>Best\u00e4ll Runtz Hybrid Marijuana Strain online p\u00e5 Pressure Zone Shop<\/h3>\n<p>Redo att uppt\u00e4cka de rika smakerna och den balanserade effekten av <strong>Runtz Hybrid Marijuana Strain<\/strong> ? Best\u00e4ll nu p\u00e5 <a href=\"https:\/\/pressurezone.shop\/sv\/\" target=\"_new\" rel=\"noopener\">Tryckzonsbutik<\/a> och njut av en unik cannabisupplevelse, perfekt f\u00f6r att lugna sinnet och vitalisera kroppen. Oavsett om du gillar s\u00f6ta smaker eller letar efter en balanserad high, <strong>Runtz<\/strong> \u00e4r det perfekta valet f\u00f6r en \u00f6verl\u00e4gsen upplevelse.<\/p>\n<\/div>\n<\/div>\n<\/div>\n<\/div>\n<\/div>\n<\/div>","protected":false},"excerpt":{"rendered":"<p><strong>Smak:<\/strong>\u00a0Fruktig | Ananas | Kryddig | S\u00f6t | Tropisk<br \/>\n<strong>Medicinsk anv\u00e4ndning:<\/strong>\u00a0\u00c5ngest | Kronisk sm\u00e4rta | S\u00f6mnl\u00f6shet | Illam\u00e5ende | Stress<br \/>\n<strong>THC-inneh\u00e5ll:<\/strong>\u00a020% H\u00f6gsta<\/p>","protected":false},"featured_media":3039,"comment_status":"closed","ping_status":"closed","template":"","meta":{"_uag_custom_page_level_css":"","site-sidebar-layout":"default","site-content-layout":"","ast-site-content-layout":"default","site-content-style":"default","site-sidebar-style":"default","ast-global-header-display":"","ast-banner-title-visibility":"","ast-main-header-display":"","ast-hfb-above-header-display":"","ast-hfb-below-header-display":"","ast-hfb-mobile-header-display":"","site-post-title":"","ast-breadcrumbs-content":"","ast-featured-img":"","footer-sml-layout":"","theme-transparent-header-meta":"default","adv-header-id-meta":"","stick-header-meta":"","header-above-stick-meta":"","header-main-stick-meta":"","header-below-stick-meta":"","astra-migrate-meta-layouts":"set","ast-page-background-enabled":"default","ast-page-background-meta":{"desktop":{"background-color":"","background-image":"","background-repeat":"repeat","background-position":"center center","background-size":"auto","background-attachment":"scroll","background-type":"","background-media":"","overlay-type":"","overlay-color":"","overlay-opacity":"","overlay-gradient":""},"tablet":{"background-color":"","background-image":"","background-repeat":"repeat","background-position":"center center","background-size":"auto","background-attachment":"scroll","background-type":"","background-media":"","overlay-type":"","overlay-color":"","overlay-opacity":"","overlay-gradient":""},"mobile":{"background-color":"","background-image":"","background-repeat":"repeat","background-position":"center center","background-size":"auto","background-attachment":"scroll","background-type":"","background-media":"","overlay-type":"","overlay-color":"","overlay-opacity":"","overlay-gradient":""}},"ast-content-background-meta":{"desktop":{"background-color":"var(--ast-global-color-5)","background-image":"","background-repeat":"repeat","background-position":"center center","background-size":"auto","background-attachment":"scroll","background-type":"","background-media":"","overlay-type":"","overlay-color":"","overlay-opacity":"","overlay-gradient":""},"tablet":{"background-color":"var(--ast-global-color-5)","background-image":"","background-repeat":"repeat","background-position":"center center","background-size":"auto","background-attachment":"scroll","background-type":"","background-media":"","overlay-type":"","overlay-color":"","overlay-opacity":"","overlay-gradient":""},"mobile":{"background-color":"var(--ast-global-color-5)","background-image":"","background-repeat":"repeat","background-position":"center center","background-size":"auto","background-attachment":"scroll","background-type":"","background-media":"","overlay-type":"","overlay-color":"","overlay-opacity":"","overlay-gradient":""}}},"product_brand":[],"product_cat":[28,277],"product_tag":[282],"class_list":{"0":"post-3002","1":"product","2":"type-product","3":"status-publish","4":"has-post-thumbnail","6":"product_cat-varietes-de-cannabis","7":"product_cat-varietes-de-cannabis-hybrides","8":"product_tag-runtz-hybrid-marijuana-strain-for-sale-europe","9":"desktop-align-left","10":"tablet-align-left","11":"mobile-align-left","13":"first","14":"instock","15":"shipping-taxable","16":"purchasable","17":"product-type-variable"},"uagb_featured_image_src":{"full":["https:\/\/pressurezone.shop\/wp-content\/uploads\/2024\/10\/Runtz-Hybrid-Marijuana-Strain.jpg",948,958,false],"thumbnail":["https:\/\/pressurezone.shop\/wp-content\/uploads\/2024\/10\/Runtz-Hybrid-Marijuana-Strain-150x150.jpg",150,150,true],"medium":["https:\/\/pressurezone.shop\/wp-content\/uploads\/2024\/10\/Runtz-Hybrid-Marijuana-Strain-297x300.jpg",297,300,true],"medium_large":["https:\/\/pressurezone.shop\/wp-content\/uploads\/2024\/10\/Runtz-Hybrid-Marijuana-Strain-768x776.jpg",768,776,true],"large":["https:\/\/pressurezone.shop\/wp-content\/uploads\/2024\/10\/Runtz-Hybrid-Marijuana-Strain.jpg",948,958,false],"1536x1536":["https:\/\/pressurezone.shop\/wp-content\/uploads\/2024\/10\/Runtz-Hybrid-Marijuana-Strain.jpg",948,958,false],"2048x2048":["https:\/\/pressurezone.shop\/wp-content\/uploads\/2024\/10\/Runtz-Hybrid-Marijuana-Strain.jpg",948,958,false],"trp-custom-language-flag":["https:\/\/pressurezone.shop\/wp-content\/uploads\/2024\/10\/Runtz-Hybrid-Marijuana-Strain-12x12.jpg",12,12,true],"woocommerce_thumbnail":["https:\/\/pressurezone.shop\/wp-content\/uploads\/2024\/10\/Runtz-Hybrid-Marijuana-Strain-300x300.jpg",300,300,true],"woocommerce_single":["https:\/\/pressurezone.shop\/wp-content\/uploads\/2024\/10\/Runtz-Hybrid-Marijuana-Strain-600x606.jpg",600,606,true],"woocommerce_gallery_thumbnail":["https:\/\/pressurezone.shop\/wp-content\/uploads\/2024\/10\/Runtz-Hybrid-Marijuana-Strain-100x100.jpg",100,100,true]},"uagb_author_info":{"display_name":"pressurezone.shop","author_link":"https:\/\/pressurezone.shop\/sv\/author\/"},"uagb_comment_info":0,"uagb_excerpt":"Flavour:\u00a0Fruity | Pineapple | Spicy | Sweet | Tropical Medical Usage:\u00a0Anxiety | Chronic Pain | Insomnia | Nausea | Stress THC Content:\u00a020% Highest","_links":{"self":[{"href":"https:\/\/pressurezone.shop\/sv\/wp-json\/wp\/v2\/product\/3002"}],"collection":[{"href":"https:\/\/pressurezone.shop\/sv\/wp-json\/wp\/v2\/product"}],"about":[{"href":"https:\/\/pressurezone.shop\/sv\/wp-json\/wp\/v2\/types\/product"}],"replies":[{"embeddable":true,"href":"https:\/\/pressurezone.shop\/sv\/wp-json\/wp\/v2\/comments?post=3002"}],"version-history":[{"count":2,"href":"https:\/\/pressurezone.shop\/sv\/wp-json\/wp\/v2\/product\/3002\/revisions"}],"predecessor-version":[{"id":4014,"href":"https:\/\/pressurezone.shop\/sv\/wp-json\/wp\/v2\/product\/3002\/revisions\/4014"}],"wp:featuredmedia":[{"embeddable":true,"href":"https:\/\/pressurezone.shop\/sv\/wp-json\/wp\/v2\/media\/3039"}],"wp:attachment":[{"href":"https:\/\/pressurezone.shop\/sv\/wp-json\/wp\/v2\/media?parent=3002"}],"wp:term":[{"taxonomy":"product_brand","embeddable":true,"href":"https:\/\/pressurezone.shop\/sv\/wp-json\/wp\/v2\/product_brand?post=3002"},{"taxonomy":"product_cat","embeddable":true,"href":"https:\/\/pressurezone.shop\/sv\/wp-json\/wp\/v2\/product_cat?post=3002"},{"taxonomy":"product_tag","embeddable":true,"href":"https:\/\/pressurezone.shop\/sv\/wp-json\/wp\/v2\/product_tag?post=3002"}],"curies":[{"name":"wp","href":"https:\/\/api.w.org\/{rel}","templated":true}]}}