{"id":3003,"date":"2024-10-11T00:48:46","date_gmt":"2024-10-10T22:48:46","guid":{"rendered":"https:\/\/pressurezone.shop\/?post_type=product&#038;p=3003"},"modified":"2024-11-03T21:56:35","modified_gmt":"2024-11-03T20:56:35","slug":"purple-candy-weed-strain","status":"publish","type":"product","link":"https:\/\/pressurezone.shop\/sv\/produkt\/lila-godis-ogras-stam\/","title":{"rendered":"Purple Candy Weed Strain"},"content":{"rendered":"<div class=\"flex-shrink-0 flex flex-col relative items-end\">\n<div>\n<div class=\"pt-0\">\n<div class=\"gizmo-bot-avatar flex h-8 w-8 items-center justify-center overflow-hidden rounded-full\">\n<div class=\"relative p-1 rounded-sm flex items-center justify-center bg-token-main-surface-primary text-token-text-primary h-8 w-8\"><\/div>\n<\/div>\n<\/div>\n<\/div>\n<\/div>\n<div class=\"group\/conversation-turn relative flex w-full min-w-0 flex-col agent-turn\">\n<div class=\"flex-col gap-1 md:gap-3\">\n<div class=\"flex max-w-full flex-col flex-grow\">\n<div class=\"min-h-8 text-message flex w-full flex-col items-end gap-2 whitespace-normal break-words [.text-message+&amp;]:mt-5\" dir=\"auto\" data-message-author-role=\"assistant\" data-message-id=\"556baeaa-17c5-4e67-8546-8f4ac85152c6\" data-message-model-slug=\"gpt-4o\">\n<div class=\"flex w-full flex-col gap-1 empty:hidden first:pt-[3px]\">\n<div class=\"markdown prose w-full break-words dark:prose-invert light\">\n<h3><strong>K\u00f6p Purple Candy Weed Strain online i Europa p\u00e5 <a href=\"https:\/\/pressurezone.shop\/sv\/\" target=\"_new\" rel=\"noopener\">Tryckzonsbutik<\/a><\/strong><\/h3>\n<p>Uppt\u00e4ck de <strong>Purple Candy Weed Strain<\/strong>en \u00f6verv\u00e4gande indica-hybrid som \u00e4r k\u00e4nd f\u00f6r sina djupt avslappnande effekter och s\u00f6ta smakprofil. Med THC-niv\u00e5er p\u00e5 upp till 19% \u00e4r denna sort perfekt f\u00f6r dem som letar efter intensiv kroppsavslappning och en lyckorus.<a href=\"https:\/\/fuelpackz.com\/\" target=\"_blank\" rel=\"noopener\">.<\/a><\/p>\n<h3>Varf\u00f6r v\u00e4lja Purple Candy Weed Strain?<\/h3>\n<p><strong>Purple Candy Weed Strain<\/strong> \u00e4r en idealisk sort f\u00f6r nattlig avkoppling och erbjuder en kroppsh\u00f6jd som lugnar och lugnar. Med sina euforiska effekter och sofflockpotential, <strong>Lila godis<\/strong> \u00e4r perfekt f\u00f6r att lindra stress och fr\u00e4mja s\u00f6mn. Det \u00e4r ocks\u00e5 effektivt f\u00f6r att lindra en m\u00e4ngd olika sjukdomar, vilket g\u00f6r det till ett utm\u00e4rkt val f\u00f6r anv\u00e4ndare av medicinsk cannabis.<\/p>\n<ul>\n<li><strong>Typ<\/strong> Indica-dominerande<\/li>\n<li><strong>THC<\/strong> Upp till 19% f\u00f6r en kraftfull och lugnande upplevelse<\/li>\n<\/ul>\n<h3>Effekter och f\u00f6rdelar med Purple Candy Weed Strain<\/h3>\n<p>La <strong>Purple Candy Weed Strain<\/strong> \u00e4r k\u00e4nt f\u00f6r sina kroppsliga effekter som framkallar ett tillst\u00e5nd av lugn och lycka. Det \u00e4r perfekt f\u00f6r dem som vill koppla av intensivt medan de upplever ett f\u00f6rh\u00f6jt hum\u00f6r, ofta \u00e5tf\u00f6ljt av ett starkt sug efter snacks.<\/p>\n<ul>\n<li><strong>Effekter<\/strong> Avslappning, eufori, lycka, s\u00f6mnighet, aptit<\/li>\n<li><strong>Perfekt f\u00f6r<\/strong> \u00c5ngest, Depression, Tr\u00f6tthet, Migr\u00e4n, Huvudv\u00e4rk, S\u00f6mnl\u00f6shet<\/li>\n<\/ul>\n<h3>Tillst\u00e5nd som lindras av Purple Candy Cannabis Strain<\/h3>\n<p>Tack vare dess kraftfulla indica-effekter <strong>Lila godis<\/strong> \u00e4r idealisk f\u00f6r att lindra ett antal fysiska och psykiska st\u00f6rningar:<\/p>\n<ul>\n<li><strong>\u00c5ngest och depression<\/strong> Lugnar sinnet och h\u00f6jer st\u00e4mningen, perfekt f\u00f6r lugna kv\u00e4llar.<\/li>\n<li><strong>S\u00f6mnl\u00f6shet och tr\u00f6tthet<\/strong> Hj\u00e4lper dig att somna och f\u00e5 en god natts s\u00f6mn.<\/li>\n<li><strong>Sm\u00e4rta och migr\u00e4n<\/strong> Ger l\u00e5ngvarig lindring av v\u00e4rk och sm\u00e4rta i kroppen.<\/li>\n<\/ul>\n<h3>Smaker och aromer av Purple Candy Weed Strain<\/h3>\n<p>La <strong>Purple Candy Weed Strain<\/strong> \u00e4r uppskattad f\u00f6r sin s\u00f6ta smakprofil av druvor och honung. Dess blommiga doft, med inslag av ros, skapar en mjuk och behaglig sensorisk upplevelse, perfekt f\u00f6r avkoppling i slutet av dagen.<\/p>\n<ul>\n<li><strong>Smaker<\/strong> : Druva, s\u00f6t, honung<\/li>\n<li><strong>Dofter<\/strong> : Druva, blommig, honung, ros<\/li>\n<\/ul>\n<h3>Utseende av Purple Candy Cannabis Flower<\/h3>\n<p>Knopparna p\u00e5 <strong>Lila godis<\/strong> k\u00e4nnetecknas av sina violetta, b\u00e4rnstensf\u00e4rgade och gr\u00f6na nyanser, t\u00e4ckta med gnistrande trikomer. Deras livfulla, hartsartade utseende \u00e5terspeglar kvaliteten och kraften i denna sort.<\/p>\n<h3>Best\u00e4ll Purple Candy Weed Strain online fr\u00e5n Pressure Zone Shop<\/h3>\n<p>Redo att uppt\u00e4cka de lugnande, s\u00f6ta effekterna av <strong>Purple Candy Weed Strain<\/strong> ? Best\u00e4ll idag fr\u00e5n <a href=\"https:\/\/pressurezone.shop\/sv\/\" target=\"_new\" rel=\"noopener\">Tryckzonsbutik<\/a> f\u00f6r en kraftfull och fullst\u00e4ndig avslappningsupplevelse. Oavsett om du vill lindra stress eller bara njuta av en avkopplande kv\u00e4ll, <strong>Lila godis<\/strong> \u00e4r det perfekta valet f\u00f6r en cannabisupplevelse av h\u00f6gsta klass.<\/p>\n<\/div>\n<\/div>\n<\/div>\n<\/div>\n<\/div>\n<\/div>","protected":false},"excerpt":{"rendered":"<p><strong>Smak:<\/strong>\u00a0B\u00e4r | Fruktig | \u00d6rtlig | S\u00f6t<br \/>\n<strong>Medicinsk anv\u00e4ndning:<\/strong>\u00a0\u00c5ngest | Kronisk sm\u00e4rta | Depression | Huvudv\u00e4rk | Stress<br \/>\n<strong>THC-inneh\u00e5ll:<\/strong>\u00a020% H\u00f6gsta<\/p>","protected":false},"featured_media":3049,"comment_status":"closed","ping_status":"closed","template":"","meta":{"_uag_custom_page_level_css":"","site-sidebar-layout":"default","site-content-layout":"","ast-site-content-layout":"default","site-content-style":"default","site-sidebar-style":"default","ast-global-header-display":"","ast-banner-title-visibility":"","ast-main-header-display":"","ast-hfb-above-header-display":"","ast-hfb-below-header-display":"","ast-hfb-mobile-header-display":"","site-post-title":"","ast-breadcrumbs-content":"","ast-featured-img":"","footer-sml-layout":"","theme-transparent-header-meta":"default","adv-header-id-meta":"","stick-header-meta":"","header-above-stick-meta":"","header-main-stick-meta":"","header-below-stick-meta":"","astra-migrate-meta-layouts":"set","ast-page-background-enabled":"default","ast-page-background-meta":{"desktop":{"background-color":"","background-image":"","background-repeat":"repeat","background-position":"center center","background-size":"auto","background-attachment":"scroll","background-type":"","background-media":"","overlay-type":"","overlay-color":"","overlay-opacity":"","overlay-gradient":""},"tablet":{"background-color":"","background-image":"","background-repeat":"repeat","background-position":"center center","background-size":"auto","background-attachment":"scroll","background-type":"","background-media":"","overlay-type":"","overlay-color":"","overlay-opacity":"","overlay-gradient":""},"mobile":{"background-color":"","background-image":"","background-repeat":"repeat","background-position":"center center","background-size":"auto","background-attachment":"scroll","background-type":"","background-media":"","overlay-type":"","overlay-color":"","overlay-opacity":"","overlay-gradient":""}},"ast-content-background-meta":{"desktop":{"background-color":"var(--ast-global-color-5)","background-image":"","background-repeat":"repeat","background-position":"center center","background-size":"auto","background-attachment":"scroll","background-type":"","background-media":"","overlay-type":"","overlay-color":"","overlay-opacity":"","overlay-gradient":""},"tablet":{"background-color":"var(--ast-global-color-5)","background-image":"","background-repeat":"repeat","background-position":"center center","background-size":"auto","background-attachment":"scroll","background-type":"","background-media":"","overlay-type":"","overlay-color":"","overlay-opacity":"","overlay-gradient":""},"mobile":{"background-color":"var(--ast-global-color-5)","background-image":"","background-repeat":"repeat","background-position":"center center","background-size":"auto","background-attachment":"scroll","background-type":"","background-media":"","overlay-type":"","overlay-color":"","overlay-opacity":"","overlay-gradient":""}}},"product_brand":[],"product_cat":[28,277],"product_tag":[283],"class_list":{"0":"post-3003","1":"product","2":"type-product","3":"status-publish","4":"has-post-thumbnail","6":"product_cat-varietes-de-cannabis","7":"product_cat-varietes-de-cannabis-hybrides","8":"product_tag-purple-candy-weed-strain-for-sale","9":"desktop-align-left","10":"tablet-align-left","11":"mobile-align-left","13":"first","14":"instock","15":"shipping-taxable","16":"purchasable","17":"product-type-variable"},"uagb_featured_image_src":{"full":["https:\/\/pressurezone.shop\/wp-content\/uploads\/2024\/10\/Purple-Candy-Weed-Strain.jpg",955,960,false],"thumbnail":["https:\/\/pressurezone.shop\/wp-content\/uploads\/2024\/10\/Purple-Candy-Weed-Strain-150x150.jpg",150,150,true],"medium":["https:\/\/pressurezone.shop\/wp-content\/uploads\/2024\/10\/Purple-Candy-Weed-Strain-298x300.jpg",298,300,true],"medium_large":["https:\/\/pressurezone.shop\/wp-content\/uploads\/2024\/10\/Purple-Candy-Weed-Strain-768x772.jpg",768,772,true],"large":["https:\/\/pressurezone.shop\/wp-content\/uploads\/2024\/10\/Purple-Candy-Weed-Strain.jpg",955,960,false],"1536x1536":["https:\/\/pressurezone.shop\/wp-content\/uploads\/2024\/10\/Purple-Candy-Weed-Strain.jpg",955,960,false],"2048x2048":["https:\/\/pressurezone.shop\/wp-content\/uploads\/2024\/10\/Purple-Candy-Weed-Strain.jpg",955,960,false],"trp-custom-language-flag":["https:\/\/pressurezone.shop\/wp-content\/uploads\/2024\/10\/Purple-Candy-Weed-Strain-12x12.jpg",12,12,true],"woocommerce_thumbnail":["https:\/\/pressurezone.shop\/wp-content\/uploads\/2024\/10\/Purple-Candy-Weed-Strain-300x300.jpg",300,300,true],"woocommerce_single":["https:\/\/pressurezone.shop\/wp-content\/uploads\/2024\/10\/Purple-Candy-Weed-Strain-600x603.jpg",600,603,true],"woocommerce_gallery_thumbnail":["https:\/\/pressurezone.shop\/wp-content\/uploads\/2024\/10\/Purple-Candy-Weed-Strain-100x100.jpg",100,100,true]},"uagb_author_info":{"display_name":"pressurezone.shop","author_link":"https:\/\/pressurezone.shop\/sv\/author\/"},"uagb_comment_info":0,"uagb_excerpt":"Flavour:\u00a0Berry | Fruity | Herbal | Sweet Medical Usage:\u00a0Anxiety | Chronic Pain | Depression | Headaches | Stress THC Content:\u00a020% Highest","_links":{"self":[{"href":"https:\/\/pressurezone.shop\/sv\/wp-json\/wp\/v2\/product\/3003"}],"collection":[{"href":"https:\/\/pressurezone.shop\/sv\/wp-json\/wp\/v2\/product"}],"about":[{"href":"https:\/\/pressurezone.shop\/sv\/wp-json\/wp\/v2\/types\/product"}],"replies":[{"embeddable":true,"href":"https:\/\/pressurezone.shop\/sv\/wp-json\/wp\/v2\/comments?post=3003"}],"version-history":[{"count":3,"href":"https:\/\/pressurezone.shop\/sv\/wp-json\/wp\/v2\/product\/3003\/revisions"}],"predecessor-version":[{"id":3999,"href":"https:\/\/pressurezone.shop\/sv\/wp-json\/wp\/v2\/product\/3003\/revisions\/3999"}],"wp:featuredmedia":[{"embeddable":true,"href":"https:\/\/pressurezone.shop\/sv\/wp-json\/wp\/v2\/media\/3049"}],"wp:attachment":[{"href":"https:\/\/pressurezone.shop\/sv\/wp-json\/wp\/v2\/media?parent=3003"}],"wp:term":[{"taxonomy":"product_brand","embeddable":true,"href":"https:\/\/pressurezone.shop\/sv\/wp-json\/wp\/v2\/product_brand?post=3003"},{"taxonomy":"product_cat","embeddable":true,"href":"https:\/\/pressurezone.shop\/sv\/wp-json\/wp\/v2\/product_cat?post=3003"},{"taxonomy":"product_tag","embeddable":true,"href":"https:\/\/pressurezone.shop\/sv\/wp-json\/wp\/v2\/product_tag?post=3003"}],"curies":[{"name":"wp","href":"https:\/\/api.w.org\/{rel}","templated":true}]}}