{"id":3004,"date":"2024-10-11T00:48:46","date_gmt":"2024-10-10T22:48:46","guid":{"rendered":"https:\/\/pressurezone.shop\/?post_type=product&#038;p=3004"},"modified":"2024-11-03T21:08:43","modified_gmt":"2024-11-03T20:08:43","slug":"kush-sorbet-cannabis-flower-eu","status":"publish","type":"product","link":"https:\/\/pressurezone.shop\/sv\/produkt\/kush-sorbet-cannabisblomma-eu\/","title":{"rendered":"Kush Sorbet Cannabisblomma EU"},"content":{"rendered":"<h3><strong>K\u00f6p Kush Sorbet Cannabisblomma EU online i Europa p\u00e5 <a href=\"https:\/\/pressurezone.shop\/sv\/\" target=\"_new\" rel=\"noopener\">Tryckzonsbutik<\/a><\/strong><\/h3>\n<p>Uppt\u00e4ck de <strong>Kush Sorbet Cannabisblomma EU<\/strong>en n\u00e5got indica-dominerande hybridsort (60% indica \/ 40% sativa) som h\u00e4rr\u00f6r fr\u00e5n en korsning mellan <strong>Solnedg\u00e5ngssherbet<\/strong> och <strong>Triangel Kush<\/strong>. Denna sort \u00e4r uppskattad f\u00f6r sin s\u00f6ta, fruktiga smak och erbjuder en balanserad upplevelse som \u00e4r idealisk f\u00f6r att koppla av och samtidigt h\u00e5lla motivationen uppe.<a href=\"https:\/\/fuelpackz.com\/\" target=\"_blank\" rel=\"noopener\">.<\/a><\/p>\n<h3>Varf\u00f6r v\u00e4lja Kush Sorbet Cannabis Flower EU?<\/h3>\n<p><strong>Kush Sorbet Cannabisblomma EU<\/strong> \u00e4r den perfekta sorten f\u00f6r dem som s\u00f6ker en stimulerande mental h\u00f6g och m\u00e5ttlig fysisk avkoppling. Dess effekter b\u00f6rjar med en euforisk, motiverande h\u00f6g, vilket g\u00f6r det enkelt att hantera mentala uppgifter samtidigt som det ger sinnesfrid. Dess h\u00f6ga THC-inneh\u00e5ll (22-24%) g\u00f6r det ocks\u00e5 effektivt vid behandling av en m\u00e4ngd olika tillst\u00e5nd.<\/p>\n<ul>\n<li><strong>Typ<\/strong> N\u00e5got Indica-dominerande hybrid (60% Indica \/ 40% Sativa)<\/li>\n<li><strong>THC<\/strong> Mellan 22% och 24% f\u00f6r kraftfulla, l\u00e5ngvariga effekter<\/li>\n<\/ul>\n<h3>Effekter och f\u00f6rdelar med Kush Sorbet Weed Strain<\/h3>\n<p>La <strong>Kush Sorbet Weed Strain<\/strong> \u00e4r k\u00e4nt f\u00f6r sina balanserade effekter, som fr\u00e4mjar b\u00e5de motivation och avkoppling. Det \u00e4r perfekt f\u00f6r dem som vill hantera fysisk sm\u00e4rta samtidigt som de f\u00f6rblir mentalt aktiva och produktiva.<\/p>\n<ul>\n<li><strong>Effekter<\/strong> : Motivation, Eufori, Avslappning, V\u00e4lbefinnande<\/li>\n<li><strong>Rekommenderas f\u00f6r<\/strong> Kronisk sm\u00e4rta, Kramper, Muskelspasmer, Stress, Depression<\/li>\n<\/ul>\n<h3>Tillst\u00e5nd som lindras av Kush Sorbet Cannabis Strain<\/h3>\n<p>Tack vare sina m\u00e5ttliga men best\u00e5ende effekter har <strong>Kush Sorbet<\/strong> \u00e4r idealisk f\u00f6r behandling av en rad olika symtom:<\/p>\n<ul>\n<li><strong>Kronisk sm\u00e4rta och muskelspasmer<\/strong> Lindrar muskelsp\u00e4nningar och sm\u00e4rta utan att k\u00e4nnas tyngande.<\/li>\n<li><strong>Stress och depression<\/strong> F\u00f6rb\u00e4ttrar hum\u00f6ret och lugnar negativa tankar, perfekt f\u00f6r mental avslappning.<\/li>\n<li><strong>Kramper och sp\u00e4nningar<\/strong> Fr\u00e4mjar m\u00e5ttlig fysisk avslappning som hj\u00e4lper till att lugna kroppen.<\/li>\n<\/ul>\n<h3>Smaker och aromer av Kush Sorbet Cannabisblomma<\/h3>\n<p>La <strong>Kush Sorbet<\/strong> f\u00f6rf\u00f6r med sin komplexa aromatiska profil. Den erbjuder smaker av <strong>s\u00f6ta citroner<\/strong> och <strong>sura frukter<\/strong> med subtila toner av f\u00e4rsk mynta och jord. Dess doft \u00e4r en balanserad blandning av <strong>syrlig citrus<\/strong>Kombinationen av druvans aromatiska noter, kryddig jord och f\u00e4rsk frukt skapar en delikat och raffinerad sensorisk upplevelse.<\/p>\n<ul>\n<li><strong>Smaker<\/strong> Citrus, fruktig, mint, jordig<\/li>\n<li><strong>Dofter<\/strong> Citrus, kryddig, jordig, f\u00e4rska frukter<\/li>\n<\/ul>\n<h3>Utseende av Kush Sorbet Cannabisblomma<\/h3>\n<p>Knopparna p\u00e5 <strong>Kush Sorbet<\/strong> \u00e4r olivgr\u00f6na med djupa lila h\u00f6jdpunkter och tjocka orange h\u00e5r, f\u00f6rst\u00e4rkta av kristallina trichomer med lila-vita nyanser. Denna attraktiva, eleganta struktur g\u00f6r Kush Sorbet lika vacker som den \u00e4r kraftfull.<\/p>\n<h3>Best\u00e4ll Kush Sorbet Cannabis Flower EU online fr\u00e5n Pressure Zone Shop<\/h3>\n<p>Redo att uppt\u00e4cka den perfekta balansen mellan <strong>Kush Sorbet Cannabisblomma EU<\/strong> ? Best\u00e4ll nu p\u00e5 <a href=\"https:\/\/pressurezone.shop\/sv\/\" target=\"_new\" rel=\"noopener\">Tryckzonsbutik<\/a> f\u00f6r att njuta av denna hybridsort som erbjuder b\u00e5de fysisk avkoppling och en mental boost. Oavsett om du vill lindra stress eller hantera kronisk sm\u00e4rta, <strong>Kush Sorbet<\/strong> \u00e4r det perfekta valet f\u00f6r en cannabisupplevelse av h\u00f6g kvalitet.<\/p>","protected":false},"excerpt":{"rendered":"<p><strong>Smak:<\/strong>\u00a0Citrus | Fruktig | Menthol | Sur | S\u00f6t<br \/>\n<strong>Medicinsk anv\u00e4ndning:<\/strong>\u00a0Kronisk sm\u00e4rta | kramper | depression | tr\u00f6tthet | stress<br \/>\n<strong>THC-inneh\u00e5ll:<\/strong>\u00a023% - 27% H\u00f6gsta<\/p>","protected":false},"featured_media":3051,"comment_status":"closed","ping_status":"closed","template":"","meta":{"_uag_custom_page_level_css":"","site-sidebar-layout":"default","site-content-layout":"","ast-site-content-layout":"default","site-content-style":"default","site-sidebar-style":"default","ast-global-header-display":"","ast-banner-title-visibility":"","ast-main-header-display":"","ast-hfb-above-header-display":"","ast-hfb-below-header-display":"","ast-hfb-mobile-header-display":"","site-post-title":"","ast-breadcrumbs-content":"","ast-featured-img":"","footer-sml-layout":"","theme-transparent-header-meta":"default","adv-header-id-meta":"","stick-header-meta":"","header-above-stick-meta":"","header-main-stick-meta":"","header-below-stick-meta":"","astra-migrate-meta-layouts":"set","ast-page-background-enabled":"default","ast-page-background-meta":{"desktop":{"background-color":"","background-image":"","background-repeat":"repeat","background-position":"center center","background-size":"auto","background-attachment":"scroll","background-type":"","background-media":"","overlay-type":"","overlay-color":"","overlay-opacity":"","overlay-gradient":""},"tablet":{"background-color":"","background-image":"","background-repeat":"repeat","background-position":"center center","background-size":"auto","background-attachment":"scroll","background-type":"","background-media":"","overlay-type":"","overlay-color":"","overlay-opacity":"","overlay-gradient":""},"mobile":{"background-color":"","background-image":"","background-repeat":"repeat","background-position":"center center","background-size":"auto","background-attachment":"scroll","background-type":"","background-media":"","overlay-type":"","overlay-color":"","overlay-opacity":"","overlay-gradient":""}},"ast-content-background-meta":{"desktop":{"background-color":"var(--ast-global-color-5)","background-image":"","background-repeat":"repeat","background-position":"center center","background-size":"auto","background-attachment":"scroll","background-type":"","background-media":"","overlay-type":"","overlay-color":"","overlay-opacity":"","overlay-gradient":""},"tablet":{"background-color":"var(--ast-global-color-5)","background-image":"","background-repeat":"repeat","background-position":"center center","background-size":"auto","background-attachment":"scroll","background-type":"","background-media":"","overlay-type":"","overlay-color":"","overlay-opacity":"","overlay-gradient":""},"mobile":{"background-color":"var(--ast-global-color-5)","background-image":"","background-repeat":"repeat","background-position":"center center","background-size":"auto","background-attachment":"scroll","background-type":"","background-media":"","overlay-type":"","overlay-color":"","overlay-opacity":"","overlay-gradient":""}}},"product_brand":[],"product_cat":[28,277],"product_tag":[284],"class_list":{"0":"post-3004","1":"product","2":"type-product","3":"status-publish","4":"has-post-thumbnail","6":"product_cat-varietes-de-cannabis","7":"product_cat-varietes-de-cannabis-hybrides","8":"product_tag-order-kush-sorbet-cannabis-flower-eu","9":"desktop-align-left","10":"tablet-align-left","11":"mobile-align-left","13":"first","14":"instock","15":"shipping-taxable","16":"purchasable","17":"product-type-variable"},"uagb_featured_image_src":{"full":["https:\/\/pressurezone.shop\/wp-content\/uploads\/2024\/10\/Kush-Sorbet-Cannabis-Flower-EU.jpg",956,960,false],"thumbnail":["https:\/\/pressurezone.shop\/wp-content\/uploads\/2024\/10\/Kush-Sorbet-Cannabis-Flower-EU-150x150.jpg",150,150,true],"medium":["https:\/\/pressurezone.shop\/wp-content\/uploads\/2024\/10\/Kush-Sorbet-Cannabis-Flower-EU-300x300.jpg",300,300,true],"medium_large":["https:\/\/pressurezone.shop\/wp-content\/uploads\/2024\/10\/Kush-Sorbet-Cannabis-Flower-EU-768x771.jpg",768,771,true],"large":["https:\/\/pressurezone.shop\/wp-content\/uploads\/2024\/10\/Kush-Sorbet-Cannabis-Flower-EU.jpg",956,960,false],"1536x1536":["https:\/\/pressurezone.shop\/wp-content\/uploads\/2024\/10\/Kush-Sorbet-Cannabis-Flower-EU.jpg",956,960,false],"2048x2048":["https:\/\/pressurezone.shop\/wp-content\/uploads\/2024\/10\/Kush-Sorbet-Cannabis-Flower-EU.jpg",956,960,false],"trp-custom-language-flag":["https:\/\/pressurezone.shop\/wp-content\/uploads\/2024\/10\/Kush-Sorbet-Cannabis-Flower-EU-12x12.jpg",12,12,true],"woocommerce_thumbnail":["https:\/\/pressurezone.shop\/wp-content\/uploads\/2024\/10\/Kush-Sorbet-Cannabis-Flower-EU-300x300.jpg",300,300,true],"woocommerce_single":["https:\/\/pressurezone.shop\/wp-content\/uploads\/2024\/10\/Kush-Sorbet-Cannabis-Flower-EU-600x603.jpg",600,603,true],"woocommerce_gallery_thumbnail":["https:\/\/pressurezone.shop\/wp-content\/uploads\/2024\/10\/Kush-Sorbet-Cannabis-Flower-EU-100x100.jpg",100,100,true]},"uagb_author_info":{"display_name":"pressurezone.shop","author_link":"https:\/\/pressurezone.shop\/sv\/author\/"},"uagb_comment_info":0,"uagb_excerpt":"Flavour:\u00a0Citrus | Fruity | Menthol | Sour | Sweet Medical Usage:\u00a0Chronic Pain | Cramps | Depression | Fatigue | Stress THC Content:\u00a023% \u2013 27% Highest","_links":{"self":[{"href":"https:\/\/pressurezone.shop\/sv\/wp-json\/wp\/v2\/product\/3004"}],"collection":[{"href":"https:\/\/pressurezone.shop\/sv\/wp-json\/wp\/v2\/product"}],"about":[{"href":"https:\/\/pressurezone.shop\/sv\/wp-json\/wp\/v2\/types\/product"}],"replies":[{"embeddable":true,"href":"https:\/\/pressurezone.shop\/sv\/wp-json\/wp\/v2\/comments?post=3004"}],"version-history":[{"count":3,"href":"https:\/\/pressurezone.shop\/sv\/wp-json\/wp\/v2\/product\/3004\/revisions"}],"predecessor-version":[{"id":3919,"href":"https:\/\/pressurezone.shop\/sv\/wp-json\/wp\/v2\/product\/3004\/revisions\/3919"}],"wp:featuredmedia":[{"embeddable":true,"href":"https:\/\/pressurezone.shop\/sv\/wp-json\/wp\/v2\/media\/3051"}],"wp:attachment":[{"href":"https:\/\/pressurezone.shop\/sv\/wp-json\/wp\/v2\/media?parent=3004"}],"wp:term":[{"taxonomy":"product_brand","embeddable":true,"href":"https:\/\/pressurezone.shop\/sv\/wp-json\/wp\/v2\/product_brand?post=3004"},{"taxonomy":"product_cat","embeddable":true,"href":"https:\/\/pressurezone.shop\/sv\/wp-json\/wp\/v2\/product_cat?post=3004"},{"taxonomy":"product_tag","embeddable":true,"href":"https:\/\/pressurezone.shop\/sv\/wp-json\/wp\/v2\/product_tag?post=3004"}],"curies":[{"name":"wp","href":"https:\/\/api.w.org\/{rel}","templated":true}]}}