{"id":3005,"date":"2024-10-11T00:48:46","date_gmt":"2024-10-10T22:48:46","guid":{"rendered":"https:\/\/pressurezone.shop\/?post_type=product&#038;p=3005"},"modified":"2024-11-03T20:57:02","modified_gmt":"2024-11-03T19:57:02","slug":"jungle-cake-marijuana-flower","status":"publish","type":"product","link":"https:\/\/pressurezone.shop\/sv\/produkt\/djungelkaka-marijuana-blomma\/","title":{"rendered":"Djungelt\u00e5rta Marijuana blomma"},"content":{"rendered":"<h3><strong>K\u00f6p Jungle Cake Marijuana Flower Online i Europa p\u00e5 <a href=\"https:\/\/pressurezone.shop\/sv\/\" target=\"_new\" rel=\"noopener\">Tryckzonsbutik<\/a><\/strong><\/h3>\n<p>Uppt\u00e4ck de <strong>Djungelt\u00e5rta Marijuana blomma<\/strong>en perfekt balanserad hybridsort (50% indica \/ 50% sativa), skapad genom att korsa den ber\u00f6mda <strong>Vit eld #43<\/strong> och <strong>Br\u00f6llopst\u00e5rta<\/strong>. K\u00e4nd f\u00f6r sitt kraftfulla rus och sina l\u00e5ngvariga effekter, <strong>Djungelt\u00e5rta<\/strong> \u00e4r en variant som inte ska underskattas, perfekt f\u00f6r sp\u00e4nningss\u00f6kare.<\/p>\n<h3>Varf\u00f6r v\u00e4lja Jungle Cake Marijuana Flower?<\/h3>\n<p>La <strong>Djungelt\u00e5rta Marijuana blomma<\/strong> erbjuder en progressiv h\u00f6g som b\u00f6rjar med en euforisk, lugnande mental h\u00f6g. Du k\u00e4nner dig snart omsluten av lycka, ofta \u00e5tf\u00f6ljd av fniss. Denna h\u00f6ga \u00e5tf\u00f6ljs av intensiv kroppslig avkoppling, utan att vara f\u00f6r lugnande, s\u00e5 att du kan koppla av fysiskt utan att beh\u00f6va ligga ner. Var beredd att k\u00e4nna en stark uppmaning att snacka ocks\u00e5, eftersom Jungle Cake stimulerar aptiten intensivt.<\/p>\n<ul>\n<li><strong>Typ<\/strong> Balanserad hybrid (50% Indica \/ 50% Sativa)<\/li>\n<li><strong>THC<\/strong> Exceptionellt h\u00f6g, mellan 30 och 33% f\u00f6r intensiva och l\u00e5ngvariga effekter<\/li>\n<\/ul>\n<h3>Effekter och f\u00f6rdelar med Jungle Cake Weed Strain<\/h3>\n<p>Tack vare sin h\u00f6ga THC-inneh\u00e5ll <strong>Jungle Cake Weed-sort<\/strong> \u00e4r perfekt f\u00f6r dem som s\u00f6ker ett euforiskt rus f\u00f6ljt av fysisk avslappning. Dess effekter \u00e4r balanserade mellan mental stimulering och fysisk lugnande, vilket g\u00f6r det till ett utm\u00e4rkt alternativ f\u00f6r att lindra stress och \u00e5terf\u00e5 ett tillst\u00e5nd av v\u00e4lbefinnande.<a href=\"https:\/\/fuelpackz.com\/\" target=\"_blank\" rel=\"noopener\">.<\/a><\/p>\n<ul>\n<li><strong>Effekter<\/strong> Eufori, lycka, skratt, avslappning, aptitstimulerande<\/li>\n<li><strong>Perfekt f\u00f6r<\/strong> Aptitl\u00f6shet, Illam\u00e5ende, Kronisk stress, Hum\u00f6rst\u00f6rningar, Depression<\/li>\n<\/ul>\n<h3>Tillst\u00e5nd lindras av Jungle Cake Cannabis Strain<\/h3>\n<p>De balanserande egenskaperna hos <strong>Djungelt\u00e5rta<\/strong> g\u00f6r den effektiv vid behandling av ett brett spektrum av tillst\u00e5nd:<\/p>\n<ul>\n<li><strong>Aptitl\u00f6shet och illam\u00e5ende<\/strong> Lindrar illam\u00e5ende och stimulerar aptiten.<\/li>\n<li><strong>Stress och depression<\/strong> Lindrar mental sp\u00e4nning och f\u00f6rb\u00e4ttrar hum\u00f6ret, perfekt f\u00f6r stunder av avkoppling.<\/li>\n<li><strong>Hum\u00f6rsv\u00e4ngningar<\/strong> Fr\u00e4mjar ett lugnt och lyckligt sinnestillst\u00e5nd.<\/li>\n<\/ul>\n<h3>Smaker och aromer av Jungle Cake Marijuana Flower<\/h3>\n<p>La <strong>Djungelt\u00e5rta Marijuana blomma<\/strong> \u00e4r ocks\u00e5 uppskattad f\u00f6r sin s\u00f6ta, komplexa smakprofil. De fruktiga, s\u00f6ta smakerna f\u00f6rst\u00e4rks av toner av marshmallow och hasseln\u00f6t. Doften \u00e4r en blandning av jordiga och n\u00f6tiga element, tillsammans med en touch av s\u00f6ta b\u00e4r och kryddor, vilket ger en unik sensorisk upplevelse.<\/p>\n<ul>\n<li><strong>Smaker<\/strong> Fruktig, s\u00f6t, b\u00e4r, marshmallow, hasseln\u00f6t<\/li>\n<li><strong>Dofter<\/strong> Jordig, N\u00f6tliknande, S\u00f6t, Kryddig<\/li>\n<\/ul>\n<h3>Utseende av Jungle Cake Cannabis Strain<\/h3>\n<p>Knopparna p\u00e5 <strong>Djungelt\u00e5rta<\/strong> \u00e4r kompakta och rundade, druvformade. De \u00e4r skogsgr\u00f6na i f\u00e4rg, med fina oranger\u00f6da h\u00e5r och t\u00e4ckta av ett tjockt lager kristallina vita trikomer. Deras frostade, hartsartade utseende \u00e4r ett bevis p\u00e5 styrkan och kvaliteten p\u00e5 denna sort.<\/p>\n<h3>Best\u00e4ll Jungle Cake Marijuana Flower online fr\u00e5n Pressure Zone Shop<\/h3>\n<p>Redo att uppt\u00e4cka den euforiskt avslappnande uppkomsten av <strong>Djungelt\u00e5rta Marijuana blomma<\/strong> ? Best\u00e4ll nu p\u00e5 <a href=\"https:\/\/pressurezone.shop\/sv\/\" target=\"_new\" rel=\"noopener\">Tryckzonsbutik<\/a> f\u00f6r att njuta av denna kraftfulla, smakrika hybridsort. Oavsett om du vill lindra stress, stimulera aptiten eller bara ha en bra tid, <strong>Djungelt\u00e5rta<\/strong> \u00e4r ett viktigt val f\u00f6r en h\u00f6gkvalitativ cannabisupplevelse.<\/p>","protected":false},"excerpt":{"rendered":"<p><strong>Smak:<\/strong>\u00a0Diesel | Fruktig | N\u00f6taktig | Sockerhaltig | S\u00f6t<br \/>\n<strong>Medicinsk anv\u00e4ndning:<\/strong>\u00a0Depression | Illam\u00e5ende | Stress<br \/>\n<strong>THC-inneh\u00e5ll:<\/strong>\u00a023% - 27% H\u00f6gsta<\/p>","protected":false},"featured_media":3053,"comment_status":"closed","ping_status":"closed","template":"","meta":{"_uag_custom_page_level_css":"","site-sidebar-layout":"default","site-content-layout":"","ast-site-content-layout":"default","site-content-style":"default","site-sidebar-style":"default","ast-global-header-display":"","ast-banner-title-visibility":"","ast-main-header-display":"","ast-hfb-above-header-display":"","ast-hfb-below-header-display":"","ast-hfb-mobile-header-display":"","site-post-title":"","ast-breadcrumbs-content":"","ast-featured-img":"","footer-sml-layout":"","theme-transparent-header-meta":"default","adv-header-id-meta":"","stick-header-meta":"","header-above-stick-meta":"","header-main-stick-meta":"","header-below-stick-meta":"","astra-migrate-meta-layouts":"set","ast-page-background-enabled":"default","ast-page-background-meta":{"desktop":{"background-color":"","background-image":"","background-repeat":"repeat","background-position":"center center","background-size":"auto","background-attachment":"scroll","background-type":"","background-media":"","overlay-type":"","overlay-color":"","overlay-opacity":"","overlay-gradient":""},"tablet":{"background-color":"","background-image":"","background-repeat":"repeat","background-position":"center center","background-size":"auto","background-attachment":"scroll","background-type":"","background-media":"","overlay-type":"","overlay-color":"","overlay-opacity":"","overlay-gradient":""},"mobile":{"background-color":"","background-image":"","background-repeat":"repeat","background-position":"center center","background-size":"auto","background-attachment":"scroll","background-type":"","background-media":"","overlay-type":"","overlay-color":"","overlay-opacity":"","overlay-gradient":""}},"ast-content-background-meta":{"desktop":{"background-color":"var(--ast-global-color-5)","background-image":"","background-repeat":"repeat","background-position":"center center","background-size":"auto","background-attachment":"scroll","background-type":"","background-media":"","overlay-type":"","overlay-color":"","overlay-opacity":"","overlay-gradient":""},"tablet":{"background-color":"var(--ast-global-color-5)","background-image":"","background-repeat":"repeat","background-position":"center center","background-size":"auto","background-attachment":"scroll","background-type":"","background-media":"","overlay-type":"","overlay-color":"","overlay-opacity":"","overlay-gradient":""},"mobile":{"background-color":"var(--ast-global-color-5)","background-image":"","background-repeat":"repeat","background-position":"center center","background-size":"auto","background-attachment":"scroll","background-type":"","background-media":"","overlay-type":"","overlay-color":"","overlay-opacity":"","overlay-gradient":""}}},"product_brand":[],"product_cat":[28,277],"product_tag":[285],"class_list":{"0":"post-3005","1":"product","2":"type-product","3":"status-publish","4":"has-post-thumbnail","6":"product_cat-varietes-de-cannabis","7":"product_cat-varietes-de-cannabis-hybrides","8":"product_tag-order-jungle-cake-marijuana-flower-europe","9":"desktop-align-left","10":"tablet-align-left","11":"mobile-align-left","13":"first","14":"instock","15":"shipping-taxable","16":"purchasable","17":"product-type-variable"},"uagb_featured_image_src":{"full":["https:\/\/pressurezone.shop\/wp-content\/uploads\/2024\/10\/Jungle-Cake-Marijuana-Flower.jpg",961,966,false],"thumbnail":["https:\/\/pressurezone.shop\/wp-content\/uploads\/2024\/10\/Jungle-Cake-Marijuana-Flower-150x150.jpg",150,150,true],"medium":["https:\/\/pressurezone.shop\/wp-content\/uploads\/2024\/10\/Jungle-Cake-Marijuana-Flower-298x300.jpg",298,300,true],"medium_large":["https:\/\/pressurezone.shop\/wp-content\/uploads\/2024\/10\/Jungle-Cake-Marijuana-Flower-768x772.jpg",768,772,true],"large":["https:\/\/pressurezone.shop\/wp-content\/uploads\/2024\/10\/Jungle-Cake-Marijuana-Flower.jpg",961,966,false],"1536x1536":["https:\/\/pressurezone.shop\/wp-content\/uploads\/2024\/10\/Jungle-Cake-Marijuana-Flower.jpg",961,966,false],"2048x2048":["https:\/\/pressurezone.shop\/wp-content\/uploads\/2024\/10\/Jungle-Cake-Marijuana-Flower.jpg",961,966,false],"trp-custom-language-flag":["https:\/\/pressurezone.shop\/wp-content\/uploads\/2024\/10\/Jungle-Cake-Marijuana-Flower-12x12.jpg",12,12,true],"woocommerce_thumbnail":["https:\/\/pressurezone.shop\/wp-content\/uploads\/2024\/10\/Jungle-Cake-Marijuana-Flower-300x300.jpg",300,300,true],"woocommerce_single":["https:\/\/pressurezone.shop\/wp-content\/uploads\/2024\/10\/Jungle-Cake-Marijuana-Flower-600x603.jpg",600,603,true],"woocommerce_gallery_thumbnail":["https:\/\/pressurezone.shop\/wp-content\/uploads\/2024\/10\/Jungle-Cake-Marijuana-Flower-100x100.jpg",100,100,true]},"uagb_author_info":{"display_name":"pressurezone.shop","author_link":"https:\/\/pressurezone.shop\/sv\/author\/"},"uagb_comment_info":0,"uagb_excerpt":"Flavour:\u00a0Diesel | Fruity | Nutty | Sugary | Sweet Medical Usage:\u00a0Depression | Nausea | Stress THC Content:\u00a023% \u2013 27% Highest","_links":{"self":[{"href":"https:\/\/pressurezone.shop\/sv\/wp-json\/wp\/v2\/product\/3005"}],"collection":[{"href":"https:\/\/pressurezone.shop\/sv\/wp-json\/wp\/v2\/product"}],"about":[{"href":"https:\/\/pressurezone.shop\/sv\/wp-json\/wp\/v2\/types\/product"}],"replies":[{"embeddable":true,"href":"https:\/\/pressurezone.shop\/sv\/wp-json\/wp\/v2\/comments?post=3005"}],"version-history":[{"count":3,"href":"https:\/\/pressurezone.shop\/sv\/wp-json\/wp\/v2\/product\/3005\/revisions"}],"predecessor-version":[{"id":3903,"href":"https:\/\/pressurezone.shop\/sv\/wp-json\/wp\/v2\/product\/3005\/revisions\/3903"}],"wp:featuredmedia":[{"embeddable":true,"href":"https:\/\/pressurezone.shop\/sv\/wp-json\/wp\/v2\/media\/3053"}],"wp:attachment":[{"href":"https:\/\/pressurezone.shop\/sv\/wp-json\/wp\/v2\/media?parent=3005"}],"wp:term":[{"taxonomy":"product_brand","embeddable":true,"href":"https:\/\/pressurezone.shop\/sv\/wp-json\/wp\/v2\/product_brand?post=3005"},{"taxonomy":"product_cat","embeddable":true,"href":"https:\/\/pressurezone.shop\/sv\/wp-json\/wp\/v2\/product_cat?post=3005"},{"taxonomy":"product_tag","embeddable":true,"href":"https:\/\/pressurezone.shop\/sv\/wp-json\/wp\/v2\/product_tag?post=3005"}],"curies":[{"name":"wp","href":"https:\/\/api.w.org\/{rel}","templated":true}]}}