{"id":3006,"date":"2024-10-11T00:48:46","date_gmt":"2024-10-10T22:48:46","guid":{"rendered":"https:\/\/pressurezone.shop\/?post_type=product&#038;p=3006"},"modified":"2024-11-03T20:52:47","modified_gmt":"2024-11-03T19:52:47","slug":"ice-wreck-sativa-weed-strain","status":"publish","type":"product","link":"https:\/\/pressurezone.shop\/sv\/produkt\/ice-wreck-sativa-ograssort\/","title":{"rendered":"Ice Wreck Sativa Weed Strain"},"content":{"rendered":"<div class=\"flex-shrink-0 flex flex-col relative items-end\">\n<div>\n<div class=\"pt-0\">\n<div class=\"gizmo-bot-avatar flex h-8 w-8 items-center justify-center overflow-hidden rounded-full\">\n<div class=\"relative p-1 rounded-sm flex items-center justify-center bg-token-main-surface-primary text-token-text-primary h-8 w-8\"><\/div>\n<\/div>\n<\/div>\n<\/div>\n<\/div>\n<div class=\"group\/conversation-turn relative flex w-full min-w-0 flex-col agent-turn\">\n<div class=\"flex-col gap-1 md:gap-3\">\n<div class=\"flex max-w-full flex-col flex-grow\">\n<div class=\"min-h-8 text-message flex w-full flex-col items-end gap-2 whitespace-normal break-words [.text-message+&amp;]:mt-5\" dir=\"auto\" data-message-author-role=\"assistant\" data-message-id=\"171251f5-3780-48f3-ac1f-291595d7ff98\" data-message-model-slug=\"gpt-4o\">\n<div class=\"flex w-full flex-col gap-1 empty:hidden first:pt-[3px]\">\n<div class=\"markdown prose w-full break-words dark:prose-invert light\">\n<h3><strong>K\u00f6p Ice Wreck Sativa Weed Strain online i Europa p\u00e5 <a href=\"https:\/\/pressurezone.shop\/sv\/\" target=\"_new\" rel=\"noopener\">Tryckzonsbutik<\/a><\/strong><\/h3>\n<p>Uppt\u00e4ck de <strong>Ice Wreck Sativa Weed Strain<\/strong>En perfekt balanserad hybrid (50% indica \/ 50% sativa) med ett imponerande THC-inneh\u00e5ll p\u00e5 cirka 27%. Denna kraftfulla stam \u00e4r idealisk f\u00f6r fans av intensiva k\u00e4nslor och erbjuder en h\u00f6g som bygger gradvis f\u00f6r att bli uppslukande och avkopplande.<\/p>\n<h3>Varf\u00f6r v\u00e4lja Ice Wreck Sativa Weed Strain?<\/h3>\n<p>La <strong>Ice Wreck Sativa Weed Strain<\/strong> ger en intensiv mental och fysisk effekt. Det b\u00f6rjar med en eufori som invaderar sinnet, f\u00f6ljt av en behaglig stickande k\u00e4nsla som sprider sig i hela kroppen och skapar en k\u00e4nsla av v\u00e4rme och djup avslappning. Denna effekt omvandlas sedan till en tyngre kroppslig avslappning, vilket framkallar en <strong>soffl\u00e5s<\/strong> och l\u00e5ngvarig s\u00f6mnighet, perfekt f\u00f6r en kv\u00e4ll med avkoppling<a href=\"https:\/\/fuelpackz.com\/\" target=\"_blank\" rel=\"noopener\">.<\/a><\/p>\n<ul>\n<li><strong>Typ<\/strong> Balanserad hybrid (50% Sativa \/ 50% Indica)<\/li>\n<li><strong>THC<\/strong> Cirka 27%, f\u00f6r ett intensivt och l\u00e5ngvarigt rus<\/li>\n<\/ul>\n<h3>Effekter och f\u00f6rdelar med Ice Wreck Weed Strain<\/h3>\n<p>Tack vare sin kraftfulla, balanserade effekt \u00e4r <strong>Ice Wreck Weed-sort<\/strong> \u00e4r ett f\u00f6rstahandsval f\u00f6r dem som s\u00f6ker b\u00e5de mental stimulans och djup fysisk avkoppling. Denna unika kombination av sativa och indica g\u00f6r den idealisk f\u00f6r anv\u00e4ndare som vill lindra stress samtidigt som de njuter av en best\u00e5ende k\u00e4nsla av v\u00e4lbefinnande.<\/p>\n<ul>\n<li><strong>Effekter<\/strong> Eufori, Stickningar, Djup avslappning, S\u00f6mnighet, K\u00e4nsla av v\u00e4lbefinnande<\/li>\n<li><strong>Perfekt f\u00f6r<\/strong> Kronisk sm\u00e4rta, kramper, stress, huvudv\u00e4rk och migr\u00e4n<\/li>\n<\/ul>\n<h3>Tillst\u00e5nd som lindras av Ice Wreck Cannabis Strain<\/h3>\n<p><strong>Ice Wreck<\/strong> v\u00e4ljs ofta f\u00f6r sin effektivitet n\u00e4r det g\u00e4ller att hantera en m\u00e4ngd olika medicinska tillst\u00e5nd och erbjuder idealisk fysisk och mental lindring f\u00f6r :<\/p>\n<ul>\n<li><strong>Kronisk sm\u00e4rta och kramper<\/strong> Lindrar ih\u00e5llande sm\u00e4rta och fr\u00e4mjar muskelavslappning.<\/li>\n<li><strong>Stress och \u00e5ngest<\/strong> Lugnar sinnet, hj\u00e4lper till att lugna tankarna och minskar stress.<\/li>\n<li><strong>Huvudv\u00e4rk och migr\u00e4n<\/strong> Hj\u00e4lper till att lindra intensiv, l\u00e5ngvarig sm\u00e4rta.<\/li>\n<\/ul>\n<h3>Smak och doft av Ice Wreck Sativa Weed Strain<\/h3>\n<p>La <strong>Ice Wreck Sativa Weed Strain<\/strong> f\u00f6rf\u00f6r med sina uppfriskande smaker av mynta och jord, kompletterade med toner av skunk och en kraftfull kemisk arom. Dess distinkta, robusta smak g\u00f6r den till en intensiv, of\u00f6rgl\u00f6mlig upplevelse, perfekt balanserad f\u00f6r fans av starka smaker.<\/p>\n<ul>\n<li><strong>Smaker<\/strong> Mynta, jordig, skunk, kemisk<\/li>\n<li><strong>Dofter<\/strong> Mentholerad, Jordig, Skunk, Kryddig<\/li>\n<\/ul>\n<h3>Utseende av Ice Wreck Weed Strain<\/h3>\n<p>Knopparna p\u00e5 <strong>Ice Wreck<\/strong> \u00e4r en blek mintgr\u00f6n, med ljusorange h\u00e5r och ett tunt lager av b\u00e4rnstensf\u00e4rgade trikomer, vilket ger en h\u00e4rlig gyllene gl\u00f6d till denna sort. Dess hartsartade utseende och kompakta nugstruktur g\u00f6r Ice Wreck till en attraktiv sort av obestridlig kvalitet.<\/p>\n<h3>Best\u00e4ll Ice Wreck Sativa Weed Strain online fr\u00e5n Pressure Zone Shop<\/h3>\n<p>Redo att uppt\u00e4cka de intensiva och balanserade effekterna av <strong>Ice Wreck Sativa Weed Strain<\/strong> ? Best\u00e4ll nu p\u00e5 <a href=\"https:\/\/pressurezone.shop\/sv\/\" target=\"_new\" rel=\"noopener\">Tryckzonsbutik<\/a> f\u00f6r att njuta av denna kraftfulla hybridsort, perfekt f\u00f6r avkoppling och sm\u00e4rtlindring. Med sin unika smak och l\u00e5ngvariga effekter, <strong>Ice Wreck<\/strong> \u00e4r det perfekta valet f\u00f6r en \u00f6verl\u00e4gsen cannabisupplevelse.<\/p>\n<\/div>\n<\/div>\n<\/div>\n<\/div>\n<\/div>\n<\/div>","protected":false},"excerpt":{"rendered":"<p><strong>Smak:<\/strong>\u00a0Jordig | Diesel | Skunkig | Tr\u00e4ig<br \/>\n<strong>Medicinsk anv\u00e4ndning:<\/strong>\u00a0Kronisk sm\u00e4rta | Huvudv\u00e4rk | Stress | Kramper<br \/>\n<strong>THC-inneh\u00e5ll:<\/strong>\u00a027% H\u00f6gst<\/p>","protected":false},"featured_media":3055,"comment_status":"closed","ping_status":"closed","template":"","meta":{"_uag_custom_page_level_css":"","site-sidebar-layout":"default","site-content-layout":"","ast-site-content-layout":"default","site-content-style":"default","site-sidebar-style":"default","ast-global-header-display":"","ast-banner-title-visibility":"","ast-main-header-display":"","ast-hfb-above-header-display":"","ast-hfb-below-header-display":"","ast-hfb-mobile-header-display":"","site-post-title":"","ast-breadcrumbs-content":"","ast-featured-img":"","footer-sml-layout":"","theme-transparent-header-meta":"default","adv-header-id-meta":"","stick-header-meta":"","header-above-stick-meta":"","header-main-stick-meta":"","header-below-stick-meta":"","astra-migrate-meta-layouts":"set","ast-page-background-enabled":"default","ast-page-background-meta":{"desktop":{"background-color":"","background-image":"","background-repeat":"repeat","background-position":"center center","background-size":"auto","background-attachment":"scroll","background-type":"","background-media":"","overlay-type":"","overlay-color":"","overlay-opacity":"","overlay-gradient":""},"tablet":{"background-color":"","background-image":"","background-repeat":"repeat","background-position":"center center","background-size":"auto","background-attachment":"scroll","background-type":"","background-media":"","overlay-type":"","overlay-color":"","overlay-opacity":"","overlay-gradient":""},"mobile":{"background-color":"","background-image":"","background-repeat":"repeat","background-position":"center center","background-size":"auto","background-attachment":"scroll","background-type":"","background-media":"","overlay-type":"","overlay-color":"","overlay-opacity":"","overlay-gradient":""}},"ast-content-background-meta":{"desktop":{"background-color":"var(--ast-global-color-5)","background-image":"","background-repeat":"repeat","background-position":"center center","background-size":"auto","background-attachment":"scroll","background-type":"","background-media":"","overlay-type":"","overlay-color":"","overlay-opacity":"","overlay-gradient":""},"tablet":{"background-color":"var(--ast-global-color-5)","background-image":"","background-repeat":"repeat","background-position":"center center","background-size":"auto","background-attachment":"scroll","background-type":"","background-media":"","overlay-type":"","overlay-color":"","overlay-opacity":"","overlay-gradient":""},"mobile":{"background-color":"var(--ast-global-color-5)","background-image":"","background-repeat":"repeat","background-position":"center center","background-size":"auto","background-attachment":"scroll","background-type":"","background-media":"","overlay-type":"","overlay-color":"","overlay-opacity":"","overlay-gradient":""}}},"product_brand":[],"product_cat":[28,277],"product_tag":[286],"class_list":{"0":"post-3006","1":"product","2":"type-product","3":"status-publish","4":"has-post-thumbnail","6":"product_cat-varietes-de-cannabis","7":"product_cat-varietes-de-cannabis-hybrides","8":"product_tag-buy-ice-wreck-sativa-weed-straineurope","9":"desktop-align-left","10":"tablet-align-left","11":"mobile-align-left","13":"first","14":"instock","15":"shipping-taxable","16":"purchasable","17":"product-type-variable"},"uagb_featured_image_src":{"full":["https:\/\/pressurezone.shop\/wp-content\/uploads\/2024\/10\/Ice-Wreck-Sativa-Weed-Strain.png",916,953,false],"thumbnail":["https:\/\/pressurezone.shop\/wp-content\/uploads\/2024\/10\/Ice-Wreck-Sativa-Weed-Strain-150x150.png",150,150,true],"medium":["https:\/\/pressurezone.shop\/wp-content\/uploads\/2024\/10\/Ice-Wreck-Sativa-Weed-Strain-288x300.png",288,300,true],"medium_large":["https:\/\/pressurezone.shop\/wp-content\/uploads\/2024\/10\/Ice-Wreck-Sativa-Weed-Strain-768x799.png",768,799,true],"large":["https:\/\/pressurezone.shop\/wp-content\/uploads\/2024\/10\/Ice-Wreck-Sativa-Weed-Strain.png",916,953,false],"1536x1536":["https:\/\/pressurezone.shop\/wp-content\/uploads\/2024\/10\/Ice-Wreck-Sativa-Weed-Strain.png",916,953,false],"2048x2048":["https:\/\/pressurezone.shop\/wp-content\/uploads\/2024\/10\/Ice-Wreck-Sativa-Weed-Strain.png",916,953,false],"trp-custom-language-flag":["https:\/\/pressurezone.shop\/wp-content\/uploads\/2024\/10\/Ice-Wreck-Sativa-Weed-Strain-12x12.png",12,12,true],"woocommerce_thumbnail":["https:\/\/pressurezone.shop\/wp-content\/uploads\/2024\/10\/Ice-Wreck-Sativa-Weed-Strain-300x300.png",300,300,true],"woocommerce_single":["https:\/\/pressurezone.shop\/wp-content\/uploads\/2024\/10\/Ice-Wreck-Sativa-Weed-Strain-600x624.png",600,624,true],"woocommerce_gallery_thumbnail":["https:\/\/pressurezone.shop\/wp-content\/uploads\/2024\/10\/Ice-Wreck-Sativa-Weed-Strain-100x100.png",100,100,true]},"uagb_author_info":{"display_name":"pressurezone.shop","author_link":"https:\/\/pressurezone.shop\/sv\/author\/"},"uagb_comment_info":0,"uagb_excerpt":"Flavour:\u00a0Earthy| Diesel | Skunky | Woody Medical Usage:\u00a0Chronic Pain | Headaches | Stress | Cramps THC Content:\u00a027% Highest","_links":{"self":[{"href":"https:\/\/pressurezone.shop\/sv\/wp-json\/wp\/v2\/product\/3006"}],"collection":[{"href":"https:\/\/pressurezone.shop\/sv\/wp-json\/wp\/v2\/product"}],"about":[{"href":"https:\/\/pressurezone.shop\/sv\/wp-json\/wp\/v2\/types\/product"}],"replies":[{"embeddable":true,"href":"https:\/\/pressurezone.shop\/sv\/wp-json\/wp\/v2\/comments?post=3006"}],"version-history":[{"count":3,"href":"https:\/\/pressurezone.shop\/sv\/wp-json\/wp\/v2\/product\/3006\/revisions"}],"predecessor-version":[{"id":3895,"href":"https:\/\/pressurezone.shop\/sv\/wp-json\/wp\/v2\/product\/3006\/revisions\/3895"}],"wp:featuredmedia":[{"embeddable":true,"href":"https:\/\/pressurezone.shop\/sv\/wp-json\/wp\/v2\/media\/3055"}],"wp:attachment":[{"href":"https:\/\/pressurezone.shop\/sv\/wp-json\/wp\/v2\/media?parent=3006"}],"wp:term":[{"taxonomy":"product_brand","embeddable":true,"href":"https:\/\/pressurezone.shop\/sv\/wp-json\/wp\/v2\/product_brand?post=3006"},{"taxonomy":"product_cat","embeddable":true,"href":"https:\/\/pressurezone.shop\/sv\/wp-json\/wp\/v2\/product_cat?post=3006"},{"taxonomy":"product_tag","embeddable":true,"href":"https:\/\/pressurezone.shop\/sv\/wp-json\/wp\/v2\/product_tag?post=3006"}],"curies":[{"name":"wp","href":"https:\/\/api.w.org\/{rel}","templated":true}]}}